{"id":13816,"date":"2021-05-04T14:37:20","date_gmt":"2021-05-04T12:37:20","guid":{"rendered":"https:\/\/acieloabierto.net\/producten\/zenhit\/"},"modified":"2021-05-04T14:37:20","modified_gmt":"2021-05-04T12:37:20","slug":"zenhit","status":"publish","type":"product","link":"https:\/\/acieloabierto.net\/fr\/produits\/zenhit\/","title":{"rendered":"Zenhit"},"content":{"rendered":"<p><span style=\"font-weight: 400;\">Zenhit est imm\u00e9diatement devenue l&rsquo;une des collections phares de la gamme Royal Botania. Les grandes sections en teck font ressortir chaque pi\u00e8ce. Les \u00e9l\u00e9ments de salon permettent une vari\u00e9t\u00e9 vertigineuse de combinaisons, avec des chaises individuelles, des pi\u00e8ces d&rsquo;angle et des unit\u00e9s \u00e0 deux ou trois places.<\/span><\/p>\n<p>&nbsp;<\/p>\n<p><span style=\"font-weight: 400;\">Il existe \u00e9galement des chaises longues pour gauchers et droitiers. Celles-ci peuvent \u00eatre combin\u00e9es \u00e0 l&rsquo;ensemble de salon ou \u00eatre ind\u00e9pendantes. Vous avez m\u00eame la possibilit\u00e9 d&rsquo;assembler une version pour gaucher et une version pour droitier et de cr\u00e9er votre propre oasis priv\u00e9e.<\/span><\/p>\n","protected":false},"excerpt":{"rendered":"<p>Zenhit est imm\u00e9diatement devenue l&rsquo;une des collections phares de la gamme Royal Botania. Les grandes sections en teck font ressortir chaque pi\u00e8ce. Les \u00e9l\u00e9ments de salon permettent une vari\u00e9t\u00e9 vertigineuse de combinaisons, avec des chaises individuelles, des pi\u00e8ces d&rsquo;angle et des unit\u00e9s \u00e0 deux ou trois places. &nbsp; Il existe \u00e9galement des chaises longues pour [&hellip;]<\/p>\n","protected":false},"featured_media":13820,"comment_status":"closed","ping_status":"closed","template":"","meta":{"wds_primary_pwb-brand":0,"wds_primary_product_cat":0},"brands":[{"id":671,"name":"Royal Botania","slug":"royal-botania-fr"}],"yoast_head":"<!-- This site is optimized with the Yoast SEO plugin v16.3 - https:\/\/yoast.com\/wordpress\/plugins\/seo\/ -->\n<title>Zenhit - Acielo Abierto<\/title>\n<meta name=\"robots\" content=\"index, follow, max-snippet:-1, max-image-preview:large, max-video-preview:-1\" \/>\n<link rel=\"canonical\" href=\"https:\/\/acieloabierto.net\/fr\/produits\/zenhit\/\" \/>\n<meta property=\"og:locale\" content=\"fr_FR\" \/>\n<meta property=\"og:type\" content=\"article\" \/>\n<meta property=\"og:title\" content=\"Zenhit - Acielo Abierto\" \/>\n<meta property=\"og:description\" content=\"Zenhit est imm\u00e9diatement devenue l&rsquo;une des collections phares de la gamme Royal Botania. Les grandes sections en teck font ressortir chaque pi\u00e8ce. Les \u00e9l\u00e9ments de salon permettent une vari\u00e9t\u00e9 vertigineuse de combinaisons, avec des chaises individuelles, des pi\u00e8ces d&rsquo;angle et des unit\u00e9s \u00e0 deux ou trois places. &nbsp; Il existe \u00e9galement des chaises longues pour [&hellip;]\" \/>\n<meta property=\"og:url\" content=\"https:\/\/acieloabierto.net\/fr\/produits\/zenhit\/\" \/>\n<meta property=\"og:site_name\" content=\"Acielo Abierto\" \/>\n<meta property=\"og:image\" content=\"https:\/\/acieloabierto.net\/wp-content\/uploads\/2021\/05\/Zenith-RoyalBotania-Ligbed1.jpg\" \/>\n\t<meta property=\"og:image:width\" content=\"1920\" \/>\n\t<meta property=\"og:image:height\" content=\"1300\" \/>\n<meta name=\"twitter:card\" content=\"summary_large_image\" \/>\n<meta name=\"twitter:label1\" content=\"Dur\u00e9e de lecture est.\">\n\t<meta name=\"twitter:data1\" content=\"1 minute\">\n<script type=\"application\/ld+json\" class=\"yoast-schema-graph\">{\"@context\":\"https:\/\/schema.org\",\"@graph\":[{\"@type\":\"Organization\",\"@id\":\"https:\/\/acieloabierto.net\/en\/#organization\",\"name\":\"A Cielo Abierto\",\"url\":\"https:\/\/acieloabierto.net\/en\/\",\"sameAs\":[],\"logo\":{\"@type\":\"ImageObject\",\"@id\":\"https:\/\/acieloabierto.net\/en\/#logo\",\"inLanguage\":\"fr-FR\",\"url\":\"https:\/\/acieloabierto.net\/wp-content\/uploads\/2021\/02\/logo.svg\",\"contentUrl\":\"https:\/\/acieloabierto.net\/wp-content\/uploads\/2021\/02\/logo.svg\",\"caption\":\"A Cielo Abierto\"},\"image\":{\"@id\":\"https:\/\/acieloabierto.net\/en\/#logo\"}},{\"@type\":\"WebSite\",\"@id\":\"https:\/\/acieloabierto.net\/en\/#website\",\"url\":\"https:\/\/acieloabierto.net\/en\/\",\"name\":\"Acielo Abierto\",\"description\":\"Tuinmeubels Costa Blanca\",\"publisher\":{\"@id\":\"https:\/\/acieloabierto.net\/en\/#organization\"},\"potentialAction\":[{\"@type\":\"SearchAction\",\"target\":\"https:\/\/acieloabierto.net\/en\/?s={search_term_string}\",\"query-input\":\"required name=search_term_string\"}],\"inLanguage\":\"fr-FR\"},{\"@type\":\"ImageObject\",\"@id\":\"https:\/\/acieloabierto.net\/fr\/produits\/zenhit\/#primaryimage\",\"inLanguage\":\"fr-FR\",\"url\":\"https:\/\/acieloabierto.net\/wp-content\/uploads\/2021\/05\/Zenith-RoyalBotania-Ligbed1.jpg\",\"contentUrl\":\"https:\/\/acieloabierto.net\/wp-content\/uploads\/2021\/05\/Zenith-RoyalBotania-Ligbed1.jpg\",\"width\":1920,\"height\":1300},{\"@type\":\"WebPage\",\"@id\":\"https:\/\/acieloabierto.net\/fr\/produits\/zenhit\/#webpage\",\"url\":\"https:\/\/acieloabierto.net\/fr\/produits\/zenhit\/\",\"name\":\"Zenhit - Acielo Abierto\",\"isPartOf\":{\"@id\":\"https:\/\/acieloabierto.net\/en\/#website\"},\"primaryImageOfPage\":{\"@id\":\"https:\/\/acieloabierto.net\/fr\/produits\/zenhit\/#primaryimage\"},\"datePublished\":\"2021-05-04T12:37:20+00:00\",\"dateModified\":\"2021-05-04T12:37:20+00:00\",\"breadcrumb\":{\"@id\":\"https:\/\/acieloabierto.net\/fr\/produits\/zenhit\/#breadcrumb\"},\"inLanguage\":\"fr-FR\",\"potentialAction\":[{\"@type\":\"ReadAction\",\"target\":[\"https:\/\/acieloabierto.net\/fr\/produits\/zenhit\/\"]}]},{\"@type\":\"BreadcrumbList\",\"@id\":\"https:\/\/acieloabierto.net\/fr\/produits\/zenhit\/#breadcrumb\",\"itemListElement\":[{\"@type\":\"ListItem\",\"position\":1,\"item\":{\"@type\":\"WebPage\",\"@id\":\"https:\/\/acieloabierto.net\/fr\/\",\"url\":\"https:\/\/acieloabierto.net\/fr\/\",\"name\":\"Home\"}},{\"@type\":\"ListItem\",\"position\":2,\"item\":{\"@type\":\"WebPage\",\"@id\":\"\",\"url\":\"\",\"name\":\"\"}},{\"@type\":\"ListItem\",\"position\":3,\"item\":{\"@id\":\"https:\/\/acieloabierto.net\/fr\/produits\/zenhit\/#webpage\"}}]}]}<\/script>\n<!-- \/ Yoast SEO plugin. -->","_links":{"self":[{"href":"https:\/\/acieloabierto.net\/fr\/wp-json\/wp\/v2\/product\/13816"}],"collection":[{"href":"https:\/\/acieloabierto.net\/fr\/wp-json\/wp\/v2\/product"}],"about":[{"href":"https:\/\/acieloabierto.net\/fr\/wp-json\/wp\/v2\/types\/product"}],"replies":[{"embeddable":true,"href":"https:\/\/acieloabierto.net\/fr\/wp-json\/wp\/v2\/comments?post=13816"}],"wp:featuredmedia":[{"embeddable":true,"href":"https:\/\/acieloabierto.net\/fr\/wp-json\/wp\/v2\/media\/13820"}],"wp:attachment":[{"href":"https:\/\/acieloabierto.net\/fr\/wp-json\/wp\/v2\/media?parent=13816"}],"curies":[{"name":"wp","href":"https:\/\/api.w.org\/{rel}","templated":true}]}}