{"id":13806,"date":"2021-05-04T14:29:59","date_gmt":"2021-05-04T12:29:59","guid":{"rendered":"https:\/\/acieloabierto.net\/producten\/organix\/"},"modified":"2021-05-04T14:29:59","modified_gmt":"2021-05-04T12:29:59","slug":"organix","status":"publish","type":"product","link":"https:\/\/acieloabierto.net\/fr\/produits\/organix\/","title":{"rendered":"Organix"},"content":{"rendered":"<p><span style=\"font-weight: 400;\">La plupart des formes organiques sont soit courbes, soit rondes, et pour honorer la tendance naturelle \u00e0 \u00e9viter les lignes droites, nous avons con\u00e7u notre nouvelle collection de salons Organix.<\/span><\/p>\n<p><span style=\"font-weight: 400;\">lignes droites, nous avons con\u00e7u notre toute nouvelle collection de salons Organix.<\/span><\/p>\n<p><span style=\"font-weight: 400;\">Inspir\u00e9e par la nature elle-m\u00eame, la collection Organix est \u00e9blouissante, qu&rsquo;elle se fonde dans un environnement naturel ou qu&rsquo;elle contraste avec une architecture minimaliste.<\/span><\/p>\n<p><span style=\"font-weight: 400;\">dans un environnement naturel ou en contraste avec une architecture minimaliste.<\/span><\/p>\n<p><span style=\"font-weight: 400;\">Les coussins de dossier sont disponibles en trois courbes diff\u00e9rentes pour s&rsquo;adapter aux \u00e9l\u00e9ments en forme de rein et peuvent \u00eatre facilement fix\u00e9s aux bases en aluminium selon les besoins.<\/span><\/p>\n<p><span style=\"font-weight: 400;\">facilement attach\u00e9s aux bases en aluminium, ce qui rend les possibilit\u00e9s d&rsquo;am\u00e9nagement infinies.<\/span><\/p>\n<p><span style=\"font-weight: 400;\">Les possibilit\u00e9s d&rsquo;agencement sont infinies, tout comme les combinaisons de couleurs du tissu et des plateaux en c\u00e9ramique.<\/span><\/p>\n<p><span style=\"font-weight: 400;\">Les possibilit\u00e9s d&rsquo;agencement sont donc infinies, tout comme les combinaisons de couleurs des tissus et des plateaux en c\u00e9ramique, ce qui vous permet de personnaliser votre salon Organix en fonction de vos pr\u00e9f\u00e9rences personnelles.<\/span><\/p>\n","protected":false},"excerpt":{"rendered":"<p>La plupart des formes organiques sont soit courbes, soit rondes, et pour honorer la tendance naturelle \u00e0 \u00e9viter les lignes droites, nous avons con\u00e7u notre nouvelle collection de salons Organix. lignes droites, nous avons con\u00e7u notre toute nouvelle collection de salons Organix. Inspir\u00e9e par la nature elle-m\u00eame, la collection Organix est \u00e9blouissante, qu&rsquo;elle se fonde [&hellip;]<\/p>\n","protected":false},"featured_media":13810,"comment_status":"closed","ping_status":"closed","template":"","meta":{"wds_primary_pwb-brand":0,"wds_primary_product_cat":0},"brands":[{"id":671,"name":"Royal Botania","slug":"royal-botania-fr"}],"yoast_head":"<!-- This site is optimized with the Yoast SEO plugin v16.3 - https:\/\/yoast.com\/wordpress\/plugins\/seo\/ -->\n<title>Organix - Acielo Abierto<\/title>\n<meta name=\"robots\" content=\"index, follow, max-snippet:-1, max-image-preview:large, max-video-preview:-1\" \/>\n<link rel=\"canonical\" href=\"https:\/\/acieloabierto.net\/fr\/produits\/organix\/\" \/>\n<meta property=\"og:locale\" content=\"fr_FR\" \/>\n<meta property=\"og:type\" content=\"article\" \/>\n<meta property=\"og:title\" content=\"Organix - Acielo Abierto\" \/>\n<meta property=\"og:description\" content=\"La plupart des formes organiques sont soit courbes, soit rondes, et pour honorer la tendance naturelle \u00e0 \u00e9viter les lignes droites, nous avons con\u00e7u notre nouvelle collection de salons Organix. lignes droites, nous avons con\u00e7u notre toute nouvelle collection de salons Organix. Inspir\u00e9e par la nature elle-m\u00eame, la collection Organix est \u00e9blouissante, qu&rsquo;elle se fonde [&hellip;]\" \/>\n<meta property=\"og:url\" content=\"https:\/\/acieloabierto.net\/fr\/produits\/organix\/\" \/>\n<meta property=\"og:site_name\" content=\"Acielo Abierto\" \/>\n<meta property=\"og:image\" content=\"https:\/\/acieloabierto.net\/wp-content\/uploads\/2021\/05\/Organix-RoyalBotania-Lounge2.jpg\" \/>\n\t<meta property=\"og:image:width\" content=\"1920\" \/>\n\t<meta property=\"og:image:height\" content=\"1300\" \/>\n<meta name=\"twitter:card\" content=\"summary_large_image\" \/>\n<meta name=\"twitter:label1\" content=\"Dur\u00e9e de lecture est.\">\n\t<meta name=\"twitter:data1\" content=\"1 minute\">\n<script type=\"application\/ld+json\" class=\"yoast-schema-graph\">{\"@context\":\"https:\/\/schema.org\",\"@graph\":[{\"@type\":\"Organization\",\"@id\":\"https:\/\/acieloabierto.net\/en\/#organization\",\"name\":\"A Cielo Abierto\",\"url\":\"https:\/\/acieloabierto.net\/en\/\",\"sameAs\":[],\"logo\":{\"@type\":\"ImageObject\",\"@id\":\"https:\/\/acieloabierto.net\/en\/#logo\",\"inLanguage\":\"fr-FR\",\"url\":\"https:\/\/acieloabierto.net\/wp-content\/uploads\/2021\/02\/logo.svg\",\"contentUrl\":\"https:\/\/acieloabierto.net\/wp-content\/uploads\/2021\/02\/logo.svg\",\"caption\":\"A Cielo Abierto\"},\"image\":{\"@id\":\"https:\/\/acieloabierto.net\/en\/#logo\"}},{\"@type\":\"WebSite\",\"@id\":\"https:\/\/acieloabierto.net\/en\/#website\",\"url\":\"https:\/\/acieloabierto.net\/en\/\",\"name\":\"Acielo Abierto\",\"description\":\"Tuinmeubels Costa Blanca\",\"publisher\":{\"@id\":\"https:\/\/acieloabierto.net\/en\/#organization\"},\"potentialAction\":[{\"@type\":\"SearchAction\",\"target\":\"https:\/\/acieloabierto.net\/en\/?s={search_term_string}\",\"query-input\":\"required name=search_term_string\"}],\"inLanguage\":\"fr-FR\"},{\"@type\":\"ImageObject\",\"@id\":\"https:\/\/acieloabierto.net\/fr\/produits\/organix\/#primaryimage\",\"inLanguage\":\"fr-FR\",\"url\":\"https:\/\/acieloabierto.net\/wp-content\/uploads\/2021\/05\/Organix-RoyalBotania-Lounge2.jpg\",\"contentUrl\":\"https:\/\/acieloabierto.net\/wp-content\/uploads\/2021\/05\/Organix-RoyalBotania-Lounge2.jpg\",\"width\":1920,\"height\":1300},{\"@type\":\"WebPage\",\"@id\":\"https:\/\/acieloabierto.net\/fr\/produits\/organix\/#webpage\",\"url\":\"https:\/\/acieloabierto.net\/fr\/produits\/organix\/\",\"name\":\"Organix - Acielo Abierto\",\"isPartOf\":{\"@id\":\"https:\/\/acieloabierto.net\/en\/#website\"},\"primaryImageOfPage\":{\"@id\":\"https:\/\/acieloabierto.net\/fr\/produits\/organix\/#primaryimage\"},\"datePublished\":\"2021-05-04T12:29:59+00:00\",\"dateModified\":\"2021-05-04T12:29:59+00:00\",\"breadcrumb\":{\"@id\":\"https:\/\/acieloabierto.net\/fr\/produits\/organix\/#breadcrumb\"},\"inLanguage\":\"fr-FR\",\"potentialAction\":[{\"@type\":\"ReadAction\",\"target\":[\"https:\/\/acieloabierto.net\/fr\/produits\/organix\/\"]}]},{\"@type\":\"BreadcrumbList\",\"@id\":\"https:\/\/acieloabierto.net\/fr\/produits\/organix\/#breadcrumb\",\"itemListElement\":[{\"@type\":\"ListItem\",\"position\":1,\"item\":{\"@type\":\"WebPage\",\"@id\":\"https:\/\/acieloabierto.net\/fr\/\",\"url\":\"https:\/\/acieloabierto.net\/fr\/\",\"name\":\"Home\"}},{\"@type\":\"ListItem\",\"position\":2,\"item\":{\"@type\":\"WebPage\",\"@id\":\"\",\"url\":\"\",\"name\":\"\"}},{\"@type\":\"ListItem\",\"position\":3,\"item\":{\"@id\":\"https:\/\/acieloabierto.net\/fr\/produits\/organix\/#webpage\"}}]}]}<\/script>\n<!-- \/ Yoast SEO plugin. -->","_links":{"self":[{"href":"https:\/\/acieloabierto.net\/fr\/wp-json\/wp\/v2\/product\/13806"}],"collection":[{"href":"https:\/\/acieloabierto.net\/fr\/wp-json\/wp\/v2\/product"}],"about":[{"href":"https:\/\/acieloabierto.net\/fr\/wp-json\/wp\/v2\/types\/product"}],"replies":[{"embeddable":true,"href":"https:\/\/acieloabierto.net\/fr\/wp-json\/wp\/v2\/comments?post=13806"}],"wp:featuredmedia":[{"embeddable":true,"href":"https:\/\/acieloabierto.net\/fr\/wp-json\/wp\/v2\/media\/13810"}],"wp:attachment":[{"href":"https:\/\/acieloabierto.net\/fr\/wp-json\/wp\/v2\/media?parent=13806"}],"curies":[{"name":"wp","href":"https:\/\/api.w.org\/{rel}","templated":true}]}}