{"id":13796,"date":"2021-04-30T14:17:21","date_gmt":"2021-04-30T12:17:21","guid":{"rendered":"https:\/\/acieloabierto.net\/producten\/ninix\/"},"modified":"2021-04-30T14:17:21","modified_gmt":"2021-04-30T12:17:21","slug":"ninix","status":"publish","type":"product","link":"https:\/\/acieloabierto.net\/fr\/produits\/ninix\/","title":{"rendered":"Ninix"},"content":{"rendered":"<p><span style=\"font-weight: 400;\">D\u00e9couvrez l&rsquo;\u00e9quilibre parfait entre minimalisme et luxe avec la collection Ninix de Royal Botania. L&rsquo;une des lignes les plus embl\u00e9matiques de la marque, Ninix repr\u00e9sente la fusion d&rsquo;un design \u00e9pur\u00e9 et minimaliste avec un confort maximal, des mat\u00e9riaux de premi\u00e8re qualit\u00e9 et une innovation pionni\u00e8re.<\/span><\/p>\n<p>&nbsp;<\/p>\n<p><span style=\"font-weight: 400;\">Chaque pi\u00e8ce de la collection Ninix est un chef-d&rsquo;\u0153uvre du mobilier d&rsquo;ext\u00e9rieur et est fabriqu\u00e9e avec un souci m\u00e9ticuleux d&rsquo;ergonomie et de qualit\u00e9. La collection pr\u00e9sente des d\u00e9tails sophistiqu\u00e9s tels que des accoudoirs incrust\u00e9s, un tissu d&rsquo;assise Batyline fix\u00e9 avec pr\u00e9cision \u00e0 la structure et des roulettes cach\u00e9es qui am\u00e9liorent le confort de chaque chaise longue. La collection est \u00e9galement dot\u00e9e d&rsquo;un m\u00e9canisme r\u00e9volutionnaire de ressorts \u00e0 gaz qui \u00e9tablit la norme en mati\u00e8re d&rsquo;excellence ergonomique, en particulier dans la c\u00e9l\u00e8bre chaise longue Ninix 195.<\/span><\/p>\n<p>&nbsp;<\/p>\n<p><span style=\"font-weight: 400;\">De son \u00e9l\u00e9gante esth\u00e9tique minimaliste \u00e0 ses avanc\u00e9es techniques, notamment ses m\u00e9canismes de table extensible astucieux, la collection Ninix continue de faire \u0153uvre de pionnier et de red\u00e9finir le luxe en plein air. Qu&rsquo;il s&rsquo;agisse de d\u00e9corer une terrasse moderne ou un jardin spacieux, cette collection offre un design intemporel et un confort sup\u00e9rieur et s&rsquo;impose dans n&rsquo;importe quel environnement ext\u00e9rieur.<\/span><\/p>\n","protected":false},"excerpt":{"rendered":"<p>D\u00e9couvrez l&rsquo;\u00e9quilibre parfait entre minimalisme et luxe avec la collection Ninix de Royal Botania. L&rsquo;une des lignes les plus embl\u00e9matiques de la marque, Ninix repr\u00e9sente la fusion d&rsquo;un design \u00e9pur\u00e9 et minimaliste avec un confort maximal, des mat\u00e9riaux de premi\u00e8re qualit\u00e9 et une innovation pionni\u00e8re. &nbsp; Chaque pi\u00e8ce de la collection Ninix est un chef-d&rsquo;\u0153uvre [&hellip;]<\/p>\n","protected":false},"featured_media":13797,"comment_status":"closed","ping_status":"closed","template":"","meta":{"wds_primary_pwb-brand":0,"wds_primary_product_cat":0},"brands":[{"id":671,"name":"Royal Botania","slug":"royal-botania-fr"}],"yoast_head":"<!-- This site is optimized with the Yoast SEO plugin v16.3 - https:\/\/yoast.com\/wordpress\/plugins\/seo\/ -->\n<title>Ninix - Acielo Abierto<\/title>\n<meta name=\"description\" content=\"Ontdek de Ninix collectie van Royal Botania, een mix van luxe en minimalisme. Shop tijdloos outdoor design in onze winkels!\" \/>\n<meta name=\"robots\" content=\"index, follow, max-snippet:-1, max-image-preview:large, max-video-preview:-1\" \/>\n<link rel=\"canonical\" href=\"https:\/\/acieloabierto.net\/fr\/produits\/ninix\/\" \/>\n<meta property=\"og:locale\" content=\"fr_FR\" \/>\n<meta property=\"og:type\" content=\"article\" \/>\n<meta property=\"og:title\" content=\"Ninix - Acielo Abierto\" \/>\n<meta property=\"og:description\" content=\"Ontdek de Ninix collectie van Royal Botania, een mix van luxe en minimalisme. Shop tijdloos outdoor design in onze winkels!\" \/>\n<meta property=\"og:url\" content=\"https:\/\/acieloabierto.net\/fr\/produits\/ninix\/\" \/>\n<meta property=\"og:site_name\" content=\"Acielo Abierto\" \/>\n<meta property=\"og:image\" content=\"https:\/\/acieloabierto.net\/wp-content\/uploads\/2021\/04\/NINIX-RoyalBotania-Ligbed.jpg\" \/>\n\t<meta property=\"og:image:width\" content=\"1920\" \/>\n\t<meta property=\"og:image:height\" content=\"1300\" \/>\n<meta name=\"twitter:card\" content=\"summary_large_image\" \/>\n<meta name=\"twitter:label1\" content=\"Dur\u00e9e de lecture est.\">\n\t<meta name=\"twitter:data1\" content=\"1 minute\">\n<script type=\"application\/ld+json\" class=\"yoast-schema-graph\">{\"@context\":\"https:\/\/schema.org\",\"@graph\":[{\"@type\":\"Organization\",\"@id\":\"https:\/\/acieloabierto.net\/en\/#organization\",\"name\":\"A Cielo Abierto\",\"url\":\"https:\/\/acieloabierto.net\/en\/\",\"sameAs\":[],\"logo\":{\"@type\":\"ImageObject\",\"@id\":\"https:\/\/acieloabierto.net\/en\/#logo\",\"inLanguage\":\"fr-FR\",\"url\":\"https:\/\/acieloabierto.net\/wp-content\/uploads\/2021\/02\/logo.svg\",\"contentUrl\":\"https:\/\/acieloabierto.net\/wp-content\/uploads\/2021\/02\/logo.svg\",\"caption\":\"A Cielo Abierto\"},\"image\":{\"@id\":\"https:\/\/acieloabierto.net\/en\/#logo\"}},{\"@type\":\"WebSite\",\"@id\":\"https:\/\/acieloabierto.net\/en\/#website\",\"url\":\"https:\/\/acieloabierto.net\/en\/\",\"name\":\"Acielo Abierto\",\"description\":\"Tuinmeubels Costa Blanca\",\"publisher\":{\"@id\":\"https:\/\/acieloabierto.net\/en\/#organization\"},\"potentialAction\":[{\"@type\":\"SearchAction\",\"target\":\"https:\/\/acieloabierto.net\/en\/?s={search_term_string}\",\"query-input\":\"required name=search_term_string\"}],\"inLanguage\":\"fr-FR\"},{\"@type\":\"ImageObject\",\"@id\":\"https:\/\/acieloabierto.net\/fr\/produits\/ninix\/#primaryimage\",\"inLanguage\":\"fr-FR\",\"url\":\"https:\/\/acieloabierto.net\/wp-content\/uploads\/2021\/04\/NINIX-RoyalBotania-Ligbed.jpg\",\"contentUrl\":\"https:\/\/acieloabierto.net\/wp-content\/uploads\/2021\/04\/NINIX-RoyalBotania-Ligbed.jpg\",\"width\":1920,\"height\":1300},{\"@type\":\"WebPage\",\"@id\":\"https:\/\/acieloabierto.net\/fr\/produits\/ninix\/#webpage\",\"url\":\"https:\/\/acieloabierto.net\/fr\/produits\/ninix\/\",\"name\":\"Ninix - Acielo Abierto\",\"isPartOf\":{\"@id\":\"https:\/\/acieloabierto.net\/en\/#website\"},\"primaryImageOfPage\":{\"@id\":\"https:\/\/acieloabierto.net\/fr\/produits\/ninix\/#primaryimage\"},\"datePublished\":\"2021-04-30T12:17:21+00:00\",\"dateModified\":\"2021-04-30T12:17:21+00:00\",\"description\":\"Ontdek de Ninix collectie van Royal Botania, een mix van luxe en minimalisme. Shop tijdloos outdoor design in onze winkels!\",\"breadcrumb\":{\"@id\":\"https:\/\/acieloabierto.net\/fr\/produits\/ninix\/#breadcrumb\"},\"inLanguage\":\"fr-FR\",\"potentialAction\":[{\"@type\":\"ReadAction\",\"target\":[\"https:\/\/acieloabierto.net\/fr\/produits\/ninix\/\"]}]},{\"@type\":\"BreadcrumbList\",\"@id\":\"https:\/\/acieloabierto.net\/fr\/produits\/ninix\/#breadcrumb\",\"itemListElement\":[{\"@type\":\"ListItem\",\"position\":1,\"item\":{\"@type\":\"WebPage\",\"@id\":\"https:\/\/acieloabierto.net\/fr\/\",\"url\":\"https:\/\/acieloabierto.net\/fr\/\",\"name\":\"Home\"}},{\"@type\":\"ListItem\",\"position\":2,\"item\":{\"@type\":\"WebPage\",\"@id\":\"\",\"url\":\"\",\"name\":\"\"}},{\"@type\":\"ListItem\",\"position\":3,\"item\":{\"@id\":\"https:\/\/acieloabierto.net\/fr\/produits\/ninix\/#webpage\"}}]}]}<\/script>\n<!-- \/ Yoast SEO plugin. -->","_links":{"self":[{"href":"https:\/\/acieloabierto.net\/fr\/wp-json\/wp\/v2\/product\/13796"}],"collection":[{"href":"https:\/\/acieloabierto.net\/fr\/wp-json\/wp\/v2\/product"}],"about":[{"href":"https:\/\/acieloabierto.net\/fr\/wp-json\/wp\/v2\/types\/product"}],"replies":[{"embeddable":true,"href":"https:\/\/acieloabierto.net\/fr\/wp-json\/wp\/v2\/comments?post=13796"}],"wp:featuredmedia":[{"embeddable":true,"href":"https:\/\/acieloabierto.net\/fr\/wp-json\/wp\/v2\/media\/13797"}],"wp:attachment":[{"href":"https:\/\/acieloabierto.net\/fr\/wp-json\/wp\/v2\/media?parent=13796"}],"curies":[{"name":"wp","href":"https:\/\/api.w.org\/{rel}","templated":true}]}}