{"id":13784,"date":"2021-04-30T13:54:15","date_gmt":"2021-04-30T11:54:15","guid":{"rendered":"https:\/\/acieloabierto.net\/producten\/mozaix\/"},"modified":"2021-04-30T13:54:15","modified_gmt":"2021-04-30T11:54:15","slug":"mozaix","status":"publish","type":"product","link":"https:\/\/acieloabierto.net\/fr\/produits\/mozaix\/","title":{"rendered":"Mozaix"},"content":{"rendered":"<p><span style=\"font-weight: 400;\">Le MOZAIX est une \u0153uvre d&rsquo;art ! Les grandes grilles en teck, en acajou huil\u00e9 ou en aluminium, disponibles en quatre longueurs, vous offrent un large \u00e9ventail de combinaisons pour cr\u00e9er votre arrangement pr\u00e9f\u00e9r\u00e9.<\/span><\/p>\n<p>&nbsp;<\/p>\n<p><span style=\"font-weight: 400;\">Les coussins extr\u00eamement confortables peuvent \u00eatre plac\u00e9s o\u00f9 vous le souhaitez. Ces coussins sont tous dot\u00e9s d&rsquo;un rembourrage QuickDry, de sorte qu&rsquo;une averse n&#8217;emp\u00eachera pas de profiter de ce mobilier de jardin de luxe.<\/span><\/p>\n<p>&nbsp;<\/p>\n<p><span style=\"font-weight: 400;\">Les sections qui restent ouvertes apr\u00e8s avoir plac\u00e9 les coussins offrent des possibilit\u00e9s de r\u00e9glage presque illimit\u00e9es.<\/span><\/p>\n","protected":false},"excerpt":{"rendered":"<p>Le MOZAIX est une \u0153uvre d&rsquo;art ! Les grandes grilles en teck, en acajou huil\u00e9 ou en aluminium, disponibles en quatre longueurs, vous offrent un large \u00e9ventail de combinaisons pour cr\u00e9er votre arrangement pr\u00e9f\u00e9r\u00e9. &nbsp; Les coussins extr\u00eamement confortables peuvent \u00eatre plac\u00e9s o\u00f9 vous le souhaitez. Ces coussins sont tous dot\u00e9s d&rsquo;un rembourrage QuickDry, de [&hellip;]<\/p>\n","protected":false},"featured_media":13789,"comment_status":"closed","ping_status":"closed","template":"","meta":{"wds_primary_pwb-brand":0,"wds_primary_product_cat":0},"brands":[{"id":671,"name":"Royal Botania","slug":"royal-botania-fr"}],"yoast_head":"<!-- This site is optimized with the Yoast SEO plugin v16.3 - https:\/\/yoast.com\/wordpress\/plugins\/seo\/ -->\n<title>Mozaix - Acielo Abierto<\/title>\n<meta name=\"robots\" content=\"index, follow, max-snippet:-1, max-image-preview:large, max-video-preview:-1\" \/>\n<link rel=\"canonical\" href=\"https:\/\/acieloabierto.net\/fr\/produits\/mozaix\/\" \/>\n<meta property=\"og:locale\" content=\"fr_FR\" \/>\n<meta property=\"og:type\" content=\"article\" \/>\n<meta property=\"og:title\" content=\"Mozaix - Acielo Abierto\" \/>\n<meta property=\"og:description\" content=\"Le MOZAIX est une \u0153uvre d&rsquo;art ! Les grandes grilles en teck, en acajou huil\u00e9 ou en aluminium, disponibles en quatre longueurs, vous offrent un large \u00e9ventail de combinaisons pour cr\u00e9er votre arrangement pr\u00e9f\u00e9r\u00e9. &nbsp; Les coussins extr\u00eamement confortables peuvent \u00eatre plac\u00e9s o\u00f9 vous le souhaitez. Ces coussins sont tous dot\u00e9s d&rsquo;un rembourrage QuickDry, de [&hellip;]\" \/>\n<meta property=\"og:url\" content=\"https:\/\/acieloabierto.net\/fr\/produits\/mozaix\/\" \/>\n<meta property=\"og:site_name\" content=\"Acielo Abierto\" \/>\n<meta property=\"og:image\" content=\"https:\/\/acieloabierto.net\/wp-content\/uploads\/2021\/04\/Mozaix-RoyalBotania-Lounge2.jpg\" \/>\n\t<meta property=\"og:image:width\" content=\"1920\" \/>\n\t<meta property=\"og:image:height\" content=\"1300\" \/>\n<meta name=\"twitter:card\" content=\"summary_large_image\" \/>\n<script type=\"application\/ld+json\" class=\"yoast-schema-graph\">{\"@context\":\"https:\/\/schema.org\",\"@graph\":[{\"@type\":\"Organization\",\"@id\":\"https:\/\/acieloabierto.net\/en\/#organization\",\"name\":\"A Cielo Abierto\",\"url\":\"https:\/\/acieloabierto.net\/en\/\",\"sameAs\":[],\"logo\":{\"@type\":\"ImageObject\",\"@id\":\"https:\/\/acieloabierto.net\/en\/#logo\",\"inLanguage\":\"fr-FR\",\"url\":\"https:\/\/acieloabierto.net\/wp-content\/uploads\/2021\/02\/logo.svg\",\"contentUrl\":\"https:\/\/acieloabierto.net\/wp-content\/uploads\/2021\/02\/logo.svg\",\"caption\":\"A Cielo Abierto\"},\"image\":{\"@id\":\"https:\/\/acieloabierto.net\/en\/#logo\"}},{\"@type\":\"WebSite\",\"@id\":\"https:\/\/acieloabierto.net\/en\/#website\",\"url\":\"https:\/\/acieloabierto.net\/en\/\",\"name\":\"Acielo Abierto\",\"description\":\"Tuinmeubels Costa Blanca\",\"publisher\":{\"@id\":\"https:\/\/acieloabierto.net\/en\/#organization\"},\"potentialAction\":[{\"@type\":\"SearchAction\",\"target\":\"https:\/\/acieloabierto.net\/en\/?s={search_term_string}\",\"query-input\":\"required name=search_term_string\"}],\"inLanguage\":\"fr-FR\"},{\"@type\":\"ImageObject\",\"@id\":\"https:\/\/acieloabierto.net\/fr\/produits\/mozaix\/#primaryimage\",\"inLanguage\":\"fr-FR\",\"url\":\"https:\/\/acieloabierto.net\/wp-content\/uploads\/2021\/04\/Mozaix-RoyalBotania-Lounge2.jpg\",\"contentUrl\":\"https:\/\/acieloabierto.net\/wp-content\/uploads\/2021\/04\/Mozaix-RoyalBotania-Lounge2.jpg\",\"width\":1920,\"height\":1300},{\"@type\":\"WebPage\",\"@id\":\"https:\/\/acieloabierto.net\/fr\/produits\/mozaix\/#webpage\",\"url\":\"https:\/\/acieloabierto.net\/fr\/produits\/mozaix\/\",\"name\":\"Mozaix - Acielo Abierto\",\"isPartOf\":{\"@id\":\"https:\/\/acieloabierto.net\/en\/#website\"},\"primaryImageOfPage\":{\"@id\":\"https:\/\/acieloabierto.net\/fr\/produits\/mozaix\/#primaryimage\"},\"datePublished\":\"2021-04-30T11:54:15+00:00\",\"dateModified\":\"2021-04-30T11:54:15+00:00\",\"breadcrumb\":{\"@id\":\"https:\/\/acieloabierto.net\/fr\/produits\/mozaix\/#breadcrumb\"},\"inLanguage\":\"fr-FR\",\"potentialAction\":[{\"@type\":\"ReadAction\",\"target\":[\"https:\/\/acieloabierto.net\/fr\/produits\/mozaix\/\"]}]},{\"@type\":\"BreadcrumbList\",\"@id\":\"https:\/\/acieloabierto.net\/fr\/produits\/mozaix\/#breadcrumb\",\"itemListElement\":[{\"@type\":\"ListItem\",\"position\":1,\"item\":{\"@type\":\"WebPage\",\"@id\":\"https:\/\/acieloabierto.net\/fr\/\",\"url\":\"https:\/\/acieloabierto.net\/fr\/\",\"name\":\"Home\"}},{\"@type\":\"ListItem\",\"position\":2,\"item\":{\"@type\":\"WebPage\",\"@id\":\"\",\"url\":\"\",\"name\":\"\"}},{\"@type\":\"ListItem\",\"position\":3,\"item\":{\"@id\":\"https:\/\/acieloabierto.net\/fr\/produits\/mozaix\/#webpage\"}}]}]}<\/script>\n<!-- \/ Yoast SEO plugin. -->","_links":{"self":[{"href":"https:\/\/acieloabierto.net\/fr\/wp-json\/wp\/v2\/product\/13784"}],"collection":[{"href":"https:\/\/acieloabierto.net\/fr\/wp-json\/wp\/v2\/product"}],"about":[{"href":"https:\/\/acieloabierto.net\/fr\/wp-json\/wp\/v2\/types\/product"}],"replies":[{"embeddable":true,"href":"https:\/\/acieloabierto.net\/fr\/wp-json\/wp\/v2\/comments?post=13784"}],"wp:featuredmedia":[{"embeddable":true,"href":"https:\/\/acieloabierto.net\/fr\/wp-json\/wp\/v2\/media\/13789"}],"wp:attachment":[{"href":"https:\/\/acieloabierto.net\/fr\/wp-json\/wp\/v2\/media?parent=13784"}],"curies":[{"name":"wp","href":"https:\/\/api.w.org\/{rel}","templated":true}]}}