{"id":13774,"date":"2021-04-30T13:47:19","date_gmt":"2021-04-30T11:47:19","guid":{"rendered":"https:\/\/acieloabierto.net\/producten\/exes\/"},"modified":"2021-04-30T13:47:19","modified_gmt":"2021-04-30T11:47:19","slug":"exes","status":"publish","type":"product","link":"https:\/\/acieloabierto.net\/fr\/produits\/exes\/","title":{"rendered":"Exes"},"content":{"rendered":"<p><span style=\"font-weight: 400;\">Quel meilleur nom pour appeler une chaise compos\u00e9e de deux cadres en forme de X qui offre plus de confort et de style que &#8230; Exes !<\/span><\/p>\n<p>&nbsp;<\/p>\n<p><span style=\"font-weight: 400;\">Les lignes douces et organiques de la structure en fonte d&rsquo;aluminium ne sont interrompues que par les accoudoirs coniques en teck qui offrent un \u00e9l\u00e9ment de design chaleureux. La plaque arri\u00e8re incurv\u00e9e et parfaitement int\u00e9gr\u00e9e comporte deux ouvertures en forme de X. Ces ouvertures ne sont pas seulement des \u00e9l\u00e9ments esth\u00e9tiques, mais aussi des \u00e9l\u00e9ments de d\u00e9coration. Elles servent non seulement d&rsquo;\u00e9l\u00e9ments esth\u00e9tiques, mais aussi de points d&rsquo;attache pour le coussin du dossier. Ceux-ci sont fix\u00e9s \u00e0 l&rsquo;aide de boutons en forme de X qui sont de s\u00e9rie dans la couleur du cadre. Des boutons en teck sont \u00e9galement propos\u00e9s en option pour s&rsquo;harmoniser avec les accoudoirs. Ils font de la chaise Exes un objet qui attire encore plus l&rsquo;attention.<\/span><\/p>\n","protected":false},"excerpt":{"rendered":"<p>Quel meilleur nom pour appeler une chaise compos\u00e9e de deux cadres en forme de X qui offre plus de confort et de style que &#8230; Exes ! &nbsp; Les lignes douces et organiques de la structure en fonte d&rsquo;aluminium ne sont interrompues que par les accoudoirs coniques en teck qui offrent un \u00e9l\u00e9ment de design [&hellip;]<\/p>\n","protected":false},"featured_media":13778,"comment_status":"closed","ping_status":"closed","template":"","meta":{"wds_primary_pwb-brand":0,"wds_primary_product_cat":0},"brands":[{"id":671,"name":"Royal Botania","slug":"royal-botania-fr"}],"yoast_head":"<!-- This site is optimized with the Yoast SEO plugin v16.3 - https:\/\/yoast.com\/wordpress\/plugins\/seo\/ -->\n<title>Exes - Acielo Abierto<\/title>\n<meta name=\"robots\" content=\"index, follow, max-snippet:-1, max-image-preview:large, max-video-preview:-1\" \/>\n<link rel=\"canonical\" href=\"https:\/\/acieloabierto.net\/fr\/produits\/exes\/\" \/>\n<meta property=\"og:locale\" content=\"fr_FR\" \/>\n<meta property=\"og:type\" content=\"article\" \/>\n<meta property=\"og:title\" content=\"Exes - Acielo Abierto\" \/>\n<meta property=\"og:description\" content=\"Quel meilleur nom pour appeler une chaise compos\u00e9e de deux cadres en forme de X qui offre plus de confort et de style que &#8230; Exes ! &nbsp; Les lignes douces et organiques de la structure en fonte d&rsquo;aluminium ne sont interrompues que par les accoudoirs coniques en teck qui offrent un \u00e9l\u00e9ment de design [&hellip;]\" \/>\n<meta property=\"og:url\" content=\"https:\/\/acieloabierto.net\/fr\/produits\/exes\/\" \/>\n<meta property=\"og:site_name\" content=\"Acielo Abierto\" \/>\n<meta property=\"og:image\" content=\"https:\/\/acieloabierto.net\/wp-content\/uploads\/2021\/04\/Exes-RoyalBotania-Stoelen.jpg\" \/>\n\t<meta property=\"og:image:width\" content=\"1920\" \/>\n\t<meta property=\"og:image:height\" content=\"1300\" \/>\n<meta name=\"twitter:card\" content=\"summary_large_image\" \/>\n<meta name=\"twitter:label1\" content=\"Dur\u00e9e de lecture est.\">\n\t<meta name=\"twitter:data1\" content=\"1 minute\">\n<script type=\"application\/ld+json\" class=\"yoast-schema-graph\">{\"@context\":\"https:\/\/schema.org\",\"@graph\":[{\"@type\":\"Organization\",\"@id\":\"https:\/\/acieloabierto.net\/en\/#organization\",\"name\":\"A Cielo Abierto\",\"url\":\"https:\/\/acieloabierto.net\/en\/\",\"sameAs\":[],\"logo\":{\"@type\":\"ImageObject\",\"@id\":\"https:\/\/acieloabierto.net\/en\/#logo\",\"inLanguage\":\"fr-FR\",\"url\":\"https:\/\/acieloabierto.net\/wp-content\/uploads\/2021\/02\/logo.svg\",\"contentUrl\":\"https:\/\/acieloabierto.net\/wp-content\/uploads\/2021\/02\/logo.svg\",\"caption\":\"A Cielo Abierto\"},\"image\":{\"@id\":\"https:\/\/acieloabierto.net\/en\/#logo\"}},{\"@type\":\"WebSite\",\"@id\":\"https:\/\/acieloabierto.net\/en\/#website\",\"url\":\"https:\/\/acieloabierto.net\/en\/\",\"name\":\"Acielo Abierto\",\"description\":\"Tuinmeubels Costa Blanca\",\"publisher\":{\"@id\":\"https:\/\/acieloabierto.net\/en\/#organization\"},\"potentialAction\":[{\"@type\":\"SearchAction\",\"target\":\"https:\/\/acieloabierto.net\/en\/?s={search_term_string}\",\"query-input\":\"required name=search_term_string\"}],\"inLanguage\":\"fr-FR\"},{\"@type\":\"ImageObject\",\"@id\":\"https:\/\/acieloabierto.net\/fr\/produits\/exes\/#primaryimage\",\"inLanguage\":\"fr-FR\",\"url\":\"https:\/\/acieloabierto.net\/wp-content\/uploads\/2021\/04\/Exes-RoyalBotania-Stoelen.jpg\",\"contentUrl\":\"https:\/\/acieloabierto.net\/wp-content\/uploads\/2021\/04\/Exes-RoyalBotania-Stoelen.jpg\",\"width\":1920,\"height\":1300},{\"@type\":\"WebPage\",\"@id\":\"https:\/\/acieloabierto.net\/fr\/produits\/exes\/#webpage\",\"url\":\"https:\/\/acieloabierto.net\/fr\/produits\/exes\/\",\"name\":\"Exes - Acielo Abierto\",\"isPartOf\":{\"@id\":\"https:\/\/acieloabierto.net\/en\/#website\"},\"primaryImageOfPage\":{\"@id\":\"https:\/\/acieloabierto.net\/fr\/produits\/exes\/#primaryimage\"},\"datePublished\":\"2021-04-30T11:47:19+00:00\",\"dateModified\":\"2021-04-30T11:47:19+00:00\",\"breadcrumb\":{\"@id\":\"https:\/\/acieloabierto.net\/fr\/produits\/exes\/#breadcrumb\"},\"inLanguage\":\"fr-FR\",\"potentialAction\":[{\"@type\":\"ReadAction\",\"target\":[\"https:\/\/acieloabierto.net\/fr\/produits\/exes\/\"]}]},{\"@type\":\"BreadcrumbList\",\"@id\":\"https:\/\/acieloabierto.net\/fr\/produits\/exes\/#breadcrumb\",\"itemListElement\":[{\"@type\":\"ListItem\",\"position\":1,\"item\":{\"@type\":\"WebPage\",\"@id\":\"https:\/\/acieloabierto.net\/fr\/\",\"url\":\"https:\/\/acieloabierto.net\/fr\/\",\"name\":\"Home\"}},{\"@type\":\"ListItem\",\"position\":2,\"item\":{\"@type\":\"WebPage\",\"@id\":\"\",\"url\":\"\",\"name\":\"\"}},{\"@type\":\"ListItem\",\"position\":3,\"item\":{\"@id\":\"https:\/\/acieloabierto.net\/fr\/produits\/exes\/#webpage\"}}]}]}<\/script>\n<!-- \/ Yoast SEO plugin. -->","_links":{"self":[{"href":"https:\/\/acieloabierto.net\/fr\/wp-json\/wp\/v2\/product\/13774"}],"collection":[{"href":"https:\/\/acieloabierto.net\/fr\/wp-json\/wp\/v2\/product"}],"about":[{"href":"https:\/\/acieloabierto.net\/fr\/wp-json\/wp\/v2\/types\/product"}],"replies":[{"embeddable":true,"href":"https:\/\/acieloabierto.net\/fr\/wp-json\/wp\/v2\/comments?post=13774"}],"wp:featuredmedia":[{"embeddable":true,"href":"https:\/\/acieloabierto.net\/fr\/wp-json\/wp\/v2\/media\/13778"}],"wp:attachment":[{"href":"https:\/\/acieloabierto.net\/fr\/wp-json\/wp\/v2\/media?parent=13774"}],"curies":[{"name":"wp","href":"https:\/\/api.w.org\/{rel}","templated":true}]}}