{"id":13760,"date":"2021-04-30T13:44:35","date_gmt":"2021-04-30T11:44:35","guid":{"rendered":"https:\/\/acieloabierto.net\/producten\/alura\/"},"modified":"2021-04-30T13:44:35","modified_gmt":"2021-04-30T11:44:35","slug":"alura","status":"publish","type":"product","link":"https:\/\/acieloabierto.net\/fr\/produits\/alura\/","title":{"rendered":"Alura"},"content":{"rendered":"<p><span style=\"font-weight: 400;\">Comme son nom l&rsquo;indique, Alura est une gamme attrayante de meubles en aluminium comprenant une chaise de salle \u00e0 manger, un fauteuil, une chaise basse, un tabouret de bar et un fauteuil de relaxation.<\/span><\/p>\n<p><span style=\"font-weight: 400;\">Ils sont tous joliment empilables et disponibles en finition textur\u00e9e blanche, sable ou noire. Les accoudoirs int\u00e9gr\u00e9s sont de couleur assortie en standard, mais peuvent \u00eatre en teck en option.<\/span><\/p>\n<p><span style=\"font-weight: 400;\">La famille de fauteuils et de chaises longues Alura est devenue encore plus polyvalente avec l&rsquo;introduction de la chaise modulaire Alura Lounge.<\/span><\/p>\n<p><span style=\"font-weight: 400;\">Vous pouvez combiner les trois tailles diff\u00e9rentes de bases en aluminium (800, 1600 et 2400 mm de long), toutes disponibles en trois couleurs de rev\u00eatement textur\u00e9 avec un si\u00e8ge en maille de couleur assortie, pour cr\u00e9er l&rsquo;arrangement de votre choix.<\/span><\/p>\n<p><span style=\"font-weight: 400;\">Choisissez maintenant parmi la vaste gamme de tissus color\u00e9s et raffin\u00e9s pour composer le salon de vos r\u00eaves.<\/span><\/p>\n","protected":false},"excerpt":{"rendered":"<p>Comme son nom l&rsquo;indique, Alura est une gamme attrayante de meubles en aluminium comprenant une chaise de salle \u00e0 manger, un fauteuil, une chaise basse, un tabouret de bar et un fauteuil de relaxation. Ils sont tous joliment empilables et disponibles en finition textur\u00e9e blanche, sable ou noire. Les accoudoirs int\u00e9gr\u00e9s sont de couleur assortie [&hellip;]<\/p>\n","protected":false},"featured_media":13765,"comment_status":"closed","ping_status":"closed","template":"","meta":{"wds_primary_pwb-brand":0,"wds_primary_product_cat":0},"brands":[{"id":671,"name":"Royal Botania","slug":"royal-botania-fr"}],"yoast_head":"<!-- This site is optimized with the Yoast SEO plugin v16.3 - https:\/\/yoast.com\/wordpress\/plugins\/seo\/ -->\n<title>Alura - Acielo Abierto<\/title>\n<meta name=\"robots\" content=\"index, follow, max-snippet:-1, max-image-preview:large, max-video-preview:-1\" \/>\n<link rel=\"canonical\" href=\"https:\/\/acieloabierto.net\/fr\/produits\/alura\/\" \/>\n<meta property=\"og:locale\" content=\"fr_FR\" \/>\n<meta property=\"og:type\" content=\"article\" \/>\n<meta property=\"og:title\" content=\"Alura - Acielo Abierto\" \/>\n<meta property=\"og:description\" content=\"Comme son nom l&rsquo;indique, Alura est une gamme attrayante de meubles en aluminium comprenant une chaise de salle \u00e0 manger, un fauteuil, une chaise basse, un tabouret de bar et un fauteuil de relaxation. Ils sont tous joliment empilables et disponibles en finition textur\u00e9e blanche, sable ou noire. Les accoudoirs int\u00e9gr\u00e9s sont de couleur assortie [&hellip;]\" \/>\n<meta property=\"og:url\" content=\"https:\/\/acieloabierto.net\/fr\/produits\/alura\/\" \/>\n<meta property=\"og:site_name\" content=\"Acielo Abierto\" \/>\n<meta property=\"og:image\" content=\"https:\/\/acieloabierto.net\/wp-content\/uploads\/2021\/04\/ALURA-RoyalBotania-Lounge1.jpg\" \/>\n\t<meta property=\"og:image:width\" content=\"1920\" \/>\n\t<meta property=\"og:image:height\" content=\"1300\" \/>\n<meta name=\"twitter:card\" content=\"summary_large_image\" \/>\n<meta name=\"twitter:label1\" content=\"Dur\u00e9e de lecture est.\">\n\t<meta name=\"twitter:data1\" content=\"1 minute\">\n<script type=\"application\/ld+json\" class=\"yoast-schema-graph\">{\"@context\":\"https:\/\/schema.org\",\"@graph\":[{\"@type\":\"Organization\",\"@id\":\"https:\/\/acieloabierto.net\/en\/#organization\",\"name\":\"A Cielo Abierto\",\"url\":\"https:\/\/acieloabierto.net\/en\/\",\"sameAs\":[],\"logo\":{\"@type\":\"ImageObject\",\"@id\":\"https:\/\/acieloabierto.net\/en\/#logo\",\"inLanguage\":\"fr-FR\",\"url\":\"https:\/\/acieloabierto.net\/wp-content\/uploads\/2021\/02\/logo.svg\",\"contentUrl\":\"https:\/\/acieloabierto.net\/wp-content\/uploads\/2021\/02\/logo.svg\",\"caption\":\"A Cielo Abierto\"},\"image\":{\"@id\":\"https:\/\/acieloabierto.net\/en\/#logo\"}},{\"@type\":\"WebSite\",\"@id\":\"https:\/\/acieloabierto.net\/en\/#website\",\"url\":\"https:\/\/acieloabierto.net\/en\/\",\"name\":\"Acielo Abierto\",\"description\":\"Tuinmeubels Costa Blanca\",\"publisher\":{\"@id\":\"https:\/\/acieloabierto.net\/en\/#organization\"},\"potentialAction\":[{\"@type\":\"SearchAction\",\"target\":\"https:\/\/acieloabierto.net\/en\/?s={search_term_string}\",\"query-input\":\"required name=search_term_string\"}],\"inLanguage\":\"fr-FR\"},{\"@type\":\"ImageObject\",\"@id\":\"https:\/\/acieloabierto.net\/fr\/produits\/alura\/#primaryimage\",\"inLanguage\":\"fr-FR\",\"url\":\"https:\/\/acieloabierto.net\/wp-content\/uploads\/2021\/04\/ALURA-RoyalBotania-Lounge1.jpg\",\"contentUrl\":\"https:\/\/acieloabierto.net\/wp-content\/uploads\/2021\/04\/ALURA-RoyalBotania-Lounge1.jpg\",\"width\":1920,\"height\":1300},{\"@type\":\"WebPage\",\"@id\":\"https:\/\/acieloabierto.net\/fr\/produits\/alura\/#webpage\",\"url\":\"https:\/\/acieloabierto.net\/fr\/produits\/alura\/\",\"name\":\"Alura - Acielo Abierto\",\"isPartOf\":{\"@id\":\"https:\/\/acieloabierto.net\/en\/#website\"},\"primaryImageOfPage\":{\"@id\":\"https:\/\/acieloabierto.net\/fr\/produits\/alura\/#primaryimage\"},\"datePublished\":\"2021-04-30T11:44:35+00:00\",\"dateModified\":\"2021-04-30T11:44:35+00:00\",\"breadcrumb\":{\"@id\":\"https:\/\/acieloabierto.net\/fr\/produits\/alura\/#breadcrumb\"},\"inLanguage\":\"fr-FR\",\"potentialAction\":[{\"@type\":\"ReadAction\",\"target\":[\"https:\/\/acieloabierto.net\/fr\/produits\/alura\/\"]}]},{\"@type\":\"BreadcrumbList\",\"@id\":\"https:\/\/acieloabierto.net\/fr\/produits\/alura\/#breadcrumb\",\"itemListElement\":[{\"@type\":\"ListItem\",\"position\":1,\"item\":{\"@type\":\"WebPage\",\"@id\":\"https:\/\/acieloabierto.net\/fr\/\",\"url\":\"https:\/\/acieloabierto.net\/fr\/\",\"name\":\"Home\"}},{\"@type\":\"ListItem\",\"position\":2,\"item\":{\"@type\":\"WebPage\",\"@id\":\"\",\"url\":\"\",\"name\":\"\"}},{\"@type\":\"ListItem\",\"position\":3,\"item\":{\"@id\":\"https:\/\/acieloabierto.net\/fr\/produits\/alura\/#webpage\"}}]}]}<\/script>\n<!-- \/ Yoast SEO plugin. -->","_links":{"self":[{"href":"https:\/\/acieloabierto.net\/fr\/wp-json\/wp\/v2\/product\/13760"}],"collection":[{"href":"https:\/\/acieloabierto.net\/fr\/wp-json\/wp\/v2\/product"}],"about":[{"href":"https:\/\/acieloabierto.net\/fr\/wp-json\/wp\/v2\/types\/product"}],"replies":[{"embeddable":true,"href":"https:\/\/acieloabierto.net\/fr\/wp-json\/wp\/v2\/comments?post=13760"}],"wp:featuredmedia":[{"embeddable":true,"href":"https:\/\/acieloabierto.net\/fr\/wp-json\/wp\/v2\/media\/13765"}],"wp:attachment":[{"href":"https:\/\/acieloabierto.net\/fr\/wp-json\/wp\/v2\/media?parent=13760"}],"curies":[{"name":"wp","href":"https:\/\/api.w.org\/{rel}","templated":true}]}}