{"id":13754,"date":"2021-04-28T14:53:20","date_gmt":"2021-04-28T12:53:20","guid":{"rendered":"https:\/\/acieloabierto.net\/producten\/windblocker\/"},"modified":"2021-04-28T14:53:20","modified_gmt":"2021-04-28T12:53:20","slug":"windblocker","status":"publish","type":"product","link":"https:\/\/acieloabierto.net\/fr\/produits\/windblocker\/","title":{"rendered":"Windblocker"},"content":{"rendered":"<p><span style=\"font-weight: 400;\">Vous souhaitez bloquer le vent et les regards indiscrets et cr\u00e9er une ombre lat\u00e9rale ? Optez pour le Brustor Windblocker. Vous pouvez fixer la toile tendue directement au mur ou \u00e0 un poteau. Le ressort int\u00e9gr\u00e9 assure une tension optimale de la toile. Le bo\u00eetier \u00e9l\u00e9gant prot\u00e8ge la toile lorsqu&rsquo;elle est enroul\u00e9e et se compose d&rsquo;aluminium extrud\u00e9 r\u00e9sistant \u00e0 la corrosion et rev\u00eatu par poudre.<\/span><\/p>\n","protected":false},"excerpt":{"rendered":"<p>Vous souhaitez bloquer le vent et les regards indiscrets et cr\u00e9er une ombre lat\u00e9rale ? Optez pour le Brustor Windblocker. Vous pouvez fixer la toile tendue directement au mur ou \u00e0 un poteau. Le ressort int\u00e9gr\u00e9 assure une tension optimale de la toile. Le bo\u00eetier \u00e9l\u00e9gant prot\u00e8ge la toile lorsqu&rsquo;elle est enroul\u00e9e et se compose [&hellip;]<\/p>\n","protected":false},"featured_media":13756,"comment_status":"closed","ping_status":"closed","template":"","meta":{"wds_primary_pwb-brand":0,"wds_primary_product_cat":0},"brands":[{"id":669,"name":"Prostor","slug":"prostor"}],"yoast_head":"<!-- This site is optimized with the Yoast SEO plugin v16.3 - https:\/\/yoast.com\/wordpress\/plugins\/seo\/ -->\n<title>Windblocker - Acielo Abierto<\/title>\n<meta name=\"robots\" content=\"index, follow, max-snippet:-1, max-image-preview:large, max-video-preview:-1\" \/>\n<link rel=\"canonical\" href=\"https:\/\/acieloabierto.net\/fr\/produits\/windblocker\/\" \/>\n<meta property=\"og:locale\" content=\"fr_FR\" \/>\n<meta property=\"og:type\" content=\"article\" \/>\n<meta property=\"og:title\" content=\"Windblocker - Acielo Abierto\" \/>\n<meta property=\"og:description\" content=\"Vous souhaitez bloquer le vent et les regards indiscrets et cr\u00e9er une ombre lat\u00e9rale ? Optez pour le Brustor Windblocker. Vous pouvez fixer la toile tendue directement au mur ou \u00e0 un poteau. Le ressort int\u00e9gr\u00e9 assure une tension optimale de la toile. Le bo\u00eetier \u00e9l\u00e9gant prot\u00e8ge la toile lorsqu&rsquo;elle est enroul\u00e9e et se compose [&hellip;]\" \/>\n<meta property=\"og:url\" content=\"https:\/\/acieloabierto.net\/fr\/produits\/windblocker\/\" \/>\n<meta property=\"og:site_name\" content=\"Acielo Abierto\" \/>\n<meta property=\"og:image\" content=\"https:\/\/acieloabierto.net\/wp-content\/uploads\/2021\/04\/Brustor-windblock-1.jpg\" \/>\n\t<meta property=\"og:image:width\" content=\"1920\" \/>\n\t<meta property=\"og:image:height\" content=\"1300\" \/>\n<meta name=\"twitter:card\" content=\"summary_large_image\" \/>\n<script type=\"application\/ld+json\" class=\"yoast-schema-graph\">{\"@context\":\"https:\/\/schema.org\",\"@graph\":[{\"@type\":\"Organization\",\"@id\":\"https:\/\/acieloabierto.net\/en\/#organization\",\"name\":\"A Cielo Abierto\",\"url\":\"https:\/\/acieloabierto.net\/en\/\",\"sameAs\":[],\"logo\":{\"@type\":\"ImageObject\",\"@id\":\"https:\/\/acieloabierto.net\/en\/#logo\",\"inLanguage\":\"fr-FR\",\"url\":\"https:\/\/acieloabierto.net\/wp-content\/uploads\/2021\/02\/logo.svg\",\"contentUrl\":\"https:\/\/acieloabierto.net\/wp-content\/uploads\/2021\/02\/logo.svg\",\"caption\":\"A Cielo Abierto\"},\"image\":{\"@id\":\"https:\/\/acieloabierto.net\/en\/#logo\"}},{\"@type\":\"WebSite\",\"@id\":\"https:\/\/acieloabierto.net\/en\/#website\",\"url\":\"https:\/\/acieloabierto.net\/en\/\",\"name\":\"Acielo Abierto\",\"description\":\"Tuinmeubels Costa Blanca\",\"publisher\":{\"@id\":\"https:\/\/acieloabierto.net\/en\/#organization\"},\"potentialAction\":[{\"@type\":\"SearchAction\",\"target\":\"https:\/\/acieloabierto.net\/en\/?s={search_term_string}\",\"query-input\":\"required name=search_term_string\"}],\"inLanguage\":\"fr-FR\"},{\"@type\":\"ImageObject\",\"@id\":\"https:\/\/acieloabierto.net\/fr\/produits\/windblocker\/#primaryimage\",\"inLanguage\":\"fr-FR\",\"url\":\"https:\/\/acieloabierto.net\/wp-content\/uploads\/2021\/04\/Brustor-windblock-1.jpg\",\"contentUrl\":\"https:\/\/acieloabierto.net\/wp-content\/uploads\/2021\/04\/Brustor-windblock-1.jpg\",\"width\":1920,\"height\":1300},{\"@type\":\"WebPage\",\"@id\":\"https:\/\/acieloabierto.net\/fr\/produits\/windblocker\/#webpage\",\"url\":\"https:\/\/acieloabierto.net\/fr\/produits\/windblocker\/\",\"name\":\"Windblocker - Acielo Abierto\",\"isPartOf\":{\"@id\":\"https:\/\/acieloabierto.net\/en\/#website\"},\"primaryImageOfPage\":{\"@id\":\"https:\/\/acieloabierto.net\/fr\/produits\/windblocker\/#primaryimage\"},\"datePublished\":\"2021-04-28T12:53:20+00:00\",\"dateModified\":\"2021-04-28T12:53:20+00:00\",\"breadcrumb\":{\"@id\":\"https:\/\/acieloabierto.net\/fr\/produits\/windblocker\/#breadcrumb\"},\"inLanguage\":\"fr-FR\",\"potentialAction\":[{\"@type\":\"ReadAction\",\"target\":[\"https:\/\/acieloabierto.net\/fr\/produits\/windblocker\/\"]}]},{\"@type\":\"BreadcrumbList\",\"@id\":\"https:\/\/acieloabierto.net\/fr\/produits\/windblocker\/#breadcrumb\",\"itemListElement\":[{\"@type\":\"ListItem\",\"position\":1,\"item\":{\"@type\":\"WebPage\",\"@id\":\"https:\/\/acieloabierto.net\/fr\/\",\"url\":\"https:\/\/acieloabierto.net\/fr\/\",\"name\":\"Home\"}},{\"@type\":\"ListItem\",\"position\":2,\"item\":{\"@type\":\"WebPage\",\"@id\":\"\",\"url\":\"\",\"name\":\"\"}},{\"@type\":\"ListItem\",\"position\":3,\"item\":{\"@id\":\"https:\/\/acieloabierto.net\/fr\/produits\/windblocker\/#webpage\"}}]}]}<\/script>\n<!-- \/ Yoast SEO plugin. -->","_links":{"self":[{"href":"https:\/\/acieloabierto.net\/fr\/wp-json\/wp\/v2\/product\/13754"}],"collection":[{"href":"https:\/\/acieloabierto.net\/fr\/wp-json\/wp\/v2\/product"}],"about":[{"href":"https:\/\/acieloabierto.net\/fr\/wp-json\/wp\/v2\/types\/product"}],"replies":[{"embeddable":true,"href":"https:\/\/acieloabierto.net\/fr\/wp-json\/wp\/v2\/comments?post=13754"}],"wp:featuredmedia":[{"embeddable":true,"href":"https:\/\/acieloabierto.net\/fr\/wp-json\/wp\/v2\/media\/13756"}],"wp:attachment":[{"href":"https:\/\/acieloabierto.net\/fr\/wp-json\/wp\/v2\/media?parent=13754"}],"curies":[{"name":"wp","href":"https:\/\/api.w.org\/{rel}","templated":true}]}}