{"id":13716,"date":"2021-03-04T14:03:23","date_gmt":"2021-03-04T13:03:23","guid":{"rendered":"https:\/\/acieloabierto.net\/producten\/vis-a-vis\/"},"modified":"2021-03-04T14:03:23","modified_gmt":"2021-03-04T13:03:23","slug":"vis-a-vis","status":"publish","type":"product","link":"https:\/\/acieloabierto.net\/fr\/produits\/vis-a-vis\/","title":{"rendered":"Vis \u00e0 Vis"},"content":{"rendered":"<p><span style=\"font-weight: 400;\">Le canap\u00e9 Vis \u00e0 vis rend hommage au design pur. De fines plateformes en teck, qui semblent flotter, portent de confortables coussins d&rsquo;ext\u00e9rieur, sans aucun support visible pour les bras ou le dos. Les coussins sont gliss\u00e9s sur un support en acier inoxydable, ce qui permet \u00e0 ce canap\u00e9 de salon d&rsquo;offrir une belle vue sur tous les c\u00f4t\u00e9s. Une bordure graphique en lattes de teck d\u00e9limite ou non l&rsquo;ensemble. Le canap\u00e9 Vis \u00e0 vis est constitu\u00e9 d&rsquo;un syst\u00e8me de construction modulaire permettant des compositions infinies, du petit lit de jour au grand ensemble lounge avec tables d&rsquo;appoint. Les coussins d&rsquo;ext\u00e9rieur sont con\u00e7us pour r\u00e9sister parfaitement \u00e0 la pluie, gr\u00e2ce \u00e0 un rembourrage ventil\u00e9 dans une housse int\u00e9rieure hydrofuge. Les coutures de cette housse sont en outre recouvertes \u00e0 l&rsquo;int\u00e9rieur afin que l&rsquo;humidit\u00e9 n&rsquo;ait aucune chance. Pour les tissus, vous avez le choix entre plus de 100 tissus d&rsquo;ext\u00e9rieur inspir\u00e9s de la nature.<\/span><\/p>\n","protected":false},"excerpt":{"rendered":"<p>Le canap\u00e9 Vis \u00e0 vis rend hommage au design pur. De fines plateformes en teck, qui semblent flotter, portent de confortables coussins d&rsquo;ext\u00e9rieur, sans aucun support visible pour les bras ou le dos. Les coussins sont gliss\u00e9s sur un support en acier inoxydable, ce qui permet \u00e0 ce canap\u00e9 de salon d&rsquo;offrir une belle vue [&hellip;]<\/p>\n","protected":false},"featured_media":13717,"comment_status":"open","ping_status":"closed","template":"","meta":{"wds_primary_pwb-brand":0,"wds_primary_product_cat":0},"brands":[{"id":667,"name":"Tribu","slug":"tribu-fr"}],"yoast_head":"<!-- This site is optimized with the Yoast SEO plugin v16.3 - https:\/\/yoast.com\/wordpress\/plugins\/seo\/ -->\n<title>Vis \u00e0 Vis - Acielo Abierto<\/title>\n<meta name=\"robots\" content=\"index, follow, max-snippet:-1, max-image-preview:large, max-video-preview:-1\" \/>\n<link rel=\"canonical\" href=\"https:\/\/acieloabierto.net\/fr\/produits\/vis-a-vis\/\" \/>\n<meta property=\"og:locale\" content=\"fr_FR\" \/>\n<meta property=\"og:type\" content=\"article\" \/>\n<meta property=\"og:title\" content=\"Vis \u00e0 Vis - Acielo Abierto\" \/>\n<meta property=\"og:description\" content=\"Le canap\u00e9 Vis \u00e0 vis rend hommage au design pur. De fines plateformes en teck, qui semblent flotter, portent de confortables coussins d&rsquo;ext\u00e9rieur, sans aucun support visible pour les bras ou le dos. Les coussins sont gliss\u00e9s sur un support en acier inoxydable, ce qui permet \u00e0 ce canap\u00e9 de salon d&rsquo;offrir une belle vue [&hellip;]\" \/>\n<meta property=\"og:url\" content=\"https:\/\/acieloabierto.net\/fr\/produits\/vis-a-vis\/\" \/>\n<meta property=\"og:site_name\" content=\"Acielo Abierto\" \/>\n<meta property=\"og:image\" content=\"https:\/\/acieloabierto.net\/wp-content\/uploads\/2021\/03\/visavis-tribu-stoel1.jpg\" \/>\n\t<meta property=\"og:image:width\" content=\"1920\" \/>\n\t<meta property=\"og:image:height\" content=\"1284\" \/>\n<meta name=\"twitter:card\" content=\"summary_large_image\" \/>\n<meta name=\"twitter:label1\" content=\"Dur\u00e9e de lecture est.\">\n\t<meta name=\"twitter:data1\" content=\"1 minute\">\n<script type=\"application\/ld+json\" class=\"yoast-schema-graph\">{\"@context\":\"https:\/\/schema.org\",\"@graph\":[{\"@type\":\"Organization\",\"@id\":\"https:\/\/acieloabierto.net\/en\/#organization\",\"name\":\"A Cielo Abierto\",\"url\":\"https:\/\/acieloabierto.net\/en\/\",\"sameAs\":[],\"logo\":{\"@type\":\"ImageObject\",\"@id\":\"https:\/\/acieloabierto.net\/en\/#logo\",\"inLanguage\":\"fr-FR\",\"url\":\"https:\/\/acieloabierto.net\/wp-content\/uploads\/2021\/02\/logo.svg\",\"contentUrl\":\"https:\/\/acieloabierto.net\/wp-content\/uploads\/2021\/02\/logo.svg\",\"caption\":\"A Cielo Abierto\"},\"image\":{\"@id\":\"https:\/\/acieloabierto.net\/en\/#logo\"}},{\"@type\":\"WebSite\",\"@id\":\"https:\/\/acieloabierto.net\/en\/#website\",\"url\":\"https:\/\/acieloabierto.net\/en\/\",\"name\":\"Acielo Abierto\",\"description\":\"Tuinmeubels Costa Blanca\",\"publisher\":{\"@id\":\"https:\/\/acieloabierto.net\/en\/#organization\"},\"potentialAction\":[{\"@type\":\"SearchAction\",\"target\":\"https:\/\/acieloabierto.net\/en\/?s={search_term_string}\",\"query-input\":\"required name=search_term_string\"}],\"inLanguage\":\"fr-FR\"},{\"@type\":\"ImageObject\",\"@id\":\"https:\/\/acieloabierto.net\/fr\/produits\/vis-a-vis\/#primaryimage\",\"inLanguage\":\"fr-FR\",\"url\":\"https:\/\/acieloabierto.net\/wp-content\/uploads\/2021\/03\/visavis-tribu-stoel1.jpg\",\"contentUrl\":\"https:\/\/acieloabierto.net\/wp-content\/uploads\/2021\/03\/visavis-tribu-stoel1.jpg\",\"width\":1920,\"height\":1284},{\"@type\":\"WebPage\",\"@id\":\"https:\/\/acieloabierto.net\/fr\/produits\/vis-a-vis\/#webpage\",\"url\":\"https:\/\/acieloabierto.net\/fr\/produits\/vis-a-vis\/\",\"name\":\"Vis \\u00e0 Vis - Acielo Abierto\",\"isPartOf\":{\"@id\":\"https:\/\/acieloabierto.net\/en\/#website\"},\"primaryImageOfPage\":{\"@id\":\"https:\/\/acieloabierto.net\/fr\/produits\/vis-a-vis\/#primaryimage\"},\"datePublished\":\"2021-03-04T13:03:23+00:00\",\"dateModified\":\"2021-03-04T13:03:23+00:00\",\"breadcrumb\":{\"@id\":\"https:\/\/acieloabierto.net\/fr\/produits\/vis-a-vis\/#breadcrumb\"},\"inLanguage\":\"fr-FR\",\"potentialAction\":[{\"@type\":\"ReadAction\",\"target\":[\"https:\/\/acieloabierto.net\/fr\/produits\/vis-a-vis\/\"]}]},{\"@type\":\"BreadcrumbList\",\"@id\":\"https:\/\/acieloabierto.net\/fr\/produits\/vis-a-vis\/#breadcrumb\",\"itemListElement\":[{\"@type\":\"ListItem\",\"position\":1,\"item\":{\"@type\":\"WebPage\",\"@id\":\"https:\/\/acieloabierto.net\/fr\/\",\"url\":\"https:\/\/acieloabierto.net\/fr\/\",\"name\":\"Home\"}},{\"@type\":\"ListItem\",\"position\":2,\"item\":{\"@type\":\"WebPage\",\"@id\":\"\",\"url\":\"\",\"name\":\"\"}},{\"@type\":\"ListItem\",\"position\":3,\"item\":{\"@id\":\"https:\/\/acieloabierto.net\/fr\/produits\/vis-a-vis\/#webpage\"}}]}]}<\/script>\n<!-- \/ Yoast SEO plugin. -->","_links":{"self":[{"href":"https:\/\/acieloabierto.net\/fr\/wp-json\/wp\/v2\/product\/13716"}],"collection":[{"href":"https:\/\/acieloabierto.net\/fr\/wp-json\/wp\/v2\/product"}],"about":[{"href":"https:\/\/acieloabierto.net\/fr\/wp-json\/wp\/v2\/types\/product"}],"replies":[{"embeddable":true,"href":"https:\/\/acieloabierto.net\/fr\/wp-json\/wp\/v2\/comments?post=13716"}],"wp:featuredmedia":[{"embeddable":true,"href":"https:\/\/acieloabierto.net\/fr\/wp-json\/wp\/v2\/media\/13717"}],"wp:attachment":[{"href":"https:\/\/acieloabierto.net\/fr\/wp-json\/wp\/v2\/media?parent=13716"}],"curies":[{"name":"wp","href":"https:\/\/api.w.org\/{rel}","templated":true}]}}