{"id":13704,"date":"2021-03-04T13:59:20","date_gmt":"2021-03-04T12:59:20","guid":{"rendered":"https:\/\/acieloabierto.net\/producten\/tosca\/"},"modified":"2021-03-04T13:59:20","modified_gmt":"2021-03-04T12:59:20","slug":"tosca","status":"publish","type":"product","link":"https:\/\/acieloabierto.net\/fr\/produits\/tosca\/","title":{"rendered":"Tosca"},"content":{"rendered":"<p><span style=\"font-weight: 400;\">La collection Tosca est \u00e0 la fois chaleureuse et accueillante, chic et intrigante. C&rsquo;est la premi\u00e8re fois que TRIB\u00d9 fait appel \u00e0 une femme designer. La f\u00e9minit\u00e9 et l&rsquo;\u00e9motion ont donc \u00e9t\u00e9 les ma\u00eetres mots lors de la conception de cette collection exclusive de meubles d&rsquo;ext\u00e9rieur. Une \u00e9l\u00e9gante coque d&rsquo;assise en acier inoxydable rev\u00eatu de poudre est soutenue par des pieds minces et effil\u00e9s et recouverte d&rsquo;un cannage vertical extra-large. Le mat\u00e9riau utilis\u00e9 pour ce cannage peut sans aucun doute \u00eatre qualifi\u00e9 d&rsquo;innovant : la mousse est recouverte d&rsquo;un \u00ab bas \u00bb tubulaire tricot\u00e9 \u00e0 partir de textile et de polyol\u00e9fine. Le mat\u00e9riau a un aspect \u00e9tonnamment naturel, tout en \u00e9tant 100 % r\u00e9sistant aux intemp\u00e9ries. Le confort d&rsquo;assise des meubles est \u00e9galement tr\u00e8s agr\u00e9able, gr\u00e2ce aux coussins d&rsquo;ext\u00e9rieur confortables.<\/span><\/p>\n","protected":false},"excerpt":{"rendered":"<p>La collection Tosca est \u00e0 la fois chaleureuse et accueillante, chic et intrigante. C&rsquo;est la premi\u00e8re fois que TRIB\u00d9 fait appel \u00e0 une femme designer. La f\u00e9minit\u00e9 et l&rsquo;\u00e9motion ont donc \u00e9t\u00e9 les ma\u00eetres mots lors de la conception de cette collection exclusive de meubles d&rsquo;ext\u00e9rieur. Une \u00e9l\u00e9gante coque d&rsquo;assise en acier inoxydable rev\u00eatu de [&hellip;]<\/p>\n","protected":false},"featured_media":13705,"comment_status":"open","ping_status":"closed","template":"","meta":{"wds_primary_pwb-brand":0,"wds_primary_product_cat":0},"brands":[{"id":667,"name":"Tribu","slug":"tribu-fr"}],"yoast_head":"<!-- This site is optimized with the Yoast SEO plugin v16.3 - https:\/\/yoast.com\/wordpress\/plugins\/seo\/ -->\n<title>Tosca - Acielo Abierto<\/title>\n<meta name=\"robots\" content=\"index, follow, max-snippet:-1, max-image-preview:large, max-video-preview:-1\" \/>\n<link rel=\"canonical\" href=\"https:\/\/acieloabierto.net\/fr\/produits\/tosca\/\" \/>\n<meta property=\"og:locale\" content=\"fr_FR\" \/>\n<meta property=\"og:type\" content=\"article\" \/>\n<meta property=\"og:title\" content=\"Tosca - Acielo Abierto\" \/>\n<meta property=\"og:description\" content=\"La collection Tosca est \u00e0 la fois chaleureuse et accueillante, chic et intrigante. C&rsquo;est la premi\u00e8re fois que TRIB\u00d9 fait appel \u00e0 une femme designer. La f\u00e9minit\u00e9 et l&rsquo;\u00e9motion ont donc \u00e9t\u00e9 les ma\u00eetres mots lors de la conception de cette collection exclusive de meubles d&rsquo;ext\u00e9rieur. Une \u00e9l\u00e9gante coque d&rsquo;assise en acier inoxydable rev\u00eatu de [&hellip;]\" \/>\n<meta property=\"og:url\" content=\"https:\/\/acieloabierto.net\/fr\/produits\/tosca\/\" \/>\n<meta property=\"og:site_name\" content=\"Acielo Abierto\" \/>\n<meta property=\"og:image\" content=\"https:\/\/acieloabierto.net\/wp-content\/uploads\/2021\/03\/tosca-tribu-stoel.jpg\" \/>\n\t<meta property=\"og:image:width\" content=\"1920\" \/>\n\t<meta property=\"og:image:height\" content=\"1282\" \/>\n<meta name=\"twitter:card\" content=\"summary_large_image\" \/>\n<meta name=\"twitter:label1\" content=\"Dur\u00e9e de lecture est.\">\n\t<meta name=\"twitter:data1\" content=\"1 minute\">\n<script type=\"application\/ld+json\" class=\"yoast-schema-graph\">{\"@context\":\"https:\/\/schema.org\",\"@graph\":[{\"@type\":\"Organization\",\"@id\":\"https:\/\/acieloabierto.net\/en\/#organization\",\"name\":\"A Cielo Abierto\",\"url\":\"https:\/\/acieloabierto.net\/en\/\",\"sameAs\":[],\"logo\":{\"@type\":\"ImageObject\",\"@id\":\"https:\/\/acieloabierto.net\/en\/#logo\",\"inLanguage\":\"fr-FR\",\"url\":\"https:\/\/acieloabierto.net\/wp-content\/uploads\/2021\/02\/logo.svg\",\"contentUrl\":\"https:\/\/acieloabierto.net\/wp-content\/uploads\/2021\/02\/logo.svg\",\"caption\":\"A Cielo Abierto\"},\"image\":{\"@id\":\"https:\/\/acieloabierto.net\/en\/#logo\"}},{\"@type\":\"WebSite\",\"@id\":\"https:\/\/acieloabierto.net\/en\/#website\",\"url\":\"https:\/\/acieloabierto.net\/en\/\",\"name\":\"Acielo Abierto\",\"description\":\"Tuinmeubels Costa Blanca\",\"publisher\":{\"@id\":\"https:\/\/acieloabierto.net\/en\/#organization\"},\"potentialAction\":[{\"@type\":\"SearchAction\",\"target\":\"https:\/\/acieloabierto.net\/en\/?s={search_term_string}\",\"query-input\":\"required name=search_term_string\"}],\"inLanguage\":\"fr-FR\"},{\"@type\":\"ImageObject\",\"@id\":\"https:\/\/acieloabierto.net\/fr\/produits\/tosca\/#primaryimage\",\"inLanguage\":\"fr-FR\",\"url\":\"https:\/\/acieloabierto.net\/wp-content\/uploads\/2021\/03\/tosca-tribu-stoel.jpg\",\"contentUrl\":\"https:\/\/acieloabierto.net\/wp-content\/uploads\/2021\/03\/tosca-tribu-stoel.jpg\",\"width\":1920,\"height\":1282},{\"@type\":\"WebPage\",\"@id\":\"https:\/\/acieloabierto.net\/fr\/produits\/tosca\/#webpage\",\"url\":\"https:\/\/acieloabierto.net\/fr\/produits\/tosca\/\",\"name\":\"Tosca - Acielo Abierto\",\"isPartOf\":{\"@id\":\"https:\/\/acieloabierto.net\/en\/#website\"},\"primaryImageOfPage\":{\"@id\":\"https:\/\/acieloabierto.net\/fr\/produits\/tosca\/#primaryimage\"},\"datePublished\":\"2021-03-04T12:59:20+00:00\",\"dateModified\":\"2021-03-04T12:59:20+00:00\",\"breadcrumb\":{\"@id\":\"https:\/\/acieloabierto.net\/fr\/produits\/tosca\/#breadcrumb\"},\"inLanguage\":\"fr-FR\",\"potentialAction\":[{\"@type\":\"ReadAction\",\"target\":[\"https:\/\/acieloabierto.net\/fr\/produits\/tosca\/\"]}]},{\"@type\":\"BreadcrumbList\",\"@id\":\"https:\/\/acieloabierto.net\/fr\/produits\/tosca\/#breadcrumb\",\"itemListElement\":[{\"@type\":\"ListItem\",\"position\":1,\"item\":{\"@type\":\"WebPage\",\"@id\":\"https:\/\/acieloabierto.net\/fr\/\",\"url\":\"https:\/\/acieloabierto.net\/fr\/\",\"name\":\"Home\"}},{\"@type\":\"ListItem\",\"position\":2,\"item\":{\"@type\":\"WebPage\",\"@id\":\"\",\"url\":\"\",\"name\":\"\"}},{\"@type\":\"ListItem\",\"position\":3,\"item\":{\"@id\":\"https:\/\/acieloabierto.net\/fr\/produits\/tosca\/#webpage\"}}]}]}<\/script>\n<!-- \/ Yoast SEO plugin. -->","_links":{"self":[{"href":"https:\/\/acieloabierto.net\/fr\/wp-json\/wp\/v2\/product\/13704"}],"collection":[{"href":"https:\/\/acieloabierto.net\/fr\/wp-json\/wp\/v2\/product"}],"about":[{"href":"https:\/\/acieloabierto.net\/fr\/wp-json\/wp\/v2\/types\/product"}],"replies":[{"embeddable":true,"href":"https:\/\/acieloabierto.net\/fr\/wp-json\/wp\/v2\/comments?post=13704"}],"wp:featuredmedia":[{"embeddable":true,"href":"https:\/\/acieloabierto.net\/fr\/wp-json\/wp\/v2\/media\/13705"}],"wp:attachment":[{"href":"https:\/\/acieloabierto.net\/fr\/wp-json\/wp\/v2\/media?parent=13704"}],"curies":[{"name":"wp","href":"https:\/\/api.w.org\/{rel}","templated":true}]}}