{"id":13692,"date":"2021-03-04T13:55:21","date_gmt":"2021-03-04T12:55:21","guid":{"rendered":"https:\/\/acieloabierto.net\/producten\/senja\/"},"modified":"2021-03-04T13:55:21","modified_gmt":"2021-03-04T12:55:21","slug":"senja","status":"publish","type":"product","link":"https:\/\/acieloabierto.net\/fr\/produits\/senja\/","title":{"rendered":"Senja"},"content":{"rendered":"<p><span style=\"font-weight: 400;\">D\u00e9tendez-vous et blottissez-vous dans le canap\u00e9 ultra-modulaire Senja. Combinez les modules une, deux ou trois places avec des accoudoirs hauts ou bas, choisissez la couleur des pieds et gardez tout ce dont vous avez besoin \u00e0 port\u00e9e de main avec un plateau de table, une console ou une table d&rsquo;appoint en teck ou en pierre de lave \u00e9maill\u00e9e. Senja est \u00e9galement disponible en deux profondeurs d&rsquo;assise : une profondeur standard ou une version extra-profonde pour un confort encore plus grand. Les coussins de style nordique sont finis avec un passepoil et peuvent facilement r\u00e9sister \u00e0 une averse gr\u00e2ce au rembourrage ventil\u00e9 et hydrofuge. Les coutures de la housse de rembourrage sont \u00e9galement recouvertes \u00e0 l&rsquo;int\u00e9rieur, de sorte que l&rsquo;humidit\u00e9 n&rsquo;a aucune chance. Pour les tissus, vous avez le choix entre plus de 100 tissus d&rsquo;ext\u00e9rieur inspir\u00e9s de la nature.<\/span><\/p>\n","protected":false},"excerpt":{"rendered":"<p>D\u00e9tendez-vous et blottissez-vous dans le canap\u00e9 ultra-modulaire Senja. Combinez les modules une, deux ou trois places avec des accoudoirs hauts ou bas, choisissez la couleur des pieds et gardez tout ce dont vous avez besoin \u00e0 port\u00e9e de main avec un plateau de table, une console ou une table d&rsquo;appoint en teck ou en pierre [&hellip;]<\/p>\n","protected":false},"featured_media":13693,"comment_status":"open","ping_status":"closed","template":"","meta":{"wds_primary_pwb-brand":0,"wds_primary_product_cat":0},"brands":[{"id":667,"name":"Tribu","slug":"tribu-fr"}],"yoast_head":"<!-- This site is optimized with the Yoast SEO plugin v16.3 - https:\/\/yoast.com\/wordpress\/plugins\/seo\/ -->\n<title>Senja - Acielo Abierto<\/title>\n<meta name=\"robots\" content=\"index, follow, max-snippet:-1, max-image-preview:large, max-video-preview:-1\" \/>\n<link rel=\"canonical\" href=\"https:\/\/acieloabierto.net\/fr\/produits\/senja\/\" \/>\n<meta property=\"og:locale\" content=\"fr_FR\" \/>\n<meta property=\"og:type\" content=\"article\" \/>\n<meta property=\"og:title\" content=\"Senja - Acielo Abierto\" \/>\n<meta property=\"og:description\" content=\"D\u00e9tendez-vous et blottissez-vous dans le canap\u00e9 ultra-modulaire Senja. Combinez les modules une, deux ou trois places avec des accoudoirs hauts ou bas, choisissez la couleur des pieds et gardez tout ce dont vous avez besoin \u00e0 port\u00e9e de main avec un plateau de table, une console ou une table d&rsquo;appoint en teck ou en pierre [&hellip;]\" \/>\n<meta property=\"og:url\" content=\"https:\/\/acieloabierto.net\/fr\/produits\/senja\/\" \/>\n<meta property=\"og:site_name\" content=\"Acielo Abierto\" \/>\n<meta property=\"og:image\" content=\"https:\/\/acieloabierto.net\/wp-content\/uploads\/2021\/03\/senja-tribu-lounge.jpg\" \/>\n\t<meta property=\"og:image:width\" content=\"1920\" \/>\n\t<meta property=\"og:image:height\" content=\"1300\" \/>\n<meta name=\"twitter:card\" content=\"summary_large_image\" \/>\n<meta name=\"twitter:label1\" content=\"Dur\u00e9e de lecture est.\">\n\t<meta name=\"twitter:data1\" content=\"1 minute\">\n<script type=\"application\/ld+json\" class=\"yoast-schema-graph\">{\"@context\":\"https:\/\/schema.org\",\"@graph\":[{\"@type\":\"Organization\",\"@id\":\"https:\/\/acieloabierto.net\/en\/#organization\",\"name\":\"A Cielo Abierto\",\"url\":\"https:\/\/acieloabierto.net\/en\/\",\"sameAs\":[],\"logo\":{\"@type\":\"ImageObject\",\"@id\":\"https:\/\/acieloabierto.net\/en\/#logo\",\"inLanguage\":\"fr-FR\",\"url\":\"https:\/\/acieloabierto.net\/wp-content\/uploads\/2021\/02\/logo.svg\",\"contentUrl\":\"https:\/\/acieloabierto.net\/wp-content\/uploads\/2021\/02\/logo.svg\",\"caption\":\"A Cielo Abierto\"},\"image\":{\"@id\":\"https:\/\/acieloabierto.net\/en\/#logo\"}},{\"@type\":\"WebSite\",\"@id\":\"https:\/\/acieloabierto.net\/en\/#website\",\"url\":\"https:\/\/acieloabierto.net\/en\/\",\"name\":\"Acielo Abierto\",\"description\":\"Tuinmeubels Costa Blanca\",\"publisher\":{\"@id\":\"https:\/\/acieloabierto.net\/en\/#organization\"},\"potentialAction\":[{\"@type\":\"SearchAction\",\"target\":\"https:\/\/acieloabierto.net\/en\/?s={search_term_string}\",\"query-input\":\"required name=search_term_string\"}],\"inLanguage\":\"fr-FR\"},{\"@type\":\"ImageObject\",\"@id\":\"https:\/\/acieloabierto.net\/fr\/produits\/senja\/#primaryimage\",\"inLanguage\":\"fr-FR\",\"url\":\"https:\/\/acieloabierto.net\/wp-content\/uploads\/2021\/03\/senja-tribu-lounge.jpg\",\"contentUrl\":\"https:\/\/acieloabierto.net\/wp-content\/uploads\/2021\/03\/senja-tribu-lounge.jpg\",\"width\":1920,\"height\":1300},{\"@type\":\"WebPage\",\"@id\":\"https:\/\/acieloabierto.net\/fr\/produits\/senja\/#webpage\",\"url\":\"https:\/\/acieloabierto.net\/fr\/produits\/senja\/\",\"name\":\"Senja - Acielo Abierto\",\"isPartOf\":{\"@id\":\"https:\/\/acieloabierto.net\/en\/#website\"},\"primaryImageOfPage\":{\"@id\":\"https:\/\/acieloabierto.net\/fr\/produits\/senja\/#primaryimage\"},\"datePublished\":\"2021-03-04T12:55:21+00:00\",\"dateModified\":\"2021-03-04T12:55:21+00:00\",\"breadcrumb\":{\"@id\":\"https:\/\/acieloabierto.net\/fr\/produits\/senja\/#breadcrumb\"},\"inLanguage\":\"fr-FR\",\"potentialAction\":[{\"@type\":\"ReadAction\",\"target\":[\"https:\/\/acieloabierto.net\/fr\/produits\/senja\/\"]}]},{\"@type\":\"BreadcrumbList\",\"@id\":\"https:\/\/acieloabierto.net\/fr\/produits\/senja\/#breadcrumb\",\"itemListElement\":[{\"@type\":\"ListItem\",\"position\":1,\"item\":{\"@type\":\"WebPage\",\"@id\":\"https:\/\/acieloabierto.net\/fr\/\",\"url\":\"https:\/\/acieloabierto.net\/fr\/\",\"name\":\"Home\"}},{\"@type\":\"ListItem\",\"position\":2,\"item\":{\"@type\":\"WebPage\",\"@id\":\"\",\"url\":\"\",\"name\":\"\"}},{\"@type\":\"ListItem\",\"position\":3,\"item\":{\"@id\":\"https:\/\/acieloabierto.net\/fr\/produits\/senja\/#webpage\"}}]}]}<\/script>\n<!-- \/ Yoast SEO plugin. -->","_links":{"self":[{"href":"https:\/\/acieloabierto.net\/fr\/wp-json\/wp\/v2\/product\/13692"}],"collection":[{"href":"https:\/\/acieloabierto.net\/fr\/wp-json\/wp\/v2\/product"}],"about":[{"href":"https:\/\/acieloabierto.net\/fr\/wp-json\/wp\/v2\/types\/product"}],"replies":[{"embeddable":true,"href":"https:\/\/acieloabierto.net\/fr\/wp-json\/wp\/v2\/comments?post=13692"}],"wp:featuredmedia":[{"embeddable":true,"href":"https:\/\/acieloabierto.net\/fr\/wp-json\/wp\/v2\/media\/13693"}],"wp:attachment":[{"href":"https:\/\/acieloabierto.net\/fr\/wp-json\/wp\/v2\/media?parent=13692"}],"curies":[{"name":"wp","href":"https:\/\/api.w.org\/{rel}","templated":true}]}}