{"id":13682,"date":"2021-03-04T13:52:22","date_gmt":"2021-03-04T12:52:22","guid":{"rendered":"https:\/\/acieloabierto.net\/producten\/pure\/"},"modified":"2021-03-04T13:52:22","modified_gmt":"2021-03-04T12:52:22","slug":"pure","status":"publish","type":"product","link":"https:\/\/acieloabierto.net\/fr\/produits\/pure\/","title":{"rendered":"Pure"},"content":{"rendered":"<p><span style=\"font-weight: 400;\">Avec Pure Sofa, le designer Andrei Munteanu r\u00e9duit le design \u00e0 son essence, d\u00e9pouill\u00e9e de tout exc\u00e8s : simplicit\u00e9 et \u00e9l\u00e9gance pures. Ce canap\u00e9 d&rsquo;ext\u00e9rieur modulaire en teck se compose de cinq \u00e9l\u00e9ments que vous pouvez facilement combiner pour cr\u00e9er le salon de vos r\u00eaves. Trib\u00f9 ne s\u00e9lectionne pour son teck que des bois de premi\u00e8re qualit\u00e9, de classe A, provenant de plantations g\u00e9r\u00e9es durablement en Indon\u00e9sie, contr\u00f4l\u00e9es sur place tout au long de l&rsquo;ann\u00e9e par la filiale Trib\u00f9 Asia. Les coussins sont disponibles en 2 designs diff\u00e9rents et dans une large gamme de tissus de luxe pour l&rsquo;ext\u00e9rieur. Gr\u00e2ce au rembourrage ventil\u00e9 et r\u00e9sistant \u00e0 l&rsquo;eau, les coussins peuvent facilement r\u00e9sister \u00e0 une averse.<\/span><\/p>\n","protected":false},"excerpt":{"rendered":"<p>Avec Pure Sofa, le designer Andrei Munteanu r\u00e9duit le design \u00e0 son essence, d\u00e9pouill\u00e9e de tout exc\u00e8s : simplicit\u00e9 et \u00e9l\u00e9gance pures. Ce canap\u00e9 d&rsquo;ext\u00e9rieur modulaire en teck se compose de cinq \u00e9l\u00e9ments que vous pouvez facilement combiner pour cr\u00e9er le salon de vos r\u00eaves. Trib\u00f9 ne s\u00e9lectionne pour son teck que des bois de [&hellip;]<\/p>\n","protected":false},"featured_media":13683,"comment_status":"open","ping_status":"closed","template":"","meta":{"wds_primary_pwb-brand":0,"wds_primary_product_cat":0},"brands":[{"id":667,"name":"Tribu","slug":"tribu-fr"}],"yoast_head":"<!-- This site is optimized with the Yoast SEO plugin v16.3 - https:\/\/yoast.com\/wordpress\/plugins\/seo\/ -->\n<title>Pure - Acielo Abierto<\/title>\n<meta name=\"robots\" content=\"index, follow, max-snippet:-1, max-image-preview:large, max-video-preview:-1\" \/>\n<link rel=\"canonical\" href=\"https:\/\/acieloabierto.net\/fr\/produits\/pure\/\" \/>\n<meta property=\"og:locale\" content=\"fr_FR\" \/>\n<meta property=\"og:type\" content=\"article\" \/>\n<meta property=\"og:title\" content=\"Pure - Acielo Abierto\" \/>\n<meta property=\"og:description\" content=\"Avec Pure Sofa, le designer Andrei Munteanu r\u00e9duit le design \u00e0 son essence, d\u00e9pouill\u00e9e de tout exc\u00e8s : simplicit\u00e9 et \u00e9l\u00e9gance pures. Ce canap\u00e9 d&rsquo;ext\u00e9rieur modulaire en teck se compose de cinq \u00e9l\u00e9ments que vous pouvez facilement combiner pour cr\u00e9er le salon de vos r\u00eaves. Trib\u00f9 ne s\u00e9lectionne pour son teck que des bois de [&hellip;]\" \/>\n<meta property=\"og:url\" content=\"https:\/\/acieloabierto.net\/fr\/produits\/pure\/\" \/>\n<meta property=\"og:site_name\" content=\"Acielo Abierto\" \/>\n<meta property=\"og:image\" content=\"https:\/\/acieloabierto.net\/wp-content\/uploads\/2021\/03\/pure-tribu-lounge1.jpg\" \/>\n\t<meta property=\"og:image:width\" content=\"1920\" \/>\n\t<meta property=\"og:image:height\" content=\"1300\" \/>\n<meta name=\"twitter:card\" content=\"summary_large_image\" \/>\n<meta name=\"twitter:label1\" content=\"Dur\u00e9e de lecture est.\">\n\t<meta name=\"twitter:data1\" content=\"1 minute\">\n<script type=\"application\/ld+json\" class=\"yoast-schema-graph\">{\"@context\":\"https:\/\/schema.org\",\"@graph\":[{\"@type\":\"Organization\",\"@id\":\"https:\/\/acieloabierto.net\/en\/#organization\",\"name\":\"A Cielo Abierto\",\"url\":\"https:\/\/acieloabierto.net\/en\/\",\"sameAs\":[],\"logo\":{\"@type\":\"ImageObject\",\"@id\":\"https:\/\/acieloabierto.net\/en\/#logo\",\"inLanguage\":\"fr-FR\",\"url\":\"https:\/\/acieloabierto.net\/wp-content\/uploads\/2021\/02\/logo.svg\",\"contentUrl\":\"https:\/\/acieloabierto.net\/wp-content\/uploads\/2021\/02\/logo.svg\",\"caption\":\"A Cielo Abierto\"},\"image\":{\"@id\":\"https:\/\/acieloabierto.net\/en\/#logo\"}},{\"@type\":\"WebSite\",\"@id\":\"https:\/\/acieloabierto.net\/en\/#website\",\"url\":\"https:\/\/acieloabierto.net\/en\/\",\"name\":\"Acielo Abierto\",\"description\":\"Tuinmeubels Costa Blanca\",\"publisher\":{\"@id\":\"https:\/\/acieloabierto.net\/en\/#organization\"},\"potentialAction\":[{\"@type\":\"SearchAction\",\"target\":\"https:\/\/acieloabierto.net\/en\/?s={search_term_string}\",\"query-input\":\"required name=search_term_string\"}],\"inLanguage\":\"fr-FR\"},{\"@type\":\"ImageObject\",\"@id\":\"https:\/\/acieloabierto.net\/fr\/produits\/pure\/#primaryimage\",\"inLanguage\":\"fr-FR\",\"url\":\"https:\/\/acieloabierto.net\/wp-content\/uploads\/2021\/03\/pure-tribu-lounge1.jpg\",\"contentUrl\":\"https:\/\/acieloabierto.net\/wp-content\/uploads\/2021\/03\/pure-tribu-lounge1.jpg\",\"width\":1920,\"height\":1300},{\"@type\":\"WebPage\",\"@id\":\"https:\/\/acieloabierto.net\/fr\/produits\/pure\/#webpage\",\"url\":\"https:\/\/acieloabierto.net\/fr\/produits\/pure\/\",\"name\":\"Pure - Acielo Abierto\",\"isPartOf\":{\"@id\":\"https:\/\/acieloabierto.net\/en\/#website\"},\"primaryImageOfPage\":{\"@id\":\"https:\/\/acieloabierto.net\/fr\/produits\/pure\/#primaryimage\"},\"datePublished\":\"2021-03-04T12:52:22+00:00\",\"dateModified\":\"2021-03-04T12:52:22+00:00\",\"breadcrumb\":{\"@id\":\"https:\/\/acieloabierto.net\/fr\/produits\/pure\/#breadcrumb\"},\"inLanguage\":\"fr-FR\",\"potentialAction\":[{\"@type\":\"ReadAction\",\"target\":[\"https:\/\/acieloabierto.net\/fr\/produits\/pure\/\"]}]},{\"@type\":\"BreadcrumbList\",\"@id\":\"https:\/\/acieloabierto.net\/fr\/produits\/pure\/#breadcrumb\",\"itemListElement\":[{\"@type\":\"ListItem\",\"position\":1,\"item\":{\"@type\":\"WebPage\",\"@id\":\"https:\/\/acieloabierto.net\/fr\/\",\"url\":\"https:\/\/acieloabierto.net\/fr\/\",\"name\":\"Home\"}},{\"@type\":\"ListItem\",\"position\":2,\"item\":{\"@type\":\"WebPage\",\"@id\":\"\",\"url\":\"\",\"name\":\"\"}},{\"@type\":\"ListItem\",\"position\":3,\"item\":{\"@id\":\"https:\/\/acieloabierto.net\/fr\/produits\/pure\/#webpage\"}}]}]}<\/script>\n<!-- \/ Yoast SEO plugin. -->","_links":{"self":[{"href":"https:\/\/acieloabierto.net\/fr\/wp-json\/wp\/v2\/product\/13682"}],"collection":[{"href":"https:\/\/acieloabierto.net\/fr\/wp-json\/wp\/v2\/product"}],"about":[{"href":"https:\/\/acieloabierto.net\/fr\/wp-json\/wp\/v2\/types\/product"}],"replies":[{"embeddable":true,"href":"https:\/\/acieloabierto.net\/fr\/wp-json\/wp\/v2\/comments?post=13682"}],"wp:featuredmedia":[{"embeddable":true,"href":"https:\/\/acieloabierto.net\/fr\/wp-json\/wp\/v2\/media\/13683"}],"wp:attachment":[{"href":"https:\/\/acieloabierto.net\/fr\/wp-json\/wp\/v2\/media?parent=13682"}],"curies":[{"name":"wp","href":"https:\/\/api.w.org\/{rel}","templated":true}]}}