{"id":13674,"date":"2021-03-04T13:49:53","date_gmt":"2021-03-04T12:49:53","guid":{"rendered":"https:\/\/acieloabierto.net\/producten\/pavilion\/"},"modified":"2021-03-04T13:49:53","modified_gmt":"2021-03-04T12:49:53","slug":"pavilion","status":"publish","type":"product","link":"https:\/\/acieloabierto.net\/fr\/produits\/pavilion\/","title":{"rendered":"Pavilion"},"content":{"rendered":"<p><span style=\"font-weight: 400;\">Monica Armani a donn\u00e9 un coup de jeune au lit \u00e0 baldaquin classique avec une silhouette g\u00e9om\u00e9triquement raffin\u00e9e en aluminium peint par poudrage. Le lit de jour peut \u00eatre compos\u00e9 enti\u00e8rement selon vos go\u00fbts. Pour la paroi arri\u00e8re et le toit, par exemple, vous pouvez choisir entre des lattes en aluminium ou en teck, ou encore le tissu Sunvision, un textile brevet\u00e9 qui filtre les rayons du soleil sans le bloquer. De plus, dans le toit, ce Sunvision peut \u00eatre escamot\u00e9 pour profiter au maximum de la lumi\u00e8re du soleil. Le cadre est disponible en 2 couleurs diff\u00e9rentes et le si\u00e8ge Batyline durable peut \u00eatre compl\u00e9t\u00e9 par 2 coussins d&rsquo;ext\u00e9rieur confortables qui sont r\u00e9sistants \u00e0 la pluie et aux UV. Une table pratique et des rideaux transparents compl\u00e8tent le look.<\/span><\/p>\n","protected":false},"excerpt":{"rendered":"<p>Monica Armani a donn\u00e9 un coup de jeune au lit \u00e0 baldaquin classique avec une silhouette g\u00e9om\u00e9triquement raffin\u00e9e en aluminium peint par poudrage. Le lit de jour peut \u00eatre compos\u00e9 enti\u00e8rement selon vos go\u00fbts. Pour la paroi arri\u00e8re et le toit, par exemple, vous pouvez choisir entre des lattes en aluminium ou en teck, ou [&hellip;]<\/p>\n","protected":false},"featured_media":13675,"comment_status":"open","ping_status":"closed","template":"","meta":{"wds_primary_pwb-brand":0,"wds_primary_product_cat":0},"brands":[{"id":667,"name":"Tribu","slug":"tribu-fr"}],"yoast_head":"<!-- This site is optimized with the Yoast SEO plugin v16.3 - https:\/\/yoast.com\/wordpress\/plugins\/seo\/ -->\n<title>Pavilion - Acielo Abierto<\/title>\n<meta name=\"robots\" content=\"index, follow, max-snippet:-1, max-image-preview:large, max-video-preview:-1\" \/>\n<link rel=\"canonical\" href=\"https:\/\/acieloabierto.net\/fr\/produits\/pavilion\/\" \/>\n<meta property=\"og:locale\" content=\"fr_FR\" \/>\n<meta property=\"og:type\" content=\"article\" \/>\n<meta property=\"og:title\" content=\"Pavilion - Acielo Abierto\" \/>\n<meta property=\"og:description\" content=\"Monica Armani a donn\u00e9 un coup de jeune au lit \u00e0 baldaquin classique avec une silhouette g\u00e9om\u00e9triquement raffin\u00e9e en aluminium peint par poudrage. Le lit de jour peut \u00eatre compos\u00e9 enti\u00e8rement selon vos go\u00fbts. Pour la paroi arri\u00e8re et le toit, par exemple, vous pouvez choisir entre des lattes en aluminium ou en teck, ou [&hellip;]\" \/>\n<meta property=\"og:url\" content=\"https:\/\/acieloabierto.net\/fr\/produits\/pavilion\/\" \/>\n<meta property=\"og:site_name\" content=\"Acielo Abierto\" \/>\n<meta property=\"og:image\" content=\"https:\/\/acieloabierto.net\/wp-content\/uploads\/2021\/03\/pavilion-tribu-lounge1.jpg\" \/>\n\t<meta property=\"og:image:width\" content=\"1920\" \/>\n\t<meta property=\"og:image:height\" content=\"1300\" \/>\n<meta name=\"twitter:card\" content=\"summary_large_image\" \/>\n<meta name=\"twitter:label1\" content=\"Dur\u00e9e de lecture est.\">\n\t<meta name=\"twitter:data1\" content=\"1 minute\">\n<script type=\"application\/ld+json\" class=\"yoast-schema-graph\">{\"@context\":\"https:\/\/schema.org\",\"@graph\":[{\"@type\":\"Organization\",\"@id\":\"https:\/\/acieloabierto.net\/en\/#organization\",\"name\":\"A Cielo Abierto\",\"url\":\"https:\/\/acieloabierto.net\/en\/\",\"sameAs\":[],\"logo\":{\"@type\":\"ImageObject\",\"@id\":\"https:\/\/acieloabierto.net\/en\/#logo\",\"inLanguage\":\"fr-FR\",\"url\":\"https:\/\/acieloabierto.net\/wp-content\/uploads\/2021\/02\/logo.svg\",\"contentUrl\":\"https:\/\/acieloabierto.net\/wp-content\/uploads\/2021\/02\/logo.svg\",\"caption\":\"A Cielo Abierto\"},\"image\":{\"@id\":\"https:\/\/acieloabierto.net\/en\/#logo\"}},{\"@type\":\"WebSite\",\"@id\":\"https:\/\/acieloabierto.net\/en\/#website\",\"url\":\"https:\/\/acieloabierto.net\/en\/\",\"name\":\"Acielo Abierto\",\"description\":\"Tuinmeubels Costa Blanca\",\"publisher\":{\"@id\":\"https:\/\/acieloabierto.net\/en\/#organization\"},\"potentialAction\":[{\"@type\":\"SearchAction\",\"target\":\"https:\/\/acieloabierto.net\/en\/?s={search_term_string}\",\"query-input\":\"required name=search_term_string\"}],\"inLanguage\":\"fr-FR\"},{\"@type\":\"ImageObject\",\"@id\":\"https:\/\/acieloabierto.net\/fr\/produits\/pavilion\/#primaryimage\",\"inLanguage\":\"fr-FR\",\"url\":\"https:\/\/acieloabierto.net\/wp-content\/uploads\/2021\/03\/pavilion-tribu-lounge1.jpg\",\"contentUrl\":\"https:\/\/acieloabierto.net\/wp-content\/uploads\/2021\/03\/pavilion-tribu-lounge1.jpg\",\"width\":1920,\"height\":1300},{\"@type\":\"WebPage\",\"@id\":\"https:\/\/acieloabierto.net\/fr\/produits\/pavilion\/#webpage\",\"url\":\"https:\/\/acieloabierto.net\/fr\/produits\/pavilion\/\",\"name\":\"Pavilion - Acielo Abierto\",\"isPartOf\":{\"@id\":\"https:\/\/acieloabierto.net\/en\/#website\"},\"primaryImageOfPage\":{\"@id\":\"https:\/\/acieloabierto.net\/fr\/produits\/pavilion\/#primaryimage\"},\"datePublished\":\"2021-03-04T12:49:53+00:00\",\"dateModified\":\"2021-03-04T12:49:53+00:00\",\"breadcrumb\":{\"@id\":\"https:\/\/acieloabierto.net\/fr\/produits\/pavilion\/#breadcrumb\"},\"inLanguage\":\"fr-FR\",\"potentialAction\":[{\"@type\":\"ReadAction\",\"target\":[\"https:\/\/acieloabierto.net\/fr\/produits\/pavilion\/\"]}]},{\"@type\":\"BreadcrumbList\",\"@id\":\"https:\/\/acieloabierto.net\/fr\/produits\/pavilion\/#breadcrumb\",\"itemListElement\":[{\"@type\":\"ListItem\",\"position\":1,\"item\":{\"@type\":\"WebPage\",\"@id\":\"https:\/\/acieloabierto.net\/fr\/\",\"url\":\"https:\/\/acieloabierto.net\/fr\/\",\"name\":\"Home\"}},{\"@type\":\"ListItem\",\"position\":2,\"item\":{\"@type\":\"WebPage\",\"@id\":\"\",\"url\":\"\",\"name\":\"\"}},{\"@type\":\"ListItem\",\"position\":3,\"item\":{\"@id\":\"https:\/\/acieloabierto.net\/fr\/produits\/pavilion\/#webpage\"}}]}]}<\/script>\n<!-- \/ Yoast SEO plugin. -->","_links":{"self":[{"href":"https:\/\/acieloabierto.net\/fr\/wp-json\/wp\/v2\/product\/13674"}],"collection":[{"href":"https:\/\/acieloabierto.net\/fr\/wp-json\/wp\/v2\/product"}],"about":[{"href":"https:\/\/acieloabierto.net\/fr\/wp-json\/wp\/v2\/types\/product"}],"replies":[{"embeddable":true,"href":"https:\/\/acieloabierto.net\/fr\/wp-json\/wp\/v2\/comments?post=13674"}],"wp:featuredmedia":[{"embeddable":true,"href":"https:\/\/acieloabierto.net\/fr\/wp-json\/wp\/v2\/media\/13675"}],"wp:attachment":[{"href":"https:\/\/acieloabierto.net\/fr\/wp-json\/wp\/v2\/media?parent=13674"}],"curies":[{"name":"wp","href":"https:\/\/api.w.org\/{rel}","templated":true}]}}