{"id":13664,"date":"2021-03-04T13:47:53","date_gmt":"2021-03-04T12:47:53","guid":{"rendered":"https:\/\/acieloabierto.net\/producten\/nodi\/"},"modified":"2021-03-04T13:47:53","modified_gmt":"2021-03-04T12:47:53","slug":"nodi","status":"publish","type":"product","link":"https:\/\/acieloabierto.net\/fr\/produits\/nodi\/","title":{"rendered":"Nodi"},"content":{"rendered":"<p><span style=\"font-weight: 400;\">Le canap\u00e9 modulaire Nodi a une forte personnalit\u00e9 mais s&rsquo;int\u00e8gre subtilement dans son environnement sans r\u00e9clamer toute l&rsquo;attention. Le cadre est en acier inoxydable rev\u00eatu de poudre mais le design r\u00e9fl\u00e9chi de Yabu Pushelberg lui donne un aspect l\u00e9ger. La structure est en acier inoxydable rev\u00eatu de poudre, mais le design bien pens\u00e9 de Yabu Pushelberg lui conf\u00e8re une impression de l\u00e9g\u00e8ret\u00e9. Le canap\u00e9 a un aspect ouvert et architectural gr\u00e2ce \u00e0 la courbe \u00e9l\u00e9gante de la structure et au tissage ouvert en Canax\u00ae. Le rembourrage extra-doux et a\u00e9r\u00e9 du coussin rend Nodi exceptionnellement confortable. Gr\u00e2ce aux trois \u00e9l\u00e9ments d&rsquo;assise modulables et aux quatre profondeurs d&rsquo;assise, vous pouvez composer le canap\u00e9 \u00e0 votre guise.<\/span><\/p>\n","protected":false},"excerpt":{"rendered":"<p>Le canap\u00e9 modulaire Nodi a une forte personnalit\u00e9 mais s&rsquo;int\u00e8gre subtilement dans son environnement sans r\u00e9clamer toute l&rsquo;attention. Le cadre est en acier inoxydable rev\u00eatu de poudre mais le design r\u00e9fl\u00e9chi de Yabu Pushelberg lui donne un aspect l\u00e9ger. La structure est en acier inoxydable rev\u00eatu de poudre, mais le design bien pens\u00e9 de Yabu [&hellip;]<\/p>\n","protected":false},"featured_media":13668,"comment_status":"open","ping_status":"closed","template":"","meta":{"wds_primary_pwb-brand":0,"wds_primary_product_cat":0},"brands":[{"id":667,"name":"Tribu","slug":"tribu-fr"}],"yoast_head":"<!-- This site is optimized with the Yoast SEO plugin v16.3 - https:\/\/yoast.com\/wordpress\/plugins\/seo\/ -->\n<title>Nodi - Acielo Abierto<\/title>\n<meta name=\"robots\" content=\"index, follow, max-snippet:-1, max-image-preview:large, max-video-preview:-1\" \/>\n<link rel=\"canonical\" href=\"https:\/\/acieloabierto.net\/fr\/produits\/nodi\/\" \/>\n<meta property=\"og:locale\" content=\"fr_FR\" \/>\n<meta property=\"og:type\" content=\"article\" \/>\n<meta property=\"og:title\" content=\"Nodi - Acielo Abierto\" \/>\n<meta property=\"og:description\" content=\"Le canap\u00e9 modulaire Nodi a une forte personnalit\u00e9 mais s&rsquo;int\u00e8gre subtilement dans son environnement sans r\u00e9clamer toute l&rsquo;attention. Le cadre est en acier inoxydable rev\u00eatu de poudre mais le design r\u00e9fl\u00e9chi de Yabu Pushelberg lui donne un aspect l\u00e9ger. La structure est en acier inoxydable rev\u00eatu de poudre, mais le design bien pens\u00e9 de Yabu [&hellip;]\" \/>\n<meta property=\"og:url\" content=\"https:\/\/acieloabierto.net\/fr\/produits\/nodi\/\" \/>\n<meta property=\"og:site_name\" content=\"Acielo Abierto\" \/>\n<meta property=\"og:image\" content=\"https:\/\/acieloabierto.net\/wp-content\/uploads\/2021\/03\/nodi-tribu-lounge3.jpg\" \/>\n\t<meta property=\"og:image:width\" content=\"1920\" \/>\n\t<meta property=\"og:image:height\" content=\"1300\" \/>\n<meta name=\"twitter:card\" content=\"summary_large_image\" \/>\n<meta name=\"twitter:label1\" content=\"Dur\u00e9e de lecture est.\">\n\t<meta name=\"twitter:data1\" content=\"1 minute\">\n<script type=\"application\/ld+json\" class=\"yoast-schema-graph\">{\"@context\":\"https:\/\/schema.org\",\"@graph\":[{\"@type\":\"Organization\",\"@id\":\"https:\/\/acieloabierto.net\/en\/#organization\",\"name\":\"A Cielo Abierto\",\"url\":\"https:\/\/acieloabierto.net\/en\/\",\"sameAs\":[],\"logo\":{\"@type\":\"ImageObject\",\"@id\":\"https:\/\/acieloabierto.net\/en\/#logo\",\"inLanguage\":\"fr-FR\",\"url\":\"https:\/\/acieloabierto.net\/wp-content\/uploads\/2021\/02\/logo.svg\",\"contentUrl\":\"https:\/\/acieloabierto.net\/wp-content\/uploads\/2021\/02\/logo.svg\",\"caption\":\"A Cielo Abierto\"},\"image\":{\"@id\":\"https:\/\/acieloabierto.net\/en\/#logo\"}},{\"@type\":\"WebSite\",\"@id\":\"https:\/\/acieloabierto.net\/en\/#website\",\"url\":\"https:\/\/acieloabierto.net\/en\/\",\"name\":\"Acielo Abierto\",\"description\":\"Tuinmeubels Costa Blanca\",\"publisher\":{\"@id\":\"https:\/\/acieloabierto.net\/en\/#organization\"},\"potentialAction\":[{\"@type\":\"SearchAction\",\"target\":\"https:\/\/acieloabierto.net\/en\/?s={search_term_string}\",\"query-input\":\"required name=search_term_string\"}],\"inLanguage\":\"fr-FR\"},{\"@type\":\"ImageObject\",\"@id\":\"https:\/\/acieloabierto.net\/fr\/produits\/nodi\/#primaryimage\",\"inLanguage\":\"fr-FR\",\"url\":\"https:\/\/acieloabierto.net\/wp-content\/uploads\/2021\/03\/nodi-tribu-lounge3.jpg\",\"contentUrl\":\"https:\/\/acieloabierto.net\/wp-content\/uploads\/2021\/03\/nodi-tribu-lounge3.jpg\",\"width\":1920,\"height\":1300},{\"@type\":\"WebPage\",\"@id\":\"https:\/\/acieloabierto.net\/fr\/produits\/nodi\/#webpage\",\"url\":\"https:\/\/acieloabierto.net\/fr\/produits\/nodi\/\",\"name\":\"Nodi - Acielo Abierto\",\"isPartOf\":{\"@id\":\"https:\/\/acieloabierto.net\/en\/#website\"},\"primaryImageOfPage\":{\"@id\":\"https:\/\/acieloabierto.net\/fr\/produits\/nodi\/#primaryimage\"},\"datePublished\":\"2021-03-04T12:47:53+00:00\",\"dateModified\":\"2021-03-04T12:47:53+00:00\",\"breadcrumb\":{\"@id\":\"https:\/\/acieloabierto.net\/fr\/produits\/nodi\/#breadcrumb\"},\"inLanguage\":\"fr-FR\",\"potentialAction\":[{\"@type\":\"ReadAction\",\"target\":[\"https:\/\/acieloabierto.net\/fr\/produits\/nodi\/\"]}]},{\"@type\":\"BreadcrumbList\",\"@id\":\"https:\/\/acieloabierto.net\/fr\/produits\/nodi\/#breadcrumb\",\"itemListElement\":[{\"@type\":\"ListItem\",\"position\":1,\"item\":{\"@type\":\"WebPage\",\"@id\":\"https:\/\/acieloabierto.net\/fr\/\",\"url\":\"https:\/\/acieloabierto.net\/fr\/\",\"name\":\"Home\"}},{\"@type\":\"ListItem\",\"position\":2,\"item\":{\"@type\":\"WebPage\",\"@id\":\"\",\"url\":\"\",\"name\":\"\"}},{\"@type\":\"ListItem\",\"position\":3,\"item\":{\"@id\":\"https:\/\/acieloabierto.net\/fr\/produits\/nodi\/#webpage\"}}]}]}<\/script>\n<!-- \/ Yoast SEO plugin. -->","_links":{"self":[{"href":"https:\/\/acieloabierto.net\/fr\/wp-json\/wp\/v2\/product\/13664"}],"collection":[{"href":"https:\/\/acieloabierto.net\/fr\/wp-json\/wp\/v2\/product"}],"about":[{"href":"https:\/\/acieloabierto.net\/fr\/wp-json\/wp\/v2\/types\/product"}],"replies":[{"embeddable":true,"href":"https:\/\/acieloabierto.net\/fr\/wp-json\/wp\/v2\/comments?post=13664"}],"wp:featuredmedia":[{"embeddable":true,"href":"https:\/\/acieloabierto.net\/fr\/wp-json\/wp\/v2\/media\/13668"}],"wp:attachment":[{"href":"https:\/\/acieloabierto.net\/fr\/wp-json\/wp\/v2\/media?parent=13664"}],"curies":[{"name":"wp","href":"https:\/\/api.w.org\/{rel}","templated":true}]}}