{"id":13652,"date":"2021-03-04T11:25:14","date_gmt":"2021-03-04T10:25:14","guid":{"rendered":"https:\/\/acieloabierto.net\/producten\/natal\/"},"modified":"2021-03-04T11:25:14","modified_gmt":"2021-03-04T10:25:14","slug":"natal","status":"publish","type":"product","link":"https:\/\/acieloabierto.net\/fr\/produits\/natal\/","title":{"rendered":"Natal"},"content":{"rendered":"<p><span style=\"font-weight: 400;\">Un pi\u00e9tement subtil aux accoudoirs galb\u00e9s contraste joliment avec le volume des coussins soutenus par un tissage de larges bandes en textile. Intemporel et \u00e9l\u00e9gant, le Natal Alu Sofa est un canap\u00e9 d&rsquo;ext\u00e9rieur qui s&rsquo;adapte \u00e0 toutes les terrasses. Avec dix-neuf modules diff\u00e9rents, deux profondeurs d&rsquo;assise diff\u00e9rentes, deux couleurs de cadre disponibles et plus de 100 tissus, les possibilit\u00e9s sont infinies. Le cadre en aluminium est recouvert d&rsquo;une laque textur\u00e9e ultra-durable, r\u00e9sistante aux UV et aux rayures, qui donne \u00e9galement un bel aspect mat. Les coussins d&rsquo;ext\u00e9rieur font l&rsquo;objet d&rsquo;une attention particuli\u00e8re : ils sont dot\u00e9s d&rsquo;un rembourrage ventil\u00e9 et hydrofuge qui leur permet de r\u00e9sister facilement \u00e0 une averse. Les coutures de la housse de rembourrage sont en outre recouvertes \u00e0 l&rsquo;int\u00e9rieur, de sorte que l&rsquo;humidit\u00e9 n&rsquo;a aucune chance.<\/span><\/p>\n","protected":false},"excerpt":{"rendered":"<p>Un pi\u00e9tement subtil aux accoudoirs galb\u00e9s contraste joliment avec le volume des coussins soutenus par un tissage de larges bandes en textile. Intemporel et \u00e9l\u00e9gant, le Natal Alu Sofa est un canap\u00e9 d&rsquo;ext\u00e9rieur qui s&rsquo;adapte \u00e0 toutes les terrasses. Avec dix-neuf modules diff\u00e9rents, deux profondeurs d&rsquo;assise diff\u00e9rentes, deux couleurs de cadre disponibles et plus de [&hellip;]<\/p>\n","protected":false},"featured_media":13653,"comment_status":"open","ping_status":"closed","template":"","meta":{"wds_primary_pwb-brand":0,"wds_primary_product_cat":0},"brands":[{"id":667,"name":"Tribu","slug":"tribu-fr"}],"yoast_head":"<!-- This site is optimized with the Yoast SEO plugin v16.3 - https:\/\/yoast.com\/wordpress\/plugins\/seo\/ -->\n<title>Natal - Acielo Abierto<\/title>\n<meta name=\"robots\" content=\"index, follow, max-snippet:-1, max-image-preview:large, max-video-preview:-1\" \/>\n<link rel=\"canonical\" href=\"https:\/\/acieloabierto.net\/fr\/produits\/natal\/\" \/>\n<meta property=\"og:locale\" content=\"fr_FR\" \/>\n<meta property=\"og:type\" content=\"article\" \/>\n<meta property=\"og:title\" content=\"Natal - Acielo Abierto\" \/>\n<meta property=\"og:description\" content=\"Un pi\u00e9tement subtil aux accoudoirs galb\u00e9s contraste joliment avec le volume des coussins soutenus par un tissage de larges bandes en textile. Intemporel et \u00e9l\u00e9gant, le Natal Alu Sofa est un canap\u00e9 d&rsquo;ext\u00e9rieur qui s&rsquo;adapte \u00e0 toutes les terrasses. Avec dix-neuf modules diff\u00e9rents, deux profondeurs d&rsquo;assise diff\u00e9rentes, deux couleurs de cadre disponibles et plus de [&hellip;]\" \/>\n<meta property=\"og:url\" content=\"https:\/\/acieloabierto.net\/fr\/produits\/natal\/\" \/>\n<meta property=\"og:site_name\" content=\"Acielo Abierto\" \/>\n<meta property=\"og:image\" content=\"https:\/\/acieloabierto.net\/wp-content\/uploads\/2021\/03\/natal-tribu-lounge2.jpg\" \/>\n\t<meta property=\"og:image:width\" content=\"1920\" \/>\n\t<meta property=\"og:image:height\" content=\"1300\" \/>\n<meta name=\"twitter:card\" content=\"summary_large_image\" \/>\n<meta name=\"twitter:label1\" content=\"Dur\u00e9e de lecture est.\">\n\t<meta name=\"twitter:data1\" content=\"1 minute\">\n<script type=\"application\/ld+json\" class=\"yoast-schema-graph\">{\"@context\":\"https:\/\/schema.org\",\"@graph\":[{\"@type\":\"Organization\",\"@id\":\"https:\/\/acieloabierto.net\/en\/#organization\",\"name\":\"A Cielo Abierto\",\"url\":\"https:\/\/acieloabierto.net\/en\/\",\"sameAs\":[],\"logo\":{\"@type\":\"ImageObject\",\"@id\":\"https:\/\/acieloabierto.net\/en\/#logo\",\"inLanguage\":\"fr-FR\",\"url\":\"https:\/\/acieloabierto.net\/wp-content\/uploads\/2021\/02\/logo.svg\",\"contentUrl\":\"https:\/\/acieloabierto.net\/wp-content\/uploads\/2021\/02\/logo.svg\",\"caption\":\"A Cielo Abierto\"},\"image\":{\"@id\":\"https:\/\/acieloabierto.net\/en\/#logo\"}},{\"@type\":\"WebSite\",\"@id\":\"https:\/\/acieloabierto.net\/en\/#website\",\"url\":\"https:\/\/acieloabierto.net\/en\/\",\"name\":\"Acielo Abierto\",\"description\":\"Tuinmeubels Costa Blanca\",\"publisher\":{\"@id\":\"https:\/\/acieloabierto.net\/en\/#organization\"},\"potentialAction\":[{\"@type\":\"SearchAction\",\"target\":\"https:\/\/acieloabierto.net\/en\/?s={search_term_string}\",\"query-input\":\"required name=search_term_string\"}],\"inLanguage\":\"fr-FR\"},{\"@type\":\"ImageObject\",\"@id\":\"https:\/\/acieloabierto.net\/fr\/produits\/natal\/#primaryimage\",\"inLanguage\":\"fr-FR\",\"url\":\"https:\/\/acieloabierto.net\/wp-content\/uploads\/2021\/03\/natal-tribu-lounge2.jpg\",\"contentUrl\":\"https:\/\/acieloabierto.net\/wp-content\/uploads\/2021\/03\/natal-tribu-lounge2.jpg\",\"width\":1920,\"height\":1300},{\"@type\":\"WebPage\",\"@id\":\"https:\/\/acieloabierto.net\/fr\/produits\/natal\/#webpage\",\"url\":\"https:\/\/acieloabierto.net\/fr\/produits\/natal\/\",\"name\":\"Natal - Acielo Abierto\",\"isPartOf\":{\"@id\":\"https:\/\/acieloabierto.net\/en\/#website\"},\"primaryImageOfPage\":{\"@id\":\"https:\/\/acieloabierto.net\/fr\/produits\/natal\/#primaryimage\"},\"datePublished\":\"2021-03-04T10:25:14+00:00\",\"dateModified\":\"2021-03-04T10:25:14+00:00\",\"breadcrumb\":{\"@id\":\"https:\/\/acieloabierto.net\/fr\/produits\/natal\/#breadcrumb\"},\"inLanguage\":\"fr-FR\",\"potentialAction\":[{\"@type\":\"ReadAction\",\"target\":[\"https:\/\/acieloabierto.net\/fr\/produits\/natal\/\"]}]},{\"@type\":\"BreadcrumbList\",\"@id\":\"https:\/\/acieloabierto.net\/fr\/produits\/natal\/#breadcrumb\",\"itemListElement\":[{\"@type\":\"ListItem\",\"position\":1,\"item\":{\"@type\":\"WebPage\",\"@id\":\"https:\/\/acieloabierto.net\/fr\/\",\"url\":\"https:\/\/acieloabierto.net\/fr\/\",\"name\":\"Home\"}},{\"@type\":\"ListItem\",\"position\":2,\"item\":{\"@type\":\"WebPage\",\"@id\":\"\",\"url\":\"\",\"name\":\"\"}},{\"@type\":\"ListItem\",\"position\":3,\"item\":{\"@id\":\"https:\/\/acieloabierto.net\/fr\/produits\/natal\/#webpage\"}}]}]}<\/script>\n<!-- \/ Yoast SEO plugin. -->","_links":{"self":[{"href":"https:\/\/acieloabierto.net\/fr\/wp-json\/wp\/v2\/product\/13652"}],"collection":[{"href":"https:\/\/acieloabierto.net\/fr\/wp-json\/wp\/v2\/product"}],"about":[{"href":"https:\/\/acieloabierto.net\/fr\/wp-json\/wp\/v2\/types\/product"}],"replies":[{"embeddable":true,"href":"https:\/\/acieloabierto.net\/fr\/wp-json\/wp\/v2\/comments?post=13652"}],"wp:featuredmedia":[{"embeddable":true,"href":"https:\/\/acieloabierto.net\/fr\/wp-json\/wp\/v2\/media\/13653"}],"wp:attachment":[{"href":"https:\/\/acieloabierto.net\/fr\/wp-json\/wp\/v2\/media?parent=13652"}],"curies":[{"name":"wp","href":"https:\/\/api.w.org\/{rel}","templated":true}]}}