{"id":13640,"date":"2021-03-04T11:13:25","date_gmt":"2021-03-04T10:13:25","guid":{"rendered":"https:\/\/acieloabierto.net\/producten\/mood\/"},"modified":"2021-03-04T11:13:25","modified_gmt":"2021-03-04T10:13:25","slug":"mood","status":"publish","type":"product","link":"https:\/\/acieloabierto.net\/fr\/produits\/mood\/","title":{"rendered":"Mood"},"content":{"rendered":"<p><span style=\"font-weight: 400;\">Le design a\u00e9r\u00e9 de la collection Mood et la combinaison chaleureuse du teck et des dossiers tiss\u00e9s \u00e0 la main cr\u00e9ent une ambiance instantan\u00e9e sur votre terrasse. Le design joliment arrondi de la structure donne \u00e0 la collection une allure conviviale. Le tressage en Tricord est doux au toucher et r\u00e9siste parfaitement aux intemp\u00e9ries. Trib\u00f9 a d\u00e9velopp\u00e9 une gamme de teintes naturelles telles que Moss, Linen, Weng\u00e9, Earthbrown et Stonegrey, qui s&rsquo;int\u00e8grent parfaitement \u00e0 tout environnement ext\u00e9rieur.<\/span><\/p>\n","protected":false},"excerpt":{"rendered":"<p>Le design a\u00e9r\u00e9 de la collection Mood et la combinaison chaleureuse du teck et des dossiers tiss\u00e9s \u00e0 la main cr\u00e9ent une ambiance instantan\u00e9e sur votre terrasse. Le design joliment arrondi de la structure donne \u00e0 la collection une allure conviviale. Le tressage en Tricord est doux au toucher et r\u00e9siste parfaitement aux intemp\u00e9ries. Trib\u00f9 [&hellip;]<\/p>\n","protected":false},"featured_media":13641,"comment_status":"open","ping_status":"closed","template":"","meta":{"wds_primary_pwb-brand":0,"wds_primary_product_cat":0},"brands":[{"id":667,"name":"Tribu","slug":"tribu-fr"}],"yoast_head":"<!-- This site is optimized with the Yoast SEO plugin v16.3 - https:\/\/yoast.com\/wordpress\/plugins\/seo\/ -->\n<title>Mood - Acielo Abierto<\/title>\n<meta name=\"robots\" content=\"index, follow, max-snippet:-1, max-image-preview:large, max-video-preview:-1\" \/>\n<link rel=\"canonical\" href=\"https:\/\/acieloabierto.net\/fr\/produits\/mood\/\" \/>\n<meta property=\"og:locale\" content=\"fr_FR\" \/>\n<meta property=\"og:type\" content=\"article\" \/>\n<meta property=\"og:title\" content=\"Mood - Acielo Abierto\" \/>\n<meta property=\"og:description\" content=\"Le design a\u00e9r\u00e9 de la collection Mood et la combinaison chaleureuse du teck et des dossiers tiss\u00e9s \u00e0 la main cr\u00e9ent une ambiance instantan\u00e9e sur votre terrasse. Le design joliment arrondi de la structure donne \u00e0 la collection une allure conviviale. Le tressage en Tricord est doux au toucher et r\u00e9siste parfaitement aux intemp\u00e9ries. Trib\u00f9 [&hellip;]\" \/>\n<meta property=\"og:url\" content=\"https:\/\/acieloabierto.net\/fr\/produits\/mood\/\" \/>\n<meta property=\"og:site_name\" content=\"Acielo Abierto\" \/>\n<meta property=\"og:image\" content=\"https:\/\/acieloabierto.net\/wp-content\/uploads\/2021\/03\/mood-tribu-lounge1.jpg\" \/>\n\t<meta property=\"og:image:width\" content=\"1920\" \/>\n\t<meta property=\"og:image:height\" content=\"1300\" \/>\n<meta name=\"twitter:card\" content=\"summary_large_image\" \/>\n<script type=\"application\/ld+json\" class=\"yoast-schema-graph\">{\"@context\":\"https:\/\/schema.org\",\"@graph\":[{\"@type\":\"Organization\",\"@id\":\"https:\/\/acieloabierto.net\/en\/#organization\",\"name\":\"A Cielo Abierto\",\"url\":\"https:\/\/acieloabierto.net\/en\/\",\"sameAs\":[],\"logo\":{\"@type\":\"ImageObject\",\"@id\":\"https:\/\/acieloabierto.net\/en\/#logo\",\"inLanguage\":\"fr-FR\",\"url\":\"https:\/\/acieloabierto.net\/wp-content\/uploads\/2021\/02\/logo.svg\",\"contentUrl\":\"https:\/\/acieloabierto.net\/wp-content\/uploads\/2021\/02\/logo.svg\",\"caption\":\"A Cielo Abierto\"},\"image\":{\"@id\":\"https:\/\/acieloabierto.net\/en\/#logo\"}},{\"@type\":\"WebSite\",\"@id\":\"https:\/\/acieloabierto.net\/en\/#website\",\"url\":\"https:\/\/acieloabierto.net\/en\/\",\"name\":\"Acielo Abierto\",\"description\":\"Tuinmeubels Costa Blanca\",\"publisher\":{\"@id\":\"https:\/\/acieloabierto.net\/en\/#organization\"},\"potentialAction\":[{\"@type\":\"SearchAction\",\"target\":\"https:\/\/acieloabierto.net\/en\/?s={search_term_string}\",\"query-input\":\"required name=search_term_string\"}],\"inLanguage\":\"fr-FR\"},{\"@type\":\"ImageObject\",\"@id\":\"https:\/\/acieloabierto.net\/fr\/produits\/mood\/#primaryimage\",\"inLanguage\":\"fr-FR\",\"url\":\"https:\/\/acieloabierto.net\/wp-content\/uploads\/2021\/03\/mood-tribu-lounge1.jpg\",\"contentUrl\":\"https:\/\/acieloabierto.net\/wp-content\/uploads\/2021\/03\/mood-tribu-lounge1.jpg\",\"width\":1920,\"height\":1300},{\"@type\":\"WebPage\",\"@id\":\"https:\/\/acieloabierto.net\/fr\/produits\/mood\/#webpage\",\"url\":\"https:\/\/acieloabierto.net\/fr\/produits\/mood\/\",\"name\":\"Mood - Acielo Abierto\",\"isPartOf\":{\"@id\":\"https:\/\/acieloabierto.net\/en\/#website\"},\"primaryImageOfPage\":{\"@id\":\"https:\/\/acieloabierto.net\/fr\/produits\/mood\/#primaryimage\"},\"datePublished\":\"2021-03-04T10:13:25+00:00\",\"dateModified\":\"2021-03-04T10:13:25+00:00\",\"breadcrumb\":{\"@id\":\"https:\/\/acieloabierto.net\/fr\/produits\/mood\/#breadcrumb\"},\"inLanguage\":\"fr-FR\",\"potentialAction\":[{\"@type\":\"ReadAction\",\"target\":[\"https:\/\/acieloabierto.net\/fr\/produits\/mood\/\"]}]},{\"@type\":\"BreadcrumbList\",\"@id\":\"https:\/\/acieloabierto.net\/fr\/produits\/mood\/#breadcrumb\",\"itemListElement\":[{\"@type\":\"ListItem\",\"position\":1,\"item\":{\"@type\":\"WebPage\",\"@id\":\"https:\/\/acieloabierto.net\/fr\/\",\"url\":\"https:\/\/acieloabierto.net\/fr\/\",\"name\":\"Home\"}},{\"@type\":\"ListItem\",\"position\":2,\"item\":{\"@type\":\"WebPage\",\"@id\":\"\",\"url\":\"\",\"name\":\"\"}},{\"@type\":\"ListItem\",\"position\":3,\"item\":{\"@id\":\"https:\/\/acieloabierto.net\/fr\/produits\/mood\/#webpage\"}}]}]}<\/script>\n<!-- \/ Yoast SEO plugin. -->","_links":{"self":[{"href":"https:\/\/acieloabierto.net\/fr\/wp-json\/wp\/v2\/product\/13640"}],"collection":[{"href":"https:\/\/acieloabierto.net\/fr\/wp-json\/wp\/v2\/product"}],"about":[{"href":"https:\/\/acieloabierto.net\/fr\/wp-json\/wp\/v2\/types\/product"}],"replies":[{"embeddable":true,"href":"https:\/\/acieloabierto.net\/fr\/wp-json\/wp\/v2\/comments?post=13640"}],"wp:featuredmedia":[{"embeddable":true,"href":"https:\/\/acieloabierto.net\/fr\/wp-json\/wp\/v2\/media\/13641"}],"wp:attachment":[{"href":"https:\/\/acieloabierto.net\/fr\/wp-json\/wp\/v2\/media?parent=13640"}],"curies":[{"name":"wp","href":"https:\/\/api.w.org\/{rel}","templated":true}]}}