{"id":13632,"date":"2021-03-04T11:05:58","date_gmt":"2021-03-04T10:05:58","guid":{"rendered":"https:\/\/acieloabierto.net\/producten\/illum\/"},"modified":"2021-03-04T11:05:58","modified_gmt":"2021-03-04T10:05:58","slug":"illum","status":"publish","type":"product","link":"https:\/\/acieloabierto.net\/fr\/produits\/illum\/","title":{"rendered":"Illum"},"content":{"rendered":"<p><span style=\"font-weight: 400;\">La collection Illum est la traduction en ext\u00e9rieur du design scandinave classique, avec des mat\u00e9riaux qui r\u00e9sistent \u00e0 toutes les conditions m\u00e9t\u00e9orologiques. L&rsquo;aluminium a \u00e9t\u00e9 utilis\u00e9 pour remplacer le bois, et le Batyline r\u00e9sistant \u00e0 l&rsquo;\u00e9tirement pour l&rsquo;assise. La fonctionnalit\u00e9 est primordiale chez Illum, sans pour autant sacrifier le confort et la classe. Le dossier l\u00e9g\u00e8rement inclin\u00e9 de la chaise offre une vue accueillante et un confort d&rsquo;assise.<\/span><\/p>\n<p><span style=\"font-weight: 400;\">La table aux pieds \u00e9lanc\u00e9s reste pure et simple, avec comme d\u00e9tail des profils ronds magnifiquement finis. La table est disponible en deux largeurs, la largeur standard de 98 cm et une version plus \u00e9troite de 71 cm, la solution id\u00e9ale pour les terrasses et les balcons plus \u00e9troits.<\/span><\/p>\n","protected":false},"excerpt":{"rendered":"<p>La collection Illum est la traduction en ext\u00e9rieur du design scandinave classique, avec des mat\u00e9riaux qui r\u00e9sistent \u00e0 toutes les conditions m\u00e9t\u00e9orologiques. L&rsquo;aluminium a \u00e9t\u00e9 utilis\u00e9 pour remplacer le bois, et le Batyline r\u00e9sistant \u00e0 l&rsquo;\u00e9tirement pour l&rsquo;assise. La fonctionnalit\u00e9 est primordiale chez Illum, sans pour autant sacrifier le confort et la classe. Le dossier [&hellip;]<\/p>\n","protected":false},"featured_media":13634,"comment_status":"open","ping_status":"closed","template":"","meta":{"wds_primary_pwb-brand":0,"wds_primary_product_cat":0},"brands":[{"id":667,"name":"Tribu","slug":"tribu-fr"}],"yoast_head":"<!-- This site is optimized with the Yoast SEO plugin v16.3 - https:\/\/yoast.com\/wordpress\/plugins\/seo\/ -->\n<title>Illum - Acielo Abierto<\/title>\n<meta name=\"robots\" content=\"index, follow, max-snippet:-1, max-image-preview:large, max-video-preview:-1\" \/>\n<link rel=\"canonical\" href=\"https:\/\/acieloabierto.net\/fr\/produits\/illum\/\" \/>\n<meta property=\"og:locale\" content=\"fr_FR\" \/>\n<meta property=\"og:type\" content=\"article\" \/>\n<meta property=\"og:title\" content=\"Illum - Acielo Abierto\" \/>\n<meta property=\"og:description\" content=\"La collection Illum est la traduction en ext\u00e9rieur du design scandinave classique, avec des mat\u00e9riaux qui r\u00e9sistent \u00e0 toutes les conditions m\u00e9t\u00e9orologiques. L&rsquo;aluminium a \u00e9t\u00e9 utilis\u00e9 pour remplacer le bois, et le Batyline r\u00e9sistant \u00e0 l&rsquo;\u00e9tirement pour l&rsquo;assise. La fonctionnalit\u00e9 est primordiale chez Illum, sans pour autant sacrifier le confort et la classe. Le dossier [&hellip;]\" \/>\n<meta property=\"og:url\" content=\"https:\/\/acieloabierto.net\/fr\/produits\/illum\/\" \/>\n<meta property=\"og:site_name\" content=\"Acielo Abierto\" \/>\n<meta property=\"og:image\" content=\"https:\/\/acieloabierto.net\/wp-content\/uploads\/2021\/03\/illum-tribu-stoel1.jpg\" \/>\n\t<meta property=\"og:image:width\" content=\"1920\" \/>\n\t<meta property=\"og:image:height\" content=\"1300\" \/>\n<meta name=\"twitter:card\" content=\"summary_large_image\" \/>\n<meta name=\"twitter:label1\" content=\"Dur\u00e9e de lecture est.\">\n\t<meta name=\"twitter:data1\" content=\"1 minute\">\n<script type=\"application\/ld+json\" class=\"yoast-schema-graph\">{\"@context\":\"https:\/\/schema.org\",\"@graph\":[{\"@type\":\"Organization\",\"@id\":\"https:\/\/acieloabierto.net\/en\/#organization\",\"name\":\"A Cielo Abierto\",\"url\":\"https:\/\/acieloabierto.net\/en\/\",\"sameAs\":[],\"logo\":{\"@type\":\"ImageObject\",\"@id\":\"https:\/\/acieloabierto.net\/en\/#logo\",\"inLanguage\":\"fr-FR\",\"url\":\"https:\/\/acieloabierto.net\/wp-content\/uploads\/2021\/02\/logo.svg\",\"contentUrl\":\"https:\/\/acieloabierto.net\/wp-content\/uploads\/2021\/02\/logo.svg\",\"caption\":\"A Cielo Abierto\"},\"image\":{\"@id\":\"https:\/\/acieloabierto.net\/en\/#logo\"}},{\"@type\":\"WebSite\",\"@id\":\"https:\/\/acieloabierto.net\/en\/#website\",\"url\":\"https:\/\/acieloabierto.net\/en\/\",\"name\":\"Acielo Abierto\",\"description\":\"Tuinmeubels Costa Blanca\",\"publisher\":{\"@id\":\"https:\/\/acieloabierto.net\/en\/#organization\"},\"potentialAction\":[{\"@type\":\"SearchAction\",\"target\":\"https:\/\/acieloabierto.net\/en\/?s={search_term_string}\",\"query-input\":\"required name=search_term_string\"}],\"inLanguage\":\"fr-FR\"},{\"@type\":\"ImageObject\",\"@id\":\"https:\/\/acieloabierto.net\/fr\/produits\/illum\/#primaryimage\",\"inLanguage\":\"fr-FR\",\"url\":\"https:\/\/acieloabierto.net\/wp-content\/uploads\/2021\/03\/illum-tribu-stoel1.jpg\",\"contentUrl\":\"https:\/\/acieloabierto.net\/wp-content\/uploads\/2021\/03\/illum-tribu-stoel1.jpg\",\"width\":1920,\"height\":1300},{\"@type\":\"WebPage\",\"@id\":\"https:\/\/acieloabierto.net\/fr\/produits\/illum\/#webpage\",\"url\":\"https:\/\/acieloabierto.net\/fr\/produits\/illum\/\",\"name\":\"Illum - Acielo Abierto\",\"isPartOf\":{\"@id\":\"https:\/\/acieloabierto.net\/en\/#website\"},\"primaryImageOfPage\":{\"@id\":\"https:\/\/acieloabierto.net\/fr\/produits\/illum\/#primaryimage\"},\"datePublished\":\"2021-03-04T10:05:58+00:00\",\"dateModified\":\"2021-03-04T10:05:58+00:00\",\"breadcrumb\":{\"@id\":\"https:\/\/acieloabierto.net\/fr\/produits\/illum\/#breadcrumb\"},\"inLanguage\":\"fr-FR\",\"potentialAction\":[{\"@type\":\"ReadAction\",\"target\":[\"https:\/\/acieloabierto.net\/fr\/produits\/illum\/\"]}]},{\"@type\":\"BreadcrumbList\",\"@id\":\"https:\/\/acieloabierto.net\/fr\/produits\/illum\/#breadcrumb\",\"itemListElement\":[{\"@type\":\"ListItem\",\"position\":1,\"item\":{\"@type\":\"WebPage\",\"@id\":\"https:\/\/acieloabierto.net\/fr\/\",\"url\":\"https:\/\/acieloabierto.net\/fr\/\",\"name\":\"Home\"}},{\"@type\":\"ListItem\",\"position\":2,\"item\":{\"@type\":\"WebPage\",\"@id\":\"\",\"url\":\"\",\"name\":\"\"}},{\"@type\":\"ListItem\",\"position\":3,\"item\":{\"@id\":\"https:\/\/acieloabierto.net\/fr\/produits\/illum\/#webpage\"}}]}]}<\/script>\n<!-- \/ Yoast SEO plugin. -->","_links":{"self":[{"href":"https:\/\/acieloabierto.net\/fr\/wp-json\/wp\/v2\/product\/13632"}],"collection":[{"href":"https:\/\/acieloabierto.net\/fr\/wp-json\/wp\/v2\/product"}],"about":[{"href":"https:\/\/acieloabierto.net\/fr\/wp-json\/wp\/v2\/types\/product"}],"replies":[{"embeddable":true,"href":"https:\/\/acieloabierto.net\/fr\/wp-json\/wp\/v2\/comments?post=13632"}],"wp:featuredmedia":[{"embeddable":true,"href":"https:\/\/acieloabierto.net\/fr\/wp-json\/wp\/v2\/media\/13634"}],"wp:attachment":[{"href":"https:\/\/acieloabierto.net\/fr\/wp-json\/wp\/v2\/media?parent=13632"}],"curies":[{"name":"wp","href":"https:\/\/api.w.org\/{rel}","templated":true}]}}