{"id":13622,"date":"2021-03-04T10:47:37","date_gmt":"2021-03-04T09:47:37","guid":{"rendered":"https:\/\/acieloabierto.net\/producten\/elio\/"},"modified":"2021-03-04T10:47:37","modified_gmt":"2021-03-04T09:47:37","slug":"elio","status":"publish","type":"product","link":"https:\/\/acieloabierto.net\/fr\/produits\/elio\/","title":{"rendered":"Elio"},"content":{"rendered":"<p><span style=\"font-weight: 400;\">Elio, nomm\u00e9 d&rsquo;apr\u00e8s le dieu grec du soleil H\u00e9lios et con\u00e7u par le studio de design canadien Yabu Pushelberg, vise \u00e0 capturer un moment universel et fugace : un coucher de soleil. Inspir\u00e9 par le mouvement de la lumi\u00e8re se refl\u00e9tant sur les paysages et les objets, le tissage \u00e9l\u00e9gant d&rsquo;Elio repr\u00e9sente les tons doux cr\u00e9\u00e9s par le cr\u00e9puscule. Elio se caract\u00e9rise par une silhouette subtilement arrondie qui s&rsquo;incurve vers l&rsquo;int\u00e9rieur, cr\u00e9ant un d\u00e9licieux cocon.<\/span><\/p>\n<p><span style=\"font-weight: 400;\">Le fauteuil, la chaise basse, la chaise longue \u00e0 dossier haut et le canap\u00e9 deux places ont une structure en teck naturel dont les pieds arri\u00e8re traversent la coque de l&rsquo;assise. L&rsquo;assise est tiss\u00e9e \u00e0 la main en Tricord.\u00a0 Des techniques textiles anciennes sont associ\u00e9es \u00e0 des mat\u00e9riaux et des proc\u00e9d\u00e9s de teinture contemporains pour cr\u00e9er un mat\u00e9riau doux au toucher et r\u00e9sistant aux intemp\u00e9ries. L&rsquo;effet d\u00e9grad\u00e9 avec des ombres subtiles est obtenu en combinant diff\u00e9rentes couleurs de fils en un seul brin et donne \u00e0 chaque pi\u00e8ce un aspect unique.\u00a0 Le tissage est disponible en lin, weng\u00e9 et mousse.<\/span><\/p>\n","protected":false},"excerpt":{"rendered":"<p>Elio, nomm\u00e9 d&rsquo;apr\u00e8s le dieu grec du soleil H\u00e9lios et con\u00e7u par le studio de design canadien Yabu Pushelberg, vise \u00e0 capturer un moment universel et fugace : un coucher de soleil. Inspir\u00e9 par le mouvement de la lumi\u00e8re se refl\u00e9tant sur les paysages et les objets, le tissage \u00e9l\u00e9gant d&rsquo;Elio repr\u00e9sente les tons doux [&hellip;]<\/p>\n","protected":false},"featured_media":13626,"comment_status":"open","ping_status":"closed","template":"","meta":{"wds_primary_pwb-brand":0,"wds_primary_product_cat":0},"brands":[{"id":667,"name":"Tribu","slug":"tribu-fr"}],"yoast_head":"<!-- This site is optimized with the Yoast SEO plugin v16.3 - https:\/\/yoast.com\/wordpress\/plugins\/seo\/ -->\n<title>Elio - Acielo Abierto<\/title>\n<meta name=\"robots\" content=\"index, follow, max-snippet:-1, max-image-preview:large, max-video-preview:-1\" \/>\n<link rel=\"canonical\" href=\"https:\/\/acieloabierto.net\/fr\/produits\/elio\/\" \/>\n<meta property=\"og:locale\" content=\"fr_FR\" \/>\n<meta property=\"og:type\" content=\"article\" \/>\n<meta property=\"og:title\" content=\"Elio - Acielo Abierto\" \/>\n<meta property=\"og:description\" content=\"Elio, nomm\u00e9 d&rsquo;apr\u00e8s le dieu grec du soleil H\u00e9lios et con\u00e7u par le studio de design canadien Yabu Pushelberg, vise \u00e0 capturer un moment universel et fugace : un coucher de soleil. Inspir\u00e9 par le mouvement de la lumi\u00e8re se refl\u00e9tant sur les paysages et les objets, le tissage \u00e9l\u00e9gant d&rsquo;Elio repr\u00e9sente les tons doux [&hellip;]\" \/>\n<meta property=\"og:url\" content=\"https:\/\/acieloabierto.net\/fr\/produits\/elio\/\" \/>\n<meta property=\"og:site_name\" content=\"Acielo Abierto\" \/>\n<meta property=\"og:image\" content=\"https:\/\/acieloabierto.net\/wp-content\/uploads\/2021\/03\/elio-tribu-lounge1.jpg\" \/>\n\t<meta property=\"og:image:width\" content=\"1920\" \/>\n\t<meta property=\"og:image:height\" content=\"1300\" \/>\n<meta name=\"twitter:card\" content=\"summary_large_image\" \/>\n<meta name=\"twitter:label1\" content=\"Dur\u00e9e de lecture est.\">\n\t<meta name=\"twitter:data1\" content=\"1 minute\">\n<script type=\"application\/ld+json\" class=\"yoast-schema-graph\">{\"@context\":\"https:\/\/schema.org\",\"@graph\":[{\"@type\":\"Organization\",\"@id\":\"https:\/\/acieloabierto.net\/en\/#organization\",\"name\":\"A Cielo Abierto\",\"url\":\"https:\/\/acieloabierto.net\/en\/\",\"sameAs\":[],\"logo\":{\"@type\":\"ImageObject\",\"@id\":\"https:\/\/acieloabierto.net\/en\/#logo\",\"inLanguage\":\"fr-FR\",\"url\":\"https:\/\/acieloabierto.net\/wp-content\/uploads\/2021\/02\/logo.svg\",\"contentUrl\":\"https:\/\/acieloabierto.net\/wp-content\/uploads\/2021\/02\/logo.svg\",\"caption\":\"A Cielo Abierto\"},\"image\":{\"@id\":\"https:\/\/acieloabierto.net\/en\/#logo\"}},{\"@type\":\"WebSite\",\"@id\":\"https:\/\/acieloabierto.net\/en\/#website\",\"url\":\"https:\/\/acieloabierto.net\/en\/\",\"name\":\"Acielo Abierto\",\"description\":\"Tuinmeubels Costa Blanca\",\"publisher\":{\"@id\":\"https:\/\/acieloabierto.net\/en\/#organization\"},\"potentialAction\":[{\"@type\":\"SearchAction\",\"target\":\"https:\/\/acieloabierto.net\/en\/?s={search_term_string}\",\"query-input\":\"required name=search_term_string\"}],\"inLanguage\":\"fr-FR\"},{\"@type\":\"ImageObject\",\"@id\":\"https:\/\/acieloabierto.net\/fr\/produits\/elio\/#primaryimage\",\"inLanguage\":\"fr-FR\",\"url\":\"https:\/\/acieloabierto.net\/wp-content\/uploads\/2021\/03\/elio-tribu-lounge1.jpg\",\"contentUrl\":\"https:\/\/acieloabierto.net\/wp-content\/uploads\/2021\/03\/elio-tribu-lounge1.jpg\",\"width\":1920,\"height\":1300},{\"@type\":\"WebPage\",\"@id\":\"https:\/\/acieloabierto.net\/fr\/produits\/elio\/#webpage\",\"url\":\"https:\/\/acieloabierto.net\/fr\/produits\/elio\/\",\"name\":\"Elio - Acielo Abierto\",\"isPartOf\":{\"@id\":\"https:\/\/acieloabierto.net\/en\/#website\"},\"primaryImageOfPage\":{\"@id\":\"https:\/\/acieloabierto.net\/fr\/produits\/elio\/#primaryimage\"},\"datePublished\":\"2021-03-04T09:47:37+00:00\",\"dateModified\":\"2021-03-04T09:47:37+00:00\",\"breadcrumb\":{\"@id\":\"https:\/\/acieloabierto.net\/fr\/produits\/elio\/#breadcrumb\"},\"inLanguage\":\"fr-FR\",\"potentialAction\":[{\"@type\":\"ReadAction\",\"target\":[\"https:\/\/acieloabierto.net\/fr\/produits\/elio\/\"]}]},{\"@type\":\"BreadcrumbList\",\"@id\":\"https:\/\/acieloabierto.net\/fr\/produits\/elio\/#breadcrumb\",\"itemListElement\":[{\"@type\":\"ListItem\",\"position\":1,\"item\":{\"@type\":\"WebPage\",\"@id\":\"https:\/\/acieloabierto.net\/fr\/\",\"url\":\"https:\/\/acieloabierto.net\/fr\/\",\"name\":\"Home\"}},{\"@type\":\"ListItem\",\"position\":2,\"item\":{\"@type\":\"WebPage\",\"@id\":\"\",\"url\":\"\",\"name\":\"\"}},{\"@type\":\"ListItem\",\"position\":3,\"item\":{\"@id\":\"https:\/\/acieloabierto.net\/fr\/produits\/elio\/#webpage\"}}]}]}<\/script>\n<!-- \/ Yoast SEO plugin. -->","_links":{"self":[{"href":"https:\/\/acieloabierto.net\/fr\/wp-json\/wp\/v2\/product\/13622"}],"collection":[{"href":"https:\/\/acieloabierto.net\/fr\/wp-json\/wp\/v2\/product"}],"about":[{"href":"https:\/\/acieloabierto.net\/fr\/wp-json\/wp\/v2\/types\/product"}],"replies":[{"embeddable":true,"href":"https:\/\/acieloabierto.net\/fr\/wp-json\/wp\/v2\/comments?post=13622"}],"wp:featuredmedia":[{"embeddable":true,"href":"https:\/\/acieloabierto.net\/fr\/wp-json\/wp\/v2\/media\/13626"}],"wp:attachment":[{"href":"https:\/\/acieloabierto.net\/fr\/wp-json\/wp\/v2\/media?parent=13622"}],"curies":[{"name":"wp","href":"https:\/\/api.w.org\/{rel}","templated":true}]}}