{"id":13614,"date":"2021-03-04T10:41:27","date_gmt":"2021-03-04T09:41:27","guid":{"rendered":"https:\/\/acieloabierto.net\/producten\/solid\/"},"modified":"2021-03-04T10:41:27","modified_gmt":"2021-03-04T09:41:27","slug":"solid","status":"publish","type":"product","link":"https:\/\/acieloabierto.net\/fr\/produits\/solid\/","title":{"rendered":"Solid"},"content":{"rendered":"<p><span style=\"font-weight: 400;\">La collection Solid en teck \u00ab naturel \u00bb et en teck bross\u00e9 \u00ab nero \u00bb est \u00e0 la fois une invitation et une affirmation claire. Le design des fauteuils, des tabourets et des chaises de bar est un \u00e9quilibre parfait entre l&rsquo;innovation technologique et l&rsquo;authenticit\u00e9 de l&rsquo;artisanat. L&rsquo;\u00e9l\u00e9gante structure en bois et les coussins de haute qualit\u00e9 symbolisent la robustesse et le confort.<\/span><\/p>\n","protected":false},"excerpt":{"rendered":"<p>La collection Solid en teck \u00ab naturel \u00bb et en teck bross\u00e9 \u00ab nero \u00bb est \u00e0 la fois une invitation et une affirmation claire. Le design des fauteuils, des tabourets et des chaises de bar est un \u00e9quilibre parfait entre l&rsquo;innovation technologique et l&rsquo;authenticit\u00e9 de l&rsquo;artisanat. L&rsquo;\u00e9l\u00e9gante structure en bois et les coussins de [&hellip;]<\/p>\n","protected":false},"featured_media":13615,"comment_status":"open","ping_status":"closed","template":"","meta":{"wds_primary_pwb-brand":0,"wds_primary_product_cat":0},"brands":[{"id":665,"name":"Manutti","slug":"manutti-fr"}],"yoast_head":"<!-- This site is optimized with the Yoast SEO plugin v16.3 - https:\/\/yoast.com\/wordpress\/plugins\/seo\/ -->\n<title>Solid - Acielo Abierto<\/title>\n<meta name=\"robots\" content=\"index, follow, max-snippet:-1, max-image-preview:large, max-video-preview:-1\" \/>\n<link rel=\"canonical\" href=\"https:\/\/acieloabierto.net\/fr\/produits\/solid\/\" \/>\n<meta property=\"og:locale\" content=\"fr_FR\" \/>\n<meta property=\"og:type\" content=\"article\" \/>\n<meta property=\"og:title\" content=\"Solid - Acielo Abierto\" \/>\n<meta property=\"og:description\" content=\"La collection Solid en teck \u00ab naturel \u00bb et en teck bross\u00e9 \u00ab nero \u00bb est \u00e0 la fois une invitation et une affirmation claire. Le design des fauteuils, des tabourets et des chaises de bar est un \u00e9quilibre parfait entre l&rsquo;innovation technologique et l&rsquo;authenticit\u00e9 de l&rsquo;artisanat. L&rsquo;\u00e9l\u00e9gante structure en bois et les coussins de [&hellip;]\" \/>\n<meta property=\"og:url\" content=\"https:\/\/acieloabierto.net\/fr\/produits\/solid\/\" \/>\n<meta property=\"og:site_name\" content=\"Acielo Abierto\" \/>\n<meta property=\"og:image\" content=\"https:\/\/acieloabierto.net\/wp-content\/uploads\/2021\/03\/solid-manutti-stoel1.jpg\" \/>\n\t<meta property=\"og:image:width\" content=\"1920\" \/>\n\t<meta property=\"og:image:height\" content=\"1300\" \/>\n<meta name=\"twitter:card\" content=\"summary_large_image\" \/>\n<script type=\"application\/ld+json\" class=\"yoast-schema-graph\">{\"@context\":\"https:\/\/schema.org\",\"@graph\":[{\"@type\":\"Organization\",\"@id\":\"https:\/\/acieloabierto.net\/en\/#organization\",\"name\":\"A Cielo Abierto\",\"url\":\"https:\/\/acieloabierto.net\/en\/\",\"sameAs\":[],\"logo\":{\"@type\":\"ImageObject\",\"@id\":\"https:\/\/acieloabierto.net\/en\/#logo\",\"inLanguage\":\"fr-FR\",\"url\":\"https:\/\/acieloabierto.net\/wp-content\/uploads\/2021\/02\/logo.svg\",\"contentUrl\":\"https:\/\/acieloabierto.net\/wp-content\/uploads\/2021\/02\/logo.svg\",\"caption\":\"A Cielo Abierto\"},\"image\":{\"@id\":\"https:\/\/acieloabierto.net\/en\/#logo\"}},{\"@type\":\"WebSite\",\"@id\":\"https:\/\/acieloabierto.net\/en\/#website\",\"url\":\"https:\/\/acieloabierto.net\/en\/\",\"name\":\"Acielo Abierto\",\"description\":\"Tuinmeubels Costa Blanca\",\"publisher\":{\"@id\":\"https:\/\/acieloabierto.net\/en\/#organization\"},\"potentialAction\":[{\"@type\":\"SearchAction\",\"target\":\"https:\/\/acieloabierto.net\/en\/?s={search_term_string}\",\"query-input\":\"required name=search_term_string\"}],\"inLanguage\":\"fr-FR\"},{\"@type\":\"ImageObject\",\"@id\":\"https:\/\/acieloabierto.net\/fr\/produits\/solid\/#primaryimage\",\"inLanguage\":\"fr-FR\",\"url\":\"https:\/\/acieloabierto.net\/wp-content\/uploads\/2021\/03\/solid-manutti-stoel1.jpg\",\"contentUrl\":\"https:\/\/acieloabierto.net\/wp-content\/uploads\/2021\/03\/solid-manutti-stoel1.jpg\",\"width\":1920,\"height\":1300},{\"@type\":\"WebPage\",\"@id\":\"https:\/\/acieloabierto.net\/fr\/produits\/solid\/#webpage\",\"url\":\"https:\/\/acieloabierto.net\/fr\/produits\/solid\/\",\"name\":\"Solid - Acielo Abierto\",\"isPartOf\":{\"@id\":\"https:\/\/acieloabierto.net\/en\/#website\"},\"primaryImageOfPage\":{\"@id\":\"https:\/\/acieloabierto.net\/fr\/produits\/solid\/#primaryimage\"},\"datePublished\":\"2021-03-04T09:41:27+00:00\",\"dateModified\":\"2021-03-04T09:41:27+00:00\",\"breadcrumb\":{\"@id\":\"https:\/\/acieloabierto.net\/fr\/produits\/solid\/#breadcrumb\"},\"inLanguage\":\"fr-FR\",\"potentialAction\":[{\"@type\":\"ReadAction\",\"target\":[\"https:\/\/acieloabierto.net\/fr\/produits\/solid\/\"]}]},{\"@type\":\"BreadcrumbList\",\"@id\":\"https:\/\/acieloabierto.net\/fr\/produits\/solid\/#breadcrumb\",\"itemListElement\":[{\"@type\":\"ListItem\",\"position\":1,\"item\":{\"@type\":\"WebPage\",\"@id\":\"https:\/\/acieloabierto.net\/fr\/\",\"url\":\"https:\/\/acieloabierto.net\/fr\/\",\"name\":\"Home\"}},{\"@type\":\"ListItem\",\"position\":2,\"item\":{\"@type\":\"WebPage\",\"@id\":\"\",\"url\":\"\",\"name\":\"\"}},{\"@type\":\"ListItem\",\"position\":3,\"item\":{\"@id\":\"https:\/\/acieloabierto.net\/fr\/produits\/solid\/#webpage\"}}]}]}<\/script>\n<!-- \/ Yoast SEO plugin. -->","_links":{"self":[{"href":"https:\/\/acieloabierto.net\/fr\/wp-json\/wp\/v2\/product\/13614"}],"collection":[{"href":"https:\/\/acieloabierto.net\/fr\/wp-json\/wp\/v2\/product"}],"about":[{"href":"https:\/\/acieloabierto.net\/fr\/wp-json\/wp\/v2\/types\/product"}],"replies":[{"embeddable":true,"href":"https:\/\/acieloabierto.net\/fr\/wp-json\/wp\/v2\/comments?post=13614"}],"wp:featuredmedia":[{"embeddable":true,"href":"https:\/\/acieloabierto.net\/fr\/wp-json\/wp\/v2\/media\/13615"}],"wp:attachment":[{"href":"https:\/\/acieloabierto.net\/fr\/wp-json\/wp\/v2\/media?parent=13614"}],"curies":[{"name":"wp","href":"https:\/\/api.w.org\/{rel}","templated":true}]}}