{"id":13602,"date":"2021-03-04T10:38:41","date_gmt":"2021-03-04T09:38:41","guid":{"rendered":"https:\/\/acieloabierto.net\/producten\/radoc\/"},"modified":"2021-03-04T10:38:41","modified_gmt":"2021-03-04T09:38:41","slug":"radoc","status":"publish","type":"product","link":"https:\/\/acieloabierto.net\/fr\/produits\/radoc\/","title":{"rendered":"Radoc"},"content":{"rendered":"<p><span style=\"font-weight: 400;\">Le design unique et a\u00e9rien du fauteuil, de l&rsquo;ottoman, de la chaise longue et du canap\u00e9 de cette collection s&rsquo;accorde parfaitement avec des moments chaleureux et s\u00e9curisants. La structure en corde du dossier et des accoudoirs enveloppants s&rsquo;int\u00e8gre parfaitement \u00e0 l&rsquo;ensemble, conf\u00e9rant \u00e0 cette collection un look n\u00e9omoderniste et intemporel. Restez discret. Ou compl\u00e9tez-le avec les coussins de dossier assortis pour un confort d&rsquo;assise durable.<\/span><\/p>\n","protected":false},"excerpt":{"rendered":"<p>Le design unique et a\u00e9rien du fauteuil, de l&rsquo;ottoman, de la chaise longue et du canap\u00e9 de cette collection s&rsquo;accorde parfaitement avec des moments chaleureux et s\u00e9curisants. La structure en corde du dossier et des accoudoirs enveloppants s&rsquo;int\u00e8gre parfaitement \u00e0 l&rsquo;ensemble, conf\u00e9rant \u00e0 cette collection un look n\u00e9omoderniste et intemporel. Restez discret. Ou compl\u00e9tez-le avec [&hellip;]<\/p>\n","protected":false},"featured_media":13603,"comment_status":"open","ping_status":"closed","template":"","meta":{"wds_primary_pwb-brand":0,"wds_primary_product_cat":0},"brands":[{"id":665,"name":"Manutti","slug":"manutti-fr"}],"yoast_head":"<!-- This site is optimized with the Yoast SEO plugin v16.3 - https:\/\/yoast.com\/wordpress\/plugins\/seo\/ -->\n<title>Radoc - Acielo Abierto<\/title>\n<meta name=\"robots\" content=\"index, follow, max-snippet:-1, max-image-preview:large, max-video-preview:-1\" \/>\n<link rel=\"canonical\" href=\"https:\/\/acieloabierto.net\/fr\/produits\/radoc\/\" \/>\n<meta property=\"og:locale\" content=\"fr_FR\" \/>\n<meta property=\"og:type\" content=\"article\" \/>\n<meta property=\"og:title\" content=\"Radoc - Acielo Abierto\" \/>\n<meta property=\"og:description\" content=\"Le design unique et a\u00e9rien du fauteuil, de l&rsquo;ottoman, de la chaise longue et du canap\u00e9 de cette collection s&rsquo;accorde parfaitement avec des moments chaleureux et s\u00e9curisants. La structure en corde du dossier et des accoudoirs enveloppants s&rsquo;int\u00e8gre parfaitement \u00e0 l&rsquo;ensemble, conf\u00e9rant \u00e0 cette collection un look n\u00e9omoderniste et intemporel. Restez discret. Ou compl\u00e9tez-le avec [&hellip;]\" \/>\n<meta property=\"og:url\" content=\"https:\/\/acieloabierto.net\/fr\/produits\/radoc\/\" \/>\n<meta property=\"og:site_name\" content=\"Acielo Abierto\" \/>\n<meta property=\"og:image\" content=\"https:\/\/acieloabierto.net\/wp-content\/uploads\/2021\/03\/radius-manutti-lounge2.jpg\" \/>\n\t<meta property=\"og:image:width\" content=\"1920\" \/>\n\t<meta property=\"og:image:height\" content=\"1300\" \/>\n<meta name=\"twitter:card\" content=\"summary_large_image\" \/>\n<script type=\"application\/ld+json\" class=\"yoast-schema-graph\">{\"@context\":\"https:\/\/schema.org\",\"@graph\":[{\"@type\":\"Organization\",\"@id\":\"https:\/\/acieloabierto.net\/en\/#organization\",\"name\":\"A Cielo Abierto\",\"url\":\"https:\/\/acieloabierto.net\/en\/\",\"sameAs\":[],\"logo\":{\"@type\":\"ImageObject\",\"@id\":\"https:\/\/acieloabierto.net\/en\/#logo\",\"inLanguage\":\"fr-FR\",\"url\":\"https:\/\/acieloabierto.net\/wp-content\/uploads\/2021\/02\/logo.svg\",\"contentUrl\":\"https:\/\/acieloabierto.net\/wp-content\/uploads\/2021\/02\/logo.svg\",\"caption\":\"A Cielo Abierto\"},\"image\":{\"@id\":\"https:\/\/acieloabierto.net\/en\/#logo\"}},{\"@type\":\"WebSite\",\"@id\":\"https:\/\/acieloabierto.net\/en\/#website\",\"url\":\"https:\/\/acieloabierto.net\/en\/\",\"name\":\"Acielo Abierto\",\"description\":\"Tuinmeubels Costa Blanca\",\"publisher\":{\"@id\":\"https:\/\/acieloabierto.net\/en\/#organization\"},\"potentialAction\":[{\"@type\":\"SearchAction\",\"target\":\"https:\/\/acieloabierto.net\/en\/?s={search_term_string}\",\"query-input\":\"required name=search_term_string\"}],\"inLanguage\":\"fr-FR\"},{\"@type\":\"ImageObject\",\"@id\":\"https:\/\/acieloabierto.net\/fr\/produits\/radoc\/#primaryimage\",\"inLanguage\":\"fr-FR\",\"url\":\"https:\/\/acieloabierto.net\/wp-content\/uploads\/2021\/03\/radius-manutti-lounge2.jpg\",\"contentUrl\":\"https:\/\/acieloabierto.net\/wp-content\/uploads\/2021\/03\/radius-manutti-lounge2.jpg\",\"width\":1920,\"height\":1300},{\"@type\":\"WebPage\",\"@id\":\"https:\/\/acieloabierto.net\/fr\/produits\/radoc\/#webpage\",\"url\":\"https:\/\/acieloabierto.net\/fr\/produits\/radoc\/\",\"name\":\"Radoc - Acielo Abierto\",\"isPartOf\":{\"@id\":\"https:\/\/acieloabierto.net\/en\/#website\"},\"primaryImageOfPage\":{\"@id\":\"https:\/\/acieloabierto.net\/fr\/produits\/radoc\/#primaryimage\"},\"datePublished\":\"2021-03-04T09:38:41+00:00\",\"dateModified\":\"2021-03-04T09:38:41+00:00\",\"breadcrumb\":{\"@id\":\"https:\/\/acieloabierto.net\/fr\/produits\/radoc\/#breadcrumb\"},\"inLanguage\":\"fr-FR\",\"potentialAction\":[{\"@type\":\"ReadAction\",\"target\":[\"https:\/\/acieloabierto.net\/fr\/produits\/radoc\/\"]}]},{\"@type\":\"BreadcrumbList\",\"@id\":\"https:\/\/acieloabierto.net\/fr\/produits\/radoc\/#breadcrumb\",\"itemListElement\":[{\"@type\":\"ListItem\",\"position\":1,\"item\":{\"@type\":\"WebPage\",\"@id\":\"https:\/\/acieloabierto.net\/fr\/\",\"url\":\"https:\/\/acieloabierto.net\/fr\/\",\"name\":\"Home\"}},{\"@type\":\"ListItem\",\"position\":2,\"item\":{\"@type\":\"WebPage\",\"@id\":\"\",\"url\":\"\",\"name\":\"\"}},{\"@type\":\"ListItem\",\"position\":3,\"item\":{\"@id\":\"https:\/\/acieloabierto.net\/fr\/produits\/radoc\/#webpage\"}}]}]}<\/script>\n<!-- \/ Yoast SEO plugin. -->","_links":{"self":[{"href":"https:\/\/acieloabierto.net\/fr\/wp-json\/wp\/v2\/product\/13602"}],"collection":[{"href":"https:\/\/acieloabierto.net\/fr\/wp-json\/wp\/v2\/product"}],"about":[{"href":"https:\/\/acieloabierto.net\/fr\/wp-json\/wp\/v2\/types\/product"}],"replies":[{"embeddable":true,"href":"https:\/\/acieloabierto.net\/fr\/wp-json\/wp\/v2\/comments?post=13602"}],"wp:featuredmedia":[{"embeddable":true,"href":"https:\/\/acieloabierto.net\/fr\/wp-json\/wp\/v2\/media\/13603"}],"wp:attachment":[{"href":"https:\/\/acieloabierto.net\/fr\/wp-json\/wp\/v2\/media?parent=13602"}],"curies":[{"name":"wp","href":"https:\/\/api.w.org\/{rel}","templated":true}]}}