{"id":13589,"date":"2021-03-04T10:26:48","date_gmt":"2021-03-04T09:26:48","guid":{"rendered":"https:\/\/acieloabierto.net\/producten\/kumo\/"},"modified":"2021-03-04T10:26:48","modified_gmt":"2021-03-04T09:26:48","slug":"kumo","status":"publish","type":"product","link":"https:\/\/acieloabierto.net\/fr\/produits\/kumo\/","title":{"rendered":"Kumo"},"content":{"rendered":"<p><span style=\"font-weight: 400;\">Kumo est le mot japonais pour \u00ab nuage \u00bb. La collection moderne repr\u00e9sente un \u00eelot de si\u00e8ges l\u00e9ger et ludique avec pouf. La collection vous invite donc \u00e0 cr\u00e9er votre propre cocon ext\u00e9rieur. Cette ligne est disponible en diff\u00e9rentes formes et tailles. Gr\u00e2ce aux accoudoirs et dossiers amovibles, vous transformez en un clin d&rsquo;\u0153il un canap\u00e9 confortable en un \u00e9l\u00e9gant lit d&rsquo;appoint, ou un luxueux fauteuil d&rsquo;appoint en un ottoman pratique.<\/span><\/p>\n","protected":false},"excerpt":{"rendered":"<p>Kumo est le mot japonais pour \u00ab nuage \u00bb. La collection moderne repr\u00e9sente un \u00eelot de si\u00e8ges l\u00e9ger et ludique avec pouf. La collection vous invite donc \u00e0 cr\u00e9er votre propre cocon ext\u00e9rieur. Cette ligne est disponible en diff\u00e9rentes formes et tailles. Gr\u00e2ce aux accoudoirs et dossiers amovibles, vous transformez en un clin d&rsquo;\u0153il un [&hellip;]<\/p>\n","protected":false},"featured_media":13592,"comment_status":"open","ping_status":"closed","template":"","meta":{"wds_primary_pwb-brand":0,"wds_primary_product_cat":0},"brands":[{"id":665,"name":"Manutti","slug":"manutti-fr"}],"yoast_head":"<!-- This site is optimized with the Yoast SEO plugin v16.3 - https:\/\/yoast.com\/wordpress\/plugins\/seo\/ -->\n<title>Kumo - Acielo Abierto<\/title>\n<meta name=\"robots\" content=\"index, follow, max-snippet:-1, max-image-preview:large, max-video-preview:-1\" \/>\n<link rel=\"canonical\" href=\"https:\/\/acieloabierto.net\/fr\/produits\/kumo\/\" \/>\n<meta property=\"og:locale\" content=\"fr_FR\" \/>\n<meta property=\"og:type\" content=\"article\" \/>\n<meta property=\"og:title\" content=\"Kumo - Acielo Abierto\" \/>\n<meta property=\"og:description\" content=\"Kumo est le mot japonais pour \u00ab nuage \u00bb. La collection moderne repr\u00e9sente un \u00eelot de si\u00e8ges l\u00e9ger et ludique avec pouf. La collection vous invite donc \u00e0 cr\u00e9er votre propre cocon ext\u00e9rieur. Cette ligne est disponible en diff\u00e9rentes formes et tailles. Gr\u00e2ce aux accoudoirs et dossiers amovibles, vous transformez en un clin d&rsquo;\u0153il un [&hellip;]\" \/>\n<meta property=\"og:url\" content=\"https:\/\/acieloabierto.net\/fr\/produits\/kumo\/\" \/>\n<meta property=\"og:site_name\" content=\"Acielo Abierto\" \/>\n<meta property=\"og:image\" content=\"https:\/\/acieloabierto.net\/wp-content\/uploads\/2021\/03\/kumo-manutti-lounge2.jpg\" \/>\n\t<meta property=\"og:image:width\" content=\"1920\" \/>\n\t<meta property=\"og:image:height\" content=\"1300\" \/>\n<meta name=\"twitter:card\" content=\"summary_large_image\" \/>\n<script type=\"application\/ld+json\" class=\"yoast-schema-graph\">{\"@context\":\"https:\/\/schema.org\",\"@graph\":[{\"@type\":\"Organization\",\"@id\":\"https:\/\/acieloabierto.net\/en\/#organization\",\"name\":\"A Cielo Abierto\",\"url\":\"https:\/\/acieloabierto.net\/en\/\",\"sameAs\":[],\"logo\":{\"@type\":\"ImageObject\",\"@id\":\"https:\/\/acieloabierto.net\/en\/#logo\",\"inLanguage\":\"fr-FR\",\"url\":\"https:\/\/acieloabierto.net\/wp-content\/uploads\/2021\/02\/logo.svg\",\"contentUrl\":\"https:\/\/acieloabierto.net\/wp-content\/uploads\/2021\/02\/logo.svg\",\"caption\":\"A Cielo Abierto\"},\"image\":{\"@id\":\"https:\/\/acieloabierto.net\/en\/#logo\"}},{\"@type\":\"WebSite\",\"@id\":\"https:\/\/acieloabierto.net\/en\/#website\",\"url\":\"https:\/\/acieloabierto.net\/en\/\",\"name\":\"Acielo Abierto\",\"description\":\"Tuinmeubels Costa Blanca\",\"publisher\":{\"@id\":\"https:\/\/acieloabierto.net\/en\/#organization\"},\"potentialAction\":[{\"@type\":\"SearchAction\",\"target\":\"https:\/\/acieloabierto.net\/en\/?s={search_term_string}\",\"query-input\":\"required name=search_term_string\"}],\"inLanguage\":\"fr-FR\"},{\"@type\":\"ImageObject\",\"@id\":\"https:\/\/acieloabierto.net\/fr\/produits\/kumo\/#primaryimage\",\"inLanguage\":\"fr-FR\",\"url\":\"https:\/\/acieloabierto.net\/wp-content\/uploads\/2021\/03\/kumo-manutti-lounge2.jpg\",\"contentUrl\":\"https:\/\/acieloabierto.net\/wp-content\/uploads\/2021\/03\/kumo-manutti-lounge2.jpg\",\"width\":1920,\"height\":1300},{\"@type\":\"WebPage\",\"@id\":\"https:\/\/acieloabierto.net\/fr\/produits\/kumo\/#webpage\",\"url\":\"https:\/\/acieloabierto.net\/fr\/produits\/kumo\/\",\"name\":\"Kumo - Acielo Abierto\",\"isPartOf\":{\"@id\":\"https:\/\/acieloabierto.net\/en\/#website\"},\"primaryImageOfPage\":{\"@id\":\"https:\/\/acieloabierto.net\/fr\/produits\/kumo\/#primaryimage\"},\"datePublished\":\"2021-03-04T09:26:48+00:00\",\"dateModified\":\"2021-03-04T09:26:48+00:00\",\"breadcrumb\":{\"@id\":\"https:\/\/acieloabierto.net\/fr\/produits\/kumo\/#breadcrumb\"},\"inLanguage\":\"fr-FR\",\"potentialAction\":[{\"@type\":\"ReadAction\",\"target\":[\"https:\/\/acieloabierto.net\/fr\/produits\/kumo\/\"]}]},{\"@type\":\"BreadcrumbList\",\"@id\":\"https:\/\/acieloabierto.net\/fr\/produits\/kumo\/#breadcrumb\",\"itemListElement\":[{\"@type\":\"ListItem\",\"position\":1,\"item\":{\"@type\":\"WebPage\",\"@id\":\"https:\/\/acieloabierto.net\/fr\/\",\"url\":\"https:\/\/acieloabierto.net\/fr\/\",\"name\":\"Home\"}},{\"@type\":\"ListItem\",\"position\":2,\"item\":{\"@type\":\"WebPage\",\"@id\":\"\",\"url\":\"\",\"name\":\"\"}},{\"@type\":\"ListItem\",\"position\":3,\"item\":{\"@id\":\"https:\/\/acieloabierto.net\/fr\/produits\/kumo\/#webpage\"}}]}]}<\/script>\n<!-- \/ Yoast SEO plugin. -->","_links":{"self":[{"href":"https:\/\/acieloabierto.net\/fr\/wp-json\/wp\/v2\/product\/13589"}],"collection":[{"href":"https:\/\/acieloabierto.net\/fr\/wp-json\/wp\/v2\/product"}],"about":[{"href":"https:\/\/acieloabierto.net\/fr\/wp-json\/wp\/v2\/types\/product"}],"replies":[{"embeddable":true,"href":"https:\/\/acieloabierto.net\/fr\/wp-json\/wp\/v2\/comments?post=13589"}],"wp:featuredmedia":[{"embeddable":true,"href":"https:\/\/acieloabierto.net\/fr\/wp-json\/wp\/v2\/media\/13592"}],"wp:attachment":[{"href":"https:\/\/acieloabierto.net\/fr\/wp-json\/wp\/v2\/media?parent=13589"}],"curies":[{"name":"wp","href":"https:\/\/api.w.org\/{rel}","templated":true}]}}