{"id":13569,"date":"2021-03-04T10:13:31","date_gmt":"2021-03-04T09:13:31","guid":{"rendered":"https:\/\/acieloabierto.net\/producten\/elements\/"},"modified":"2021-03-04T10:13:31","modified_gmt":"2021-03-04T09:13:31","slug":"elements","status":"publish","type":"product","link":"https:\/\/acieloabierto.net\/fr\/produits\/elements\/","title":{"rendered":"Elements"},"content":{"rendered":"<p><span style=\"font-weight: 400;\">L&rsquo;\u00eelot de si\u00e8ges Elements, avec sa forme accueillante et son design fascinant, est un r\u00e9gal pour les yeux. Le concept ultra-modulaire est facilement d\u00e9pla\u00e7able et les dossiers peuvent \u00eatre r\u00e9gl\u00e9s en un tour de main. Bref, les possibilit\u00e9s ne manquent pas. Une bande LED particuli\u00e8rement fine cr\u00e9e l&rsquo;illusion d&rsquo;un \u00eelot de si\u00e8ges flottants. Les couleurs douces s&rsquo;allient \u00e0 la durabilit\u00e9 du Quaryl\u00ae, un mat\u00e9riau innovant de Villeroy &amp; Boch. La collection Elements a \u00e9t\u00e9 r\u00e9compens\u00e9e par un Red Dot Award en 2014.<\/span><\/p>\n","protected":false},"excerpt":{"rendered":"<p>L&rsquo;\u00eelot de si\u00e8ges Elements, avec sa forme accueillante et son design fascinant, est un r\u00e9gal pour les yeux. Le concept ultra-modulaire est facilement d\u00e9pla\u00e7able et les dossiers peuvent \u00eatre r\u00e9gl\u00e9s en un tour de main. Bref, les possibilit\u00e9s ne manquent pas. Une bande LED particuli\u00e8rement fine cr\u00e9e l&rsquo;illusion d&rsquo;un \u00eelot de si\u00e8ges flottants. Les couleurs [&hellip;]<\/p>\n","protected":false},"featured_media":13573,"comment_status":"open","ping_status":"closed","template":"","meta":{"wds_primary_pwb-brand":0,"wds_primary_product_cat":0},"brands":[{"id":665,"name":"Manutti","slug":"manutti-fr"}],"yoast_head":"<!-- This site is optimized with the Yoast SEO plugin v16.3 - https:\/\/yoast.com\/wordpress\/plugins\/seo\/ -->\n<title>Elements - Acielo Abierto<\/title>\n<meta name=\"robots\" content=\"index, follow, max-snippet:-1, max-image-preview:large, max-video-preview:-1\" \/>\n<link rel=\"canonical\" href=\"https:\/\/acieloabierto.net\/fr\/produits\/elements\/\" \/>\n<meta property=\"og:locale\" content=\"fr_FR\" \/>\n<meta property=\"og:type\" content=\"article\" \/>\n<meta property=\"og:title\" content=\"Elements - Acielo Abierto\" \/>\n<meta property=\"og:description\" content=\"L&rsquo;\u00eelot de si\u00e8ges Elements, avec sa forme accueillante et son design fascinant, est un r\u00e9gal pour les yeux. Le concept ultra-modulaire est facilement d\u00e9pla\u00e7able et les dossiers peuvent \u00eatre r\u00e9gl\u00e9s en un tour de main. Bref, les possibilit\u00e9s ne manquent pas. Une bande LED particuli\u00e8rement fine cr\u00e9e l&rsquo;illusion d&rsquo;un \u00eelot de si\u00e8ges flottants. Les couleurs [&hellip;]\" \/>\n<meta property=\"og:url\" content=\"https:\/\/acieloabierto.net\/fr\/produits\/elements\/\" \/>\n<meta property=\"og:site_name\" content=\"Acielo Abierto\" \/>\n<meta property=\"og:image\" content=\"https:\/\/acieloabierto.net\/wp-content\/uploads\/2021\/03\/elements-manutti-ligbed.jpg\" \/>\n\t<meta property=\"og:image:width\" content=\"1920\" \/>\n\t<meta property=\"og:image:height\" content=\"1300\" \/>\n<meta name=\"twitter:card\" content=\"summary_large_image\" \/>\n<script type=\"application\/ld+json\" class=\"yoast-schema-graph\">{\"@context\":\"https:\/\/schema.org\",\"@graph\":[{\"@type\":\"Organization\",\"@id\":\"https:\/\/acieloabierto.net\/en\/#organization\",\"name\":\"A Cielo Abierto\",\"url\":\"https:\/\/acieloabierto.net\/en\/\",\"sameAs\":[],\"logo\":{\"@type\":\"ImageObject\",\"@id\":\"https:\/\/acieloabierto.net\/en\/#logo\",\"inLanguage\":\"fr-FR\",\"url\":\"https:\/\/acieloabierto.net\/wp-content\/uploads\/2021\/02\/logo.svg\",\"contentUrl\":\"https:\/\/acieloabierto.net\/wp-content\/uploads\/2021\/02\/logo.svg\",\"caption\":\"A Cielo Abierto\"},\"image\":{\"@id\":\"https:\/\/acieloabierto.net\/en\/#logo\"}},{\"@type\":\"WebSite\",\"@id\":\"https:\/\/acieloabierto.net\/en\/#website\",\"url\":\"https:\/\/acieloabierto.net\/en\/\",\"name\":\"Acielo Abierto\",\"description\":\"Tuinmeubels Costa Blanca\",\"publisher\":{\"@id\":\"https:\/\/acieloabierto.net\/en\/#organization\"},\"potentialAction\":[{\"@type\":\"SearchAction\",\"target\":\"https:\/\/acieloabierto.net\/en\/?s={search_term_string}\",\"query-input\":\"required name=search_term_string\"}],\"inLanguage\":\"fr-FR\"},{\"@type\":\"ImageObject\",\"@id\":\"https:\/\/acieloabierto.net\/fr\/produits\/elements\/#primaryimage\",\"inLanguage\":\"fr-FR\",\"url\":\"https:\/\/acieloabierto.net\/wp-content\/uploads\/2021\/03\/elements-manutti-ligbed.jpg\",\"contentUrl\":\"https:\/\/acieloabierto.net\/wp-content\/uploads\/2021\/03\/elements-manutti-ligbed.jpg\",\"width\":1920,\"height\":1300},{\"@type\":\"WebPage\",\"@id\":\"https:\/\/acieloabierto.net\/fr\/produits\/elements\/#webpage\",\"url\":\"https:\/\/acieloabierto.net\/fr\/produits\/elements\/\",\"name\":\"Elements - Acielo Abierto\",\"isPartOf\":{\"@id\":\"https:\/\/acieloabierto.net\/en\/#website\"},\"primaryImageOfPage\":{\"@id\":\"https:\/\/acieloabierto.net\/fr\/produits\/elements\/#primaryimage\"},\"datePublished\":\"2021-03-04T09:13:31+00:00\",\"dateModified\":\"2021-03-04T09:13:31+00:00\",\"breadcrumb\":{\"@id\":\"https:\/\/acieloabierto.net\/fr\/produits\/elements\/#breadcrumb\"},\"inLanguage\":\"fr-FR\",\"potentialAction\":[{\"@type\":\"ReadAction\",\"target\":[\"https:\/\/acieloabierto.net\/fr\/produits\/elements\/\"]}]},{\"@type\":\"BreadcrumbList\",\"@id\":\"https:\/\/acieloabierto.net\/fr\/produits\/elements\/#breadcrumb\",\"itemListElement\":[{\"@type\":\"ListItem\",\"position\":1,\"item\":{\"@type\":\"WebPage\",\"@id\":\"https:\/\/acieloabierto.net\/fr\/\",\"url\":\"https:\/\/acieloabierto.net\/fr\/\",\"name\":\"Home\"}},{\"@type\":\"ListItem\",\"position\":2,\"item\":{\"@type\":\"WebPage\",\"@id\":\"\",\"url\":\"\",\"name\":\"\"}},{\"@type\":\"ListItem\",\"position\":3,\"item\":{\"@id\":\"https:\/\/acieloabierto.net\/fr\/produits\/elements\/#webpage\"}}]}]}<\/script>\n<!-- \/ Yoast SEO plugin. -->","_links":{"self":[{"href":"https:\/\/acieloabierto.net\/fr\/wp-json\/wp\/v2\/product\/13569"}],"collection":[{"href":"https:\/\/acieloabierto.net\/fr\/wp-json\/wp\/v2\/product"}],"about":[{"href":"https:\/\/acieloabierto.net\/fr\/wp-json\/wp\/v2\/types\/product"}],"replies":[{"embeddable":true,"href":"https:\/\/acieloabierto.net\/fr\/wp-json\/wp\/v2\/comments?post=13569"}],"wp:featuredmedia":[{"embeddable":true,"href":"https:\/\/acieloabierto.net\/fr\/wp-json\/wp\/v2\/media\/13573"}],"wp:attachment":[{"href":"https:\/\/acieloabierto.net\/fr\/wp-json\/wp\/v2\/media?parent=13569"}],"curies":[{"name":"wp","href":"https:\/\/api.w.org\/{rel}","templated":true}]}}