{"id":13537,"date":"2024-05-21T11:38:03","date_gmt":"2024-05-21T09:38:03","guid":{"rendered":"https:\/\/acieloabierto.net\/producten\/shoto-en-collaboration-avec-vincent-van-duysen\/"},"modified":"2024-05-21T11:38:03","modified_gmt":"2024-05-21T09:38:03","slug":"shoto-en-collaboration-avec-vincent-van-duysen","status":"publish","type":"product","link":"https:\/\/acieloabierto.net\/fr\/produits\/shoto-en-collaboration-avec-vincent-van-duysen\/","title":{"rendered":"Shot\u014d en collaboration avec Vincent Van Duysen"},"content":{"rendered":"<p><span style=\"font-weight: 400;\">Pionnier des cuisines mobiles d&rsquo;ext\u00e9rieur, indu+, en collaboration avec Vincent Van Duysen, pr\u00e9sente la recette ultime pour les passionn\u00e9s de cuisine en plein air et les amateurs de design haut de gamme. Shot\u014d est une collection embl\u00e9matique qui incarne non seulement la philosophie visionnaire de Van Duysen en mati\u00e8re de design, mais qui s&rsquo;inscrit aussi parfaitement dans la qu\u00eate incessante d&rsquo;innovation et de qualit\u00e9 d&rsquo;indu+.<\/span><\/p>\n","protected":false},"excerpt":{"rendered":"<p>Pionnier des cuisines mobiles d&rsquo;ext\u00e9rieur, indu+, en collaboration avec Vincent Van Duysen, pr\u00e9sente la recette ultime pour les passionn\u00e9s de cuisine en plein air et les amateurs de design haut de gamme. Shot\u014d est une collection embl\u00e9matique qui incarne non seulement la philosophie visionnaire de Van Duysen en mati\u00e8re de design, mais qui s&rsquo;inscrit aussi [&hellip;]<\/p>\n","protected":false},"featured_media":13551,"comment_status":"open","ping_status":"closed","template":"","meta":{"wds_primary_pwb-brand":0,"wds_primary_product_cat":0},"brands":[{"id":663,"name":"InduPlus","slug":"induplus-fr"}],"yoast_head":"<!-- This site is optimized with the Yoast SEO plugin v16.3 - https:\/\/yoast.com\/wordpress\/plugins\/seo\/ -->\n<title>Shot\u014d en collaboration avec Vincent Van Duysen - A Cielo Abierto<\/title>\n<meta name=\"description\" content=\"Shot\u014d est une collection iconique en collaboration avec Vincent Van Duysen \u00e0 A Cielo Abierto \u00e0 Altea, Benissa, Marbella et Estepona.\" \/>\n<meta name=\"robots\" content=\"index, follow, max-snippet:-1, max-image-preview:large, max-video-preview:-1\" \/>\n<link rel=\"canonical\" href=\"https:\/\/acieloabierto.net\/fr\/produits\/shoto-en-collaboration-avec-vincent-van-duysen\/\" \/>\n<meta property=\"og:locale\" content=\"fr_FR\" \/>\n<meta property=\"og:type\" content=\"article\" \/>\n<meta property=\"og:title\" content=\"Shot\u014d en collaboration avec Vincent Van Duysen - A Cielo Abierto\" \/>\n<meta property=\"og:description\" content=\"Shot\u014d est une collection iconique en collaboration avec Vincent Van Duysen \u00e0 A Cielo Abierto \u00e0 Altea, Benissa, Marbella et Estepona.\" \/>\n<meta property=\"og:url\" content=\"https:\/\/acieloabierto.net\/fr\/produits\/shoto-en-collaboration-avec-vincent-van-duysen\/\" \/>\n<meta property=\"og:site_name\" content=\"Acielo Abierto\" \/>\n<meta property=\"og:image\" content=\"https:\/\/acieloabierto.net\/wp-content\/uploads\/2024\/05\/Indu-Vincent-van-Duysen_10190.jpg\" \/>\n\t<meta property=\"og:image:width\" content=\"1920\" \/>\n\t<meta property=\"og:image:height\" content=\"917\" \/>\n<meta name=\"twitter:card\" content=\"summary_large_image\" \/>\n<script type=\"application\/ld+json\" class=\"yoast-schema-graph\">{\"@context\":\"https:\/\/schema.org\",\"@graph\":[{\"@type\":\"Organization\",\"@id\":\"https:\/\/acieloabierto.net\/en\/#organization\",\"name\":\"A Cielo Abierto\",\"url\":\"https:\/\/acieloabierto.net\/en\/\",\"sameAs\":[],\"logo\":{\"@type\":\"ImageObject\",\"@id\":\"https:\/\/acieloabierto.net\/en\/#logo\",\"inLanguage\":\"fr-FR\",\"url\":\"https:\/\/acieloabierto.net\/wp-content\/uploads\/2021\/02\/logo.svg\",\"contentUrl\":\"https:\/\/acieloabierto.net\/wp-content\/uploads\/2021\/02\/logo.svg\",\"caption\":\"A Cielo Abierto\"},\"image\":{\"@id\":\"https:\/\/acieloabierto.net\/en\/#logo\"}},{\"@type\":\"WebSite\",\"@id\":\"https:\/\/acieloabierto.net\/en\/#website\",\"url\":\"https:\/\/acieloabierto.net\/en\/\",\"name\":\"Acielo Abierto\",\"description\":\"Tuinmeubels Costa Blanca\",\"publisher\":{\"@id\":\"https:\/\/acieloabierto.net\/en\/#organization\"},\"potentialAction\":[{\"@type\":\"SearchAction\",\"target\":\"https:\/\/acieloabierto.net\/en\/?s={search_term_string}\",\"query-input\":\"required name=search_term_string\"}],\"inLanguage\":\"fr-FR\"},{\"@type\":\"ImageObject\",\"@id\":\"https:\/\/acieloabierto.net\/fr\/produits\/shoto-en-collaboration-avec-vincent-van-duysen\/#primaryimage\",\"inLanguage\":\"fr-FR\",\"url\":\"https:\/\/acieloabierto.net\/wp-content\/uploads\/2024\/05\/Indu-Vincent-van-Duysen_10190.jpg\",\"contentUrl\":\"https:\/\/acieloabierto.net\/wp-content\/uploads\/2024\/05\/Indu-Vincent-van-Duysen_10190.jpg\",\"width\":1920,\"height\":917},{\"@type\":\"WebPage\",\"@id\":\"https:\/\/acieloabierto.net\/fr\/produits\/shoto-en-collaboration-avec-vincent-van-duysen\/#webpage\",\"url\":\"https:\/\/acieloabierto.net\/fr\/produits\/shoto-en-collaboration-avec-vincent-van-duysen\/\",\"name\":\"Shot\\u014d en collaboration avec Vincent Van Duysen - A Cielo Abierto\",\"isPartOf\":{\"@id\":\"https:\/\/acieloabierto.net\/en\/#website\"},\"primaryImageOfPage\":{\"@id\":\"https:\/\/acieloabierto.net\/fr\/produits\/shoto-en-collaboration-avec-vincent-van-duysen\/#primaryimage\"},\"datePublished\":\"2024-05-21T09:38:03+00:00\",\"dateModified\":\"2024-05-21T09:38:03+00:00\",\"description\":\"Shot\\u014d est une collection iconique en collaboration avec Vincent Van Duysen \\u00e0 A Cielo Abierto \\u00e0 Altea, Benissa, Marbella et Estepona.\",\"breadcrumb\":{\"@id\":\"https:\/\/acieloabierto.net\/fr\/produits\/shoto-en-collaboration-avec-vincent-van-duysen\/#breadcrumb\"},\"inLanguage\":\"fr-FR\",\"potentialAction\":[{\"@type\":\"ReadAction\",\"target\":[\"https:\/\/acieloabierto.net\/fr\/produits\/shoto-en-collaboration-avec-vincent-van-duysen\/\"]}]},{\"@type\":\"BreadcrumbList\",\"@id\":\"https:\/\/acieloabierto.net\/fr\/produits\/shoto-en-collaboration-avec-vincent-van-duysen\/#breadcrumb\",\"itemListElement\":[{\"@type\":\"ListItem\",\"position\":1,\"item\":{\"@type\":\"WebPage\",\"@id\":\"https:\/\/acieloabierto.net\/fr\/\",\"url\":\"https:\/\/acieloabierto.net\/fr\/\",\"name\":\"Home\"}},{\"@type\":\"ListItem\",\"position\":2,\"item\":{\"@type\":\"WebPage\",\"@id\":\"\",\"url\":\"\",\"name\":\"\"}},{\"@type\":\"ListItem\",\"position\":3,\"item\":{\"@id\":\"https:\/\/acieloabierto.net\/fr\/produits\/shoto-en-collaboration-avec-vincent-van-duysen\/#webpage\"}}]}]}<\/script>\n<!-- \/ Yoast SEO plugin. -->","_links":{"self":[{"href":"https:\/\/acieloabierto.net\/fr\/wp-json\/wp\/v2\/product\/13537"}],"collection":[{"href":"https:\/\/acieloabierto.net\/fr\/wp-json\/wp\/v2\/product"}],"about":[{"href":"https:\/\/acieloabierto.net\/fr\/wp-json\/wp\/v2\/types\/product"}],"replies":[{"embeddable":true,"href":"https:\/\/acieloabierto.net\/fr\/wp-json\/wp\/v2\/comments?post=13537"}],"wp:featuredmedia":[{"embeddable":true,"href":"https:\/\/acieloabierto.net\/fr\/wp-json\/wp\/v2\/media\/13551"}],"wp:attachment":[{"href":"https:\/\/acieloabierto.net\/fr\/wp-json\/wp\/v2\/media?parent=13537"}],"curies":[{"name":"wp","href":"https:\/\/api.w.org\/{rel}","templated":true}]}}