{"id":13515,"date":"2024-05-21T10:49:37","date_gmt":"2024-05-21T08:49:37","guid":{"rendered":"https:\/\/acieloabierto.net\/producten\/onyx\/"},"modified":"2024-05-21T10:49:37","modified_gmt":"2024-05-21T08:49:37","slug":"onyx","status":"publish","type":"product","link":"https:\/\/acieloabierto.net\/fr\/produits\/onyx\/","title":{"rendered":"Onyx"},"content":{"rendered":"<p><span style=\"font-weight: 400;\">Des bords arrondis et un design \u00e9pur\u00e9 font d&rsquo;Onyx la desserte de bar de r\u00eave. Simple et \u00e9l\u00e9gant, ce chariot n&rsquo;est pas \u00e9quip\u00e9 d&rsquo;un bac \u00e0 glace, mais offre un vaste espace de rangement pour les verres et autres accessoires d&rsquo;ap\u00e9ritif.<\/span><\/p>\n<p><span style=\"font-weight: 400;\">Il permet de ranger les verres et autres accessoires pour l&rsquo;ap\u00e9ritif. Un must pour tout h\u00f4te.<\/span><\/p>\n","protected":false},"excerpt":{"rendered":"<p>Des bords arrondis et un design \u00e9pur\u00e9 font d&rsquo;Onyx la desserte de bar de r\u00eave. Simple et \u00e9l\u00e9gant, ce chariot n&rsquo;est pas \u00e9quip\u00e9 d&rsquo;un bac \u00e0 glace, mais offre un vaste espace de rangement pour les verres et autres accessoires d&rsquo;ap\u00e9ritif. Il permet de ranger les verres et autres accessoires pour l&rsquo;ap\u00e9ritif. Un must pour [&hellip;]<\/p>\n","protected":false},"featured_media":13516,"comment_status":"open","ping_status":"closed","template":"","meta":{"wds_primary_pwb-brand":0,"wds_primary_product_cat":0},"brands":[{"id":663,"name":"InduPlus","slug":"induplus-fr"}],"yoast_head":"<!-- This site is optimized with the Yoast SEO plugin v16.3 - https:\/\/yoast.com\/wordpress\/plugins\/seo\/ -->\n<title>Indu+ Onyx chariot et cuisines d&#039;ext\u00e9rieur en Espagne - A Cielo Abierto<\/title>\n<meta name=\"description\" content=\"Cuisines d&#039;ext\u00e9rieur et chariots de luxe Onyx Indu+ chez A Cielo Abierto outdoor furniture \u00e0 Altea, Benissa, Marbella et Estepona.\" \/>\n<meta name=\"robots\" content=\"index, follow, max-snippet:-1, max-image-preview:large, max-video-preview:-1\" \/>\n<link rel=\"canonical\" href=\"https:\/\/acieloabierto.net\/fr\/produits\/onyx\/\" \/>\n<meta property=\"og:locale\" content=\"fr_FR\" \/>\n<meta property=\"og:type\" content=\"article\" \/>\n<meta property=\"og:title\" content=\"Indu+ Onyx chariot et cuisines d&#039;ext\u00e9rieur en Espagne - A Cielo Abierto\" \/>\n<meta property=\"og:description\" content=\"Cuisines d&#039;ext\u00e9rieur et chariots de luxe Onyx Indu+ chez A Cielo Abierto outdoor furniture \u00e0 Altea, Benissa, Marbella et Estepona.\" \/>\n<meta property=\"og:url\" content=\"https:\/\/acieloabierto.net\/fr\/produits\/onyx\/\" \/>\n<meta property=\"og:site_name\" content=\"Acielo Abierto\" \/>\n<meta property=\"og:image\" content=\"https:\/\/acieloabierto.net\/wp-content\/uploads\/2024\/05\/onyx_007.jpg\" \/>\n\t<meta property=\"og:image:width\" content=\"1920\" \/>\n\t<meta property=\"og:image:height\" content=\"960\" \/>\n<meta name=\"twitter:card\" content=\"summary_large_image\" \/>\n<script type=\"application\/ld+json\" class=\"yoast-schema-graph\">{\"@context\":\"https:\/\/schema.org\",\"@graph\":[{\"@type\":\"Organization\",\"@id\":\"https:\/\/acieloabierto.net\/en\/#organization\",\"name\":\"A Cielo Abierto\",\"url\":\"https:\/\/acieloabierto.net\/en\/\",\"sameAs\":[],\"logo\":{\"@type\":\"ImageObject\",\"@id\":\"https:\/\/acieloabierto.net\/en\/#logo\",\"inLanguage\":\"fr-FR\",\"url\":\"https:\/\/acieloabierto.net\/wp-content\/uploads\/2021\/02\/logo.svg\",\"contentUrl\":\"https:\/\/acieloabierto.net\/wp-content\/uploads\/2021\/02\/logo.svg\",\"caption\":\"A Cielo Abierto\"},\"image\":{\"@id\":\"https:\/\/acieloabierto.net\/en\/#logo\"}},{\"@type\":\"WebSite\",\"@id\":\"https:\/\/acieloabierto.net\/en\/#website\",\"url\":\"https:\/\/acieloabierto.net\/en\/\",\"name\":\"Acielo Abierto\",\"description\":\"Tuinmeubels Costa Blanca\",\"publisher\":{\"@id\":\"https:\/\/acieloabierto.net\/en\/#organization\"},\"potentialAction\":[{\"@type\":\"SearchAction\",\"target\":\"https:\/\/acieloabierto.net\/en\/?s={search_term_string}\",\"query-input\":\"required name=search_term_string\"}],\"inLanguage\":\"fr-FR\"},{\"@type\":\"ImageObject\",\"@id\":\"https:\/\/acieloabierto.net\/fr\/produits\/onyx\/#primaryimage\",\"inLanguage\":\"fr-FR\",\"url\":\"https:\/\/acieloabierto.net\/wp-content\/uploads\/2024\/05\/onyx_007.jpg\",\"contentUrl\":\"https:\/\/acieloabierto.net\/wp-content\/uploads\/2024\/05\/onyx_007.jpg\",\"width\":1920,\"height\":960},{\"@type\":\"WebPage\",\"@id\":\"https:\/\/acieloabierto.net\/fr\/produits\/onyx\/#webpage\",\"url\":\"https:\/\/acieloabierto.net\/fr\/produits\/onyx\/\",\"name\":\"Indu+ Onyx chariot et cuisines d'ext\\u00e9rieur en Espagne - A Cielo Abierto\",\"isPartOf\":{\"@id\":\"https:\/\/acieloabierto.net\/en\/#website\"},\"primaryImageOfPage\":{\"@id\":\"https:\/\/acieloabierto.net\/fr\/produits\/onyx\/#primaryimage\"},\"datePublished\":\"2024-05-21T08:49:37+00:00\",\"dateModified\":\"2024-05-21T08:49:37+00:00\",\"description\":\"Cuisines d'ext\\u00e9rieur et chariots de luxe Onyx Indu+ chez A Cielo Abierto outdoor furniture \\u00e0 Altea, Benissa, Marbella et Estepona.\",\"breadcrumb\":{\"@id\":\"https:\/\/acieloabierto.net\/fr\/produits\/onyx\/#breadcrumb\"},\"inLanguage\":\"fr-FR\",\"potentialAction\":[{\"@type\":\"ReadAction\",\"target\":[\"https:\/\/acieloabierto.net\/fr\/produits\/onyx\/\"]}]},{\"@type\":\"BreadcrumbList\",\"@id\":\"https:\/\/acieloabierto.net\/fr\/produits\/onyx\/#breadcrumb\",\"itemListElement\":[{\"@type\":\"ListItem\",\"position\":1,\"item\":{\"@type\":\"WebPage\",\"@id\":\"https:\/\/acieloabierto.net\/fr\/\",\"url\":\"https:\/\/acieloabierto.net\/fr\/\",\"name\":\"Home\"}},{\"@type\":\"ListItem\",\"position\":2,\"item\":{\"@type\":\"WebPage\",\"@id\":\"\",\"url\":\"\",\"name\":\"\"}},{\"@type\":\"ListItem\",\"position\":3,\"item\":{\"@id\":\"https:\/\/acieloabierto.net\/fr\/produits\/onyx\/#webpage\"}}]}]}<\/script>\n<!-- \/ Yoast SEO plugin. -->","_links":{"self":[{"href":"https:\/\/acieloabierto.net\/fr\/wp-json\/wp\/v2\/product\/13515"}],"collection":[{"href":"https:\/\/acieloabierto.net\/fr\/wp-json\/wp\/v2\/product"}],"about":[{"href":"https:\/\/acieloabierto.net\/fr\/wp-json\/wp\/v2\/types\/product"}],"replies":[{"embeddable":true,"href":"https:\/\/acieloabierto.net\/fr\/wp-json\/wp\/v2\/comments?post=13515"}],"wp:featuredmedia":[{"embeddable":true,"href":"https:\/\/acieloabierto.net\/fr\/wp-json\/wp\/v2\/media\/13516"}],"wp:attachment":[{"href":"https:\/\/acieloabierto.net\/fr\/wp-json\/wp\/v2\/media?parent=13515"}],"curies":[{"name":"wp","href":"https:\/\/api.w.org\/{rel}","templated":true}]}}