{"id":13343,"date":"2024-05-20T15:41:13","date_gmt":"2024-05-20T13:41:13","guid":{"rendered":"https:\/\/acieloabierto.net\/producten\/arvid\/"},"modified":"2024-05-20T15:41:13","modified_gmt":"2024-05-20T13:41:13","slug":"arvid","status":"publish","type":"product","link":"https:\/\/acieloabierto.net\/fr\/produits\/arvid\/","title":{"rendered":"Arvid"},"content":{"rendered":"<p><span style=\"font-weight: 400;\">Avec ses deux zones de cuisson et son design simple mais \u00e9l\u00e9gant, arvid offre tout ce que vous attendez d&rsquo;une cuisine d&rsquo;ext\u00e9rieur. Il est fabriqu\u00e9 en teck massif de haute qualit\u00e9 et comprend un tiroir avec <\/span><span style=\"font-weight: 400;\">tiroir avec des guides \u00e0 fermeture douce et un porte-couteaux int\u00e9gr\u00e9<\/span><\/p>\n","protected":false},"excerpt":{"rendered":"<p>Avec ses deux zones de cuisson et son design simple mais \u00e9l\u00e9gant, arvid offre tout ce que vous attendez d&rsquo;une cuisine d&rsquo;ext\u00e9rieur. Il est fabriqu\u00e9 en teck massif de haute qualit\u00e9 et comprend un tiroir avec tiroir avec des guides \u00e0 fermeture douce et un porte-couteaux int\u00e9gr\u00e9<\/p>\n","protected":false},"featured_media":13361,"comment_status":"open","ping_status":"closed","template":"","meta":{"wds_primary_pwb-brand":0,"wds_primary_product_cat":0},"brands":[{"id":663,"name":"InduPlus","slug":"induplus-fr"}],"yoast_head":"<!-- This site is optimized with the Yoast SEO plugin v16.3 - https:\/\/yoast.com\/wordpress\/plugins\/seo\/ -->\n<title>Indu+ Cuisines d&#039;ext\u00e9rieur en Espagne - A Cielo Abierto<\/title>\n<meta name=\"description\" content=\"Cuisines ext\u00e9rieures Indu+ \u00e9l\u00e9gantes. Choix de combinaisons bar, induction, wok, grill chez A Cielo Abierto \u00e0 Altea, Benissa, Marbella et Estepona.\" \/>\n<meta name=\"robots\" content=\"index, follow, max-snippet:-1, max-image-preview:large, max-video-preview:-1\" \/>\n<link rel=\"canonical\" href=\"https:\/\/acieloabierto.net\/fr\/produits\/arvid\/\" \/>\n<meta property=\"og:locale\" content=\"fr_FR\" \/>\n<meta property=\"og:type\" content=\"article\" \/>\n<meta property=\"og:title\" content=\"Indu+ Cuisines d&#039;ext\u00e9rieur en Espagne - A Cielo Abierto\" \/>\n<meta property=\"og:description\" content=\"Cuisines ext\u00e9rieures Indu+ \u00e9l\u00e9gantes. Choix de combinaisons bar, induction, wok, grill chez A Cielo Abierto \u00e0 Altea, Benissa, Marbella et Estepona.\" \/>\n<meta property=\"og:url\" content=\"https:\/\/acieloabierto.net\/fr\/produits\/arvid\/\" \/>\n<meta property=\"og:site_name\" content=\"Acielo Abierto\" \/>\n<meta property=\"og:image\" content=\"https:\/\/acieloabierto.net\/wp-content\/uploads\/2024\/05\/arvid_015-2.jpg\" \/>\n\t<meta property=\"og:image:width\" content=\"1913\" \/>\n\t<meta property=\"og:image:height\" content=\"1175\" \/>\n<meta name=\"twitter:card\" content=\"summary_large_image\" \/>\n<script type=\"application\/ld+json\" class=\"yoast-schema-graph\">{\"@context\":\"https:\/\/schema.org\",\"@graph\":[{\"@type\":\"Organization\",\"@id\":\"https:\/\/acieloabierto.net\/en\/#organization\",\"name\":\"A Cielo Abierto\",\"url\":\"https:\/\/acieloabierto.net\/en\/\",\"sameAs\":[],\"logo\":{\"@type\":\"ImageObject\",\"@id\":\"https:\/\/acieloabierto.net\/en\/#logo\",\"inLanguage\":\"fr-FR\",\"url\":\"https:\/\/acieloabierto.net\/wp-content\/uploads\/2021\/02\/logo.svg\",\"contentUrl\":\"https:\/\/acieloabierto.net\/wp-content\/uploads\/2021\/02\/logo.svg\",\"caption\":\"A Cielo Abierto\"},\"image\":{\"@id\":\"https:\/\/acieloabierto.net\/en\/#logo\"}},{\"@type\":\"WebSite\",\"@id\":\"https:\/\/acieloabierto.net\/en\/#website\",\"url\":\"https:\/\/acieloabierto.net\/en\/\",\"name\":\"Acielo Abierto\",\"description\":\"Tuinmeubels Costa Blanca\",\"publisher\":{\"@id\":\"https:\/\/acieloabierto.net\/en\/#organization\"},\"potentialAction\":[{\"@type\":\"SearchAction\",\"target\":\"https:\/\/acieloabierto.net\/en\/?s={search_term_string}\",\"query-input\":\"required name=search_term_string\"}],\"inLanguage\":\"fr-FR\"},{\"@type\":\"ImageObject\",\"@id\":\"https:\/\/acieloabierto.net\/fr\/produits\/arvid\/#primaryimage\",\"inLanguage\":\"fr-FR\",\"url\":\"https:\/\/acieloabierto.net\/wp-content\/uploads\/2024\/05\/arvid_015-2.jpg\",\"contentUrl\":\"https:\/\/acieloabierto.net\/wp-content\/uploads\/2024\/05\/arvid_015-2.jpg\",\"width\":1913,\"height\":1175},{\"@type\":\"WebPage\",\"@id\":\"https:\/\/acieloabierto.net\/fr\/produits\/arvid\/#webpage\",\"url\":\"https:\/\/acieloabierto.net\/fr\/produits\/arvid\/\",\"name\":\"Indu+ Cuisines d'ext\\u00e9rieur en Espagne - A Cielo Abierto\",\"isPartOf\":{\"@id\":\"https:\/\/acieloabierto.net\/en\/#website\"},\"primaryImageOfPage\":{\"@id\":\"https:\/\/acieloabierto.net\/fr\/produits\/arvid\/#primaryimage\"},\"datePublished\":\"2024-05-20T13:41:13+00:00\",\"dateModified\":\"2024-05-20T13:41:13+00:00\",\"description\":\"Cuisines ext\\u00e9rieures Indu+ \\u00e9l\\u00e9gantes. Choix de combinaisons bar, induction, wok, grill chez A Cielo Abierto \\u00e0 Altea, Benissa, Marbella et Estepona.\",\"breadcrumb\":{\"@id\":\"https:\/\/acieloabierto.net\/fr\/produits\/arvid\/#breadcrumb\"},\"inLanguage\":\"fr-FR\",\"potentialAction\":[{\"@type\":\"ReadAction\",\"target\":[\"https:\/\/acieloabierto.net\/fr\/produits\/arvid\/\"]}]},{\"@type\":\"BreadcrumbList\",\"@id\":\"https:\/\/acieloabierto.net\/fr\/produits\/arvid\/#breadcrumb\",\"itemListElement\":[{\"@type\":\"ListItem\",\"position\":1,\"item\":{\"@type\":\"WebPage\",\"@id\":\"https:\/\/acieloabierto.net\/fr\/\",\"url\":\"https:\/\/acieloabierto.net\/fr\/\",\"name\":\"Home\"}},{\"@type\":\"ListItem\",\"position\":2,\"item\":{\"@type\":\"WebPage\",\"@id\":\"\",\"url\":\"\",\"name\":\"\"}},{\"@type\":\"ListItem\",\"position\":3,\"item\":{\"@id\":\"https:\/\/acieloabierto.net\/fr\/produits\/arvid\/#webpage\"}}]}]}<\/script>\n<!-- \/ Yoast SEO plugin. -->","_links":{"self":[{"href":"https:\/\/acieloabierto.net\/fr\/wp-json\/wp\/v2\/product\/13343"}],"collection":[{"href":"https:\/\/acieloabierto.net\/fr\/wp-json\/wp\/v2\/product"}],"about":[{"href":"https:\/\/acieloabierto.net\/fr\/wp-json\/wp\/v2\/types\/product"}],"replies":[{"embeddable":true,"href":"https:\/\/acieloabierto.net\/fr\/wp-json\/wp\/v2\/comments?post=13343"}],"wp:featuredmedia":[{"embeddable":true,"href":"https:\/\/acieloabierto.net\/fr\/wp-json\/wp\/v2\/media\/13361"}],"wp:attachment":[{"href":"https:\/\/acieloabierto.net\/fr\/wp-json\/wp\/v2\/media?parent=13343"}],"curies":[{"name":"wp","href":"https:\/\/api.w.org\/{rel}","templated":true}]}}