{"id":13323,"date":"2021-03-03T16:28:00","date_gmt":"2021-03-03T15:28:00","guid":{"rendered":"https:\/\/acieloabierto.net\/producten\/dome\/"},"modified":"2021-03-03T16:28:00","modified_gmt":"2021-03-03T15:28:00","slug":"dome","status":"publish","type":"product","link":"https:\/\/acieloabierto.net\/fr\/produits\/dome\/","title":{"rendered":"Dome"},"content":{"rendered":"<p><span style=\"font-weight: 400;\">Heatsail Dome est une <strong>lampe design d&rsquo;ext\u00e9rieur avec \u00e9l\u00e9ment chauffant<\/strong> pour votre jardin ou votre terrasse. En appuyant simplement sur un bouton, Dome fournit une lumi\u00e8re agr\u00e9able et diffuse une chaleur merveilleuse gr\u00e2ce \u00e0 ses rayons infrarouges invisibles. Dome est disponible dans toutes les couleurs RAL et est disponible en tant que luminaire sur pied ou suspendu.<\/span><\/p>\n","protected":false},"excerpt":{"rendered":"<p>Heatsail Dome est une lampe design d&rsquo;ext\u00e9rieur avec \u00e9l\u00e9ment chauffant pour votre jardin ou votre terrasse. En appuyant simplement sur un bouton, Dome fournit une lumi\u00e8re agr\u00e9able et diffuse une chaleur merveilleuse gr\u00e2ce \u00e0 ses rayons infrarouges invisibles. Dome est disponible dans toutes les couleurs RAL et est disponible en tant que luminaire sur pied [&hellip;]<\/p>\n","protected":false},"featured_media":13324,"comment_status":"open","ping_status":"closed","template":"","meta":{"wds_primary_pwb-brand":0,"wds_primary_product_cat":0},"brands":[{"id":661,"name":"HEATSAIL","slug":"heatsail-fr"}],"yoast_head":"<!-- This site is optimized with the Yoast SEO plugin v16.3 - https:\/\/yoast.com\/wordpress\/plugins\/seo\/ -->\n<title>Dome - Acielo Abierto<\/title>\n<meta name=\"robots\" content=\"index, follow, max-snippet:-1, max-image-preview:large, max-video-preview:-1\" \/>\n<link rel=\"canonical\" href=\"https:\/\/acieloabierto.net\/fr\/produits\/dome\/\" \/>\n<meta property=\"og:locale\" content=\"fr_FR\" \/>\n<meta property=\"og:type\" content=\"article\" \/>\n<meta property=\"og:title\" content=\"Dome - Acielo Abierto\" \/>\n<meta property=\"og:description\" content=\"Heatsail Dome est une lampe design d&rsquo;ext\u00e9rieur avec \u00e9l\u00e9ment chauffant pour votre jardin ou votre terrasse. En appuyant simplement sur un bouton, Dome fournit une lumi\u00e8re agr\u00e9able et diffuse une chaleur merveilleuse gr\u00e2ce \u00e0 ses rayons infrarouges invisibles. Dome est disponible dans toutes les couleurs RAL et est disponible en tant que luminaire sur pied [&hellip;]\" \/>\n<meta property=\"og:url\" content=\"https:\/\/acieloabierto.net\/fr\/produits\/dome\/\" \/>\n<meta property=\"og:site_name\" content=\"Acielo Abierto\" \/>\n<meta property=\"og:image\" content=\"https:\/\/acieloabierto.net\/wp-content\/uploads\/2021\/03\/dome-heatsail-ass.jpg\" \/>\n\t<meta property=\"og:image:width\" content=\"1920\" \/>\n\t<meta property=\"og:image:height\" content=\"1300\" \/>\n<meta name=\"twitter:card\" content=\"summary_large_image\" \/>\n<script type=\"application\/ld+json\" class=\"yoast-schema-graph\">{\"@context\":\"https:\/\/schema.org\",\"@graph\":[{\"@type\":\"Organization\",\"@id\":\"https:\/\/acieloabierto.net\/en\/#organization\",\"name\":\"A Cielo Abierto\",\"url\":\"https:\/\/acieloabierto.net\/en\/\",\"sameAs\":[],\"logo\":{\"@type\":\"ImageObject\",\"@id\":\"https:\/\/acieloabierto.net\/en\/#logo\",\"inLanguage\":\"fr-FR\",\"url\":\"https:\/\/acieloabierto.net\/wp-content\/uploads\/2021\/02\/logo.svg\",\"contentUrl\":\"https:\/\/acieloabierto.net\/wp-content\/uploads\/2021\/02\/logo.svg\",\"caption\":\"A Cielo Abierto\"},\"image\":{\"@id\":\"https:\/\/acieloabierto.net\/en\/#logo\"}},{\"@type\":\"WebSite\",\"@id\":\"https:\/\/acieloabierto.net\/en\/#website\",\"url\":\"https:\/\/acieloabierto.net\/en\/\",\"name\":\"Acielo Abierto\",\"description\":\"Tuinmeubels Costa Blanca\",\"publisher\":{\"@id\":\"https:\/\/acieloabierto.net\/en\/#organization\"},\"potentialAction\":[{\"@type\":\"SearchAction\",\"target\":\"https:\/\/acieloabierto.net\/en\/?s={search_term_string}\",\"query-input\":\"required name=search_term_string\"}],\"inLanguage\":\"fr-FR\"},{\"@type\":\"ImageObject\",\"@id\":\"https:\/\/acieloabierto.net\/fr\/produits\/dome\/#primaryimage\",\"inLanguage\":\"fr-FR\",\"url\":\"https:\/\/acieloabierto.net\/wp-content\/uploads\/2021\/03\/dome-heatsail-ass.jpg\",\"contentUrl\":\"https:\/\/acieloabierto.net\/wp-content\/uploads\/2021\/03\/dome-heatsail-ass.jpg\",\"width\":1920,\"height\":1300},{\"@type\":\"WebPage\",\"@id\":\"https:\/\/acieloabierto.net\/fr\/produits\/dome\/#webpage\",\"url\":\"https:\/\/acieloabierto.net\/fr\/produits\/dome\/\",\"name\":\"Dome - Acielo Abierto\",\"isPartOf\":{\"@id\":\"https:\/\/acieloabierto.net\/en\/#website\"},\"primaryImageOfPage\":{\"@id\":\"https:\/\/acieloabierto.net\/fr\/produits\/dome\/#primaryimage\"},\"datePublished\":\"2021-03-03T15:28:00+00:00\",\"dateModified\":\"2021-03-03T15:28:00+00:00\",\"breadcrumb\":{\"@id\":\"https:\/\/acieloabierto.net\/fr\/produits\/dome\/#breadcrumb\"},\"inLanguage\":\"fr-FR\",\"potentialAction\":[{\"@type\":\"ReadAction\",\"target\":[\"https:\/\/acieloabierto.net\/fr\/produits\/dome\/\"]}]},{\"@type\":\"BreadcrumbList\",\"@id\":\"https:\/\/acieloabierto.net\/fr\/produits\/dome\/#breadcrumb\",\"itemListElement\":[{\"@type\":\"ListItem\",\"position\":1,\"item\":{\"@type\":\"WebPage\",\"@id\":\"https:\/\/acieloabierto.net\/fr\/\",\"url\":\"https:\/\/acieloabierto.net\/fr\/\",\"name\":\"Home\"}},{\"@type\":\"ListItem\",\"position\":2,\"item\":{\"@type\":\"WebPage\",\"@id\":\"\",\"url\":\"\",\"name\":\"\"}},{\"@type\":\"ListItem\",\"position\":3,\"item\":{\"@id\":\"https:\/\/acieloabierto.net\/fr\/produits\/dome\/#webpage\"}}]}]}<\/script>\n<!-- \/ Yoast SEO plugin. -->","_links":{"self":[{"href":"https:\/\/acieloabierto.net\/fr\/wp-json\/wp\/v2\/product\/13323"}],"collection":[{"href":"https:\/\/acieloabierto.net\/fr\/wp-json\/wp\/v2\/product"}],"about":[{"href":"https:\/\/acieloabierto.net\/fr\/wp-json\/wp\/v2\/types\/product"}],"replies":[{"embeddable":true,"href":"https:\/\/acieloabierto.net\/fr\/wp-json\/wp\/v2\/comments?post=13323"}],"wp:featuredmedia":[{"embeddable":true,"href":"https:\/\/acieloabierto.net\/fr\/wp-json\/wp\/v2\/media\/13324"}],"wp:attachment":[{"href":"https:\/\/acieloabierto.net\/fr\/wp-json\/wp\/v2\/media?parent=13323"}],"curies":[{"name":"wp","href":"https:\/\/api.w.org\/{rel}","templated":true}]}}