{"id":13299,"date":"2021-02-22T10:51:30","date_gmt":"2021-02-22T09:51:30","guid":{"rendered":"https:\/\/acieloabierto.net\/producten\/selecta\/"},"modified":"2021-02-22T10:51:30","modified_gmt":"2021-02-22T09:51:30","slug":"selecta","status":"publish","type":"product","link":"https:\/\/acieloabierto.net\/fr\/produits\/selecta\/","title":{"rendered":"Selecta"},"content":{"rendered":"<p><span style=\"font-weight: 400;\">Selecta propose une large gamme de tables de diff\u00e9rentes tailles avec des plateaux en verre ou en c\u00e9ramique : de la table extensible pouvant accueillir jusqu&rsquo;\u00e0 12 personnes, aux tables de bistrot confortables et pratiques, disponibles en 3 hauteurs. Pas besoin de coussins suppl\u00e9mentaires : la finition Batyline\u00ae de la collection blanche, sable ou quartz offre un confort d&rsquo;assise sup\u00e9rieur. Une caract\u00e9ristique bienvenue qui s&rsquo;inscrit dans la continuit\u00e9 de la gamme Selecta.<\/span><\/p>\n","protected":false},"excerpt":{"rendered":"<p>Selecta propose une large gamme de tables de diff\u00e9rentes tailles avec des plateaux en verre ou en c\u00e9ramique : de la table extensible pouvant accueillir jusqu&rsquo;\u00e0 12 personnes, aux tables de bistrot confortables et pratiques, disponibles en 3 hauteurs. Pas besoin de coussins suppl\u00e9mentaires : la finition Batyline\u00ae de la collection blanche, sable ou quartz [&hellip;]<\/p>\n","protected":false},"featured_media":7842,"comment_status":"closed","ping_status":"closed","template":"","meta":{"wds_primary_pwb-brand":0,"wds_primary_product_cat":0},"brands":[{"id":657,"name":"Diphano","slug":"diphano-fr"}],"yoast_head":"<!-- This site is optimized with the Yoast SEO plugin v16.3 - https:\/\/yoast.com\/wordpress\/plugins\/seo\/ -->\n<title>Selecta - Acielo Abierto<\/title>\n<meta name=\"robots\" content=\"index, follow, max-snippet:-1, max-image-preview:large, max-video-preview:-1\" \/>\n<link rel=\"canonical\" href=\"https:\/\/acieloabierto.net\/fr\/produits\/selecta\/\" \/>\n<meta property=\"og:locale\" content=\"fr_FR\" \/>\n<meta property=\"og:type\" content=\"article\" \/>\n<meta property=\"og:title\" content=\"Selecta - Acielo Abierto\" \/>\n<meta property=\"og:description\" content=\"Selecta propose une large gamme de tables de diff\u00e9rentes tailles avec des plateaux en verre ou en c\u00e9ramique : de la table extensible pouvant accueillir jusqu&rsquo;\u00e0 12 personnes, aux tables de bistrot confortables et pratiques, disponibles en 3 hauteurs. Pas besoin de coussins suppl\u00e9mentaires : la finition Batyline\u00ae de la collection blanche, sable ou quartz [&hellip;]\" \/>\n<meta property=\"og:url\" content=\"https:\/\/acieloabierto.net\/fr\/produits\/selecta\/\" \/>\n<meta property=\"og:site_name\" content=\"Acielo Abierto\" \/>\n<meta name=\"twitter:card\" content=\"summary_large_image\" \/>\n<script type=\"application\/ld+json\" class=\"yoast-schema-graph\">{\"@context\":\"https:\/\/schema.org\",\"@graph\":[{\"@type\":\"Organization\",\"@id\":\"https:\/\/acieloabierto.net\/en\/#organization\",\"name\":\"A Cielo Abierto\",\"url\":\"https:\/\/acieloabierto.net\/en\/\",\"sameAs\":[],\"logo\":{\"@type\":\"ImageObject\",\"@id\":\"https:\/\/acieloabierto.net\/en\/#logo\",\"inLanguage\":\"fr-FR\",\"url\":\"https:\/\/acieloabierto.net\/wp-content\/uploads\/2021\/02\/logo.svg\",\"contentUrl\":\"https:\/\/acieloabierto.net\/wp-content\/uploads\/2021\/02\/logo.svg\",\"caption\":\"A Cielo Abierto\"},\"image\":{\"@id\":\"https:\/\/acieloabierto.net\/en\/#logo\"}},{\"@type\":\"WebSite\",\"@id\":\"https:\/\/acieloabierto.net\/en\/#website\",\"url\":\"https:\/\/acieloabierto.net\/en\/\",\"name\":\"Acielo Abierto\",\"description\":\"Tuinmeubels Costa Blanca\",\"publisher\":{\"@id\":\"https:\/\/acieloabierto.net\/en\/#organization\"},\"potentialAction\":[{\"@type\":\"SearchAction\",\"target\":\"https:\/\/acieloabierto.net\/en\/?s={search_term_string}\",\"query-input\":\"required name=search_term_string\"}],\"inLanguage\":\"fr-FR\"},{\"@type\":\"ImageObject\",\"@id\":\"https:\/\/acieloabierto.net\/fr\/produits\/selecta\/#primaryimage\",\"inLanguage\":\"fr-FR\",\"url\":\"https:\/\/acieloabierto.net\/wp-content\/uploads\/2021\/02\/selecta-diphano-tafels-stoelen.jpg\",\"contentUrl\":\"https:\/\/acieloabierto.net\/wp-content\/uploads\/2021\/02\/selecta-diphano-tafels-stoelen.jpg\",\"width\":1920,\"height\":1300,\"caption\":\"Tuinmeubels: barkrukken, tafels en stoelen van Diphano in Spanje\"},{\"@type\":\"WebPage\",\"@id\":\"https:\/\/acieloabierto.net\/fr\/produits\/selecta\/#webpage\",\"url\":\"https:\/\/acieloabierto.net\/fr\/produits\/selecta\/\",\"name\":\"Selecta - Acielo Abierto\",\"isPartOf\":{\"@id\":\"https:\/\/acieloabierto.net\/en\/#website\"},\"primaryImageOfPage\":{\"@id\":\"https:\/\/acieloabierto.net\/fr\/produits\/selecta\/#primaryimage\"},\"datePublished\":\"2021-02-22T09:51:30+00:00\",\"dateModified\":\"2021-02-22T09:51:30+00:00\",\"breadcrumb\":{\"@id\":\"https:\/\/acieloabierto.net\/fr\/produits\/selecta\/#breadcrumb\"},\"inLanguage\":\"fr-FR\",\"potentialAction\":[{\"@type\":\"ReadAction\",\"target\":[\"https:\/\/acieloabierto.net\/fr\/produits\/selecta\/\"]}]},{\"@type\":\"BreadcrumbList\",\"@id\":\"https:\/\/acieloabierto.net\/fr\/produits\/selecta\/#breadcrumb\",\"itemListElement\":[{\"@type\":\"ListItem\",\"position\":1,\"item\":{\"@type\":\"WebPage\",\"@id\":\"https:\/\/acieloabierto.net\/fr\/\",\"url\":\"https:\/\/acieloabierto.net\/fr\/\",\"name\":\"Home\"}},{\"@type\":\"ListItem\",\"position\":2,\"item\":{\"@type\":\"WebPage\",\"@id\":\"\",\"url\":\"\",\"name\":\"\"}},{\"@type\":\"ListItem\",\"position\":3,\"item\":{\"@id\":\"https:\/\/acieloabierto.net\/fr\/produits\/selecta\/#webpage\"}}]}]}<\/script>\n<!-- \/ Yoast SEO plugin. -->","_links":{"self":[{"href":"https:\/\/acieloabierto.net\/fr\/wp-json\/wp\/v2\/product\/13299"}],"collection":[{"href":"https:\/\/acieloabierto.net\/fr\/wp-json\/wp\/v2\/product"}],"about":[{"href":"https:\/\/acieloabierto.net\/fr\/wp-json\/wp\/v2\/types\/product"}],"replies":[{"embeddable":true,"href":"https:\/\/acieloabierto.net\/fr\/wp-json\/wp\/v2\/comments?post=13299"}],"wp:featuredmedia":[{"embeddable":true,"href":"https:\/\/acieloabierto.net\/fr\/wp-json\/wp\/v2\/media\/7842"}],"wp:attachment":[{"href":"https:\/\/acieloabierto.net\/fr\/wp-json\/wp\/v2\/media?parent=13299"}],"curies":[{"name":"wp","href":"https:\/\/api.w.org\/{rel}","templated":true}]}}