{"id":13269,"date":"2021-02-22T12:05:40","date_gmt":"2021-02-22T11:05:40","guid":{"rendered":"https:\/\/acieloabierto.net\/producten\/coast\/"},"modified":"2021-02-22T12:05:40","modified_gmt":"2021-02-22T11:05:40","slug":"coast","status":"publish","type":"product","link":"https:\/\/acieloabierto.net\/fr\/produits\/coast\/","title":{"rendered":"Coast"},"content":{"rendered":"<p><span style=\"font-weight: 400;\">Optez pour Coast ! Vous \u00eates \u00e0 la recherche d&rsquo;un ensemble d&rsquo;ext\u00e9rieur polyvalent ? Si\u00e8ge d&rsquo;appoint classique ou chaise longue moderne, cette collection offre, gr\u00e2ce \u00e0 sa conception modulaire, des possibilit\u00e9s de combinaison infinies. Chic sans effort dans un petit arrangement ou spacieux sur une terrasse \u00e9lev\u00e9e : Coast s&rsquo;adapte \u00e0 tous les endroits. Facile d&rsquo;entretien et durable gr\u00e2ce au tissu imperm\u00e9able, \u00e9l\u00e9gant et l\u00e9ger gr\u00e2ce aux pieds rabattables.<\/span><\/p>\n","protected":false},"excerpt":{"rendered":"<p>Optez pour Coast ! Vous \u00eates \u00e0 la recherche d&rsquo;un ensemble d&rsquo;ext\u00e9rieur polyvalent ? Si\u00e8ge d&rsquo;appoint classique ou chaise longue moderne, cette collection offre, gr\u00e2ce \u00e0 sa conception modulaire, des possibilit\u00e9s de combinaison infinies. Chic sans effort dans un petit arrangement ou spacieux sur une terrasse \u00e9lev\u00e9e : Coast s&rsquo;adapte \u00e0 tous les endroits. Facile [&hellip;]<\/p>\n","protected":false},"featured_media":13270,"comment_status":"closed","ping_status":"closed","template":"","meta":{"wds_primary_pwb-brand":0,"wds_primary_product_cat":0},"brands":[{"id":657,"name":"Diphano","slug":"diphano-fr"}],"yoast_head":"<!-- This site is optimized with the Yoast SEO plugin v16.3 - https:\/\/yoast.com\/wordpress\/plugins\/seo\/ -->\n<title>Coast - Acielo Abierto<\/title>\n<meta name=\"robots\" content=\"index, follow, max-snippet:-1, max-image-preview:large, max-video-preview:-1\" \/>\n<link rel=\"canonical\" href=\"https:\/\/acieloabierto.net\/fr\/produits\/coast\/\" \/>\n<meta property=\"og:locale\" content=\"fr_FR\" \/>\n<meta property=\"og:type\" content=\"article\" \/>\n<meta property=\"og:title\" content=\"Coast - Acielo Abierto\" \/>\n<meta property=\"og:description\" content=\"Optez pour Coast ! Vous \u00eates \u00e0 la recherche d&rsquo;un ensemble d&rsquo;ext\u00e9rieur polyvalent ? Si\u00e8ge d&rsquo;appoint classique ou chaise longue moderne, cette collection offre, gr\u00e2ce \u00e0 sa conception modulaire, des possibilit\u00e9s de combinaison infinies. Chic sans effort dans un petit arrangement ou spacieux sur une terrasse \u00e9lev\u00e9e : Coast s&rsquo;adapte \u00e0 tous les endroits. Facile [&hellip;]\" \/>\n<meta property=\"og:url\" content=\"https:\/\/acieloabierto.net\/fr\/produits\/coast\/\" \/>\n<meta property=\"og:site_name\" content=\"Acielo Abierto\" \/>\n<meta property=\"og:image\" content=\"https:\/\/acieloabierto.net\/wp-content\/uploads\/2021\/02\/coast-diphano-lounge.jpg\" \/>\n\t<meta property=\"og:image:width\" content=\"1920\" \/>\n\t<meta property=\"og:image:height\" content=\"1300\" \/>\n<meta name=\"twitter:card\" content=\"summary_large_image\" \/>\n<script type=\"application\/ld+json\" class=\"yoast-schema-graph\">{\"@context\":\"https:\/\/schema.org\",\"@graph\":[{\"@type\":\"Organization\",\"@id\":\"https:\/\/acieloabierto.net\/en\/#organization\",\"name\":\"A Cielo Abierto\",\"url\":\"https:\/\/acieloabierto.net\/en\/\",\"sameAs\":[],\"logo\":{\"@type\":\"ImageObject\",\"@id\":\"https:\/\/acieloabierto.net\/en\/#logo\",\"inLanguage\":\"fr-FR\",\"url\":\"https:\/\/acieloabierto.net\/wp-content\/uploads\/2021\/02\/logo.svg\",\"contentUrl\":\"https:\/\/acieloabierto.net\/wp-content\/uploads\/2021\/02\/logo.svg\",\"caption\":\"A Cielo Abierto\"},\"image\":{\"@id\":\"https:\/\/acieloabierto.net\/en\/#logo\"}},{\"@type\":\"WebSite\",\"@id\":\"https:\/\/acieloabierto.net\/en\/#website\",\"url\":\"https:\/\/acieloabierto.net\/en\/\",\"name\":\"Acielo Abierto\",\"description\":\"Tuinmeubels Costa Blanca\",\"publisher\":{\"@id\":\"https:\/\/acieloabierto.net\/en\/#organization\"},\"potentialAction\":[{\"@type\":\"SearchAction\",\"target\":\"https:\/\/acieloabierto.net\/en\/?s={search_term_string}\",\"query-input\":\"required name=search_term_string\"}],\"inLanguage\":\"fr-FR\"},{\"@type\":\"ImageObject\",\"@id\":\"https:\/\/acieloabierto.net\/fr\/produits\/coast\/#primaryimage\",\"inLanguage\":\"fr-FR\",\"url\":\"https:\/\/acieloabierto.net\/wp-content\/uploads\/2021\/02\/coast-diphano-lounge.jpg\",\"contentUrl\":\"https:\/\/acieloabierto.net\/wp-content\/uploads\/2021\/02\/coast-diphano-lounge.jpg\",\"width\":1920,\"height\":1300},{\"@type\":\"WebPage\",\"@id\":\"https:\/\/acieloabierto.net\/fr\/produits\/coast\/#webpage\",\"url\":\"https:\/\/acieloabierto.net\/fr\/produits\/coast\/\",\"name\":\"Coast - Acielo Abierto\",\"isPartOf\":{\"@id\":\"https:\/\/acieloabierto.net\/en\/#website\"},\"primaryImageOfPage\":{\"@id\":\"https:\/\/acieloabierto.net\/fr\/produits\/coast\/#primaryimage\"},\"datePublished\":\"2021-02-22T11:05:40+00:00\",\"dateModified\":\"2021-02-22T11:05:40+00:00\",\"breadcrumb\":{\"@id\":\"https:\/\/acieloabierto.net\/fr\/produits\/coast\/#breadcrumb\"},\"inLanguage\":\"fr-FR\",\"potentialAction\":[{\"@type\":\"ReadAction\",\"target\":[\"https:\/\/acieloabierto.net\/fr\/produits\/coast\/\"]}]},{\"@type\":\"BreadcrumbList\",\"@id\":\"https:\/\/acieloabierto.net\/fr\/produits\/coast\/#breadcrumb\",\"itemListElement\":[{\"@type\":\"ListItem\",\"position\":1,\"item\":{\"@type\":\"WebPage\",\"@id\":\"https:\/\/acieloabierto.net\/fr\/\",\"url\":\"https:\/\/acieloabierto.net\/fr\/\",\"name\":\"Home\"}},{\"@type\":\"ListItem\",\"position\":2,\"item\":{\"@type\":\"WebPage\",\"@id\":\"\",\"url\":\"\",\"name\":\"\"}},{\"@type\":\"ListItem\",\"position\":3,\"item\":{\"@id\":\"https:\/\/acieloabierto.net\/fr\/produits\/coast\/#webpage\"}}]}]}<\/script>\n<!-- \/ Yoast SEO plugin. -->","_links":{"self":[{"href":"https:\/\/acieloabierto.net\/fr\/wp-json\/wp\/v2\/product\/13269"}],"collection":[{"href":"https:\/\/acieloabierto.net\/fr\/wp-json\/wp\/v2\/product"}],"about":[{"href":"https:\/\/acieloabierto.net\/fr\/wp-json\/wp\/v2\/types\/product"}],"replies":[{"embeddable":true,"href":"https:\/\/acieloabierto.net\/fr\/wp-json\/wp\/v2\/comments?post=13269"}],"wp:featuredmedia":[{"embeddable":true,"href":"https:\/\/acieloabierto.net\/fr\/wp-json\/wp\/v2\/media\/13270"}],"wp:attachment":[{"href":"https:\/\/acieloabierto.net\/fr\/wp-json\/wp\/v2\/media?parent=13269"}],"curies":[{"name":"wp","href":"https:\/\/api.w.org\/{rel}","templated":true}]}}