{"id":13239,"date":"2021-04-28T14:36:07","date_gmt":"2021-04-28T12:36:07","guid":{"rendered":"https:\/\/acieloabierto.net\/producten\/b38\/"},"modified":"2021-04-28T14:36:07","modified_gmt":"2021-04-28T12:36:07","slug":"b38","status":"publish","type":"product","link":"https:\/\/acieloabierto.net\/fr\/produits\/b38\/","title":{"rendered":"B38"},"content":{"rendered":"<p><span style=\"font-weight: 400;\">Vous cherchez une protection optimale contre le soleil, le vent et les regards indiscrets ? Le B38 Elite et le B38 Prestige sont des stores qui offrent un maximum d&rsquo;ombre. Le B38 Prestige est un store exclusif qui r\u00e9siste \u00e0 un vent de force 6 Beaufort. Le volet r\u00e9tractable \u00e9lectriquement offre une protection parfaite contre le soleil bas et une intimit\u00e9 suppl\u00e9mentaire. Les moteurs Somfy avec \u00e9metteur sans fil commandent \u00e0 la fois la toile articul\u00e9e et le store, et en option m\u00eame l&rsquo;\u00e9clairage LED int\u00e9gr\u00e9 et le chauffage \u00e9lectrique.<\/span><\/p>\n","protected":false},"excerpt":{"rendered":"<p>Vous cherchez une protection optimale contre le soleil, le vent et les regards indiscrets ? Le B38 Elite et le B38 Prestige sont des stores qui offrent un maximum d&rsquo;ombre. Le B38 Prestige est un store exclusif qui r\u00e9siste \u00e0 un vent de force 6 Beaufort. Le volet r\u00e9tractable \u00e9lectriquement offre une protection parfaite contre [&hellip;]<\/p>\n","protected":false},"featured_media":13243,"comment_status":"closed","ping_status":"closed","template":"","meta":{"wds_primary_pwb-brand":0,"wds_primary_product_cat":0},"brands":[{"id":655,"name":"Brustor","slug":"brustor-fr"}],"yoast_head":"<!-- This site is optimized with the Yoast SEO plugin v16.3 - https:\/\/yoast.com\/wordpress\/plugins\/seo\/ -->\n<title>B38 - Acielo Abierto<\/title>\n<meta name=\"robots\" content=\"index, follow, max-snippet:-1, max-image-preview:large, max-video-preview:-1\" \/>\n<link rel=\"canonical\" href=\"https:\/\/acieloabierto.net\/fr\/produits\/b38\/\" \/>\n<meta property=\"og:locale\" content=\"fr_FR\" \/>\n<meta property=\"og:type\" content=\"article\" \/>\n<meta property=\"og:title\" content=\"B38 - Acielo Abierto\" \/>\n<meta property=\"og:description\" content=\"Vous cherchez une protection optimale contre le soleil, le vent et les regards indiscrets ? Le B38 Elite et le B38 Prestige sont des stores qui offrent un maximum d&rsquo;ombre. Le B38 Prestige est un store exclusif qui r\u00e9siste \u00e0 un vent de force 6 Beaufort. Le volet r\u00e9tractable \u00e9lectriquement offre une protection parfaite contre [&hellip;]\" \/>\n<meta property=\"og:url\" content=\"https:\/\/acieloabierto.net\/fr\/produits\/b38\/\" \/>\n<meta property=\"og:site_name\" content=\"Acielo Abierto\" \/>\n<meta property=\"og:image\" content=\"https:\/\/acieloabierto.net\/wp-content\/uploads\/2021\/04\/Schermopname-11-1.png\" \/>\n\t<meta property=\"og:image:width\" content=\"1920\" \/>\n\t<meta property=\"og:image:height\" content=\"1300\" \/>\n<meta name=\"twitter:card\" content=\"summary_large_image\" \/>\n<script type=\"application\/ld+json\" class=\"yoast-schema-graph\">{\"@context\":\"https:\/\/schema.org\",\"@graph\":[{\"@type\":\"Organization\",\"@id\":\"https:\/\/acieloabierto.net\/en\/#organization\",\"name\":\"A Cielo Abierto\",\"url\":\"https:\/\/acieloabierto.net\/en\/\",\"sameAs\":[],\"logo\":{\"@type\":\"ImageObject\",\"@id\":\"https:\/\/acieloabierto.net\/en\/#logo\",\"inLanguage\":\"fr-FR\",\"url\":\"https:\/\/acieloabierto.net\/wp-content\/uploads\/2021\/02\/logo.svg\",\"contentUrl\":\"https:\/\/acieloabierto.net\/wp-content\/uploads\/2021\/02\/logo.svg\",\"caption\":\"A Cielo Abierto\"},\"image\":{\"@id\":\"https:\/\/acieloabierto.net\/en\/#logo\"}},{\"@type\":\"WebSite\",\"@id\":\"https:\/\/acieloabierto.net\/en\/#website\",\"url\":\"https:\/\/acieloabierto.net\/en\/\",\"name\":\"Acielo Abierto\",\"description\":\"Tuinmeubels Costa Blanca\",\"publisher\":{\"@id\":\"https:\/\/acieloabierto.net\/en\/#organization\"},\"potentialAction\":[{\"@type\":\"SearchAction\",\"target\":\"https:\/\/acieloabierto.net\/en\/?s={search_term_string}\",\"query-input\":\"required name=search_term_string\"}],\"inLanguage\":\"fr-FR\"},{\"@type\":\"ImageObject\",\"@id\":\"https:\/\/acieloabierto.net\/fr\/produits\/b38\/#primaryimage\",\"inLanguage\":\"fr-FR\",\"url\":\"https:\/\/acieloabierto.net\/wp-content\/uploads\/2021\/04\/Schermopname-11-1.png\",\"contentUrl\":\"https:\/\/acieloabierto.net\/wp-content\/uploads\/2021\/04\/Schermopname-11-1.png\",\"width\":1920,\"height\":1300},{\"@type\":\"WebPage\",\"@id\":\"https:\/\/acieloabierto.net\/fr\/produits\/b38\/#webpage\",\"url\":\"https:\/\/acieloabierto.net\/fr\/produits\/b38\/\",\"name\":\"B38 - Acielo Abierto\",\"isPartOf\":{\"@id\":\"https:\/\/acieloabierto.net\/en\/#website\"},\"primaryImageOfPage\":{\"@id\":\"https:\/\/acieloabierto.net\/fr\/produits\/b38\/#primaryimage\"},\"datePublished\":\"2021-04-28T12:36:07+00:00\",\"dateModified\":\"2021-04-28T12:36:07+00:00\",\"breadcrumb\":{\"@id\":\"https:\/\/acieloabierto.net\/fr\/produits\/b38\/#breadcrumb\"},\"inLanguage\":\"fr-FR\",\"potentialAction\":[{\"@type\":\"ReadAction\",\"target\":[\"https:\/\/acieloabierto.net\/fr\/produits\/b38\/\"]}]},{\"@type\":\"BreadcrumbList\",\"@id\":\"https:\/\/acieloabierto.net\/fr\/produits\/b38\/#breadcrumb\",\"itemListElement\":[{\"@type\":\"ListItem\",\"position\":1,\"item\":{\"@type\":\"WebPage\",\"@id\":\"https:\/\/acieloabierto.net\/fr\/\",\"url\":\"https:\/\/acieloabierto.net\/fr\/\",\"name\":\"Home\"}},{\"@type\":\"ListItem\",\"position\":2,\"item\":{\"@type\":\"WebPage\",\"@id\":\"\",\"url\":\"\",\"name\":\"\"}},{\"@type\":\"ListItem\",\"position\":3,\"item\":{\"@id\":\"https:\/\/acieloabierto.net\/fr\/produits\/b38\/#webpage\"}}]}]}<\/script>\n<!-- \/ Yoast SEO plugin. -->","_links":{"self":[{"href":"https:\/\/acieloabierto.net\/fr\/wp-json\/wp\/v2\/product\/13239"}],"collection":[{"href":"https:\/\/acieloabierto.net\/fr\/wp-json\/wp\/v2\/product"}],"about":[{"href":"https:\/\/acieloabierto.net\/fr\/wp-json\/wp\/v2\/types\/product"}],"replies":[{"embeddable":true,"href":"https:\/\/acieloabierto.net\/fr\/wp-json\/wp\/v2\/comments?post=13239"}],"wp:featuredmedia":[{"embeddable":true,"href":"https:\/\/acieloabierto.net\/fr\/wp-json\/wp\/v2\/media\/13243"}],"wp:attachment":[{"href":"https:\/\/acieloabierto.net\/fr\/wp-json\/wp\/v2\/media?parent=13239"}],"curies":[{"name":"wp","href":"https:\/\/api.w.org\/{rel}","templated":true}]}}