{"id":13205,"date":"2021-04-28T14:10:22","date_gmt":"2021-04-28T12:10:22","guid":{"rendered":"https:\/\/acieloabierto.net\/producten\/brustor-b150xl\/"},"modified":"2021-04-28T14:10:22","modified_gmt":"2021-04-28T12:10:22","slug":"brustor-b150xl","status":"publish","type":"product","link":"https:\/\/acieloabierto.net\/fr\/produits\/brustor-b150xl\/","title":{"rendered":"B150XL"},"content":{"rendered":"<p><span style=\"font-weight: 400;\">Avec la couverture de terrasse B150 XL, vous entrez directement dans le monde de la vie en plein air. Avec le B150 XL motoris\u00e9, vous disposez de plusieurs options, telles que l&rsquo;\u00e9clairage LED, les \u00e9crans en saillie, le chauffage, l&rsquo;audio et un capteur de pluie\/neige. Cette version est enti\u00e8rement t\u00e9l\u00e9command\u00e9e \u00e0 l&rsquo;aide de la t\u00e9l\u00e9commande Somfy ou de votre smartphone.<\/span><\/p>\n","protected":false},"excerpt":{"rendered":"<p>Avec la couverture de terrasse B150 XL, vous entrez directement dans le monde de la vie en plein air. Avec le B150 XL motoris\u00e9, vous disposez de plusieurs options, telles que l&rsquo;\u00e9clairage LED, les \u00e9crans en saillie, le chauffage, l&rsquo;audio et un capteur de pluie\/neige. Cette version est enti\u00e8rement t\u00e9l\u00e9command\u00e9e \u00e0 l&rsquo;aide de la t\u00e9l\u00e9commande [&hellip;]<\/p>\n","protected":false},"featured_media":13207,"comment_status":"closed","ping_status":"closed","template":"","meta":{"wds_primary_pwb-brand":0,"wds_primary_product_cat":0},"brands":[{"id":655,"name":"Brustor","slug":"brustor-fr"}],"yoast_head":"<!-- This site is optimized with the Yoast SEO plugin v16.3 - https:\/\/yoast.com\/wordpress\/plugins\/seo\/ -->\n<title>B150XL - Acielo Abierto<\/title>\n<meta name=\"robots\" content=\"index, follow, max-snippet:-1, max-image-preview:large, max-video-preview:-1\" \/>\n<link rel=\"canonical\" href=\"https:\/\/acieloabierto.net\/fr\/produits\/brustor-b150xl\/\" \/>\n<meta property=\"og:locale\" content=\"fr_FR\" \/>\n<meta property=\"og:type\" content=\"article\" \/>\n<meta property=\"og:title\" content=\"B150XL - Acielo Abierto\" \/>\n<meta property=\"og:description\" content=\"Avec la couverture de terrasse B150 XL, vous entrez directement dans le monde de la vie en plein air. Avec le B150 XL motoris\u00e9, vous disposez de plusieurs options, telles que l&rsquo;\u00e9clairage LED, les \u00e9crans en saillie, le chauffage, l&rsquo;audio et un capteur de pluie\/neige. Cette version est enti\u00e8rement t\u00e9l\u00e9command\u00e9e \u00e0 l&rsquo;aide de la t\u00e9l\u00e9commande [&hellip;]\" \/>\n<meta property=\"og:url\" content=\"https:\/\/acieloabierto.net\/fr\/produits\/brustor-b150xl\/\" \/>\n<meta property=\"og:site_name\" content=\"Acielo Abierto\" \/>\n<meta property=\"og:image\" content=\"https:\/\/acieloabierto.net\/wp-content\/uploads\/2021\/04\/Brustor-B150XL-1.jpg\" \/>\n\t<meta property=\"og:image:width\" content=\"1920\" \/>\n\t<meta property=\"og:image:height\" content=\"1300\" \/>\n<meta name=\"twitter:card\" content=\"summary_large_image\" \/>\n<script type=\"application\/ld+json\" class=\"yoast-schema-graph\">{\"@context\":\"https:\/\/schema.org\",\"@graph\":[{\"@type\":\"Organization\",\"@id\":\"https:\/\/acieloabierto.net\/en\/#organization\",\"name\":\"A Cielo Abierto\",\"url\":\"https:\/\/acieloabierto.net\/en\/\",\"sameAs\":[],\"logo\":{\"@type\":\"ImageObject\",\"@id\":\"https:\/\/acieloabierto.net\/en\/#logo\",\"inLanguage\":\"fr-FR\",\"url\":\"https:\/\/acieloabierto.net\/wp-content\/uploads\/2021\/02\/logo.svg\",\"contentUrl\":\"https:\/\/acieloabierto.net\/wp-content\/uploads\/2021\/02\/logo.svg\",\"caption\":\"A Cielo Abierto\"},\"image\":{\"@id\":\"https:\/\/acieloabierto.net\/en\/#logo\"}},{\"@type\":\"WebSite\",\"@id\":\"https:\/\/acieloabierto.net\/en\/#website\",\"url\":\"https:\/\/acieloabierto.net\/en\/\",\"name\":\"Acielo Abierto\",\"description\":\"Tuinmeubels Costa Blanca\",\"publisher\":{\"@id\":\"https:\/\/acieloabierto.net\/en\/#organization\"},\"potentialAction\":[{\"@type\":\"SearchAction\",\"target\":\"https:\/\/acieloabierto.net\/en\/?s={search_term_string}\",\"query-input\":\"required name=search_term_string\"}],\"inLanguage\":\"fr-FR\"},{\"@type\":\"ImageObject\",\"@id\":\"https:\/\/acieloabierto.net\/fr\/produits\/brustor-b150xl\/#primaryimage\",\"inLanguage\":\"fr-FR\",\"url\":\"https:\/\/acieloabierto.net\/wp-content\/uploads\/2021\/04\/Brustor-B150XL-1.jpg\",\"contentUrl\":\"https:\/\/acieloabierto.net\/wp-content\/uploads\/2021\/04\/Brustor-B150XL-1.jpg\",\"width\":1920,\"height\":1300,\"caption\":\"Brustor B150XL terrasoverkapping\"},{\"@type\":\"WebPage\",\"@id\":\"https:\/\/acieloabierto.net\/fr\/produits\/brustor-b150xl\/#webpage\",\"url\":\"https:\/\/acieloabierto.net\/fr\/produits\/brustor-b150xl\/\",\"name\":\"B150XL - Acielo Abierto\",\"isPartOf\":{\"@id\":\"https:\/\/acieloabierto.net\/en\/#website\"},\"primaryImageOfPage\":{\"@id\":\"https:\/\/acieloabierto.net\/fr\/produits\/brustor-b150xl\/#primaryimage\"},\"datePublished\":\"2021-04-28T12:10:22+00:00\",\"dateModified\":\"2021-04-28T12:10:22+00:00\",\"breadcrumb\":{\"@id\":\"https:\/\/acieloabierto.net\/fr\/produits\/brustor-b150xl\/#breadcrumb\"},\"inLanguage\":\"fr-FR\",\"potentialAction\":[{\"@type\":\"ReadAction\",\"target\":[\"https:\/\/acieloabierto.net\/fr\/produits\/brustor-b150xl\/\"]}]},{\"@type\":\"BreadcrumbList\",\"@id\":\"https:\/\/acieloabierto.net\/fr\/produits\/brustor-b150xl\/#breadcrumb\",\"itemListElement\":[{\"@type\":\"ListItem\",\"position\":1,\"item\":{\"@type\":\"WebPage\",\"@id\":\"https:\/\/acieloabierto.net\/fr\/\",\"url\":\"https:\/\/acieloabierto.net\/fr\/\",\"name\":\"Home\"}},{\"@type\":\"ListItem\",\"position\":2,\"item\":{\"@type\":\"WebPage\",\"@id\":\"\",\"url\":\"\",\"name\":\"\"}},{\"@type\":\"ListItem\",\"position\":3,\"item\":{\"@id\":\"https:\/\/acieloabierto.net\/fr\/produits\/brustor-b150xl\/#webpage\"}}]}]}<\/script>\n<!-- \/ Yoast SEO plugin. -->","_links":{"self":[{"href":"https:\/\/acieloabierto.net\/fr\/wp-json\/wp\/v2\/product\/13205"}],"collection":[{"href":"https:\/\/acieloabierto.net\/fr\/wp-json\/wp\/v2\/product"}],"about":[{"href":"https:\/\/acieloabierto.net\/fr\/wp-json\/wp\/v2\/types\/product"}],"replies":[{"embeddable":true,"href":"https:\/\/acieloabierto.net\/fr\/wp-json\/wp\/v2\/comments?post=13205"}],"wp:featuredmedia":[{"embeddable":true,"href":"https:\/\/acieloabierto.net\/fr\/wp-json\/wp\/v2\/media\/13207"}],"wp:attachment":[{"href":"https:\/\/acieloabierto.net\/fr\/wp-json\/wp\/v2\/media?parent=13205"}],"curies":[{"name":"wp","href":"https:\/\/api.w.org\/{rel}","templated":true}]}}