{"id":13197,"date":"2021-03-03T16:05:38","date_gmt":"2021-03-03T15:05:38","guid":{"rendered":"https:\/\/acieloabierto.net\/producten\/samos\/"},"modified":"2021-03-03T16:05:38","modified_gmt":"2021-03-03T15:05:38","slug":"samos","status":"publish","type":"product","link":"https:\/\/acieloabierto.net\/fr\/produits\/samos\/","title":{"rendered":"Samos"},"content":{"rendered":"<p><span style=\"font-weight: 400;\">Con\u00e7ue par Marcel Wolterinck, la collection Samos de Borek a un look \u00e9pur\u00e9 et moderne. Fabriqu\u00e9s en aluminium peint par poudrage en blanc et\/ou anthracite, les meubles sont faciles \u00e0 nettoyer avec Borek Multi Cleaner et peuvent rester dehors en toute confiance pendant toute la saison. La collection Samos est tr\u00e8s \u00e9tendue et le design intemporel et \u00e9l\u00e9gant de ces meubles cr\u00e9e une atmosph\u00e8re unique sur la terrasse. Les produits Samos peuvent \u00eatre combin\u00e9s avec diff\u00e9rentes tables (basses) de la collection Borek. Pour un confort d&rsquo;assise encore plus grand, des coussins Sunbrella sont disponibles et, pour les produits lounge, des coussins tous temps.<\/span><\/p>\n","protected":false},"excerpt":{"rendered":"<p>Con\u00e7ue par Marcel Wolterinck, la collection Samos de Borek a un look \u00e9pur\u00e9 et moderne. Fabriqu\u00e9s en aluminium peint par poudrage en blanc et\/ou anthracite, les meubles sont faciles \u00e0 nettoyer avec Borek Multi Cleaner et peuvent rester dehors en toute confiance pendant toute la saison. La collection Samos est tr\u00e8s \u00e9tendue et le design [&hellip;]<\/p>\n","protected":false},"featured_media":13198,"comment_status":"closed","ping_status":"closed","template":"","meta":{"wds_primary_pwb-brand":0,"wds_primary_product_cat":0},"brands":[{"id":653,"name":"Borek","slug":"borek-fr"}],"yoast_head":"<!-- This site is optimized with the Yoast SEO plugin v16.3 - https:\/\/yoast.com\/wordpress\/plugins\/seo\/ -->\n<title>Samos - Acielo Abierto<\/title>\n<meta name=\"robots\" content=\"index, follow, max-snippet:-1, max-image-preview:large, max-video-preview:-1\" \/>\n<link rel=\"canonical\" href=\"https:\/\/acieloabierto.net\/fr\/produits\/samos\/\" \/>\n<meta property=\"og:locale\" content=\"fr_FR\" \/>\n<meta property=\"og:type\" content=\"article\" \/>\n<meta property=\"og:title\" content=\"Samos - Acielo Abierto\" \/>\n<meta property=\"og:description\" content=\"Con\u00e7ue par Marcel Wolterinck, la collection Samos de Borek a un look \u00e9pur\u00e9 et moderne. Fabriqu\u00e9s en aluminium peint par poudrage en blanc et\/ou anthracite, les meubles sont faciles \u00e0 nettoyer avec Borek Multi Cleaner et peuvent rester dehors en toute confiance pendant toute la saison. La collection Samos est tr\u00e8s \u00e9tendue et le design [&hellip;]\" \/>\n<meta property=\"og:url\" content=\"https:\/\/acieloabierto.net\/fr\/produits\/samos\/\" \/>\n<meta property=\"og:site_name\" content=\"Acielo Abierto\" \/>\n<meta property=\"og:image\" content=\"https:\/\/acieloabierto.net\/wp-content\/uploads\/2021\/03\/samos-borek-tafel1-scaled.jpg\" \/>\n\t<meta property=\"og:image:width\" content=\"2560\" \/>\n\t<meta property=\"og:image:height\" content=\"1700\" \/>\n<meta name=\"twitter:card\" content=\"summary_large_image\" \/>\n<meta name=\"twitter:label1\" content=\"Dur\u00e9e de lecture est.\">\n\t<meta name=\"twitter:data1\" content=\"1 minute\">\n<script type=\"application\/ld+json\" class=\"yoast-schema-graph\">{\"@context\":\"https:\/\/schema.org\",\"@graph\":[{\"@type\":\"Organization\",\"@id\":\"https:\/\/acieloabierto.net\/en\/#organization\",\"name\":\"A Cielo Abierto\",\"url\":\"https:\/\/acieloabierto.net\/en\/\",\"sameAs\":[],\"logo\":{\"@type\":\"ImageObject\",\"@id\":\"https:\/\/acieloabierto.net\/en\/#logo\",\"inLanguage\":\"fr-FR\",\"url\":\"https:\/\/acieloabierto.net\/wp-content\/uploads\/2021\/02\/logo.svg\",\"contentUrl\":\"https:\/\/acieloabierto.net\/wp-content\/uploads\/2021\/02\/logo.svg\",\"caption\":\"A Cielo Abierto\"},\"image\":{\"@id\":\"https:\/\/acieloabierto.net\/en\/#logo\"}},{\"@type\":\"WebSite\",\"@id\":\"https:\/\/acieloabierto.net\/en\/#website\",\"url\":\"https:\/\/acieloabierto.net\/en\/\",\"name\":\"Acielo Abierto\",\"description\":\"Tuinmeubels Costa Blanca\",\"publisher\":{\"@id\":\"https:\/\/acieloabierto.net\/en\/#organization\"},\"potentialAction\":[{\"@type\":\"SearchAction\",\"target\":\"https:\/\/acieloabierto.net\/en\/?s={search_term_string}\",\"query-input\":\"required name=search_term_string\"}],\"inLanguage\":\"fr-FR\"},{\"@type\":\"ImageObject\",\"@id\":\"https:\/\/acieloabierto.net\/fr\/produits\/samos\/#primaryimage\",\"inLanguage\":\"fr-FR\",\"url\":\"https:\/\/acieloabierto.net\/wp-content\/uploads\/2021\/03\/samos-borek-tafel1-scaled.jpg\",\"contentUrl\":\"https:\/\/acieloabierto.net\/wp-content\/uploads\/2021\/03\/samos-borek-tafel1-scaled.jpg\",\"width\":2560,\"height\":1700},{\"@type\":\"WebPage\",\"@id\":\"https:\/\/acieloabierto.net\/fr\/produits\/samos\/#webpage\",\"url\":\"https:\/\/acieloabierto.net\/fr\/produits\/samos\/\",\"name\":\"Samos - Acielo Abierto\",\"isPartOf\":{\"@id\":\"https:\/\/acieloabierto.net\/en\/#website\"},\"primaryImageOfPage\":{\"@id\":\"https:\/\/acieloabierto.net\/fr\/produits\/samos\/#primaryimage\"},\"datePublished\":\"2021-03-03T15:05:38+00:00\",\"dateModified\":\"2021-03-03T15:05:38+00:00\",\"breadcrumb\":{\"@id\":\"https:\/\/acieloabierto.net\/fr\/produits\/samos\/#breadcrumb\"},\"inLanguage\":\"fr-FR\",\"potentialAction\":[{\"@type\":\"ReadAction\",\"target\":[\"https:\/\/acieloabierto.net\/fr\/produits\/samos\/\"]}]},{\"@type\":\"BreadcrumbList\",\"@id\":\"https:\/\/acieloabierto.net\/fr\/produits\/samos\/#breadcrumb\",\"itemListElement\":[{\"@type\":\"ListItem\",\"position\":1,\"item\":{\"@type\":\"WebPage\",\"@id\":\"https:\/\/acieloabierto.net\/fr\/\",\"url\":\"https:\/\/acieloabierto.net\/fr\/\",\"name\":\"Home\"}},{\"@type\":\"ListItem\",\"position\":2,\"item\":{\"@type\":\"WebPage\",\"@id\":\"\",\"url\":\"\",\"name\":\"\"}},{\"@type\":\"ListItem\",\"position\":3,\"item\":{\"@id\":\"https:\/\/acieloabierto.net\/fr\/produits\/samos\/#webpage\"}}]}]}<\/script>\n<!-- \/ Yoast SEO plugin. -->","_links":{"self":[{"href":"https:\/\/acieloabierto.net\/fr\/wp-json\/wp\/v2\/product\/13197"}],"collection":[{"href":"https:\/\/acieloabierto.net\/fr\/wp-json\/wp\/v2\/product"}],"about":[{"href":"https:\/\/acieloabierto.net\/fr\/wp-json\/wp\/v2\/types\/product"}],"replies":[{"embeddable":true,"href":"https:\/\/acieloabierto.net\/fr\/wp-json\/wp\/v2\/comments?post=13197"}],"wp:featuredmedia":[{"embeddable":true,"href":"https:\/\/acieloabierto.net\/fr\/wp-json\/wp\/v2\/media\/13198"}],"wp:attachment":[{"href":"https:\/\/acieloabierto.net\/fr\/wp-json\/wp\/v2\/media?parent=13197"}],"curies":[{"name":"wp","href":"https:\/\/api.w.org\/{rel}","templated":true}]}}