{"id":13185,"date":"2021-03-03T16:00:52","date_gmt":"2021-03-03T15:00:52","guid":{"rendered":"https:\/\/acieloabierto.net\/producten\/pasturo\/"},"modified":"2021-03-03T16:00:52","modified_gmt":"2021-03-03T15:00:52","slug":"pasturo","status":"publish","type":"product","link":"https:\/\/acieloabierto.net\/fr\/produits\/pasturo\/","title":{"rendered":"Pasturo"},"content":{"rendered":"<p><span style=\"font-weight: 400;\">La gamme Pasturo de Borek pr\u00e9sente de belles formes arrondies et un aspect naturel chaleureux. Un cadre en acier galvanis\u00e9 rev\u00eatu par poudrage, de couleur anthracite, est associ\u00e9 \u00e0 la corde Ardenza, de couleur gris fer. Ce n&rsquo;est pas seulement la couleur, mais aussi le beau design arrondi qui est unique et qui donne aux mod\u00e8les Pasturo une allure joyeuse. Toutefois, cette allure pimpante contraste fortement avec le design solide comme le roc du nouveau venu de BOREK, en acier inoxydable rev\u00eatu indestructible et en corde Ardenza de haute qualit\u00e9. La collection se compose d&rsquo;une chaise, d&rsquo;un fauteuil bas, d&rsquo;un banc bas et d&rsquo;un lit de jour. La corde est fabriqu\u00e9e \u00e0 partir d&rsquo;un fil synth\u00e9tique thermoplastique. L&rsquo;\u00e2me du fil et le fil lui-m\u00eame sont color\u00e9s de part en part. Ce mat\u00e9riau est hydrofuge, r\u00e9sistant aux UV et aux champignons.<\/span><\/p>\n","protected":false},"excerpt":{"rendered":"<p>La gamme Pasturo de Borek pr\u00e9sente de belles formes arrondies et un aspect naturel chaleureux. Un cadre en acier galvanis\u00e9 rev\u00eatu par poudrage, de couleur anthracite, est associ\u00e9 \u00e0 la corde Ardenza, de couleur gris fer. Ce n&rsquo;est pas seulement la couleur, mais aussi le beau design arrondi qui est unique et qui donne aux [&hellip;]<\/p>\n","protected":false},"featured_media":13186,"comment_status":"closed","ping_status":"closed","template":"","meta":{"wds_primary_pwb-brand":0,"wds_primary_product_cat":0},"brands":[{"id":653,"name":"Borek","slug":"borek-fr"}],"yoast_head":"<!-- This site is optimized with the Yoast SEO plugin v16.3 - https:\/\/yoast.com\/wordpress\/plugins\/seo\/ -->\n<title>Pasturo - Acielo Abierto<\/title>\n<meta name=\"robots\" content=\"index, follow, max-snippet:-1, max-image-preview:large, max-video-preview:-1\" \/>\n<link rel=\"canonical\" href=\"https:\/\/acieloabierto.net\/fr\/produits\/pasturo\/\" \/>\n<meta property=\"og:locale\" content=\"fr_FR\" \/>\n<meta property=\"og:type\" content=\"article\" \/>\n<meta property=\"og:title\" content=\"Pasturo - Acielo Abierto\" \/>\n<meta property=\"og:description\" content=\"La gamme Pasturo de Borek pr\u00e9sente de belles formes arrondies et un aspect naturel chaleureux. Un cadre en acier galvanis\u00e9 rev\u00eatu par poudrage, de couleur anthracite, est associ\u00e9 \u00e0 la corde Ardenza, de couleur gris fer. Ce n&rsquo;est pas seulement la couleur, mais aussi le beau design arrondi qui est unique et qui donne aux [&hellip;]\" \/>\n<meta property=\"og:url\" content=\"https:\/\/acieloabierto.net\/fr\/produits\/pasturo\/\" \/>\n<meta property=\"og:site_name\" content=\"Acielo Abierto\" \/>\n<meta property=\"og:image\" content=\"https:\/\/acieloabierto.net\/wp-content\/uploads\/2021\/03\/pasturo-borek-lounge3.jpg\" \/>\n\t<meta property=\"og:image:width\" content=\"1920\" \/>\n\t<meta property=\"og:image:height\" content=\"1282\" \/>\n<meta name=\"twitter:card\" content=\"summary_large_image\" \/>\n<meta name=\"twitter:label1\" content=\"Dur\u00e9e de lecture est.\">\n\t<meta name=\"twitter:data1\" content=\"1 minute\">\n<script type=\"application\/ld+json\" class=\"yoast-schema-graph\">{\"@context\":\"https:\/\/schema.org\",\"@graph\":[{\"@type\":\"Organization\",\"@id\":\"https:\/\/acieloabierto.net\/en\/#organization\",\"name\":\"A Cielo Abierto\",\"url\":\"https:\/\/acieloabierto.net\/en\/\",\"sameAs\":[],\"logo\":{\"@type\":\"ImageObject\",\"@id\":\"https:\/\/acieloabierto.net\/en\/#logo\",\"inLanguage\":\"fr-FR\",\"url\":\"https:\/\/acieloabierto.net\/wp-content\/uploads\/2021\/02\/logo.svg\",\"contentUrl\":\"https:\/\/acieloabierto.net\/wp-content\/uploads\/2021\/02\/logo.svg\",\"caption\":\"A Cielo Abierto\"},\"image\":{\"@id\":\"https:\/\/acieloabierto.net\/en\/#logo\"}},{\"@type\":\"WebSite\",\"@id\":\"https:\/\/acieloabierto.net\/en\/#website\",\"url\":\"https:\/\/acieloabierto.net\/en\/\",\"name\":\"Acielo Abierto\",\"description\":\"Tuinmeubels Costa Blanca\",\"publisher\":{\"@id\":\"https:\/\/acieloabierto.net\/en\/#organization\"},\"potentialAction\":[{\"@type\":\"SearchAction\",\"target\":\"https:\/\/acieloabierto.net\/en\/?s={search_term_string}\",\"query-input\":\"required name=search_term_string\"}],\"inLanguage\":\"fr-FR\"},{\"@type\":\"ImageObject\",\"@id\":\"https:\/\/acieloabierto.net\/fr\/produits\/pasturo\/#primaryimage\",\"inLanguage\":\"fr-FR\",\"url\":\"https:\/\/acieloabierto.net\/wp-content\/uploads\/2021\/03\/pasturo-borek-lounge3.jpg\",\"contentUrl\":\"https:\/\/acieloabierto.net\/wp-content\/uploads\/2021\/03\/pasturo-borek-lounge3.jpg\",\"width\":1920,\"height\":1282},{\"@type\":\"WebPage\",\"@id\":\"https:\/\/acieloabierto.net\/fr\/produits\/pasturo\/#webpage\",\"url\":\"https:\/\/acieloabierto.net\/fr\/produits\/pasturo\/\",\"name\":\"Pasturo - Acielo Abierto\",\"isPartOf\":{\"@id\":\"https:\/\/acieloabierto.net\/en\/#website\"},\"primaryImageOfPage\":{\"@id\":\"https:\/\/acieloabierto.net\/fr\/produits\/pasturo\/#primaryimage\"},\"datePublished\":\"2021-03-03T15:00:52+00:00\",\"dateModified\":\"2021-03-03T15:00:52+00:00\",\"breadcrumb\":{\"@id\":\"https:\/\/acieloabierto.net\/fr\/produits\/pasturo\/#breadcrumb\"},\"inLanguage\":\"fr-FR\",\"potentialAction\":[{\"@type\":\"ReadAction\",\"target\":[\"https:\/\/acieloabierto.net\/fr\/produits\/pasturo\/\"]}]},{\"@type\":\"BreadcrumbList\",\"@id\":\"https:\/\/acieloabierto.net\/fr\/produits\/pasturo\/#breadcrumb\",\"itemListElement\":[{\"@type\":\"ListItem\",\"position\":1,\"item\":{\"@type\":\"WebPage\",\"@id\":\"https:\/\/acieloabierto.net\/fr\/\",\"url\":\"https:\/\/acieloabierto.net\/fr\/\",\"name\":\"Home\"}},{\"@type\":\"ListItem\",\"position\":2,\"item\":{\"@type\":\"WebPage\",\"@id\":\"\",\"url\":\"\",\"name\":\"\"}},{\"@type\":\"ListItem\",\"position\":3,\"item\":{\"@id\":\"https:\/\/acieloabierto.net\/fr\/produits\/pasturo\/#webpage\"}}]}]}<\/script>\n<!-- \/ Yoast SEO plugin. -->","_links":{"self":[{"href":"https:\/\/acieloabierto.net\/fr\/wp-json\/wp\/v2\/product\/13185"}],"collection":[{"href":"https:\/\/acieloabierto.net\/fr\/wp-json\/wp\/v2\/product"}],"about":[{"href":"https:\/\/acieloabierto.net\/fr\/wp-json\/wp\/v2\/types\/product"}],"replies":[{"embeddable":true,"href":"https:\/\/acieloabierto.net\/fr\/wp-json\/wp\/v2\/comments?post=13185"}],"wp:featuredmedia":[{"embeddable":true,"href":"https:\/\/acieloabierto.net\/fr\/wp-json\/wp\/v2\/media\/13186"}],"wp:attachment":[{"href":"https:\/\/acieloabierto.net\/fr\/wp-json\/wp\/v2\/media?parent=13185"}],"curies":[{"name":"wp","href":"https:\/\/api.w.org\/{rel}","templated":true}]}}