{"id":13173,"date":"2021-03-03T15:58:01","date_gmt":"2021-03-03T14:58:01","guid":{"rendered":"https:\/\/acieloabierto.net\/producten\/murcia\/"},"modified":"2021-03-03T15:58:01","modified_gmt":"2021-03-03T14:58:01","slug":"murcia","status":"publish","type":"product","link":"https:\/\/acieloabierto.net\/fr\/produits\/murcia\/","title":{"rendered":"Murcia"},"content":{"rendered":"<p><span style=\"font-weight: 400;\">L&rsquo;ic\u00f4ne du design Marcel Wolterinck est dans son \u00e9l\u00e9ment avec sa collection Murcia pour Borek. Cette nouvelle g\u00e9n\u00e9ration d&rsquo;\u00e9l\u00e9ments d&rsquo;assise avec des coussins d&rsquo;assise de grand format montre bien que ce cr\u00e9atif polyvalent n&rsquo;a pas peur des grandes dimensions XL. Les modules, en blanc ou en anthracite, peuvent \u00eatre combin\u00e9s \u00e0 volont\u00e9 pour former un canap\u00e9 ou une banquette d&rsquo;angle confortable. Les modules sont fabriqu\u00e9s en aluminium peint par poudrage et sont faciles \u00e0 nettoyer avec Borek Multi Cleaner. La collection Murcia se caract\u00e9rise par un design \u00e9pur\u00e9, des coussins d&rsquo;assise et de dossier confortables et cr\u00e9e une atmosph\u00e8re unique sur la terrasse. Cette collection peut \u00eatre combin\u00e9e avec diff\u00e9rentes tables basses et tables d&rsquo;appoint de la collection Borek.<\/span><\/p>\n","protected":false},"excerpt":{"rendered":"<p>L&rsquo;ic\u00f4ne du design Marcel Wolterinck est dans son \u00e9l\u00e9ment avec sa collection Murcia pour Borek. Cette nouvelle g\u00e9n\u00e9ration d&rsquo;\u00e9l\u00e9ments d&rsquo;assise avec des coussins d&rsquo;assise de grand format montre bien que ce cr\u00e9atif polyvalent n&rsquo;a pas peur des grandes dimensions XL. Les modules, en blanc ou en anthracite, peuvent \u00eatre combin\u00e9s \u00e0 volont\u00e9 pour former un [&hellip;]<\/p>\n","protected":false},"featured_media":13174,"comment_status":"closed","ping_status":"closed","template":"","meta":{"wds_primary_pwb-brand":0,"wds_primary_product_cat":0},"brands":[{"id":653,"name":"Borek","slug":"borek-fr"}],"yoast_head":"<!-- This site is optimized with the Yoast SEO plugin v16.3 - https:\/\/yoast.com\/wordpress\/plugins\/seo\/ -->\n<title>Murcia - Acielo Abierto<\/title>\n<meta name=\"robots\" content=\"index, follow, max-snippet:-1, max-image-preview:large, max-video-preview:-1\" \/>\n<link rel=\"canonical\" href=\"https:\/\/acieloabierto.net\/fr\/produits\/murcia\/\" \/>\n<meta property=\"og:locale\" content=\"fr_FR\" \/>\n<meta property=\"og:type\" content=\"article\" \/>\n<meta property=\"og:title\" content=\"Murcia - Acielo Abierto\" \/>\n<meta property=\"og:description\" content=\"L&rsquo;ic\u00f4ne du design Marcel Wolterinck est dans son \u00e9l\u00e9ment avec sa collection Murcia pour Borek. Cette nouvelle g\u00e9n\u00e9ration d&rsquo;\u00e9l\u00e9ments d&rsquo;assise avec des coussins d&rsquo;assise de grand format montre bien que ce cr\u00e9atif polyvalent n&rsquo;a pas peur des grandes dimensions XL. Les modules, en blanc ou en anthracite, peuvent \u00eatre combin\u00e9s \u00e0 volont\u00e9 pour former un [&hellip;]\" \/>\n<meta property=\"og:url\" content=\"https:\/\/acieloabierto.net\/fr\/produits\/murcia\/\" \/>\n<meta property=\"og:site_name\" content=\"Acielo Abierto\" \/>\n<meta property=\"og:image\" content=\"https:\/\/acieloabierto.net\/wp-content\/uploads\/2021\/03\/murcia-borek-lounge1.jpg\" \/>\n\t<meta property=\"og:image:width\" content=\"1920\" \/>\n\t<meta property=\"og:image:height\" content=\"1280\" \/>\n<meta name=\"twitter:card\" content=\"summary_large_image\" \/>\n<meta name=\"twitter:label1\" content=\"Dur\u00e9e de lecture est.\">\n\t<meta name=\"twitter:data1\" content=\"1 minute\">\n<script type=\"application\/ld+json\" class=\"yoast-schema-graph\">{\"@context\":\"https:\/\/schema.org\",\"@graph\":[{\"@type\":\"Organization\",\"@id\":\"https:\/\/acieloabierto.net\/en\/#organization\",\"name\":\"A Cielo Abierto\",\"url\":\"https:\/\/acieloabierto.net\/en\/\",\"sameAs\":[],\"logo\":{\"@type\":\"ImageObject\",\"@id\":\"https:\/\/acieloabierto.net\/en\/#logo\",\"inLanguage\":\"fr-FR\",\"url\":\"https:\/\/acieloabierto.net\/wp-content\/uploads\/2021\/02\/logo.svg\",\"contentUrl\":\"https:\/\/acieloabierto.net\/wp-content\/uploads\/2021\/02\/logo.svg\",\"caption\":\"A Cielo Abierto\"},\"image\":{\"@id\":\"https:\/\/acieloabierto.net\/en\/#logo\"}},{\"@type\":\"WebSite\",\"@id\":\"https:\/\/acieloabierto.net\/en\/#website\",\"url\":\"https:\/\/acieloabierto.net\/en\/\",\"name\":\"Acielo Abierto\",\"description\":\"Tuinmeubels Costa Blanca\",\"publisher\":{\"@id\":\"https:\/\/acieloabierto.net\/en\/#organization\"},\"potentialAction\":[{\"@type\":\"SearchAction\",\"target\":\"https:\/\/acieloabierto.net\/en\/?s={search_term_string}\",\"query-input\":\"required name=search_term_string\"}],\"inLanguage\":\"fr-FR\"},{\"@type\":\"ImageObject\",\"@id\":\"https:\/\/acieloabierto.net\/fr\/produits\/murcia\/#primaryimage\",\"inLanguage\":\"fr-FR\",\"url\":\"https:\/\/acieloabierto.net\/wp-content\/uploads\/2021\/03\/murcia-borek-lounge1.jpg\",\"contentUrl\":\"https:\/\/acieloabierto.net\/wp-content\/uploads\/2021\/03\/murcia-borek-lounge1.jpg\",\"width\":1920,\"height\":1280},{\"@type\":\"WebPage\",\"@id\":\"https:\/\/acieloabierto.net\/fr\/produits\/murcia\/#webpage\",\"url\":\"https:\/\/acieloabierto.net\/fr\/produits\/murcia\/\",\"name\":\"Murcia - Acielo Abierto\",\"isPartOf\":{\"@id\":\"https:\/\/acieloabierto.net\/en\/#website\"},\"primaryImageOfPage\":{\"@id\":\"https:\/\/acieloabierto.net\/fr\/produits\/murcia\/#primaryimage\"},\"datePublished\":\"2021-03-03T14:58:01+00:00\",\"dateModified\":\"2021-03-03T14:58:01+00:00\",\"breadcrumb\":{\"@id\":\"https:\/\/acieloabierto.net\/fr\/produits\/murcia\/#breadcrumb\"},\"inLanguage\":\"fr-FR\",\"potentialAction\":[{\"@type\":\"ReadAction\",\"target\":[\"https:\/\/acieloabierto.net\/fr\/produits\/murcia\/\"]}]},{\"@type\":\"BreadcrumbList\",\"@id\":\"https:\/\/acieloabierto.net\/fr\/produits\/murcia\/#breadcrumb\",\"itemListElement\":[{\"@type\":\"ListItem\",\"position\":1,\"item\":{\"@type\":\"WebPage\",\"@id\":\"https:\/\/acieloabierto.net\/fr\/\",\"url\":\"https:\/\/acieloabierto.net\/fr\/\",\"name\":\"Home\"}},{\"@type\":\"ListItem\",\"position\":2,\"item\":{\"@type\":\"WebPage\",\"@id\":\"\",\"url\":\"\",\"name\":\"\"}},{\"@type\":\"ListItem\",\"position\":3,\"item\":{\"@id\":\"https:\/\/acieloabierto.net\/fr\/produits\/murcia\/#webpage\"}}]}]}<\/script>\n<!-- \/ Yoast SEO plugin. -->","_links":{"self":[{"href":"https:\/\/acieloabierto.net\/fr\/wp-json\/wp\/v2\/product\/13173"}],"collection":[{"href":"https:\/\/acieloabierto.net\/fr\/wp-json\/wp\/v2\/product"}],"about":[{"href":"https:\/\/acieloabierto.net\/fr\/wp-json\/wp\/v2\/types\/product"}],"replies":[{"embeddable":true,"href":"https:\/\/acieloabierto.net\/fr\/wp-json\/wp\/v2\/comments?post=13173"}],"wp:featuredmedia":[{"embeddable":true,"href":"https:\/\/acieloabierto.net\/fr\/wp-json\/wp\/v2\/media\/13174"}],"wp:attachment":[{"href":"https:\/\/acieloabierto.net\/fr\/wp-json\/wp\/v2\/media?parent=13173"}],"curies":[{"name":"wp","href":"https:\/\/api.w.org\/{rel}","templated":true}]}}