{"id":13167,"date":"2021-03-03T15:56:24","date_gmt":"2021-03-03T14:56:24","guid":{"rendered":"https:\/\/acieloabierto.net\/producten\/majinto\/"},"modified":"2021-03-03T15:56:24","modified_gmt":"2021-03-03T14:56:24","slug":"majinto","status":"publish","type":"product","link":"https:\/\/acieloabierto.net\/fr\/produits\/majinto\/","title":{"rendered":"Majinto"},"content":{"rendered":"<p><span style=\"font-weight: 400;\">La chaise Majinto de Borek est une chaise confortable et magnifiquement con\u00e7ue. Cette chaise est dot\u00e9e d&rsquo;un cadre en aluminium et d&rsquo;une large ceinture. Celle-ci est tress\u00e9e et reste donc a\u00e9r\u00e9e. Un coussin d&rsquo;assise et de dossier est disponible pour augmenter le confort de la chaise. Cette chaise est particuli\u00e8rement belle non seulement sur les tables en bois, mais aussi sur la table Faro avec le plateau Dekton. Un fauteuil bas, un banc bas et une chaise de salle \u00e0 manger haute sont \u00e9galement disponibles. Design par Studio Borek.<\/span><\/p>\n","protected":false},"excerpt":{"rendered":"<p>La chaise Majinto de Borek est une chaise confortable et magnifiquement con\u00e7ue. Cette chaise est dot\u00e9e d&rsquo;un cadre en aluminium et d&rsquo;une large ceinture. Celle-ci est tress\u00e9e et reste donc a\u00e9r\u00e9e. Un coussin d&rsquo;assise et de dossier est disponible pour augmenter le confort de la chaise. Cette chaise est particuli\u00e8rement belle non seulement sur les [&hellip;]<\/p>\n","protected":false},"featured_media":13168,"comment_status":"closed","ping_status":"closed","template":"","meta":{"wds_primary_pwb-brand":0,"wds_primary_product_cat":0},"brands":[{"id":653,"name":"Borek","slug":"borek-fr"}],"yoast_head":"<!-- This site is optimized with the Yoast SEO plugin v16.3 - https:\/\/yoast.com\/wordpress\/plugins\/seo\/ -->\n<title>Majinto - Acielo Abierto<\/title>\n<meta name=\"robots\" content=\"index, follow, max-snippet:-1, max-image-preview:large, max-video-preview:-1\" \/>\n<link rel=\"canonical\" href=\"https:\/\/acieloabierto.net\/fr\/produits\/majinto\/\" \/>\n<meta property=\"og:locale\" content=\"fr_FR\" \/>\n<meta property=\"og:type\" content=\"article\" \/>\n<meta property=\"og:title\" content=\"Majinto - Acielo Abierto\" \/>\n<meta property=\"og:description\" content=\"La chaise Majinto de Borek est une chaise confortable et magnifiquement con\u00e7ue. Cette chaise est dot\u00e9e d&rsquo;un cadre en aluminium et d&rsquo;une large ceinture. Celle-ci est tress\u00e9e et reste donc a\u00e9r\u00e9e. Un coussin d&rsquo;assise et de dossier est disponible pour augmenter le confort de la chaise. Cette chaise est particuli\u00e8rement belle non seulement sur les [&hellip;]\" \/>\n<meta property=\"og:url\" content=\"https:\/\/acieloabierto.net\/fr\/produits\/majinto\/\" \/>\n<meta property=\"og:site_name\" content=\"Acielo Abierto\" \/>\n<meta property=\"og:image\" content=\"https:\/\/acieloabierto.net\/wp-content\/uploads\/2021\/03\/majinto-borek-tafel1.jpg\" \/>\n\t<meta property=\"og:image:width\" content=\"1920\" \/>\n\t<meta property=\"og:image:height\" content=\"1281\" \/>\n<meta name=\"twitter:card\" content=\"summary_large_image\" \/>\n<script type=\"application\/ld+json\" class=\"yoast-schema-graph\">{\"@context\":\"https:\/\/schema.org\",\"@graph\":[{\"@type\":\"Organization\",\"@id\":\"https:\/\/acieloabierto.net\/en\/#organization\",\"name\":\"A Cielo Abierto\",\"url\":\"https:\/\/acieloabierto.net\/en\/\",\"sameAs\":[],\"logo\":{\"@type\":\"ImageObject\",\"@id\":\"https:\/\/acieloabierto.net\/en\/#logo\",\"inLanguage\":\"fr-FR\",\"url\":\"https:\/\/acieloabierto.net\/wp-content\/uploads\/2021\/02\/logo.svg\",\"contentUrl\":\"https:\/\/acieloabierto.net\/wp-content\/uploads\/2021\/02\/logo.svg\",\"caption\":\"A Cielo Abierto\"},\"image\":{\"@id\":\"https:\/\/acieloabierto.net\/en\/#logo\"}},{\"@type\":\"WebSite\",\"@id\":\"https:\/\/acieloabierto.net\/en\/#website\",\"url\":\"https:\/\/acieloabierto.net\/en\/\",\"name\":\"Acielo Abierto\",\"description\":\"Tuinmeubels Costa Blanca\",\"publisher\":{\"@id\":\"https:\/\/acieloabierto.net\/en\/#organization\"},\"potentialAction\":[{\"@type\":\"SearchAction\",\"target\":\"https:\/\/acieloabierto.net\/en\/?s={search_term_string}\",\"query-input\":\"required name=search_term_string\"}],\"inLanguage\":\"fr-FR\"},{\"@type\":\"ImageObject\",\"@id\":\"https:\/\/acieloabierto.net\/fr\/produits\/majinto\/#primaryimage\",\"inLanguage\":\"fr-FR\",\"url\":\"https:\/\/acieloabierto.net\/wp-content\/uploads\/2021\/03\/majinto-borek-tafel1.jpg\",\"contentUrl\":\"https:\/\/acieloabierto.net\/wp-content\/uploads\/2021\/03\/majinto-borek-tafel1.jpg\",\"width\":1920,\"height\":1281},{\"@type\":\"WebPage\",\"@id\":\"https:\/\/acieloabierto.net\/fr\/produits\/majinto\/#webpage\",\"url\":\"https:\/\/acieloabierto.net\/fr\/produits\/majinto\/\",\"name\":\"Majinto - Acielo Abierto\",\"isPartOf\":{\"@id\":\"https:\/\/acieloabierto.net\/en\/#website\"},\"primaryImageOfPage\":{\"@id\":\"https:\/\/acieloabierto.net\/fr\/produits\/majinto\/#primaryimage\"},\"datePublished\":\"2021-03-03T14:56:24+00:00\",\"dateModified\":\"2021-03-03T14:56:24+00:00\",\"breadcrumb\":{\"@id\":\"https:\/\/acieloabierto.net\/fr\/produits\/majinto\/#breadcrumb\"},\"inLanguage\":\"fr-FR\",\"potentialAction\":[{\"@type\":\"ReadAction\",\"target\":[\"https:\/\/acieloabierto.net\/fr\/produits\/majinto\/\"]}]},{\"@type\":\"BreadcrumbList\",\"@id\":\"https:\/\/acieloabierto.net\/fr\/produits\/majinto\/#breadcrumb\",\"itemListElement\":[{\"@type\":\"ListItem\",\"position\":1,\"item\":{\"@type\":\"WebPage\",\"@id\":\"https:\/\/acieloabierto.net\/fr\/\",\"url\":\"https:\/\/acieloabierto.net\/fr\/\",\"name\":\"Home\"}},{\"@type\":\"ListItem\",\"position\":2,\"item\":{\"@type\":\"WebPage\",\"@id\":\"\",\"url\":\"\",\"name\":\"\"}},{\"@type\":\"ListItem\",\"position\":3,\"item\":{\"@id\":\"https:\/\/acieloabierto.net\/fr\/produits\/majinto\/#webpage\"}}]}]}<\/script>\n<!-- \/ Yoast SEO plugin. -->","_links":{"self":[{"href":"https:\/\/acieloabierto.net\/fr\/wp-json\/wp\/v2\/product\/13167"}],"collection":[{"href":"https:\/\/acieloabierto.net\/fr\/wp-json\/wp\/v2\/product"}],"about":[{"href":"https:\/\/acieloabierto.net\/fr\/wp-json\/wp\/v2\/types\/product"}],"replies":[{"embeddable":true,"href":"https:\/\/acieloabierto.net\/fr\/wp-json\/wp\/v2\/comments?post=13167"}],"wp:featuredmedia":[{"embeddable":true,"href":"https:\/\/acieloabierto.net\/fr\/wp-json\/wp\/v2\/media\/13168"}],"wp:attachment":[{"href":"https:\/\/acieloabierto.net\/fr\/wp-json\/wp\/v2\/media?parent=13167"}],"curies":[{"name":"wp","href":"https:\/\/api.w.org\/{rel}","templated":true}]}}