{"id":13155,"date":"2021-03-03T15:52:38","date_gmt":"2021-03-03T14:52:38","guid":{"rendered":"https:\/\/acieloabierto.net\/producten\/luxx-urbino\/"},"modified":"2021-03-03T15:52:38","modified_gmt":"2021-03-03T14:52:38","slug":"luxx-urbino","status":"publish","type":"product","link":"https:\/\/acieloabierto.net\/fr\/produits\/luxx-urbino\/","title":{"rendered":"luxx-urbino"},"content":{"rendered":"<p><span style=\"font-weight: 400;\">Les collections Urbino et Luxx sont compos\u00e9es d&rsquo;un cadre en teck \u00e9quip\u00e9 d&rsquo;un si\u00e8ge Batyline Eden. Ce mat\u00e9riau est une variante luxueuse du c\u00e9l\u00e8bre Batyline. Une finition plus douce et c\u00e2line est utilis\u00e9e, avec les caract\u00e9ristiques et la qualit\u00e9 de la c\u00e9l\u00e8bre Batyline. Borek utilise du teck mature, r\u00e9colt\u00e9 conform\u00e9ment aux normes de conservation de l&rsquo;environnement. Le teck non trait\u00e9 grisonne progressivement et peut \u00eatre nettoy\u00e9 avec Borek Teak Cleaner. Pour conserver plus longtemps la couleur naturelle brun dor\u00e9, le teck grisonnant peut retrouver sa couleur naturelle en traitant le teck avec le Borek Teak Sealer. L&rsquo;utilisation de Borek Teak Protector rend le teck imperm\u00e9able \u00e0 l&rsquo;eau et \u00e0 la salet\u00e9 et prot\u00e8ge la patine gris argent\u00e9 du teck alt\u00e9r\u00e9 par les intemp\u00e9ries.<\/span><\/p>\n","protected":false},"excerpt":{"rendered":"<p>Les collections Urbino et Luxx sont compos\u00e9es d&rsquo;un cadre en teck \u00e9quip\u00e9 d&rsquo;un si\u00e8ge Batyline Eden. Ce mat\u00e9riau est une variante luxueuse du c\u00e9l\u00e8bre Batyline. Une finition plus douce et c\u00e2line est utilis\u00e9e, avec les caract\u00e9ristiques et la qualit\u00e9 de la c\u00e9l\u00e8bre Batyline. Borek utilise du teck mature, r\u00e9colt\u00e9 conform\u00e9ment aux normes de conservation de [&hellip;]<\/p>\n","protected":false},"featured_media":13156,"comment_status":"closed","ping_status":"closed","template":"","meta":{"wds_primary_pwb-brand":0,"wds_primary_product_cat":0},"brands":[{"id":653,"name":"Borek","slug":"borek-fr"}],"yoast_head":"<!-- This site is optimized with the Yoast SEO plugin v16.3 - https:\/\/yoast.com\/wordpress\/plugins\/seo\/ -->\n<title>luxx-urbino - Acielo Abierto<\/title>\n<meta name=\"robots\" content=\"index, follow, max-snippet:-1, max-image-preview:large, max-video-preview:-1\" \/>\n<link rel=\"canonical\" href=\"https:\/\/acieloabierto.net\/fr\/produits\/luxx-urbino\/\" \/>\n<meta property=\"og:locale\" content=\"fr_FR\" \/>\n<meta property=\"og:type\" content=\"article\" \/>\n<meta property=\"og:title\" content=\"luxx-urbino - Acielo Abierto\" \/>\n<meta property=\"og:description\" content=\"Les collections Urbino et Luxx sont compos\u00e9es d&rsquo;un cadre en teck \u00e9quip\u00e9 d&rsquo;un si\u00e8ge Batyline Eden. Ce mat\u00e9riau est une variante luxueuse du c\u00e9l\u00e8bre Batyline. Une finition plus douce et c\u00e2line est utilis\u00e9e, avec les caract\u00e9ristiques et la qualit\u00e9 de la c\u00e9l\u00e8bre Batyline. Borek utilise du teck mature, r\u00e9colt\u00e9 conform\u00e9ment aux normes de conservation de [&hellip;]\" \/>\n<meta property=\"og:url\" content=\"https:\/\/acieloabierto.net\/fr\/produits\/luxx-urbino\/\" \/>\n<meta property=\"og:site_name\" content=\"Acielo Abierto\" \/>\n<meta property=\"og:image\" content=\"https:\/\/acieloabierto.net\/wp-content\/uploads\/2021\/03\/urbino-borek-tafel.jpg\" \/>\n\t<meta property=\"og:image:width\" content=\"1682\" \/>\n\t<meta property=\"og:image:height\" content=\"1066\" \/>\n<meta name=\"twitter:card\" content=\"summary_large_image\" \/>\n<meta name=\"twitter:label1\" content=\"Dur\u00e9e de lecture est.\">\n\t<meta name=\"twitter:data1\" content=\"1 minute\">\n<script type=\"application\/ld+json\" class=\"yoast-schema-graph\">{\"@context\":\"https:\/\/schema.org\",\"@graph\":[{\"@type\":\"Organization\",\"@id\":\"https:\/\/acieloabierto.net\/en\/#organization\",\"name\":\"A Cielo Abierto\",\"url\":\"https:\/\/acieloabierto.net\/en\/\",\"sameAs\":[],\"logo\":{\"@type\":\"ImageObject\",\"@id\":\"https:\/\/acieloabierto.net\/en\/#logo\",\"inLanguage\":\"fr-FR\",\"url\":\"https:\/\/acieloabierto.net\/wp-content\/uploads\/2021\/02\/logo.svg\",\"contentUrl\":\"https:\/\/acieloabierto.net\/wp-content\/uploads\/2021\/02\/logo.svg\",\"caption\":\"A Cielo Abierto\"},\"image\":{\"@id\":\"https:\/\/acieloabierto.net\/en\/#logo\"}},{\"@type\":\"WebSite\",\"@id\":\"https:\/\/acieloabierto.net\/en\/#website\",\"url\":\"https:\/\/acieloabierto.net\/en\/\",\"name\":\"Acielo Abierto\",\"description\":\"Tuinmeubels Costa Blanca\",\"publisher\":{\"@id\":\"https:\/\/acieloabierto.net\/en\/#organization\"},\"potentialAction\":[{\"@type\":\"SearchAction\",\"target\":\"https:\/\/acieloabierto.net\/en\/?s={search_term_string}\",\"query-input\":\"required name=search_term_string\"}],\"inLanguage\":\"fr-FR\"},{\"@type\":\"ImageObject\",\"@id\":\"https:\/\/acieloabierto.net\/fr\/produits\/luxx-urbino\/#primaryimage\",\"inLanguage\":\"fr-FR\",\"url\":\"https:\/\/acieloabierto.net\/wp-content\/uploads\/2021\/03\/urbino-borek-tafel.jpg\",\"contentUrl\":\"https:\/\/acieloabierto.net\/wp-content\/uploads\/2021\/03\/urbino-borek-tafel.jpg\",\"width\":1682,\"height\":1066},{\"@type\":\"WebPage\",\"@id\":\"https:\/\/acieloabierto.net\/fr\/produits\/luxx-urbino\/#webpage\",\"url\":\"https:\/\/acieloabierto.net\/fr\/produits\/luxx-urbino\/\",\"name\":\"luxx-urbino - Acielo Abierto\",\"isPartOf\":{\"@id\":\"https:\/\/acieloabierto.net\/en\/#website\"},\"primaryImageOfPage\":{\"@id\":\"https:\/\/acieloabierto.net\/fr\/produits\/luxx-urbino\/#primaryimage\"},\"datePublished\":\"2021-03-03T14:52:38+00:00\",\"dateModified\":\"2021-03-03T14:52:38+00:00\",\"breadcrumb\":{\"@id\":\"https:\/\/acieloabierto.net\/fr\/produits\/luxx-urbino\/#breadcrumb\"},\"inLanguage\":\"fr-FR\",\"potentialAction\":[{\"@type\":\"ReadAction\",\"target\":[\"https:\/\/acieloabierto.net\/fr\/produits\/luxx-urbino\/\"]}]},{\"@type\":\"BreadcrumbList\",\"@id\":\"https:\/\/acieloabierto.net\/fr\/produits\/luxx-urbino\/#breadcrumb\",\"itemListElement\":[{\"@type\":\"ListItem\",\"position\":1,\"item\":{\"@type\":\"WebPage\",\"@id\":\"https:\/\/acieloabierto.net\/fr\/\",\"url\":\"https:\/\/acieloabierto.net\/fr\/\",\"name\":\"Home\"}},{\"@type\":\"ListItem\",\"position\":2,\"item\":{\"@type\":\"WebPage\",\"@id\":\"\",\"url\":\"\",\"name\":\"\"}},{\"@type\":\"ListItem\",\"position\":3,\"item\":{\"@id\":\"https:\/\/acieloabierto.net\/fr\/produits\/luxx-urbino\/#webpage\"}}]}]}<\/script>\n<!-- \/ Yoast SEO plugin. -->","_links":{"self":[{"href":"https:\/\/acieloabierto.net\/fr\/wp-json\/wp\/v2\/product\/13155"}],"collection":[{"href":"https:\/\/acieloabierto.net\/fr\/wp-json\/wp\/v2\/product"}],"about":[{"href":"https:\/\/acieloabierto.net\/fr\/wp-json\/wp\/v2\/types\/product"}],"replies":[{"embeddable":true,"href":"https:\/\/acieloabierto.net\/fr\/wp-json\/wp\/v2\/comments?post=13155"}],"wp:featuredmedia":[{"embeddable":true,"href":"https:\/\/acieloabierto.net\/fr\/wp-json\/wp\/v2\/media\/13156"}],"wp:attachment":[{"href":"https:\/\/acieloabierto.net\/fr\/wp-json\/wp\/v2\/media?parent=13155"}],"curies":[{"name":"wp","href":"https:\/\/api.w.org\/{rel}","templated":true}]}}