{"id":13141,"date":"2021-03-03T15:50:29","date_gmt":"2021-03-03T14:50:29","guid":{"rendered":"https:\/\/acieloabierto.net\/producten\/lincoln\/"},"modified":"2021-03-03T15:50:29","modified_gmt":"2021-03-03T14:50:29","slug":"lincoln","status":"publish","type":"product","link":"https:\/\/acieloabierto.net\/fr\/produits\/lincoln\/","title":{"rendered":"Lincoln"},"content":{"rendered":"<p><span style=\"font-weight: 400;\">Con\u00e7ue par Eric Kuster, la collection Lincoln de Borek pr\u00e9sente un aspect naturel et chaleureux. Un cadre en aluminium peint par poudrage est combin\u00e9 \u00e0 une corde en Ardenza. Cette s\u00e9rie est disponible en 2 combinaisons : cadre en aluminium anthracite combin\u00e9 avec Rope en gris fonc\u00e9 ou la combinaison sable\/sand. Rope est compos\u00e9 d&rsquo;un fil synth\u00e9tique thermoplastique. Tant l&rsquo;\u00e2me du fil que le fil lui-m\u00eame sont color\u00e9s de part en part. Ce mat\u00e9riau est hydrofuge, r\u00e9sistant aux UV et aux champignons. Les \u00e9l\u00e9ments de salon, comme le coin, le centre, la chaise longue et l&rsquo;\u00eelot, sont livr\u00e9s avec des coussins Sunbrella all weather, ce qui vous permet de laisser les coussins \u00e0 l&rsquo;ext\u00e9rieur pendant la saison. Ces modules se pr\u00eatent parfaitement \u00e0 l&rsquo;am\u00e9nagement d&rsquo;un salon selon vos propres souhaits.<\/span><\/p>\n","protected":false},"excerpt":{"rendered":"<p>Con\u00e7ue par Eric Kuster, la collection Lincoln de Borek pr\u00e9sente un aspect naturel et chaleureux. Un cadre en aluminium peint par poudrage est combin\u00e9 \u00e0 une corde en Ardenza. Cette s\u00e9rie est disponible en 2 combinaisons : cadre en aluminium anthracite combin\u00e9 avec Rope en gris fonc\u00e9 ou la combinaison sable\/sand. Rope est compos\u00e9 d&rsquo;un [&hellip;]<\/p>\n","protected":false},"featured_media":13147,"comment_status":"closed","ping_status":"closed","template":"","meta":{"wds_primary_pwb-brand":0,"wds_primary_product_cat":0},"brands":[{"id":653,"name":"Borek","slug":"borek-fr"}],"yoast_head":"<!-- This site is optimized with the Yoast SEO plugin v16.3 - https:\/\/yoast.com\/wordpress\/plugins\/seo\/ -->\n<title>Lincoln - Acielo Abierto<\/title>\n<meta name=\"robots\" content=\"index, follow, max-snippet:-1, max-image-preview:large, max-video-preview:-1\" \/>\n<link rel=\"canonical\" href=\"https:\/\/acieloabierto.net\/fr\/produits\/lincoln\/\" \/>\n<meta property=\"og:locale\" content=\"fr_FR\" \/>\n<meta property=\"og:type\" content=\"article\" \/>\n<meta property=\"og:title\" content=\"Lincoln - Acielo Abierto\" \/>\n<meta property=\"og:description\" content=\"Con\u00e7ue par Eric Kuster, la collection Lincoln de Borek pr\u00e9sente un aspect naturel et chaleureux. Un cadre en aluminium peint par poudrage est combin\u00e9 \u00e0 une corde en Ardenza. Cette s\u00e9rie est disponible en 2 combinaisons : cadre en aluminium anthracite combin\u00e9 avec Rope en gris fonc\u00e9 ou la combinaison sable\/sand. Rope est compos\u00e9 d&rsquo;un [&hellip;]\" \/>\n<meta property=\"og:url\" content=\"https:\/\/acieloabierto.net\/fr\/produits\/lincoln\/\" \/>\n<meta property=\"og:site_name\" content=\"Acielo Abierto\" \/>\n<meta property=\"og:image\" content=\"https:\/\/acieloabierto.net\/wp-content\/uploads\/2021\/03\/lincoln-borek-lounge-1.jpg\" \/>\n\t<meta property=\"og:image:width\" content=\"1920\" \/>\n\t<meta property=\"og:image:height\" content=\"1300\" \/>\n<meta name=\"twitter:card\" content=\"summary_large_image\" \/>\n<meta name=\"twitter:label1\" content=\"Dur\u00e9e de lecture est.\">\n\t<meta name=\"twitter:data1\" content=\"1 minute\">\n<script type=\"application\/ld+json\" class=\"yoast-schema-graph\">{\"@context\":\"https:\/\/schema.org\",\"@graph\":[{\"@type\":\"Organization\",\"@id\":\"https:\/\/acieloabierto.net\/en\/#organization\",\"name\":\"A Cielo Abierto\",\"url\":\"https:\/\/acieloabierto.net\/en\/\",\"sameAs\":[],\"logo\":{\"@type\":\"ImageObject\",\"@id\":\"https:\/\/acieloabierto.net\/en\/#logo\",\"inLanguage\":\"fr-FR\",\"url\":\"https:\/\/acieloabierto.net\/wp-content\/uploads\/2021\/02\/logo.svg\",\"contentUrl\":\"https:\/\/acieloabierto.net\/wp-content\/uploads\/2021\/02\/logo.svg\",\"caption\":\"A Cielo Abierto\"},\"image\":{\"@id\":\"https:\/\/acieloabierto.net\/en\/#logo\"}},{\"@type\":\"WebSite\",\"@id\":\"https:\/\/acieloabierto.net\/en\/#website\",\"url\":\"https:\/\/acieloabierto.net\/en\/\",\"name\":\"Acielo Abierto\",\"description\":\"Tuinmeubels Costa Blanca\",\"publisher\":{\"@id\":\"https:\/\/acieloabierto.net\/en\/#organization\"},\"potentialAction\":[{\"@type\":\"SearchAction\",\"target\":\"https:\/\/acieloabierto.net\/en\/?s={search_term_string}\",\"query-input\":\"required name=search_term_string\"}],\"inLanguage\":\"fr-FR\"},{\"@type\":\"ImageObject\",\"@id\":\"https:\/\/acieloabierto.net\/fr\/produits\/lincoln\/#primaryimage\",\"inLanguage\":\"fr-FR\",\"url\":\"https:\/\/acieloabierto.net\/wp-content\/uploads\/2021\/03\/lincoln-borek-lounge-1.jpg\",\"contentUrl\":\"https:\/\/acieloabierto.net\/wp-content\/uploads\/2021\/03\/lincoln-borek-lounge-1.jpg\",\"width\":1920,\"height\":1300},{\"@type\":\"WebPage\",\"@id\":\"https:\/\/acieloabierto.net\/fr\/produits\/lincoln\/#webpage\",\"url\":\"https:\/\/acieloabierto.net\/fr\/produits\/lincoln\/\",\"name\":\"Lincoln - Acielo Abierto\",\"isPartOf\":{\"@id\":\"https:\/\/acieloabierto.net\/en\/#website\"},\"primaryImageOfPage\":{\"@id\":\"https:\/\/acieloabierto.net\/fr\/produits\/lincoln\/#primaryimage\"},\"datePublished\":\"2021-03-03T14:50:29+00:00\",\"dateModified\":\"2021-03-03T14:50:29+00:00\",\"breadcrumb\":{\"@id\":\"https:\/\/acieloabierto.net\/fr\/produits\/lincoln\/#breadcrumb\"},\"inLanguage\":\"fr-FR\",\"potentialAction\":[{\"@type\":\"ReadAction\",\"target\":[\"https:\/\/acieloabierto.net\/fr\/produits\/lincoln\/\"]}]},{\"@type\":\"BreadcrumbList\",\"@id\":\"https:\/\/acieloabierto.net\/fr\/produits\/lincoln\/#breadcrumb\",\"itemListElement\":[{\"@type\":\"ListItem\",\"position\":1,\"item\":{\"@type\":\"WebPage\",\"@id\":\"https:\/\/acieloabierto.net\/fr\/\",\"url\":\"https:\/\/acieloabierto.net\/fr\/\",\"name\":\"Home\"}},{\"@type\":\"ListItem\",\"position\":2,\"item\":{\"@type\":\"WebPage\",\"@id\":\"\",\"url\":\"\",\"name\":\"\"}},{\"@type\":\"ListItem\",\"position\":3,\"item\":{\"@id\":\"https:\/\/acieloabierto.net\/fr\/produits\/lincoln\/#webpage\"}}]}]}<\/script>\n<!-- \/ Yoast SEO plugin. -->","_links":{"self":[{"href":"https:\/\/acieloabierto.net\/fr\/wp-json\/wp\/v2\/product\/13141"}],"collection":[{"href":"https:\/\/acieloabierto.net\/fr\/wp-json\/wp\/v2\/product"}],"about":[{"href":"https:\/\/acieloabierto.net\/fr\/wp-json\/wp\/v2\/types\/product"}],"replies":[{"embeddable":true,"href":"https:\/\/acieloabierto.net\/fr\/wp-json\/wp\/v2\/comments?post=13141"}],"wp:featuredmedia":[{"embeddable":true,"href":"https:\/\/acieloabierto.net\/fr\/wp-json\/wp\/v2\/media\/13147"}],"wp:attachment":[{"href":"https:\/\/acieloabierto.net\/fr\/wp-json\/wp\/v2\/media?parent=13141"}],"curies":[{"name":"wp","href":"https:\/\/api.w.org\/{rel}","templated":true}]}}