{"id":13133,"date":"2021-03-03T15:46:56","date_gmt":"2021-03-03T14:46:56","guid":{"rendered":"https:\/\/acieloabierto.net\/producten\/hybride\/"},"modified":"2021-03-03T15:46:56","modified_gmt":"2021-03-03T14:46:56","slug":"hybride","status":"publish","type":"product","link":"https:\/\/acieloabierto.net\/fr\/produits\/hybride\/","title":{"rendered":"Hybride"},"content":{"rendered":"<p><span style=\"font-weight: 400;\">Frans van Rens a con\u00e7u plusieurs collections pour Borek. Dont cette magnifique ligne Hybrid. Le bois de teck \u00e9l\u00e9gant est combin\u00e9 \u00e0 l&rsquo;aluminium. Les fauteuils bas sont habill\u00e9s de coussins \u00e9pais et r\u00e9sistants aux intemp\u00e9ries. Ces confortables chaises basses peuvent \u00eatre pouss\u00e9es jusqu&rsquo;\u00e0 la table basse, car les fauteuils sont \u00e9quip\u00e9s de roulettes. Le teck non trait\u00e9 grisonne progressivement et peut \u00eatre nettoy\u00e9 avec Borek Teak Cleaner. Pour conserver plus longtemps la couleur naturelle brun dor\u00e9, le teck grisonnant peut retrouver sa couleur naturelle en le traitant avec Borek Teak Sealer.<\/span><\/p>\n","protected":false},"excerpt":{"rendered":"<p>Frans van Rens a con\u00e7u plusieurs collections pour Borek. Dont cette magnifique ligne Hybrid. Le bois de teck \u00e9l\u00e9gant est combin\u00e9 \u00e0 l&rsquo;aluminium. Les fauteuils bas sont habill\u00e9s de coussins \u00e9pais et r\u00e9sistants aux intemp\u00e9ries. Ces confortables chaises basses peuvent \u00eatre pouss\u00e9es jusqu&rsquo;\u00e0 la table basse, car les fauteuils sont \u00e9quip\u00e9s de roulettes. Le teck [&hellip;]<\/p>\n","protected":false},"featured_media":13134,"comment_status":"closed","ping_status":"closed","template":"","meta":{"wds_primary_pwb-brand":0,"wds_primary_product_cat":0},"brands":[{"id":653,"name":"Borek","slug":"borek-fr"}],"yoast_head":"<!-- This site is optimized with the Yoast SEO plugin v16.3 - https:\/\/yoast.com\/wordpress\/plugins\/seo\/ -->\n<title>Hybride - Acielo Abierto<\/title>\n<meta name=\"robots\" content=\"index, follow, max-snippet:-1, max-image-preview:large, max-video-preview:-1\" \/>\n<link rel=\"canonical\" href=\"https:\/\/acieloabierto.net\/fr\/produits\/hybride\/\" \/>\n<meta property=\"og:locale\" content=\"fr_FR\" \/>\n<meta property=\"og:type\" content=\"article\" \/>\n<meta property=\"og:title\" content=\"Hybride - Acielo Abierto\" \/>\n<meta property=\"og:description\" content=\"Frans van Rens a con\u00e7u plusieurs collections pour Borek. Dont cette magnifique ligne Hybrid. Le bois de teck \u00e9l\u00e9gant est combin\u00e9 \u00e0 l&rsquo;aluminium. Les fauteuils bas sont habill\u00e9s de coussins \u00e9pais et r\u00e9sistants aux intemp\u00e9ries. Ces confortables chaises basses peuvent \u00eatre pouss\u00e9es jusqu&rsquo;\u00e0 la table basse, car les fauteuils sont \u00e9quip\u00e9s de roulettes. Le teck [&hellip;]\" \/>\n<meta property=\"og:url\" content=\"https:\/\/acieloabierto.net\/fr\/produits\/hybride\/\" \/>\n<meta property=\"og:site_name\" content=\"Acielo Abierto\" \/>\n<meta property=\"og:image\" content=\"https:\/\/acieloabierto.net\/wp-content\/uploads\/2021\/03\/hybrid-borek-tafel.jpg\" \/>\n\t<meta property=\"og:image:width\" content=\"1920\" \/>\n\t<meta property=\"og:image:height\" content=\"1300\" \/>\n<meta name=\"twitter:card\" content=\"summary_large_image\" \/>\n<script type=\"application\/ld+json\" class=\"yoast-schema-graph\">{\"@context\":\"https:\/\/schema.org\",\"@graph\":[{\"@type\":\"Organization\",\"@id\":\"https:\/\/acieloabierto.net\/en\/#organization\",\"name\":\"A Cielo Abierto\",\"url\":\"https:\/\/acieloabierto.net\/en\/\",\"sameAs\":[],\"logo\":{\"@type\":\"ImageObject\",\"@id\":\"https:\/\/acieloabierto.net\/en\/#logo\",\"inLanguage\":\"fr-FR\",\"url\":\"https:\/\/acieloabierto.net\/wp-content\/uploads\/2021\/02\/logo.svg\",\"contentUrl\":\"https:\/\/acieloabierto.net\/wp-content\/uploads\/2021\/02\/logo.svg\",\"caption\":\"A Cielo Abierto\"},\"image\":{\"@id\":\"https:\/\/acieloabierto.net\/en\/#logo\"}},{\"@type\":\"WebSite\",\"@id\":\"https:\/\/acieloabierto.net\/en\/#website\",\"url\":\"https:\/\/acieloabierto.net\/en\/\",\"name\":\"Acielo Abierto\",\"description\":\"Tuinmeubels Costa Blanca\",\"publisher\":{\"@id\":\"https:\/\/acieloabierto.net\/en\/#organization\"},\"potentialAction\":[{\"@type\":\"SearchAction\",\"target\":\"https:\/\/acieloabierto.net\/en\/?s={search_term_string}\",\"query-input\":\"required name=search_term_string\"}],\"inLanguage\":\"fr-FR\"},{\"@type\":\"ImageObject\",\"@id\":\"https:\/\/acieloabierto.net\/fr\/produits\/hybride\/#primaryimage\",\"inLanguage\":\"fr-FR\",\"url\":\"https:\/\/acieloabierto.net\/wp-content\/uploads\/2021\/03\/hybrid-borek-tafel.jpg\",\"contentUrl\":\"https:\/\/acieloabierto.net\/wp-content\/uploads\/2021\/03\/hybrid-borek-tafel.jpg\",\"width\":1920,\"height\":1300},{\"@type\":\"WebPage\",\"@id\":\"https:\/\/acieloabierto.net\/fr\/produits\/hybride\/#webpage\",\"url\":\"https:\/\/acieloabierto.net\/fr\/produits\/hybride\/\",\"name\":\"Hybride - Acielo Abierto\",\"isPartOf\":{\"@id\":\"https:\/\/acieloabierto.net\/en\/#website\"},\"primaryImageOfPage\":{\"@id\":\"https:\/\/acieloabierto.net\/fr\/produits\/hybride\/#primaryimage\"},\"datePublished\":\"2021-03-03T14:46:56+00:00\",\"dateModified\":\"2021-03-03T14:46:56+00:00\",\"breadcrumb\":{\"@id\":\"https:\/\/acieloabierto.net\/fr\/produits\/hybride\/#breadcrumb\"},\"inLanguage\":\"fr-FR\",\"potentialAction\":[{\"@type\":\"ReadAction\",\"target\":[\"https:\/\/acieloabierto.net\/fr\/produits\/hybride\/\"]}]},{\"@type\":\"BreadcrumbList\",\"@id\":\"https:\/\/acieloabierto.net\/fr\/produits\/hybride\/#breadcrumb\",\"itemListElement\":[{\"@type\":\"ListItem\",\"position\":1,\"item\":{\"@type\":\"WebPage\",\"@id\":\"https:\/\/acieloabierto.net\/fr\/\",\"url\":\"https:\/\/acieloabierto.net\/fr\/\",\"name\":\"Home\"}},{\"@type\":\"ListItem\",\"position\":2,\"item\":{\"@type\":\"WebPage\",\"@id\":\"\",\"url\":\"\",\"name\":\"\"}},{\"@type\":\"ListItem\",\"position\":3,\"item\":{\"@id\":\"https:\/\/acieloabierto.net\/fr\/produits\/hybride\/#webpage\"}}]}]}<\/script>\n<!-- \/ Yoast SEO plugin. -->","_links":{"self":[{"href":"https:\/\/acieloabierto.net\/fr\/wp-json\/wp\/v2\/product\/13133"}],"collection":[{"href":"https:\/\/acieloabierto.net\/fr\/wp-json\/wp\/v2\/product"}],"about":[{"href":"https:\/\/acieloabierto.net\/fr\/wp-json\/wp\/v2\/types\/product"}],"replies":[{"embeddable":true,"href":"https:\/\/acieloabierto.net\/fr\/wp-json\/wp\/v2\/comments?post=13133"}],"wp:featuredmedia":[{"embeddable":true,"href":"https:\/\/acieloabierto.net\/fr\/wp-json\/wp\/v2\/media\/13134"}],"wp:attachment":[{"href":"https:\/\/acieloabierto.net\/fr\/wp-json\/wp\/v2\/media?parent=13133"}],"curies":[{"name":"wp","href":"https:\/\/api.w.org\/{rel}","templated":true}]}}