{"id":13105,"date":"2022-01-21T14:58:03","date_gmt":"2022-01-21T13:58:03","guid":{"rendered":"https:\/\/acieloabierto.net\/producten\/tuuci-ocean-master\/"},"modified":"2022-01-21T14:58:03","modified_gmt":"2022-01-21T13:58:03","slug":"tuuci-ocean-master","status":"publish","type":"product","link":"https:\/\/acieloabierto.net\/fr\/produits\/tuuci-ocean-master\/","title":{"rendered":"Ocean Master"},"content":{"rendered":"<p><span style=\"font-weight: 400;\">Tuuci est connu pour le parasol Ocean Master, fabriqu\u00e9 en Sunbrella. Ce tissu d&rsquo;ext\u00e9rieur est extr\u00eamement r\u00e9sistant aux UV et \u00e0 la d\u00e9chirure.<\/span><\/p>\n","protected":false},"excerpt":{"rendered":"<p>Tuuci est connu pour le parasol Ocean Master, fabriqu\u00e9 en Sunbrella. Ce tissu d&rsquo;ext\u00e9rieur est extr\u00eamement r\u00e9sistant aux UV et \u00e0 la d\u00e9chirure.<\/p>\n","protected":false},"featured_media":13106,"comment_status":"open","ping_status":"closed","template":"","meta":{"wds_primary_pwb-brand":0,"wds_primary_product_cat":0},"brands":[{"id":637,"name":"Tuuci","slug":"tuuci"}],"yoast_head":"<!-- This site is optimized with the Yoast SEO plugin v16.3 - https:\/\/yoast.com\/wordpress\/plugins\/seo\/ -->\n<title>Ocean Master - Acielo Abierto<\/title>\n<meta name=\"description\" content=\"Tuuci est connu pour le parasol Ocean Master, qui est fabriqu\u00e9 avec Sunbrella. Ce tissu d&#039;ext\u00e9rieur est extr\u00eamement r\u00e9sistant aux UV et \u00e0 la d\u00e9chirure.\" \/>\n<meta name=\"robots\" content=\"index, follow, max-snippet:-1, max-image-preview:large, max-video-preview:-1\" \/>\n<link rel=\"canonical\" href=\"https:\/\/acieloabierto.net\/fr\/produits\/tuuci-ocean-master\/\" \/>\n<meta property=\"og:locale\" content=\"fr_FR\" \/>\n<meta property=\"og:type\" content=\"article\" \/>\n<meta property=\"og:title\" content=\"Ocean Master - Acielo Abierto\" \/>\n<meta property=\"og:description\" content=\"Tuuci est connu pour le parasol Ocean Master, qui est fabriqu\u00e9 avec Sunbrella. Ce tissu d&#039;ext\u00e9rieur est extr\u00eamement r\u00e9sistant aux UV et \u00e0 la d\u00e9chirure.\" \/>\n<meta property=\"og:url\" content=\"https:\/\/acieloabierto.net\/fr\/produits\/tuuci-ocean-master\/\" \/>\n<meta property=\"og:site_name\" content=\"Acielo Abierto\" \/>\n<meta property=\"og:image\" content=\"https:\/\/acieloabierto.net\/wp-content\/uploads\/2022\/01\/Umbrellas_Tuuci-Ocean-Master.jpg\" \/>\n\t<meta property=\"og:image:width\" content=\"1000\" \/>\n\t<meta property=\"og:image:height\" content=\"505\" \/>\n<meta name=\"twitter:card\" content=\"summary_large_image\" \/>\n<script type=\"application\/ld+json\" class=\"yoast-schema-graph\">{\"@context\":\"https:\/\/schema.org\",\"@graph\":[{\"@type\":\"Organization\",\"@id\":\"https:\/\/acieloabierto.net\/en\/#organization\",\"name\":\"A Cielo Abierto\",\"url\":\"https:\/\/acieloabierto.net\/en\/\",\"sameAs\":[],\"logo\":{\"@type\":\"ImageObject\",\"@id\":\"https:\/\/acieloabierto.net\/en\/#logo\",\"inLanguage\":\"fr-FR\",\"url\":\"https:\/\/acieloabierto.net\/wp-content\/uploads\/2021\/02\/logo.svg\",\"contentUrl\":\"https:\/\/acieloabierto.net\/wp-content\/uploads\/2021\/02\/logo.svg\",\"caption\":\"A Cielo Abierto\"},\"image\":{\"@id\":\"https:\/\/acieloabierto.net\/en\/#logo\"}},{\"@type\":\"WebSite\",\"@id\":\"https:\/\/acieloabierto.net\/en\/#website\",\"url\":\"https:\/\/acieloabierto.net\/en\/\",\"name\":\"Acielo Abierto\",\"description\":\"Tuinmeubels Costa Blanca\",\"publisher\":{\"@id\":\"https:\/\/acieloabierto.net\/en\/#organization\"},\"potentialAction\":[{\"@type\":\"SearchAction\",\"target\":\"https:\/\/acieloabierto.net\/en\/?s={search_term_string}\",\"query-input\":\"required name=search_term_string\"}],\"inLanguage\":\"fr-FR\"},{\"@type\":\"ImageObject\",\"@id\":\"https:\/\/acieloabierto.net\/fr\/produits\/tuuci-ocean-master\/#primaryimage\",\"inLanguage\":\"fr-FR\",\"url\":\"https:\/\/acieloabierto.net\/wp-content\/uploads\/2022\/01\/Umbrellas_Tuuci-Ocean-Master.jpg\",\"contentUrl\":\"https:\/\/acieloabierto.net\/wp-content\/uploads\/2022\/01\/Umbrellas_Tuuci-Ocean-Master.jpg\",\"width\":1000,\"height\":505,\"caption\":\"Parasol_Tuuci Ocean Master\"},{\"@type\":\"WebPage\",\"@id\":\"https:\/\/acieloabierto.net\/fr\/produits\/tuuci-ocean-master\/#webpage\",\"url\":\"https:\/\/acieloabierto.net\/fr\/produits\/tuuci-ocean-master\/\",\"name\":\"Ocean Master - Acielo Abierto\",\"isPartOf\":{\"@id\":\"https:\/\/acieloabierto.net\/en\/#website\"},\"primaryImageOfPage\":{\"@id\":\"https:\/\/acieloabierto.net\/fr\/produits\/tuuci-ocean-master\/#primaryimage\"},\"datePublished\":\"2022-01-21T13:58:03+00:00\",\"dateModified\":\"2022-01-21T13:58:03+00:00\",\"description\":\"Tuuci est connu pour le parasol Ocean Master, qui est fabriqu\\u00e9 avec Sunbrella. Ce tissu d'ext\\u00e9rieur est extr\\u00eamement r\\u00e9sistant aux UV et \\u00e0 la d\\u00e9chirure.\",\"breadcrumb\":{\"@id\":\"https:\/\/acieloabierto.net\/fr\/produits\/tuuci-ocean-master\/#breadcrumb\"},\"inLanguage\":\"fr-FR\",\"potentialAction\":[{\"@type\":\"ReadAction\",\"target\":[\"https:\/\/acieloabierto.net\/fr\/produits\/tuuci-ocean-master\/\"]}]},{\"@type\":\"BreadcrumbList\",\"@id\":\"https:\/\/acieloabierto.net\/fr\/produits\/tuuci-ocean-master\/#breadcrumb\",\"itemListElement\":[{\"@type\":\"ListItem\",\"position\":1,\"item\":{\"@type\":\"WebPage\",\"@id\":\"https:\/\/acieloabierto.net\/fr\/\",\"url\":\"https:\/\/acieloabierto.net\/fr\/\",\"name\":\"Home\"}},{\"@type\":\"ListItem\",\"position\":2,\"item\":{\"@type\":\"WebPage\",\"@id\":\"\",\"url\":\"\",\"name\":\"\"}},{\"@type\":\"ListItem\",\"position\":3,\"item\":{\"@id\":\"https:\/\/acieloabierto.net\/fr\/produits\/tuuci-ocean-master\/#webpage\"}}]}]}<\/script>\n<!-- \/ Yoast SEO plugin. -->","_links":{"self":[{"href":"https:\/\/acieloabierto.net\/fr\/wp-json\/wp\/v2\/product\/13105"}],"collection":[{"href":"https:\/\/acieloabierto.net\/fr\/wp-json\/wp\/v2\/product"}],"about":[{"href":"https:\/\/acieloabierto.net\/fr\/wp-json\/wp\/v2\/types\/product"}],"replies":[{"embeddable":true,"href":"https:\/\/acieloabierto.net\/fr\/wp-json\/wp\/v2\/comments?post=13105"}],"wp:featuredmedia":[{"embeddable":true,"href":"https:\/\/acieloabierto.net\/fr\/wp-json\/wp\/v2\/media\/13106"}],"wp:attachment":[{"href":"https:\/\/acieloabierto.net\/fr\/wp-json\/wp\/v2\/media?parent=13105"}],"curies":[{"name":"wp","href":"https:\/\/api.w.org\/{rel}","templated":true}]}}