{"id":13071,"date":"2024-04-26T14:51:07","date_gmt":"2024-04-26T12:51:07","guid":{"rendered":"https:\/\/acieloabierto.net\/producten\/aqua-zone-douche-odino\/"},"modified":"2024-04-26T14:51:07","modified_gmt":"2024-04-26T12:51:07","slug":"aqua-zone-douche-odino","status":"publish","type":"product","link":"https:\/\/acieloabierto.net\/fr\/produits\/aqua-zone-douche-odino\/","title":{"rendered":"AQUA ZONE DOUCHE ODINO"},"content":{"rendered":"<p><span style=\"font-weight: 400;\">Odino est un fleuron des collections KORTA, caract\u00e9ris\u00e9 par sa simplicit\u00e9 et ses lignes \u00e9pur\u00e9es. Son design est monumental, mais \u00e9l\u00e9gant et extr\u00eamement photog\u00e9nique. Id\u00e9ale pour les propri\u00e9t\u00e9s de luxe avec des arri\u00e8re-plans infinis.<\/span><\/p>\n","protected":false},"excerpt":{"rendered":"<p>Odino est un fleuron des collections KORTA, caract\u00e9ris\u00e9 par sa simplicit\u00e9 et ses lignes \u00e9pur\u00e9es. Son design est monumental, mais \u00e9l\u00e9gant et extr\u00eamement photog\u00e9nique. Id\u00e9ale pour les propri\u00e9t\u00e9s de luxe avec des arri\u00e8re-plans infinis.<\/p>\n","protected":false},"featured_media":13072,"comment_status":"open","ping_status":"closed","template":"","meta":{"wds_primary_pwb-brand":0,"wds_primary_product_cat":0},"brands":[{"id":629,"name":"KORTA","slug":"korta-fr"}],"yoast_head":"<!-- This site is optimized with the Yoast SEO plugin v16.3 - https:\/\/yoast.com\/wordpress\/plugins\/seo\/ -->\n<title>AQUA ZONE DOUCHE ODINO - Acielo Abierto<\/title>\n<meta name=\"description\" content=\"ODINO est le design de la douche ext\u00e9rieure de KORTA, disponible chez A Cielo Abierto \u00e0 Marbella, Estapona, Altea et Benissa.\" \/>\n<meta name=\"robots\" content=\"index, follow, max-snippet:-1, max-image-preview:large, max-video-preview:-1\" \/>\n<link rel=\"canonical\" href=\"https:\/\/acieloabierto.net\/fr\/produits\/aqua-zone-douche-odino\/\" \/>\n<meta property=\"og:locale\" content=\"fr_FR\" \/>\n<meta property=\"og:type\" content=\"article\" \/>\n<meta property=\"og:title\" content=\"AQUA ZONE DOUCHE ODINO - Acielo Abierto\" \/>\n<meta property=\"og:description\" content=\"ODINO est le design de la douche ext\u00e9rieure de KORTA, disponible chez A Cielo Abierto \u00e0 Marbella, Estapona, Altea et Benissa.\" \/>\n<meta property=\"og:url\" content=\"https:\/\/acieloabierto.net\/fr\/produits\/aqua-zone-douche-odino\/\" \/>\n<meta property=\"og:site_name\" content=\"Acielo Abierto\" \/>\n<meta property=\"og:image\" content=\"https:\/\/acieloabierto.net\/wp-content\/uploads\/2024\/04\/1692777252679.jpg\" \/>\n\t<meta property=\"og:image:width\" content=\"981\" \/>\n\t<meta property=\"og:image:height\" content=\"769\" \/>\n<meta name=\"twitter:card\" content=\"summary_large_image\" \/>\n<script type=\"application\/ld+json\" class=\"yoast-schema-graph\">{\"@context\":\"https:\/\/schema.org\",\"@graph\":[{\"@type\":\"Organization\",\"@id\":\"https:\/\/acieloabierto.net\/en\/#organization\",\"name\":\"A Cielo Abierto\",\"url\":\"https:\/\/acieloabierto.net\/en\/\",\"sameAs\":[],\"logo\":{\"@type\":\"ImageObject\",\"@id\":\"https:\/\/acieloabierto.net\/en\/#logo\",\"inLanguage\":\"fr-FR\",\"url\":\"https:\/\/acieloabierto.net\/wp-content\/uploads\/2021\/02\/logo.svg\",\"contentUrl\":\"https:\/\/acieloabierto.net\/wp-content\/uploads\/2021\/02\/logo.svg\",\"caption\":\"A Cielo Abierto\"},\"image\":{\"@id\":\"https:\/\/acieloabierto.net\/en\/#logo\"}},{\"@type\":\"WebSite\",\"@id\":\"https:\/\/acieloabierto.net\/en\/#website\",\"url\":\"https:\/\/acieloabierto.net\/en\/\",\"name\":\"Acielo Abierto\",\"description\":\"Tuinmeubels Costa Blanca\",\"publisher\":{\"@id\":\"https:\/\/acieloabierto.net\/en\/#organization\"},\"potentialAction\":[{\"@type\":\"SearchAction\",\"target\":\"https:\/\/acieloabierto.net\/en\/?s={search_term_string}\",\"query-input\":\"required name=search_term_string\"}],\"inLanguage\":\"fr-FR\"},{\"@type\":\"ImageObject\",\"@id\":\"https:\/\/acieloabierto.net\/fr\/produits\/aqua-zone-douche-odino\/#primaryimage\",\"inLanguage\":\"fr-FR\",\"url\":\"https:\/\/acieloabierto.net\/wp-content\/uploads\/2024\/04\/1692777252679.jpg\",\"contentUrl\":\"https:\/\/acieloabierto.net\/wp-content\/uploads\/2024\/04\/1692777252679.jpg\",\"width\":981,\"height\":769},{\"@type\":\"WebPage\",\"@id\":\"https:\/\/acieloabierto.net\/fr\/produits\/aqua-zone-douche-odino\/#webpage\",\"url\":\"https:\/\/acieloabierto.net\/fr\/produits\/aqua-zone-douche-odino\/\",\"name\":\"AQUA ZONE DOUCHE ODINO - Acielo Abierto\",\"isPartOf\":{\"@id\":\"https:\/\/acieloabierto.net\/en\/#website\"},\"primaryImageOfPage\":{\"@id\":\"https:\/\/acieloabierto.net\/fr\/produits\/aqua-zone-douche-odino\/#primaryimage\"},\"datePublished\":\"2024-04-26T12:51:07+00:00\",\"dateModified\":\"2024-04-26T12:51:07+00:00\",\"description\":\"ODINO est le design de la douche ext\\u00e9rieure de KORTA, disponible chez A Cielo Abierto \\u00e0 Marbella, Estapona, Altea et Benissa.\",\"breadcrumb\":{\"@id\":\"https:\/\/acieloabierto.net\/fr\/produits\/aqua-zone-douche-odino\/#breadcrumb\"},\"inLanguage\":\"fr-FR\",\"potentialAction\":[{\"@type\":\"ReadAction\",\"target\":[\"https:\/\/acieloabierto.net\/fr\/produits\/aqua-zone-douche-odino\/\"]}]},{\"@type\":\"BreadcrumbList\",\"@id\":\"https:\/\/acieloabierto.net\/fr\/produits\/aqua-zone-douche-odino\/#breadcrumb\",\"itemListElement\":[{\"@type\":\"ListItem\",\"position\":1,\"item\":{\"@type\":\"WebPage\",\"@id\":\"https:\/\/acieloabierto.net\/fr\/\",\"url\":\"https:\/\/acieloabierto.net\/fr\/\",\"name\":\"Home\"}},{\"@type\":\"ListItem\",\"position\":2,\"item\":{\"@type\":\"WebPage\",\"@id\":\"\",\"url\":\"\",\"name\":\"\"}},{\"@type\":\"ListItem\",\"position\":3,\"item\":{\"@id\":\"https:\/\/acieloabierto.net\/fr\/produits\/aqua-zone-douche-odino\/#webpage\"}}]}]}<\/script>\n<!-- \/ Yoast SEO plugin. -->","_links":{"self":[{"href":"https:\/\/acieloabierto.net\/fr\/wp-json\/wp\/v2\/product\/13071"}],"collection":[{"href":"https:\/\/acieloabierto.net\/fr\/wp-json\/wp\/v2\/product"}],"about":[{"href":"https:\/\/acieloabierto.net\/fr\/wp-json\/wp\/v2\/types\/product"}],"replies":[{"embeddable":true,"href":"https:\/\/acieloabierto.net\/fr\/wp-json\/wp\/v2\/comments?post=13071"}],"wp:featuredmedia":[{"embeddable":true,"href":"https:\/\/acieloabierto.net\/fr\/wp-json\/wp\/v2\/media\/13072"}],"wp:attachment":[{"href":"https:\/\/acieloabierto.net\/fr\/wp-json\/wp\/v2\/media?parent=13071"}],"curies":[{"name":"wp","href":"https:\/\/api.w.org\/{rel}","templated":true}]}}