{"id":12949,"date":"2024-04-26T15:24:46","date_gmt":"2024-04-26T13:24:46","guid":{"rendered":"https:\/\/acieloabierto.net\/producten\/marbella-buiten-douche\/"},"modified":"2025-02-24T17:10:33","modified_gmt":"2025-02-24T16:10:33","slug":"marbella-douche","status":"publish","type":"product","link":"https:\/\/acieloabierto.net\/fr\/produits\/marbella-douche\/","title":{"rendered":"AQUA ZONE DOUCHE MARBELLA"},"content":{"rendered":"<p><span style=\"font-weight: 400;\">Marbella est une douche d&rsquo;ext\u00e9rieur autoportante caract\u00e9ris\u00e9e par des lignes \u00e9pur\u00e9es, un design minimaliste et une \u00e9l\u00e9gance intemporelle en tant qu&rsquo;\u00e9l\u00e9ment d&rsquo;un espace ext\u00e9rieur. Id\u00e9ale pour les bords de piscine et les salles de bains ext\u00e9rieures.<\/span><\/p>\n<p><span style=\"font-weight: 400;\">Fabriqu\u00e9e \u00e0 la main en pierre naturelle (disponible en deux\/trois finitions), elle sert symboliquement de monument \u00e0 la nature. Il s&rsquo;harmonise avec le paysage, en fait partie int\u00e9grante et vieillit gracieusement en suivant le chemin de la transformation \u00e9ternelle de la nature.<\/span><\/p>\n","protected":false},"excerpt":{"rendered":"<p>Marbella est une douche d&rsquo;ext\u00e9rieur autoportante caract\u00e9ris\u00e9e par des lignes \u00e9pur\u00e9es, un design minimaliste et une \u00e9l\u00e9gance intemporelle en tant qu&rsquo;\u00e9l\u00e9ment d&rsquo;un espace ext\u00e9rieur. Id\u00e9ale pour les bords de piscine et les salles de bains ext\u00e9rieures. Fabriqu\u00e9e \u00e0 la main en pierre naturelle (disponible en deux\/trois finitions), elle sert symboliquement de monument \u00e0 la nature. [&hellip;]<\/p>\n","protected":false},"featured_media":12988,"comment_status":"open","ping_status":"closed","template":"","meta":{"wds_primary_pwb-brand":0,"wds_primary_product_cat":0},"brands":[{"id":629,"name":"KORTA","slug":"korta-fr"}],"yoast_head":"<!-- This site is optimized with the Yoast SEO plugin v16.3 - https:\/\/yoast.com\/wordpress\/plugins\/seo\/ -->\n<title>AQUA ZONE DOUCHE MARBELLA - Acielo Abierto<\/title>\n<meta name=\"description\" content=\"Douche ext\u00e9rieure Marbella design by KORTA disponible en Espagne chez A Cielo Abierto garden furniture \u00e0 Marbella, Estapona, Altea et Benissa.\" \/>\n<meta name=\"robots\" content=\"index, follow, max-snippet:-1, max-image-preview:large, max-video-preview:-1\" \/>\n<link rel=\"canonical\" href=\"https:\/\/acieloabierto.net\/fr\/produits\/marbella-buiten-douche\/\" \/>\n<meta property=\"og:locale\" content=\"fr_FR\" \/>\n<meta property=\"og:type\" content=\"article\" \/>\n<meta property=\"og:title\" content=\"AQUA ZONE DOUCHE MARBELLA - Acielo Abierto\" \/>\n<meta property=\"og:description\" content=\"Douche ext\u00e9rieure Marbella design by KORTA disponible en Espagne chez A Cielo Abierto garden furniture \u00e0 Marbella, Estapona, Altea et Benissa.\" \/>\n<meta property=\"og:url\" content=\"https:\/\/acieloabierto.net\/produits\/marbella-buiten-douche\/\" \/>\n<meta property=\"og:site_name\" content=\"Acielo Abierto\" \/>\n<meta property=\"article:modified_time\" content=\"2025-02-24T16:10:33+00:00\" \/>\n<meta property=\"og:image\" content=\"https:\/\/acieloabierto.net\/wp-content\/uploads\/2024\/04\/Grota-outdoor-shower-polished.jfif_.jpg\" \/>\n\t<meta property=\"og:image:width\" content=\"1056\" \/>\n\t<meta property=\"og:image:height\" content=\"703\" \/>\n<meta name=\"twitter:card\" content=\"summary_large_image\" \/>\n<script type=\"application\/ld+json\" class=\"yoast-schema-graph\">{\"@context\":\"https:\/\/schema.org\",\"@graph\":[{\"@type\":\"Organization\",\"@id\":\"https:\/\/acieloabierto.net\/en\/#organization\",\"name\":\"A Cielo Abierto\",\"url\":\"https:\/\/acieloabierto.net\/en\/\",\"sameAs\":[],\"logo\":{\"@type\":\"ImageObject\",\"@id\":\"https:\/\/acieloabierto.net\/en\/#logo\",\"inLanguage\":\"fr-FR\",\"url\":\"https:\/\/acieloabierto.net\/wp-content\/uploads\/2021\/02\/logo.svg\",\"contentUrl\":\"https:\/\/acieloabierto.net\/wp-content\/uploads\/2021\/02\/logo.svg\",\"caption\":\"A Cielo Abierto\"},\"image\":{\"@id\":\"https:\/\/acieloabierto.net\/en\/#logo\"}},{\"@type\":\"WebSite\",\"@id\":\"https:\/\/acieloabierto.net\/en\/#website\",\"url\":\"https:\/\/acieloabierto.net\/en\/\",\"name\":\"Acielo Abierto\",\"description\":\"Tuinmeubels Costa Blanca\",\"publisher\":{\"@id\":\"https:\/\/acieloabierto.net\/en\/#organization\"},\"potentialAction\":[{\"@type\":\"SearchAction\",\"target\":\"https:\/\/acieloabierto.net\/en\/?s={search_term_string}\",\"query-input\":\"required name=search_term_string\"}],\"inLanguage\":\"fr-FR\"},{\"@type\":\"ImageObject\",\"@id\":\"https:\/\/acieloabierto.net\/produits\/marbella-buiten-douche\/#primaryimage\",\"inLanguage\":\"fr-FR\",\"url\":\"https:\/\/acieloabierto.net\/wp-content\/uploads\/2024\/04\/Grota-outdoor-shower-polished.jfif_.jpg\",\"contentUrl\":\"https:\/\/acieloabierto.net\/wp-content\/uploads\/2024\/04\/Grota-outdoor-shower-polished.jfif_.jpg\",\"width\":1056,\"height\":703},{\"@type\":\"WebPage\",\"@id\":\"https:\/\/acieloabierto.net\/produits\/marbella-buiten-douche\/#webpage\",\"url\":\"https:\/\/acieloabierto.net\/produits\/marbella-buiten-douche\/\",\"name\":\"AQUA ZONE DOUCHE MARBELLA - Acielo Abierto\",\"isPartOf\":{\"@id\":\"https:\/\/acieloabierto.net\/en\/#website\"},\"primaryImageOfPage\":{\"@id\":\"https:\/\/acieloabierto.net\/produits\/marbella-buiten-douche\/#primaryimage\"},\"datePublished\":\"2024-04-26T13:24:46+00:00\",\"dateModified\":\"2025-02-24T16:10:33+00:00\",\"description\":\"Douche ext\\u00e9rieure Marbella design by KORTA disponible en Espagne chez A Cielo Abierto garden furniture \\u00e0 Marbella, Estapona, Altea et Benissa.\",\"breadcrumb\":{\"@id\":\"https:\/\/acieloabierto.net\/produits\/marbella-buiten-douche\/#breadcrumb\"},\"inLanguage\":\"fr-FR\",\"potentialAction\":[{\"@type\":\"ReadAction\",\"target\":[\"https:\/\/acieloabierto.net\/produits\/marbella-buiten-douche\/\"]}]},{\"@type\":\"BreadcrumbList\",\"@id\":\"https:\/\/acieloabierto.net\/produits\/marbella-buiten-douche\/#breadcrumb\",\"itemListElement\":[{\"@type\":\"ListItem\",\"position\":1,\"item\":{\"@type\":\"WebPage\",\"@id\":\"https:\/\/acieloabierto.net\/fr\/\",\"url\":\"https:\/\/acieloabierto.net\/fr\/\",\"name\":\"Home\"}},{\"@type\":\"ListItem\",\"position\":2,\"item\":{\"@type\":\"WebPage\",\"@id\":\"\",\"url\":\"\",\"name\":\"\"}},{\"@type\":\"ListItem\",\"position\":3,\"item\":{\"@id\":\"https:\/\/acieloabierto.net\/produits\/marbella-buiten-douche\/#webpage\"}}]}]}<\/script>\n<!-- \/ Yoast SEO plugin. -->","_links":{"self":[{"href":"https:\/\/acieloabierto.net\/fr\/wp-json\/wp\/v2\/product\/12949"}],"collection":[{"href":"https:\/\/acieloabierto.net\/fr\/wp-json\/wp\/v2\/product"}],"about":[{"href":"https:\/\/acieloabierto.net\/fr\/wp-json\/wp\/v2\/types\/product"}],"replies":[{"embeddable":true,"href":"https:\/\/acieloabierto.net\/fr\/wp-json\/wp\/v2\/comments?post=12949"}],"wp:featuredmedia":[{"embeddable":true,"href":"https:\/\/acieloabierto.net\/fr\/wp-json\/wp\/v2\/media\/12988"}],"wp:attachment":[{"href":"https:\/\/acieloabierto.net\/fr\/wp-json\/wp\/v2\/media?parent=12949"}],"curies":[{"name":"wp","href":"https:\/\/api.w.org\/{rel}","templated":true}]}}