{"id":12922,"date":"2021-02-23T09:37:42","date_gmt":"2021-02-23T09:37:42","guid":{"rendered":"https:\/\/acieloabierto.net\/collecties\/"},"modified":"2025-02-21T16:24:48","modified_gmt":"2025-02-21T15:24:48","slug":"collections","status":"publish","type":"page","link":"https:\/\/acieloabierto.net\/fr\/collections\/","title":{"rendered":"Marques"},"content":{"rendered":"","protected":false},"excerpt":{"rendered":"","protected":false},"author":1,"featured_media":12923,"parent":0,"menu_order":0,"comment_status":"closed","ping_status":"closed","template":"brands.php","meta":[],"yoast_head":"<!-- This site is optimized with the Yoast SEO plugin v16.3 - https:\/\/yoast.com\/wordpress\/plugins\/seo\/ -->\n<title>Meubles de jardin exclusifs en Espagne - A Cielo Abierto<\/title>\n<meta name=\"description\" content=\"Visitez nos salles d&#039;exposition \u00e0 Finestrat, Benissa, Marbella et Estepona pour une gamme vari\u00e9e de meubles de jardin en Espagne de marques r\u00e9put\u00e9es.\" \/>\n<meta name=\"robots\" content=\"index, follow, max-snippet:-1, max-image-preview:large, max-video-preview:-1\" \/>\n<link rel=\"canonical\" href=\"https:\/\/acieloabierto.net\/fr\/collections\/\" \/>\n<meta property=\"og:locale\" content=\"fr_FR\" \/>\n<meta property=\"og:type\" content=\"article\" \/>\n<meta property=\"og:title\" content=\"Meubles de jardin exclusifs en Espagne - A Cielo Abierto\" \/>\n<meta property=\"og:description\" content=\"Visitez nos salles d&#039;exposition \u00e0 Finestrat, Benissa, Marbella et Estepona pour une gamme vari\u00e9e de meubles de jardin en Espagne de marques r\u00e9put\u00e9es.\" \/>\n<meta property=\"og:url\" content=\"https:\/\/acieloabierto.net\/fr\/collections\/\" \/>\n<meta property=\"og:site_name\" content=\"Acielo Abierto\" \/>\n<meta property=\"article:modified_time\" content=\"2025-02-21T15:24:48+00:00\" \/>\n<meta property=\"og:image\" content=\"https:\/\/acieloabierto.net\/wp-content\/uploads\/2021\/10\/Jati-Kebon_Ritz-Teak-Collection-5-img-41548.jpg\" \/>\n\t<meta property=\"og:image:width\" content=\"1920\" \/>\n\t<meta property=\"og:image:height\" content=\"1300\" \/>\n<meta name=\"twitter:card\" content=\"summary_large_image\" \/>\n<script type=\"application\/ld+json\" class=\"yoast-schema-graph\">{\"@context\":\"https:\/\/schema.org\",\"@graph\":[{\"@type\":\"Organization\",\"@id\":\"https:\/\/acieloabierto.net\/en\/#organization\",\"name\":\"A Cielo Abierto\",\"url\":\"https:\/\/acieloabierto.net\/en\/\",\"sameAs\":[],\"logo\":{\"@type\":\"ImageObject\",\"@id\":\"https:\/\/acieloabierto.net\/en\/#logo\",\"inLanguage\":\"fr-FR\",\"url\":\"https:\/\/acieloabierto.net\/wp-content\/uploads\/2021\/02\/logo.svg\",\"contentUrl\":\"https:\/\/acieloabierto.net\/wp-content\/uploads\/2021\/02\/logo.svg\",\"caption\":\"A Cielo Abierto\"},\"image\":{\"@id\":\"https:\/\/acieloabierto.net\/en\/#logo\"}},{\"@type\":\"WebSite\",\"@id\":\"https:\/\/acieloabierto.net\/en\/#website\",\"url\":\"https:\/\/acieloabierto.net\/en\/\",\"name\":\"Acielo Abierto\",\"description\":\"Tuinmeubels Costa Blanca\",\"publisher\":{\"@id\":\"https:\/\/acieloabierto.net\/en\/#organization\"},\"potentialAction\":[{\"@type\":\"SearchAction\",\"target\":\"https:\/\/acieloabierto.net\/en\/?s={search_term_string}\",\"query-input\":\"required name=search_term_string\"}],\"inLanguage\":\"fr-FR\"},{\"@type\":\"ImageObject\",\"@id\":\"https:\/\/acieloabierto.net\/fr\/collections\/#primaryimage\",\"inLanguage\":\"fr-FR\",\"url\":\"https:\/\/acieloabierto.net\/wp-content\/uploads\/2021\/10\/Jati-Kebon_Ritz-Teak-Collection-5-img-41548.jpg\",\"contentUrl\":\"https:\/\/acieloabierto.net\/wp-content\/uploads\/2021\/10\/Jati-Kebon_Ritz-Teak-Collection-5-img-41548.jpg\",\"width\":1920,\"height\":1300},{\"@type\":\"WebPage\",\"@id\":\"https:\/\/acieloabierto.net\/fr\/collections\/#webpage\",\"url\":\"https:\/\/acieloabierto.net\/fr\/collections\/\",\"name\":\"Meubles de jardin exclusifs en Espagne - A Cielo Abierto\",\"isPartOf\":{\"@id\":\"https:\/\/acieloabierto.net\/en\/#website\"},\"primaryImageOfPage\":{\"@id\":\"https:\/\/acieloabierto.net\/fr\/collections\/#primaryimage\"},\"datePublished\":\"2021-02-23T09:37:42+00:00\",\"dateModified\":\"2025-02-21T15:24:48+00:00\",\"description\":\"Visitez nos salles d'exposition \\u00e0 Finestrat, Benissa, Marbella et Estepona pour une gamme vari\\u00e9e de meubles de jardin en Espagne de marques r\\u00e9put\\u00e9es.\",\"breadcrumb\":{\"@id\":\"https:\/\/acieloabierto.net\/fr\/collections\/#breadcrumb\"},\"inLanguage\":\"fr-FR\",\"potentialAction\":[{\"@type\":\"ReadAction\",\"target\":[\"https:\/\/acieloabierto.net\/fr\/collections\/\"]}]},{\"@type\":\"BreadcrumbList\",\"@id\":\"https:\/\/acieloabierto.net\/fr\/collections\/#breadcrumb\",\"itemListElement\":[{\"@type\":\"ListItem\",\"position\":1,\"item\":{\"@type\":\"WebPage\",\"@id\":\"https:\/\/acieloabierto.net\/fr\/\",\"url\":\"https:\/\/acieloabierto.net\/fr\/\",\"name\":\"Home\"}},{\"@type\":\"ListItem\",\"position\":2,\"item\":{\"@id\":\"https:\/\/acieloabierto.net\/fr\/collections\/#webpage\"}}]}]}<\/script>\n<!-- \/ Yoast SEO plugin. -->","_links":{"self":[{"href":"https:\/\/acieloabierto.net\/fr\/wp-json\/wp\/v2\/pages\/12922"}],"collection":[{"href":"https:\/\/acieloabierto.net\/fr\/wp-json\/wp\/v2\/pages"}],"about":[{"href":"https:\/\/acieloabierto.net\/fr\/wp-json\/wp\/v2\/types\/page"}],"author":[{"embeddable":true,"href":"https:\/\/acieloabierto.net\/fr\/wp-json\/wp\/v2\/users\/1"}],"replies":[{"embeddable":true,"href":"https:\/\/acieloabierto.net\/fr\/wp-json\/wp\/v2\/comments?post=12922"}],"version-history":[{"count":1,"href":"https:\/\/acieloabierto.net\/fr\/wp-json\/wp\/v2\/pages\/12922\/revisions"}],"predecessor-version":[{"id":12924,"href":"https:\/\/acieloabierto.net\/fr\/wp-json\/wp\/v2\/pages\/12922\/revisions\/12924"}],"wp:featuredmedia":[{"embeddable":true,"href":"https:\/\/acieloabierto.net\/fr\/wp-json\/wp\/v2\/media\/12923"}],"wp:attachment":[{"href":"https:\/\/acieloabierto.net\/fr\/wp-json\/wp\/v2\/media?parent=12922"}],"curies":[{"name":"wp","href":"https:\/\/api.w.org\/{rel}","templated":true}]}}