{"id":12452,"date":"2024-05-21T11:38:03","date_gmt":"2024-05-21T09:38:03","guid":{"rendered":"https:\/\/acieloabierto.net\/producten\/shoto-in-samenwerking-met-vincent-van-duysen\/"},"modified":"2024-05-21T11:45:40","modified_gmt":"2024-05-21T09:45:40","slug":"shoto-en-colaboracion-con-vincent-van-duysen","status":"publish","type":"product","link":"https:\/\/acieloabierto.net\/es\/producten\/shoto-en-colaboracion-con-vincent-van-duysen\/","title":{"rendered":"Shot\u014d en colaboraci\u00f3n con Vincent Van Duysen"},"content":{"rendered":"<p>Pionero en cocinas m\u00f3viles para exteriores, indu+ presenta, en colaboraci\u00f3n con Vincent Van Duysen, la receta definitiva para los entusiastas de la cocina al aire libre y los amantes del dise\u00f1o de alta gama. Shot\u014d es una colecci\u00f3n ic\u00f3nica que no s\u00f3lo encarna la filosof\u00eda de dise\u00f1o visionario de Van Duysen, sino que tambi\u00e9n est\u00e1 perfectamente alineada con la b\u00fasqueda inquebrantable de innovaci\u00f3n y calidad de indu+.<\/p>\n","protected":false},"excerpt":{"rendered":"<p>Pionero en cocinas m\u00f3viles para exteriores, indu+ presenta, en colaboraci\u00f3n con Vincent Van Duysen, la receta definitiva para los entusiastas de la cocina al aire libre y los amantes del dise\u00f1o de alta gama. Shot\u014d es una colecci\u00f3n ic\u00f3nica que no s\u00f3lo encarna la filosof\u00eda de dise\u00f1o visionario de Van Duysen, sino que tambi\u00e9n est\u00e1 [&hellip;]<\/p>\n","protected":false},"featured_media":12414,"comment_status":"open","ping_status":"closed","template":"","meta":{"wds_primary_pwb-brand":0,"wds_primary_product_cat":0},"brands":[{"id":460,"name":"InduPlus","slug":"induplus"}],"yoast_head":"<!-- This site is optimized with the Yoast SEO plugin v16.3 - https:\/\/yoast.com\/wordpress\/plugins\/seo\/ -->\n<title>Shot\u014d en colaboraci\u00f3n con Vincent Van Duysen - A Cielo Abierto<\/title>\n<meta name=\"description\" content=\"Shot\u014d es una colecci\u00f3n ic\u00f3nica en colaboraci\u00f3n con Vincent Van Duysen en A Cielo Abierto en Altea, Benissa, Marbella y Estepona.\" \/>\n<meta name=\"robots\" content=\"index, follow, max-snippet:-1, max-image-preview:large, max-video-preview:-1\" \/>\n<link rel=\"canonical\" href=\"https:\/\/acieloabierto.net\/es\/producten\/shoto-en-colaboracion-con-vincent-van-duysen\/\" \/>\n<meta property=\"og:locale\" content=\"es_ES\" \/>\n<meta property=\"og:type\" content=\"article\" \/>\n<meta property=\"og:title\" content=\"Shot\u014d en colaboraci\u00f3n con Vincent Van Duysen - A Cielo Abierto\" \/>\n<meta property=\"og:description\" content=\"Shot\u014d es una colecci\u00f3n ic\u00f3nica en colaboraci\u00f3n con Vincent Van Duysen en A Cielo Abierto en Altea, Benissa, Marbella y Estepona.\" \/>\n<meta property=\"og:url\" content=\"https:\/\/acieloabierto.net\/es\/producten\/shoto-en-colaboracion-con-vincent-van-duysen\/\" \/>\n<meta property=\"og:site_name\" content=\"A Cielo Abierto\" \/>\n<meta property=\"article:modified_time\" content=\"2024-05-21T09:45:40+00:00\" \/>\n<meta property=\"og:image\" content=\"https:\/\/acieloabierto.net\/wp-content\/uploads\/2024\/05\/Indu-Vincent-van-Duysen_10190.jpg\" \/>\n\t<meta property=\"og:image:width\" content=\"1920\" \/>\n\t<meta property=\"og:image:height\" content=\"917\" \/>\n<meta name=\"twitter:card\" content=\"summary_large_image\" \/>\n<script type=\"application\/ld+json\" class=\"yoast-schema-graph\">{\"@context\":\"https:\/\/schema.org\",\"@graph\":[{\"@type\":\"Organization\",\"@id\":\"https:\/\/acieloabierto.net\/en\/#organization\",\"name\":\"A Cielo Abierto\",\"url\":\"https:\/\/acieloabierto.net\/en\/\",\"sameAs\":[],\"logo\":{\"@type\":\"ImageObject\",\"@id\":\"https:\/\/acieloabierto.net\/en\/#logo\",\"inLanguage\":\"es\",\"url\":\"https:\/\/acieloabierto.net\/wp-content\/uploads\/2021\/02\/logo.svg\",\"contentUrl\":\"https:\/\/acieloabierto.net\/wp-content\/uploads\/2021\/02\/logo.svg\",\"caption\":\"A Cielo Abierto\"},\"image\":{\"@id\":\"https:\/\/acieloabierto.net\/en\/#logo\"}},{\"@type\":\"WebSite\",\"@id\":\"https:\/\/acieloabierto.net\/en\/#website\",\"url\":\"https:\/\/acieloabierto.net\/en\/\",\"name\":\"A Cielo Abierto\",\"description\":\"Tuinmeubels Costa Blanca\",\"publisher\":{\"@id\":\"https:\/\/acieloabierto.net\/en\/#organization\"},\"potentialAction\":[{\"@type\":\"SearchAction\",\"target\":\"https:\/\/acieloabierto.net\/en\/?s={search_term_string}\",\"query-input\":\"required name=search_term_string\"}],\"inLanguage\":\"es\"},{\"@type\":\"ImageObject\",\"@id\":\"https:\/\/acieloabierto.net\/es\/producten\/shoto-en-colaboracion-con-vincent-van-duysen\/#primaryimage\",\"inLanguage\":\"es\",\"url\":\"https:\/\/acieloabierto.net\/wp-content\/uploads\/2024\/05\/Indu-Vincent-van-Duysen_10190.jpg\",\"contentUrl\":\"https:\/\/acieloabierto.net\/wp-content\/uploads\/2024\/05\/Indu-Vincent-van-Duysen_10190.jpg\",\"width\":1920,\"height\":917},{\"@type\":\"WebPage\",\"@id\":\"https:\/\/acieloabierto.net\/es\/producten\/shoto-en-colaboracion-con-vincent-van-duysen\/#webpage\",\"url\":\"https:\/\/acieloabierto.net\/es\/producten\/shoto-en-colaboracion-con-vincent-van-duysen\/\",\"name\":\"Shot\\u014d en colaboraci\\u00f3n con Vincent Van Duysen - A Cielo Abierto\",\"isPartOf\":{\"@id\":\"https:\/\/acieloabierto.net\/en\/#website\"},\"primaryImageOfPage\":{\"@id\":\"https:\/\/acieloabierto.net\/es\/producten\/shoto-en-colaboracion-con-vincent-van-duysen\/#primaryimage\"},\"datePublished\":\"2024-05-21T09:38:03+00:00\",\"dateModified\":\"2024-05-21T09:45:40+00:00\",\"description\":\"Shot\\u014d es una colecci\\u00f3n ic\\u00f3nica en colaboraci\\u00f3n con Vincent Van Duysen en A Cielo Abierto en Altea, Benissa, Marbella y Estepona.\",\"breadcrumb\":{\"@id\":\"https:\/\/acieloabierto.net\/es\/producten\/shoto-en-colaboracion-con-vincent-van-duysen\/#breadcrumb\"},\"inLanguage\":\"es\",\"potentialAction\":[{\"@type\":\"ReadAction\",\"target\":[\"https:\/\/acieloabierto.net\/es\/producten\/shoto-en-colaboracion-con-vincent-van-duysen\/\"]}]},{\"@type\":\"BreadcrumbList\",\"@id\":\"https:\/\/acieloabierto.net\/es\/producten\/shoto-en-colaboracion-con-vincent-van-duysen\/#breadcrumb\",\"itemListElement\":[{\"@type\":\"ListItem\",\"position\":1,\"item\":{\"@type\":\"WebPage\",\"@id\":\"https:\/\/acieloabierto.net\/\",\"url\":\"https:\/\/acieloabierto.net\/\",\"name\":\"Home\"}},{\"@type\":\"ListItem\",\"position\":2,\"item\":{\"@type\":\"WebPage\",\"@id\":\"\",\"url\":\"\",\"name\":\"\"}},{\"@type\":\"ListItem\",\"position\":3,\"item\":{\"@id\":\"https:\/\/acieloabierto.net\/es\/producten\/shoto-en-colaboracion-con-vincent-van-duysen\/#webpage\"}}]}]}<\/script>\n<!-- \/ Yoast SEO plugin. -->","_links":{"self":[{"href":"https:\/\/acieloabierto.net\/es\/wp-json\/wp\/v2\/product\/12452"}],"collection":[{"href":"https:\/\/acieloabierto.net\/es\/wp-json\/wp\/v2\/product"}],"about":[{"href":"https:\/\/acieloabierto.net\/es\/wp-json\/wp\/v2\/types\/product"}],"replies":[{"embeddable":true,"href":"https:\/\/acieloabierto.net\/es\/wp-json\/wp\/v2\/comments?post=12452"}],"wp:featuredmedia":[{"embeddable":true,"href":"https:\/\/acieloabierto.net\/es\/wp-json\/wp\/v2\/media\/12414"}],"wp:attachment":[{"href":"https:\/\/acieloabierto.net\/es\/wp-json\/wp\/v2\/media?parent=12452"}],"curies":[{"name":"wp","href":"https:\/\/api.w.org\/{rel}","templated":true}]}}