{"id":12319,"date":"2024-05-20T17:17:27","date_gmt":"2024-05-20T15:17:27","guid":{"rendered":"https:\/\/acieloabierto.net\/producten\/bilba\/"},"modified":"2024-05-21T10:12:51","modified_gmt":"2024-05-21T08:12:51","slug":"bilba","status":"publish","type":"product","link":"https:\/\/acieloabierto.net\/es\/producten\/bilba\/","title":{"rendered":"Bilba"},"content":{"rendered":"<p>Potente y elegante, bilba es el carro m\u00e1s espacioso y cuenta con nada menos que tres zonas de cocci\u00f3n. Viene con tres cajones, dos portacuchillas integrados, un juego de inducci\u00f3n y una tabla de cortar. Bonificaci\u00f3n: mucho espacio para especias y otros utensilios de cocina.<\/p>\n","protected":false},"excerpt":{"rendered":"<p>Potente y elegante, bilba es el carro m\u00e1s espacioso y cuenta con nada menos que tres zonas de cocci\u00f3n. Viene con tres cajones, dos portacuchillas integrados, un juego de inducci\u00f3n y una tabla de cortar. Bonificaci\u00f3n: mucho espacio para especias y otros utensilios de cocina.<\/p>\n","protected":false},"featured_media":12272,"comment_status":"open","ping_status":"closed","template":"","meta":{"wds_primary_pwb-brand":0,"wds_primary_product_cat":0},"brands":[{"id":460,"name":"InduPlus","slug":"induplus"}],"yoast_head":"<!-- This site is optimized with the Yoast SEO plugin v16.3 - https:\/\/yoast.com\/wordpress\/plugins\/seo\/ -->\n<title>Indu+ Bilba Cocinas exteriores en Espa\u00f1a - A Cielo Abierto<\/title>\n<meta name=\"description\" content=\"Elegantes cocinas y carritos de exterior Bilba Indu+ en A Cielo Abierto en Altea, Benissa, Marbella y Estepona.\" \/>\n<meta name=\"robots\" content=\"index, follow, max-snippet:-1, max-image-preview:large, max-video-preview:-1\" \/>\n<link rel=\"canonical\" href=\"https:\/\/acieloabierto.net\/es\/producten\/bilba\/\" \/>\n<meta property=\"og:locale\" content=\"es_ES\" \/>\n<meta property=\"og:type\" content=\"article\" \/>\n<meta property=\"og:title\" content=\"Indu+ Bilba Cocinas exteriores en Espa\u00f1a - A Cielo Abierto\" \/>\n<meta property=\"og:description\" content=\"Elegantes cocinas y carritos de exterior Bilba Indu+ en A Cielo Abierto en Altea, Benissa, Marbella y Estepona.\" \/>\n<meta property=\"og:url\" content=\"https:\/\/acieloabierto.net\/es\/producten\/bilba\/\" \/>\n<meta property=\"og:site_name\" content=\"A Cielo Abierto\" \/>\n<meta property=\"article:modified_time\" content=\"2024-05-21T08:12:51+00:00\" \/>\n<meta property=\"og:image\" content=\"https:\/\/acieloabierto.net\/wp-content\/uploads\/2024\/05\/bilba_023.jpg\" \/>\n\t<meta property=\"og:image:width\" content=\"2500\" \/>\n\t<meta property=\"og:image:height\" content=\"1406\" \/>\n<meta name=\"twitter:card\" content=\"summary_large_image\" \/>\n<script type=\"application\/ld+json\" class=\"yoast-schema-graph\">{\"@context\":\"https:\/\/schema.org\",\"@graph\":[{\"@type\":\"Organization\",\"@id\":\"https:\/\/acieloabierto.net\/en\/#organization\",\"name\":\"A Cielo Abierto\",\"url\":\"https:\/\/acieloabierto.net\/en\/\",\"sameAs\":[],\"logo\":{\"@type\":\"ImageObject\",\"@id\":\"https:\/\/acieloabierto.net\/en\/#logo\",\"inLanguage\":\"es\",\"url\":\"https:\/\/acieloabierto.net\/wp-content\/uploads\/2021\/02\/logo.svg\",\"contentUrl\":\"https:\/\/acieloabierto.net\/wp-content\/uploads\/2021\/02\/logo.svg\",\"caption\":\"A Cielo Abierto\"},\"image\":{\"@id\":\"https:\/\/acieloabierto.net\/en\/#logo\"}},{\"@type\":\"WebSite\",\"@id\":\"https:\/\/acieloabierto.net\/en\/#website\",\"url\":\"https:\/\/acieloabierto.net\/en\/\",\"name\":\"A Cielo Abierto\",\"description\":\"Tuinmeubels Costa Blanca\",\"publisher\":{\"@id\":\"https:\/\/acieloabierto.net\/en\/#organization\"},\"potentialAction\":[{\"@type\":\"SearchAction\",\"target\":\"https:\/\/acieloabierto.net\/en\/?s={search_term_string}\",\"query-input\":\"required name=search_term_string\"}],\"inLanguage\":\"es\"},{\"@type\":\"ImageObject\",\"@id\":\"https:\/\/acieloabierto.net\/es\/producten\/bilba\/#primaryimage\",\"inLanguage\":\"es\",\"url\":\"https:\/\/acieloabierto.net\/wp-content\/uploads\/2024\/05\/bilba_023.jpg\",\"contentUrl\":\"https:\/\/acieloabierto.net\/wp-content\/uploads\/2024\/05\/bilba_023.jpg\",\"width\":2500,\"height\":1406},{\"@type\":\"WebPage\",\"@id\":\"https:\/\/acieloabierto.net\/es\/producten\/bilba\/#webpage\",\"url\":\"https:\/\/acieloabierto.net\/es\/producten\/bilba\/\",\"name\":\"Indu+ Bilba Cocinas exteriores en Espa\\u00f1a - A Cielo Abierto\",\"isPartOf\":{\"@id\":\"https:\/\/acieloabierto.net\/en\/#website\"},\"primaryImageOfPage\":{\"@id\":\"https:\/\/acieloabierto.net\/es\/producten\/bilba\/#primaryimage\"},\"datePublished\":\"2024-05-20T15:17:27+00:00\",\"dateModified\":\"2024-05-21T08:12:51+00:00\",\"description\":\"Elegantes cocinas y carritos de exterior Bilba Indu+ en A Cielo Abierto en Altea, Benissa, Marbella y Estepona.\",\"breadcrumb\":{\"@id\":\"https:\/\/acieloabierto.net\/es\/producten\/bilba\/#breadcrumb\"},\"inLanguage\":\"es\",\"potentialAction\":[{\"@type\":\"ReadAction\",\"target\":[\"https:\/\/acieloabierto.net\/es\/producten\/bilba\/\"]}]},{\"@type\":\"BreadcrumbList\",\"@id\":\"https:\/\/acieloabierto.net\/es\/producten\/bilba\/#breadcrumb\",\"itemListElement\":[{\"@type\":\"ListItem\",\"position\":1,\"item\":{\"@type\":\"WebPage\",\"@id\":\"https:\/\/acieloabierto.net\/\",\"url\":\"https:\/\/acieloabierto.net\/\",\"name\":\"Home\"}},{\"@type\":\"ListItem\",\"position\":2,\"item\":{\"@type\":\"WebPage\",\"@id\":\"\",\"url\":\"\",\"name\":\"\"}},{\"@type\":\"ListItem\",\"position\":3,\"item\":{\"@id\":\"https:\/\/acieloabierto.net\/es\/producten\/bilba\/#webpage\"}}]}]}<\/script>\n<!-- \/ Yoast SEO plugin. -->","_links":{"self":[{"href":"https:\/\/acieloabierto.net\/es\/wp-json\/wp\/v2\/product\/12319"}],"collection":[{"href":"https:\/\/acieloabierto.net\/es\/wp-json\/wp\/v2\/product"}],"about":[{"href":"https:\/\/acieloabierto.net\/es\/wp-json\/wp\/v2\/types\/product"}],"replies":[{"embeddable":true,"href":"https:\/\/acieloabierto.net\/es\/wp-json\/wp\/v2\/comments?post=12319"}],"wp:featuredmedia":[{"embeddable":true,"href":"https:\/\/acieloabierto.net\/es\/wp-json\/wp\/v2\/media\/12272"}],"wp:attachment":[{"href":"https:\/\/acieloabierto.net\/es\/wp-json\/wp\/v2\/media?parent=12319"}],"curies":[{"name":"wp","href":"https:\/\/api.w.org\/{rel}","templated":true}]}}