{"id":12260,"date":"2024-05-20T15:41:13","date_gmt":"2024-05-20T13:41:13","guid":{"rendered":"https:\/\/acieloabierto.net\/producten\/arvid\/"},"modified":"2024-05-20T16:13:21","modified_gmt":"2024-05-20T14:13:21","slug":"arvid","status":"publish","type":"product","link":"https:\/\/acieloabierto.net\/es\/producten\/arvid\/","title":{"rendered":"Arvid"},"content":{"rendered":"<p>Con sus dos zonas de cocci\u00f3n y su dise\u00f1o sencillo pero elegante, arvid ofrece todo lo que necesitas en una cocina al aire libre. Est\u00e1 fabricado en madera de teca maciza de alta calidad y contiene un Caj\u00f3n con gu\u00edas de cierre suave y portacuchillas incorporado.<\/p>\n","protected":false},"excerpt":{"rendered":"<p>Con sus dos zonas de cocci\u00f3n y su dise\u00f1o sencillo pero elegante, arvid ofrece todo lo que necesitas en una cocina al aire libre. Est\u00e1 fabricado en madera de teca maciza de alta calidad y contiene un Caj\u00f3n con gu\u00edas de cierre suave y portacuchillas incorporado.<\/p>\n","protected":false},"featured_media":12245,"comment_status":"open","ping_status":"closed","template":"","meta":{"wds_primary_pwb-brand":0,"wds_primary_product_cat":0},"brands":[{"id":460,"name":"InduPlus","slug":"induplus"}],"yoast_head":"<!-- This site is optimized with the Yoast SEO plugin v16.3 - https:\/\/yoast.com\/wordpress\/plugins\/seo\/ -->\n<title>Indu+ Cocinas exteriores en Espa\u00f1a - A Cielo Abierto<\/title>\n<meta name=\"description\" content=\"Cocinas de exterior de Indu+, elige de combinaciones de barra, inducci\u00f3n, wok y grill en A Cielo Abierto en Altea, Benissa, Marbella y Estepona.\" \/>\n<meta name=\"robots\" content=\"index, follow, max-snippet:-1, max-image-preview:large, max-video-preview:-1\" \/>\n<link rel=\"canonical\" href=\"https:\/\/acieloabierto.net\/es\/producten\/arvid\/\" \/>\n<meta property=\"og:locale\" content=\"es_ES\" \/>\n<meta property=\"og:type\" content=\"article\" \/>\n<meta property=\"og:title\" content=\"Indu+ Cocinas exteriores en Espa\u00f1a - A Cielo Abierto\" \/>\n<meta property=\"og:description\" content=\"Cocinas de exterior de Indu+, elige de combinaciones de barra, inducci\u00f3n, wok y grill en A Cielo Abierto en Altea, Benissa, Marbella y Estepona.\" \/>\n<meta property=\"og:url\" content=\"https:\/\/acieloabierto.net\/es\/producten\/arvid\/\" \/>\n<meta property=\"og:site_name\" content=\"A Cielo Abierto\" \/>\n<meta property=\"article:modified_time\" content=\"2024-05-20T14:13:21+00:00\" \/>\n<meta property=\"og:image\" content=\"https:\/\/acieloabierto.net\/wp-content\/uploads\/2024\/05\/arvid_015-2.jpg\" \/>\n\t<meta property=\"og:image:width\" content=\"1913\" \/>\n\t<meta property=\"og:image:height\" content=\"1175\" \/>\n<meta name=\"twitter:card\" content=\"summary_large_image\" \/>\n<script type=\"application\/ld+json\" class=\"yoast-schema-graph\">{\"@context\":\"https:\/\/schema.org\",\"@graph\":[{\"@type\":\"Organization\",\"@id\":\"https:\/\/acieloabierto.net\/en\/#organization\",\"name\":\"A Cielo Abierto\",\"url\":\"https:\/\/acieloabierto.net\/en\/\",\"sameAs\":[],\"logo\":{\"@type\":\"ImageObject\",\"@id\":\"https:\/\/acieloabierto.net\/en\/#logo\",\"inLanguage\":\"es\",\"url\":\"https:\/\/acieloabierto.net\/wp-content\/uploads\/2021\/02\/logo.svg\",\"contentUrl\":\"https:\/\/acieloabierto.net\/wp-content\/uploads\/2021\/02\/logo.svg\",\"caption\":\"A Cielo Abierto\"},\"image\":{\"@id\":\"https:\/\/acieloabierto.net\/en\/#logo\"}},{\"@type\":\"WebSite\",\"@id\":\"https:\/\/acieloabierto.net\/en\/#website\",\"url\":\"https:\/\/acieloabierto.net\/en\/\",\"name\":\"A Cielo Abierto\",\"description\":\"Tuinmeubels Costa Blanca\",\"publisher\":{\"@id\":\"https:\/\/acieloabierto.net\/en\/#organization\"},\"potentialAction\":[{\"@type\":\"SearchAction\",\"target\":\"https:\/\/acieloabierto.net\/en\/?s={search_term_string}\",\"query-input\":\"required name=search_term_string\"}],\"inLanguage\":\"es\"},{\"@type\":\"ImageObject\",\"@id\":\"https:\/\/acieloabierto.net\/es\/producten\/arvid\/#primaryimage\",\"inLanguage\":\"es\",\"url\":\"https:\/\/acieloabierto.net\/wp-content\/uploads\/2024\/05\/arvid_015-2.jpg\",\"contentUrl\":\"https:\/\/acieloabierto.net\/wp-content\/uploads\/2024\/05\/arvid_015-2.jpg\",\"width\":1913,\"height\":1175},{\"@type\":\"WebPage\",\"@id\":\"https:\/\/acieloabierto.net\/es\/producten\/arvid\/#webpage\",\"url\":\"https:\/\/acieloabierto.net\/es\/producten\/arvid\/\",\"name\":\"Indu+ Cocinas exteriores en Espa\\u00f1a - A Cielo Abierto\",\"isPartOf\":{\"@id\":\"https:\/\/acieloabierto.net\/en\/#website\"},\"primaryImageOfPage\":{\"@id\":\"https:\/\/acieloabierto.net\/es\/producten\/arvid\/#primaryimage\"},\"datePublished\":\"2024-05-20T13:41:13+00:00\",\"dateModified\":\"2024-05-20T14:13:21+00:00\",\"description\":\"Cocinas de exterior de Indu+, elige de combinaciones de barra, inducci\\u00f3n, wok y grill en A Cielo Abierto en Altea, Benissa, Marbella y Estepona.\",\"breadcrumb\":{\"@id\":\"https:\/\/acieloabierto.net\/es\/producten\/arvid\/#breadcrumb\"},\"inLanguage\":\"es\",\"potentialAction\":[{\"@type\":\"ReadAction\",\"target\":[\"https:\/\/acieloabierto.net\/es\/producten\/arvid\/\"]}]},{\"@type\":\"BreadcrumbList\",\"@id\":\"https:\/\/acieloabierto.net\/es\/producten\/arvid\/#breadcrumb\",\"itemListElement\":[{\"@type\":\"ListItem\",\"position\":1,\"item\":{\"@type\":\"WebPage\",\"@id\":\"https:\/\/acieloabierto.net\/\",\"url\":\"https:\/\/acieloabierto.net\/\",\"name\":\"Home\"}},{\"@type\":\"ListItem\",\"position\":2,\"item\":{\"@type\":\"WebPage\",\"@id\":\"\",\"url\":\"\",\"name\":\"\"}},{\"@type\":\"ListItem\",\"position\":3,\"item\":{\"@id\":\"https:\/\/acieloabierto.net\/es\/producten\/arvid\/#webpage\"}}]}]}<\/script>\n<!-- \/ Yoast SEO plugin. -->","_links":{"self":[{"href":"https:\/\/acieloabierto.net\/es\/wp-json\/wp\/v2\/product\/12260"}],"collection":[{"href":"https:\/\/acieloabierto.net\/es\/wp-json\/wp\/v2\/product"}],"about":[{"href":"https:\/\/acieloabierto.net\/es\/wp-json\/wp\/v2\/types\/product"}],"replies":[{"embeddable":true,"href":"https:\/\/acieloabierto.net\/es\/wp-json\/wp\/v2\/comments?post=12260"}],"wp:featuredmedia":[{"embeddable":true,"href":"https:\/\/acieloabierto.net\/es\/wp-json\/wp\/v2\/media\/12245"}],"wp:attachment":[{"href":"https:\/\/acieloabierto.net\/es\/wp-json\/wp\/v2\/media?parent=12260"}],"curies":[{"name":"wp","href":"https:\/\/api.w.org\/{rel}","templated":true}]}}