{"id":12022,"date":"2024-04-26T15:24:46","date_gmt":"2024-04-26T13:24:46","guid":{"rendered":"https:\/\/acieloabierto.net\/producten\/marbella-buiten-douche\/"},"modified":"2024-04-26T17:02:50","modified_gmt":"2024-04-26T15:02:50","slug":"marbella-ducha-al-aire-libre","status":"publish","type":"product","link":"https:\/\/acieloabierto.net\/es\/producten\/marbella-ducha-al-aire-libre\/","title":{"rendered":"AQUA ZONE MARBELLA DUCHA"},"content":{"rendered":"<p>Marbella es una ducha exterior independiente, caracterizada por l\u00edneas limpias; minimalista en expresi\u00f3n de dise\u00f1o y atemporalmente elegante como elemento en un espacio al aire libre. Ideal para bordes de piscinas y ba\u00f1os exteriores.<\/p>\n<p>Hecho a mano con piedra natural (disponible en dos o tres variantes de acabado), sirve simb\u00f3licamente como un monumento a la naturaleza. Se integra con el paisaje, se convierte en parte integral de \u00e9l y envejece con gracia a lo largo del eterno camino de transformaci\u00f3n de la naturaleza.<\/p>\n","protected":false},"excerpt":{"rendered":"<p>Marbella es una ducha exterior independiente, caracterizada por l\u00edneas limpias; minimalista en expresi\u00f3n de dise\u00f1o y atemporalmente elegante como elemento en un espacio al aire libre. Ideal para bordes de piscinas y ba\u00f1os exteriores. Hecho a mano con piedra natural (disponible en dos o tres variantes de acabado), sirve simb\u00f3licamente como un monumento a la [&hellip;]<\/p>\n","protected":false},"featured_media":11745,"comment_status":"open","ping_status":"closed","template":"","meta":{"wds_primary_pwb-brand":0,"wds_primary_product_cat":0},"brands":[{"id":602,"name":"KORTA","slug":"korta"}],"yoast_head":"<!-- This site is optimized with the Yoast SEO plugin v16.3 - https:\/\/yoast.com\/wordpress\/plugins\/seo\/ -->\n<title>AQUA ZONE MARBELLA DUCHA - A Cielo Abierto<\/title>\n<meta name=\"description\" content=\"Dise\u00f1o de ducha exterior Marbella de KORTA disponible en Espa\u00f1a en muebles de jard\u00edn A Cielo Abierto en Marbella, Estapona, Altea y Benissa.\" \/>\n<meta name=\"robots\" content=\"index, follow, max-snippet:-1, max-image-preview:large, max-video-preview:-1\" \/>\n<link rel=\"canonical\" href=\"https:\/\/acieloabierto.net\/es\/producten\/marbella-ducha-al-aire-libre\/\" \/>\n<meta property=\"og:locale\" content=\"es_ES\" \/>\n<meta property=\"og:type\" content=\"article\" \/>\n<meta property=\"og:title\" content=\"AQUA ZONE MARBELLA DUCHA - A Cielo Abierto\" \/>\n<meta property=\"og:description\" content=\"Dise\u00f1o de ducha exterior Marbella de KORTA disponible en Espa\u00f1a en muebles de jard\u00edn A Cielo Abierto en Marbella, Estapona, Altea y Benissa.\" \/>\n<meta property=\"og:url\" content=\"https:\/\/acieloabierto.net\/es\/producten\/marbella-ducha-al-aire-libre\/\" \/>\n<meta property=\"og:site_name\" content=\"A Cielo Abierto\" \/>\n<meta property=\"article:modified_time\" content=\"2024-04-26T15:02:50+00:00\" \/>\n<meta property=\"og:image\" content=\"https:\/\/acieloabierto.net\/wp-content\/uploads\/2024\/04\/Grota-outdoor-shower-polished.jfif_.jpg\" \/>\n\t<meta property=\"og:image:width\" content=\"1056\" \/>\n\t<meta property=\"og:image:height\" content=\"703\" \/>\n<meta name=\"twitter:card\" content=\"summary_large_image\" \/>\n<script type=\"application\/ld+json\" class=\"yoast-schema-graph\">{\"@context\":\"https:\/\/schema.org\",\"@graph\":[{\"@type\":\"Organization\",\"@id\":\"https:\/\/acieloabierto.net\/en\/#organization\",\"name\":\"A Cielo Abierto\",\"url\":\"https:\/\/acieloabierto.net\/en\/\",\"sameAs\":[],\"logo\":{\"@type\":\"ImageObject\",\"@id\":\"https:\/\/acieloabierto.net\/en\/#logo\",\"inLanguage\":\"es\",\"url\":\"https:\/\/acieloabierto.net\/wp-content\/uploads\/2021\/02\/logo.svg\",\"contentUrl\":\"https:\/\/acieloabierto.net\/wp-content\/uploads\/2021\/02\/logo.svg\",\"caption\":\"A Cielo Abierto\"},\"image\":{\"@id\":\"https:\/\/acieloabierto.net\/en\/#logo\"}},{\"@type\":\"WebSite\",\"@id\":\"https:\/\/acieloabierto.net\/en\/#website\",\"url\":\"https:\/\/acieloabierto.net\/en\/\",\"name\":\"A Cielo Abierto\",\"description\":\"Tuinmeubels Costa Blanca\",\"publisher\":{\"@id\":\"https:\/\/acieloabierto.net\/en\/#organization\"},\"potentialAction\":[{\"@type\":\"SearchAction\",\"target\":\"https:\/\/acieloabierto.net\/en\/?s={search_term_string}\",\"query-input\":\"required name=search_term_string\"}],\"inLanguage\":\"es\"},{\"@type\":\"ImageObject\",\"@id\":\"https:\/\/acieloabierto.net\/es\/producten\/marbella-ducha-al-aire-libre\/#primaryimage\",\"inLanguage\":\"es\",\"url\":\"https:\/\/acieloabierto.net\/wp-content\/uploads\/2024\/04\/Grota-outdoor-shower-polished.jfif_.jpg\",\"contentUrl\":\"https:\/\/acieloabierto.net\/wp-content\/uploads\/2024\/04\/Grota-outdoor-shower-polished.jfif_.jpg\",\"width\":1056,\"height\":703},{\"@type\":\"WebPage\",\"@id\":\"https:\/\/acieloabierto.net\/es\/producten\/marbella-ducha-al-aire-libre\/#webpage\",\"url\":\"https:\/\/acieloabierto.net\/es\/producten\/marbella-ducha-al-aire-libre\/\",\"name\":\"AQUA ZONE MARBELLA DUCHA - A Cielo Abierto\",\"isPartOf\":{\"@id\":\"https:\/\/acieloabierto.net\/en\/#website\"},\"primaryImageOfPage\":{\"@id\":\"https:\/\/acieloabierto.net\/es\/producten\/marbella-ducha-al-aire-libre\/#primaryimage\"},\"datePublished\":\"2024-04-26T13:24:46+00:00\",\"dateModified\":\"2024-04-26T15:02:50+00:00\",\"description\":\"Dise\\u00f1o de ducha exterior Marbella de KORTA disponible en Espa\\u00f1a en muebles de jard\\u00edn A Cielo Abierto en Marbella, Estapona, Altea y Benissa.\",\"breadcrumb\":{\"@id\":\"https:\/\/acieloabierto.net\/es\/producten\/marbella-ducha-al-aire-libre\/#breadcrumb\"},\"inLanguage\":\"es\",\"potentialAction\":[{\"@type\":\"ReadAction\",\"target\":[\"https:\/\/acieloabierto.net\/es\/producten\/marbella-ducha-al-aire-libre\/\"]}]},{\"@type\":\"BreadcrumbList\",\"@id\":\"https:\/\/acieloabierto.net\/es\/producten\/marbella-ducha-al-aire-libre\/#breadcrumb\",\"itemListElement\":[{\"@type\":\"ListItem\",\"position\":1,\"item\":{\"@type\":\"WebPage\",\"@id\":\"https:\/\/acieloabierto.net\/\",\"url\":\"https:\/\/acieloabierto.net\/\",\"name\":\"Home\"}},{\"@type\":\"ListItem\",\"position\":2,\"item\":{\"@type\":\"WebPage\",\"@id\":\"\",\"url\":\"\",\"name\":\"\"}},{\"@type\":\"ListItem\",\"position\":3,\"item\":{\"@id\":\"https:\/\/acieloabierto.net\/es\/producten\/marbella-ducha-al-aire-libre\/#webpage\"}}]}]}<\/script>\n<!-- \/ Yoast SEO plugin. -->","_links":{"self":[{"href":"https:\/\/acieloabierto.net\/es\/wp-json\/wp\/v2\/product\/12022"}],"collection":[{"href":"https:\/\/acieloabierto.net\/es\/wp-json\/wp\/v2\/product"}],"about":[{"href":"https:\/\/acieloabierto.net\/es\/wp-json\/wp\/v2\/types\/product"}],"replies":[{"embeddable":true,"href":"https:\/\/acieloabierto.net\/es\/wp-json\/wp\/v2\/comments?post=12022"}],"wp:featuredmedia":[{"embeddable":true,"href":"https:\/\/acieloabierto.net\/es\/wp-json\/wp\/v2\/media\/11745"}],"wp:attachment":[{"href":"https:\/\/acieloabierto.net\/es\/wp-json\/wp\/v2\/media?parent=12022"}],"curies":[{"name":"wp","href":"https:\/\/api.w.org\/{rel}","templated":true}]}}