{"id":12019,"date":"2024-04-26T14:02:07","date_gmt":"2024-04-26T12:02:07","guid":{"rendered":"https:\/\/acieloabierto.net\/producten\/fuoco-zone-buitenhaard\/"},"modified":"2024-04-26T16:49:39","modified_gmt":"2024-04-26T14:49:39","slug":"fuoco-zone-chimenea-al-aire-libre","status":"publish","type":"product","link":"https:\/\/acieloabierto.net\/es\/producten\/fuoco-zone-chimenea-al-aire-libre\/","title":{"rendered":"FUOCO ZONE CHIMENEA EXTERIOR"},"content":{"rendered":"<p>Kamin: la palabra de Istria para chimenea representa el legado de la chimenea exterior de dise\u00f1o premium de KORTA. Superficies \u00fanicas para jardines \u00fanicos. Neocube\u00ae-o est\u00e1 disponible en 14 superficies cer\u00e1micas sinterizadas diferentes. Cada superficie crea un aspecto m\u00e1gico, desde lo moderno hasta lo elegante, desde el acero corten hasta el aspecto de madera, es cuesti\u00f3n de gustos.<\/p>\n","protected":false},"excerpt":{"rendered":"<p>Kamin: la palabra de Istria para chimenea representa el legado de la chimenea exterior de dise\u00f1o premium de KORTA. Superficies \u00fanicas para jardines \u00fanicos. Neocube\u00ae-o est\u00e1 disponible en 14 superficies cer\u00e1micas sinterizadas diferentes. Cada superficie crea un aspecto m\u00e1gico, desde lo moderno hasta lo elegante, desde el acero corten hasta el aspecto de madera, es [&hellip;]<\/p>\n","protected":false},"featured_media":11546,"comment_status":"open","ping_status":"closed","template":"","meta":{"wds_primary_pwb-brand":0,"wds_primary_product_cat":0},"brands":[{"id":602,"name":"KORTA","slug":"korta"}],"yoast_head":"<!-- This site is optimized with the Yoast SEO plugin v16.3 - https:\/\/yoast.com\/wordpress\/plugins\/seo\/ -->\n<title>FUOCO ZONE CHIMENEA EXTERIOR - A Cielo Abierto<\/title>\n<meta name=\"description\" content=\"Chimenea exterior de dise\u00f1o premium de KORTA disponible en Espa\u00f1a en A Cielo Abierto en 14 superficies diferentes de cer\u00e1mica sinterizada.\" \/>\n<meta name=\"robots\" content=\"index, follow, max-snippet:-1, max-image-preview:large, max-video-preview:-1\" \/>\n<link rel=\"canonical\" href=\"https:\/\/acieloabierto.net\/es\/producten\/fuoco-zone-chimenea-al-aire-libre\/\" \/>\n<meta property=\"og:locale\" content=\"es_ES\" \/>\n<meta property=\"og:type\" content=\"article\" \/>\n<meta property=\"og:title\" content=\"FUOCO ZONE CHIMENEA EXTERIOR - A Cielo Abierto\" \/>\n<meta property=\"og:description\" content=\"Chimenea exterior de dise\u00f1o premium de KORTA disponible en Espa\u00f1a en A Cielo Abierto en 14 superficies diferentes de cer\u00e1mica sinterizada.\" \/>\n<meta property=\"og:url\" content=\"https:\/\/acieloabierto.net\/es\/producten\/fuoco-zone-chimenea-al-aire-libre\/\" \/>\n<meta property=\"og:site_name\" content=\"A Cielo Abierto\" \/>\n<meta property=\"article:modified_time\" content=\"2024-04-26T14:49:39+00:00\" \/>\n<meta property=\"og:image\" content=\"https:\/\/acieloabierto.net\/wp-content\/uploads\/2024\/04\/DSC_0709.jpg\" \/>\n\t<meta property=\"og:image:width\" content=\"1318\" \/>\n\t<meta property=\"og:image:height\" content=\"871\" \/>\n<meta name=\"twitter:card\" content=\"summary_large_image\" \/>\n<script type=\"application\/ld+json\" class=\"yoast-schema-graph\">{\"@context\":\"https:\/\/schema.org\",\"@graph\":[{\"@type\":\"Organization\",\"@id\":\"https:\/\/acieloabierto.net\/en\/#organization\",\"name\":\"A Cielo Abierto\",\"url\":\"https:\/\/acieloabierto.net\/en\/\",\"sameAs\":[],\"logo\":{\"@type\":\"ImageObject\",\"@id\":\"https:\/\/acieloabierto.net\/en\/#logo\",\"inLanguage\":\"es\",\"url\":\"https:\/\/acieloabierto.net\/wp-content\/uploads\/2021\/02\/logo.svg\",\"contentUrl\":\"https:\/\/acieloabierto.net\/wp-content\/uploads\/2021\/02\/logo.svg\",\"caption\":\"A Cielo Abierto\"},\"image\":{\"@id\":\"https:\/\/acieloabierto.net\/en\/#logo\"}},{\"@type\":\"WebSite\",\"@id\":\"https:\/\/acieloabierto.net\/en\/#website\",\"url\":\"https:\/\/acieloabierto.net\/en\/\",\"name\":\"A Cielo Abierto\",\"description\":\"Tuinmeubels Costa Blanca\",\"publisher\":{\"@id\":\"https:\/\/acieloabierto.net\/en\/#organization\"},\"potentialAction\":[{\"@type\":\"SearchAction\",\"target\":\"https:\/\/acieloabierto.net\/en\/?s={search_term_string}\",\"query-input\":\"required name=search_term_string\"}],\"inLanguage\":\"es\"},{\"@type\":\"ImageObject\",\"@id\":\"https:\/\/acieloabierto.net\/es\/producten\/fuoco-zone-chimenea-al-aire-libre\/#primaryimage\",\"inLanguage\":\"es\",\"url\":\"https:\/\/acieloabierto.net\/wp-content\/uploads\/2024\/04\/DSC_0709.jpg\",\"contentUrl\":\"https:\/\/acieloabierto.net\/wp-content\/uploads\/2024\/04\/DSC_0709.jpg\",\"width\":1318,\"height\":871,\"caption\":\"FUOCO ZONE OPENHAARD\"},{\"@type\":\"WebPage\",\"@id\":\"https:\/\/acieloabierto.net\/es\/producten\/fuoco-zone-chimenea-al-aire-libre\/#webpage\",\"url\":\"https:\/\/acieloabierto.net\/es\/producten\/fuoco-zone-chimenea-al-aire-libre\/\",\"name\":\"FUOCO ZONE CHIMENEA EXTERIOR - A Cielo Abierto\",\"isPartOf\":{\"@id\":\"https:\/\/acieloabierto.net\/en\/#website\"},\"primaryImageOfPage\":{\"@id\":\"https:\/\/acieloabierto.net\/es\/producten\/fuoco-zone-chimenea-al-aire-libre\/#primaryimage\"},\"datePublished\":\"2024-04-26T12:02:07+00:00\",\"dateModified\":\"2024-04-26T14:49:39+00:00\",\"description\":\"Chimenea exterior de dise\\u00f1o premium de KORTA disponible en Espa\\u00f1a en A Cielo Abierto en 14 superficies diferentes de cer\\u00e1mica sinterizada.\",\"breadcrumb\":{\"@id\":\"https:\/\/acieloabierto.net\/es\/producten\/fuoco-zone-chimenea-al-aire-libre\/#breadcrumb\"},\"inLanguage\":\"es\",\"potentialAction\":[{\"@type\":\"ReadAction\",\"target\":[\"https:\/\/acieloabierto.net\/es\/producten\/fuoco-zone-chimenea-al-aire-libre\/\"]}]},{\"@type\":\"BreadcrumbList\",\"@id\":\"https:\/\/acieloabierto.net\/es\/producten\/fuoco-zone-chimenea-al-aire-libre\/#breadcrumb\",\"itemListElement\":[{\"@type\":\"ListItem\",\"position\":1,\"item\":{\"@type\":\"WebPage\",\"@id\":\"https:\/\/acieloabierto.net\/\",\"url\":\"https:\/\/acieloabierto.net\/\",\"name\":\"Home\"}},{\"@type\":\"ListItem\",\"position\":2,\"item\":{\"@type\":\"WebPage\",\"@id\":\"\",\"url\":\"\",\"name\":\"\"}},{\"@type\":\"ListItem\",\"position\":3,\"item\":{\"@id\":\"https:\/\/acieloabierto.net\/es\/producten\/fuoco-zone-chimenea-al-aire-libre\/#webpage\"}}]}]}<\/script>\n<!-- \/ Yoast SEO plugin. -->","_links":{"self":[{"href":"https:\/\/acieloabierto.net\/es\/wp-json\/wp\/v2\/product\/12019"}],"collection":[{"href":"https:\/\/acieloabierto.net\/es\/wp-json\/wp\/v2\/product"}],"about":[{"href":"https:\/\/acieloabierto.net\/es\/wp-json\/wp\/v2\/types\/product"}],"replies":[{"embeddable":true,"href":"https:\/\/acieloabierto.net\/es\/wp-json\/wp\/v2\/comments?post=12019"}],"wp:featuredmedia":[{"embeddable":true,"href":"https:\/\/acieloabierto.net\/es\/wp-json\/wp\/v2\/media\/11546"}],"wp:attachment":[{"href":"https:\/\/acieloabierto.net\/es\/wp-json\/wp\/v2\/media?parent=12019"}],"curies":[{"name":"wp","href":"https:\/\/api.w.org\/{rel}","templated":true}]}}