{"id":12013,"date":"2024-04-26T14:51:07","date_gmt":"2024-04-26T12:51:07","guid":{"rendered":"https:\/\/acieloabierto.net\/producten\/aqua-zone-minno-douche\/"},"modified":"2024-04-26T17:09:17","modified_gmt":"2024-04-26T15:09:17","slug":"aqua-zone-odino-ducha","status":"publish","type":"product","link":"https:\/\/acieloabierto.net\/es\/producten\/aqua-zone-odino-ducha\/","title":{"rendered":"AQUA ZONE ODINO DUCHA"},"content":{"rendered":"<p>Odino es un buque insignia de las colecciones KORTA, caracterizado por la sencillez y las l\u00edneas limpias; De dise\u00f1o monumental, pero elegante y extremadamente fotog\u00e9nico. Ideal para propiedades de lujo con fondos infinitos.<\/p>\n","protected":false},"excerpt":{"rendered":"<p>Odino es un buque insignia de las colecciones KORTA, caracterizado por la sencillez y las l\u00edneas limpias; De dise\u00f1o monumental, pero elegante y extremadamente fotog\u00e9nico. Ideal para propiedades de lujo con fondos infinitos.<\/p>\n","protected":false},"featured_media":11692,"comment_status":"open","ping_status":"closed","template":"","meta":{"wds_primary_pwb-brand":0,"wds_primary_product_cat":0},"brands":[{"id":602,"name":"KORTA","slug":"korta"}],"yoast_head":"<!-- This site is optimized with the Yoast SEO plugin v16.3 - https:\/\/yoast.com\/wordpress\/plugins\/seo\/ -->\n<title>AQUA ZONE ODINO DUCHA - A Cielo Abierto<\/title>\n<meta name=\"description\" content=\"ODINO es el dise\u00f1o de ducha exterior de KORTA disponible en los muebles de jard\u00edn A Cielo Abierto en Marbella, Estapona, Altea y Benissa.\" \/>\n<meta name=\"robots\" content=\"index, follow, max-snippet:-1, max-image-preview:large, max-video-preview:-1\" \/>\n<link rel=\"canonical\" href=\"https:\/\/acieloabierto.net\/es\/producten\/aqua-zone-odino-ducha\/\" \/>\n<meta property=\"og:locale\" content=\"es_ES\" \/>\n<meta property=\"og:type\" content=\"article\" \/>\n<meta property=\"og:title\" content=\"AQUA ZONE ODINO DUCHA - A Cielo Abierto\" \/>\n<meta property=\"og:description\" content=\"ODINO es el dise\u00f1o de ducha exterior de KORTA disponible en los muebles de jard\u00edn A Cielo Abierto en Marbella, Estapona, Altea y Benissa.\" \/>\n<meta property=\"og:url\" content=\"https:\/\/acieloabierto.net\/es\/producten\/aqua-zone-odino-ducha\/\" \/>\n<meta property=\"og:site_name\" content=\"A Cielo Abierto\" \/>\n<meta property=\"article:modified_time\" content=\"2024-04-26T15:09:17+00:00\" \/>\n<meta property=\"og:image\" content=\"https:\/\/acieloabierto.net\/wp-content\/uploads\/2024\/04\/1692777252679.jpg\" \/>\n\t<meta property=\"og:image:width\" content=\"981\" \/>\n\t<meta property=\"og:image:height\" content=\"769\" \/>\n<meta name=\"twitter:card\" content=\"summary_large_image\" \/>\n<script type=\"application\/ld+json\" class=\"yoast-schema-graph\">{\"@context\":\"https:\/\/schema.org\",\"@graph\":[{\"@type\":\"Organization\",\"@id\":\"https:\/\/acieloabierto.net\/en\/#organization\",\"name\":\"A Cielo Abierto\",\"url\":\"https:\/\/acieloabierto.net\/en\/\",\"sameAs\":[],\"logo\":{\"@type\":\"ImageObject\",\"@id\":\"https:\/\/acieloabierto.net\/en\/#logo\",\"inLanguage\":\"es\",\"url\":\"https:\/\/acieloabierto.net\/wp-content\/uploads\/2021\/02\/logo.svg\",\"contentUrl\":\"https:\/\/acieloabierto.net\/wp-content\/uploads\/2021\/02\/logo.svg\",\"caption\":\"A Cielo Abierto\"},\"image\":{\"@id\":\"https:\/\/acieloabierto.net\/en\/#logo\"}},{\"@type\":\"WebSite\",\"@id\":\"https:\/\/acieloabierto.net\/en\/#website\",\"url\":\"https:\/\/acieloabierto.net\/en\/\",\"name\":\"A Cielo Abierto\",\"description\":\"Tuinmeubels Costa Blanca\",\"publisher\":{\"@id\":\"https:\/\/acieloabierto.net\/en\/#organization\"},\"potentialAction\":[{\"@type\":\"SearchAction\",\"target\":\"https:\/\/acieloabierto.net\/en\/?s={search_term_string}\",\"query-input\":\"required name=search_term_string\"}],\"inLanguage\":\"es\"},{\"@type\":\"ImageObject\",\"@id\":\"https:\/\/acieloabierto.net\/es\/producten\/aqua-zone-odino-ducha\/#primaryimage\",\"inLanguage\":\"es\",\"url\":\"https:\/\/acieloabierto.net\/wp-content\/uploads\/2024\/04\/1692777252679.jpg\",\"contentUrl\":\"https:\/\/acieloabierto.net\/wp-content\/uploads\/2024\/04\/1692777252679.jpg\",\"width\":981,\"height\":769},{\"@type\":\"WebPage\",\"@id\":\"https:\/\/acieloabierto.net\/es\/producten\/aqua-zone-odino-ducha\/#webpage\",\"url\":\"https:\/\/acieloabierto.net\/es\/producten\/aqua-zone-odino-ducha\/\",\"name\":\"AQUA ZONE ODINO DUCHA - A Cielo Abierto\",\"isPartOf\":{\"@id\":\"https:\/\/acieloabierto.net\/en\/#website\"},\"primaryImageOfPage\":{\"@id\":\"https:\/\/acieloabierto.net\/es\/producten\/aqua-zone-odino-ducha\/#primaryimage\"},\"datePublished\":\"2024-04-26T12:51:07+00:00\",\"dateModified\":\"2024-04-26T15:09:17+00:00\",\"description\":\"ODINO es el dise\\u00f1o de ducha exterior de KORTA disponible en los muebles de jard\\u00edn A Cielo Abierto en Marbella, Estapona, Altea y Benissa.\",\"breadcrumb\":{\"@id\":\"https:\/\/acieloabierto.net\/es\/producten\/aqua-zone-odino-ducha\/#breadcrumb\"},\"inLanguage\":\"es\",\"potentialAction\":[{\"@type\":\"ReadAction\",\"target\":[\"https:\/\/acieloabierto.net\/es\/producten\/aqua-zone-odino-ducha\/\"]}]},{\"@type\":\"BreadcrumbList\",\"@id\":\"https:\/\/acieloabierto.net\/es\/producten\/aqua-zone-odino-ducha\/#breadcrumb\",\"itemListElement\":[{\"@type\":\"ListItem\",\"position\":1,\"item\":{\"@type\":\"WebPage\",\"@id\":\"https:\/\/acieloabierto.net\/\",\"url\":\"https:\/\/acieloabierto.net\/\",\"name\":\"Home\"}},{\"@type\":\"ListItem\",\"position\":2,\"item\":{\"@type\":\"WebPage\",\"@id\":\"\",\"url\":\"\",\"name\":\"\"}},{\"@type\":\"ListItem\",\"position\":3,\"item\":{\"@id\":\"https:\/\/acieloabierto.net\/es\/producten\/aqua-zone-odino-ducha\/#webpage\"}}]}]}<\/script>\n<!-- \/ Yoast SEO plugin. -->","_links":{"self":[{"href":"https:\/\/acieloabierto.net\/es\/wp-json\/wp\/v2\/product\/12013"}],"collection":[{"href":"https:\/\/acieloabierto.net\/es\/wp-json\/wp\/v2\/product"}],"about":[{"href":"https:\/\/acieloabierto.net\/es\/wp-json\/wp\/v2\/types\/product"}],"replies":[{"embeddable":true,"href":"https:\/\/acieloabierto.net\/es\/wp-json\/wp\/v2\/comments?post=12013"}],"wp:featuredmedia":[{"embeddable":true,"href":"https:\/\/acieloabierto.net\/es\/wp-json\/wp\/v2\/media\/11692"}],"wp:attachment":[{"href":"https:\/\/acieloabierto.net\/es\/wp-json\/wp\/v2\/media?parent=12013"}],"curies":[{"name":"wp","href":"https:\/\/api.w.org\/{rel}","templated":true}]}}