{"id":10302,"date":"2021-04-28T14:36:07","date_gmt":"2021-04-28T12:36:07","guid":{"rendered":"https:\/\/acieloabierto.net\/producten\/b38\/"},"modified":"2021-04-28T14:36:07","modified_gmt":"2021-04-28T12:36:07","slug":"b38","status":"publish","type":"product","link":"https:\/\/acieloabierto.net\/es\/producten\/b38\/","title":{"rendered":"B38"},"content":{"rendered":"<p>\u00bfEst\u00e1s buscando una protecci\u00f3n \u00f3ptima contra el sol, el viento y la privacidad? El B38 Elite y el B38 Prestige son toldos que proporcionan la m\u00e1xima sombra. El B38 Prestige es un toldo de brazo plegable exclusivo que puede soportar la fuerza del viento 6 Beaufort. La cenefa enrollable el\u00e9ctricamente ofrece una protecci\u00f3n perfecta contra el sol bajo y ofrece privacidad adicional. Los motores Somfy con el transmisor inal\u00e1mbrico que lo acompa\u00f1a operan tanto el toldo de brazos plegables como la cenefa y, opcionalmente, incluso la iluminaci\u00f3n LED incorporada y la calefacci\u00f3n el\u00e9ctrica.<\/p>\n","protected":false},"excerpt":{"rendered":"<p>\u00bfEst\u00e1s buscando una protecci\u00f3n \u00f3ptima contra el sol, el viento y la privacidad? El B38 Elite y el B38 Prestige son toldos que proporcionan la m\u00e1xima sombra. El B38 Prestige es un toldo de brazo plegable exclusivo que puede soportar la fuerza del viento 6 Beaufort. La cenefa enrollable el\u00e9ctricamente ofrece una protecci\u00f3n perfecta contra [&hellip;]<\/p>\n","protected":false},"featured_media":10650,"comment_status":"closed","ping_status":"closed","template":"","meta":{"wds_primary_pwb-brand":0,"wds_primary_product_cat":0},"brands":[{"id":456,"name":"Brustor","slug":"brustor-es"}],"yoast_head":"<!-- This site is optimized with the Yoast SEO plugin v16.3 - https:\/\/yoast.com\/wordpress\/plugins\/seo\/ -->\n<title>B38 - A Cielo Abierto<\/title>\n<meta name=\"robots\" content=\"index, follow, max-snippet:-1, max-image-preview:large, max-video-preview:-1\" \/>\n<link rel=\"canonical\" href=\"https:\/\/acieloabierto.net\/es\/producten\/b38\/\" \/>\n<meta property=\"og:locale\" content=\"es_ES\" \/>\n<meta property=\"og:type\" content=\"article\" \/>\n<meta property=\"og:title\" content=\"B38 - A Cielo Abierto\" \/>\n<meta property=\"og:description\" content=\"\u00bfEst\u00e1s buscando una protecci\u00f3n \u00f3ptima contra el sol, el viento y la privacidad? El B38 Elite y el B38 Prestige son toldos que proporcionan la m\u00e1xima sombra. El B38 Prestige es un toldo de brazo plegable exclusivo que puede soportar la fuerza del viento 6 Beaufort. La cenefa enrollable el\u00e9ctricamente ofrece una protecci\u00f3n perfecta contra [&hellip;]\" \/>\n<meta property=\"og:url\" content=\"https:\/\/acieloabierto.net\/es\/producten\/b38\/\" \/>\n<meta property=\"og:site_name\" content=\"A Cielo Abierto\" \/>\n<meta property=\"og:image\" content=\"https:\/\/acieloabierto.net\/wp-content\/uploads\/2021\/04\/Schermopname-11-1.png\" \/>\n\t<meta property=\"og:image:width\" content=\"1920\" \/>\n\t<meta property=\"og:image:height\" content=\"1300\" \/>\n<meta name=\"twitter:card\" content=\"summary_large_image\" \/>\n<meta name=\"twitter:label1\" content=\"Tiempo de lectura\">\n\t<meta name=\"twitter:data1\" content=\"1 minuto\">\n<script type=\"application\/ld+json\" class=\"yoast-schema-graph\">{\"@context\":\"https:\/\/schema.org\",\"@graph\":[{\"@type\":\"Organization\",\"@id\":\"https:\/\/acieloabierto.net\/en\/#organization\",\"name\":\"A Cielo Abierto\",\"url\":\"https:\/\/acieloabierto.net\/en\/\",\"sameAs\":[],\"logo\":{\"@type\":\"ImageObject\",\"@id\":\"https:\/\/acieloabierto.net\/en\/#logo\",\"inLanguage\":\"es\",\"url\":\"https:\/\/acieloabierto.net\/wp-content\/uploads\/2021\/02\/logo.svg\",\"contentUrl\":\"https:\/\/acieloabierto.net\/wp-content\/uploads\/2021\/02\/logo.svg\",\"caption\":\"A Cielo Abierto\"},\"image\":{\"@id\":\"https:\/\/acieloabierto.net\/en\/#logo\"}},{\"@type\":\"WebSite\",\"@id\":\"https:\/\/acieloabierto.net\/en\/#website\",\"url\":\"https:\/\/acieloabierto.net\/en\/\",\"name\":\"A Cielo Abierto\",\"description\":\"Tuinmeubels Costa Blanca\",\"publisher\":{\"@id\":\"https:\/\/acieloabierto.net\/en\/#organization\"},\"potentialAction\":[{\"@type\":\"SearchAction\",\"target\":\"https:\/\/acieloabierto.net\/en\/?s={search_term_string}\",\"query-input\":\"required name=search_term_string\"}],\"inLanguage\":\"es\"},{\"@type\":\"ImageObject\",\"@id\":\"https:\/\/acieloabierto.net\/es\/producten\/b38\/#primaryimage\",\"inLanguage\":\"es\",\"url\":\"https:\/\/acieloabierto.net\/wp-content\/uploads\/2021\/04\/Schermopname-11-1.png\",\"contentUrl\":\"https:\/\/acieloabierto.net\/wp-content\/uploads\/2021\/04\/Schermopname-11-1.png\",\"width\":1920,\"height\":1300},{\"@type\":\"WebPage\",\"@id\":\"https:\/\/acieloabierto.net\/es\/producten\/b38\/#webpage\",\"url\":\"https:\/\/acieloabierto.net\/es\/producten\/b38\/\",\"name\":\"B38 - A Cielo Abierto\",\"isPartOf\":{\"@id\":\"https:\/\/acieloabierto.net\/en\/#website\"},\"primaryImageOfPage\":{\"@id\":\"https:\/\/acieloabierto.net\/es\/producten\/b38\/#primaryimage\"},\"datePublished\":\"2021-04-28T12:36:07+00:00\",\"dateModified\":\"2021-04-28T12:36:07+00:00\",\"breadcrumb\":{\"@id\":\"https:\/\/acieloabierto.net\/es\/producten\/b38\/#breadcrumb\"},\"inLanguage\":\"es\",\"potentialAction\":[{\"@type\":\"ReadAction\",\"target\":[\"https:\/\/acieloabierto.net\/es\/producten\/b38\/\"]}]},{\"@type\":\"BreadcrumbList\",\"@id\":\"https:\/\/acieloabierto.net\/es\/producten\/b38\/#breadcrumb\",\"itemListElement\":[{\"@type\":\"ListItem\",\"position\":1,\"item\":{\"@type\":\"WebPage\",\"@id\":\"https:\/\/acieloabierto.net\/\",\"url\":\"https:\/\/acieloabierto.net\/\",\"name\":\"Home\"}},{\"@type\":\"ListItem\",\"position\":2,\"item\":{\"@type\":\"WebPage\",\"@id\":\"\",\"url\":\"\",\"name\":\"\"}},{\"@type\":\"ListItem\",\"position\":3,\"item\":{\"@id\":\"https:\/\/acieloabierto.net\/es\/producten\/b38\/#webpage\"}}]}]}<\/script>\n<!-- \/ Yoast SEO plugin. -->","_links":{"self":[{"href":"https:\/\/acieloabierto.net\/es\/wp-json\/wp\/v2\/product\/10302"}],"collection":[{"href":"https:\/\/acieloabierto.net\/es\/wp-json\/wp\/v2\/product"}],"about":[{"href":"https:\/\/acieloabierto.net\/es\/wp-json\/wp\/v2\/types\/product"}],"replies":[{"embeddable":true,"href":"https:\/\/acieloabierto.net\/es\/wp-json\/wp\/v2\/comments?post=10302"}],"wp:featuredmedia":[{"embeddable":true,"href":"https:\/\/acieloabierto.net\/es\/wp-json\/wp\/v2\/media\/10650"}],"wp:attachment":[{"href":"https:\/\/acieloabierto.net\/es\/wp-json\/wp\/v2\/media?parent=10302"}],"curies":[{"name":"wp","href":"https:\/\/api.w.org\/{rel}","templated":true}]}}