{"id":10243,"date":"2021-04-28T14:10:22","date_gmt":"2021-04-28T12:10:22","guid":{"rendered":"https:\/\/acieloabierto.net\/producten\/brustor-b150xl\/"},"modified":"2021-04-28T14:10:22","modified_gmt":"2021-04-28T12:10:22","slug":"brustor-b150xl","status":"publish","type":"product","link":"https:\/\/acieloabierto.net\/es\/producten\/brustor-b150xl\/","title":{"rendered":"B150XL"},"content":{"rendered":"<p><span style=\"font-weight: 400;\">Con la p\u00e9rgola b150 xl entras en un instante en el mundo de la experiencia outdoor.con la b150 xl motorizada tienes varias opciones, tal como la iluminaci\u00f3n led, pantallas de superficie, calefacci\u00f3n, audio y sensor de lluvia\/nieve. esta versi\u00f3n se puede controlar completamente de forma remota con el control remoto de somfy o a trav\u00e9s de su tel\u00e9fono inteligente.<\/span><\/p>\n","protected":false},"excerpt":{"rendered":"<p>Con la p\u00e9rgola b150 xl entras en un instante en el mundo de la experiencia outdoor.con la b150 xl motorizada tienes varias opciones, tal como la iluminaci\u00f3n led, pantallas de superficie, calefacci\u00f3n, audio y sensor de lluvia\/nieve. esta versi\u00f3n se puede controlar completamente de forma remota con el control remoto de somfy o a trav\u00e9s [&hellip;]<\/p>\n","protected":false},"featured_media":9677,"comment_status":"closed","ping_status":"closed","template":"","meta":{"wds_primary_pwb-brand":0,"wds_primary_product_cat":0},"brands":[{"id":456,"name":"Brustor","slug":"brustor-es"}],"yoast_head":"<!-- This site is optimized with the Yoast SEO plugin v16.3 - https:\/\/yoast.com\/wordpress\/plugins\/seo\/ -->\n<title>B150XL - A Cielo Abierto<\/title>\n<meta name=\"robots\" content=\"index, follow, max-snippet:-1, max-image-preview:large, max-video-preview:-1\" \/>\n<link rel=\"canonical\" href=\"https:\/\/acieloabierto.net\/es\/producten\/brustor-b150xl\/\" \/>\n<meta property=\"og:locale\" content=\"es_ES\" \/>\n<meta property=\"og:type\" content=\"article\" \/>\n<meta property=\"og:title\" content=\"B150XL - A Cielo Abierto\" \/>\n<meta property=\"og:description\" content=\"Con la p\u00e9rgola b150 xl entras en un instante en el mundo de la experiencia outdoor.con la b150 xl motorizada tienes varias opciones, tal como la iluminaci\u00f3n led, pantallas de superficie, calefacci\u00f3n, audio y sensor de lluvia\/nieve. esta versi\u00f3n se puede controlar completamente de forma remota con el control remoto de somfy o a trav\u00e9s [&hellip;]\" \/>\n<meta property=\"og:url\" content=\"https:\/\/acieloabierto.net\/es\/producten\/brustor-b150xl\/\" \/>\n<meta property=\"og:site_name\" content=\"A Cielo Abierto\" \/>\n<meta property=\"og:image\" content=\"https:\/\/acieloabierto.net\/wp-content\/uploads\/2021\/04\/Brustor-B150XL-1.jpg\" \/>\n\t<meta property=\"og:image:width\" content=\"1920\" \/>\n\t<meta property=\"og:image:height\" content=\"1300\" \/>\n<meta name=\"twitter:card\" content=\"summary_large_image\" \/>\n<script type=\"application\/ld+json\" class=\"yoast-schema-graph\">{\"@context\":\"https:\/\/schema.org\",\"@graph\":[{\"@type\":\"Organization\",\"@id\":\"https:\/\/acieloabierto.net\/en\/#organization\",\"name\":\"A Cielo Abierto\",\"url\":\"https:\/\/acieloabierto.net\/en\/\",\"sameAs\":[],\"logo\":{\"@type\":\"ImageObject\",\"@id\":\"https:\/\/acieloabierto.net\/en\/#logo\",\"inLanguage\":\"es\",\"url\":\"https:\/\/acieloabierto.net\/wp-content\/uploads\/2021\/02\/logo.svg\",\"contentUrl\":\"https:\/\/acieloabierto.net\/wp-content\/uploads\/2021\/02\/logo.svg\",\"caption\":\"A Cielo Abierto\"},\"image\":{\"@id\":\"https:\/\/acieloabierto.net\/en\/#logo\"}},{\"@type\":\"WebSite\",\"@id\":\"https:\/\/acieloabierto.net\/en\/#website\",\"url\":\"https:\/\/acieloabierto.net\/en\/\",\"name\":\"A Cielo Abierto\",\"description\":\"Tuinmeubels Costa Blanca\",\"publisher\":{\"@id\":\"https:\/\/acieloabierto.net\/en\/#organization\"},\"potentialAction\":[{\"@type\":\"SearchAction\",\"target\":\"https:\/\/acieloabierto.net\/en\/?s={search_term_string}\",\"query-input\":\"required name=search_term_string\"}],\"inLanguage\":\"es\"},{\"@type\":\"ImageObject\",\"@id\":\"https:\/\/acieloabierto.net\/es\/producten\/brustor-b150xl\/#primaryimage\",\"inLanguage\":\"es\",\"url\":\"https:\/\/acieloabierto.net\/wp-content\/uploads\/2021\/04\/Brustor-B150XL-1.jpg\",\"contentUrl\":\"https:\/\/acieloabierto.net\/wp-content\/uploads\/2021\/04\/Brustor-B150XL-1.jpg\",\"width\":1920,\"height\":1300,\"caption\":\"Brustor B150XL cubierta del patio\"},{\"@type\":\"WebPage\",\"@id\":\"https:\/\/acieloabierto.net\/es\/producten\/brustor-b150xl\/#webpage\",\"url\":\"https:\/\/acieloabierto.net\/es\/producten\/brustor-b150xl\/\",\"name\":\"B150XL - A Cielo Abierto\",\"isPartOf\":{\"@id\":\"https:\/\/acieloabierto.net\/en\/#website\"},\"primaryImageOfPage\":{\"@id\":\"https:\/\/acieloabierto.net\/es\/producten\/brustor-b150xl\/#primaryimage\"},\"datePublished\":\"2021-04-28T12:10:22+00:00\",\"dateModified\":\"2021-04-28T12:10:22+00:00\",\"breadcrumb\":{\"@id\":\"https:\/\/acieloabierto.net\/es\/producten\/brustor-b150xl\/#breadcrumb\"},\"inLanguage\":\"es\",\"potentialAction\":[{\"@type\":\"ReadAction\",\"target\":[\"https:\/\/acieloabierto.net\/es\/producten\/brustor-b150xl\/\"]}]},{\"@type\":\"BreadcrumbList\",\"@id\":\"https:\/\/acieloabierto.net\/es\/producten\/brustor-b150xl\/#breadcrumb\",\"itemListElement\":[{\"@type\":\"ListItem\",\"position\":1,\"item\":{\"@type\":\"WebPage\",\"@id\":\"https:\/\/acieloabierto.net\/\",\"url\":\"https:\/\/acieloabierto.net\/\",\"name\":\"Home\"}},{\"@type\":\"ListItem\",\"position\":2,\"item\":{\"@type\":\"WebPage\",\"@id\":\"\",\"url\":\"\",\"name\":\"\"}},{\"@type\":\"ListItem\",\"position\":3,\"item\":{\"@id\":\"https:\/\/acieloabierto.net\/es\/producten\/brustor-b150xl\/#webpage\"}}]}]}<\/script>\n<!-- \/ Yoast SEO plugin. -->","_links":{"self":[{"href":"https:\/\/acieloabierto.net\/es\/wp-json\/wp\/v2\/product\/10243"}],"collection":[{"href":"https:\/\/acieloabierto.net\/es\/wp-json\/wp\/v2\/product"}],"about":[{"href":"https:\/\/acieloabierto.net\/es\/wp-json\/wp\/v2\/types\/product"}],"replies":[{"embeddable":true,"href":"https:\/\/acieloabierto.net\/es\/wp-json\/wp\/v2\/comments?post=10243"}],"wp:featuredmedia":[{"embeddable":true,"href":"https:\/\/acieloabierto.net\/es\/wp-json\/wp\/v2\/media\/9677"}],"wp:attachment":[{"href":"https:\/\/acieloabierto.net\/es\/wp-json\/wp\/v2\/media?parent=10243"}],"curies":[{"name":"wp","href":"https:\/\/api.w.org\/{rel}","templated":true}]}}