{"id":10144,"date":"2021-10-06T14:06:58","date_gmt":"2021-10-06T12:06:58","guid":{"rendered":"https:\/\/acieloabierto.net\/producten\/iceboy-trolley\/"},"modified":"2024-05-20T13:55:09","modified_gmt":"2024-05-20T11:55:09","slug":"iceboy-trolley","status":"publish","type":"product","link":"https:\/\/acieloabierto.net\/es\/producten\/iceboy-trolley\/","title":{"rendered":"Iceboy Trolley"},"content":{"rendered":"<p>Iceboy cumple una doble funci\u00f3n como barra port\u00e1til y pr\u00e1ctica mesa auxiliar. Perfecto para mantener tus bebidas fr\u00edas y a mano. Este carrito viene con una parte superior deslizante, un<br \/>\nNevera fabricada en acero inoxidable, espacio para guardar vasos y grifo de desag\u00fce.<\/p>\n","protected":false},"excerpt":{"rendered":"<p>Iceboy cumple una doble funci\u00f3n como barra port\u00e1til y pr\u00e1ctica mesa auxiliar. Perfecto para mantener tus bebidas fr\u00edas y a mano. Este carrito viene con una parte superior deslizante, un Nevera fabricada en acero inoxidable, espacio para guardar vasos y grifo de desag\u00fce.<\/p>\n","protected":false},"featured_media":12097,"comment_status":"open","ping_status":"closed","template":"","meta":{"wds_primary_pwb-brand":0,"wds_primary_product_cat":0},"brands":[{"id":460,"name":"InduPlus","slug":"induplus"}],"yoast_head":"<!-- This site is optimized with the Yoast SEO plugin v16.3 - https:\/\/yoast.com\/wordpress\/plugins\/seo\/ -->\n<title>Iceboy Trolley Cocinas al aire libre - A Cielo Abierto<\/title>\n<meta name=\"description\" content=\"Elegantes cocinas al aire libre sobre ruedas con una selecci\u00f3n de combinaciones de barra, inducci\u00f3n, teppanyaki, wok, parrilla, conocidas por su dise\u00f1o \u00fanico y alta calidad.\" \/>\n<meta name=\"robots\" content=\"index, follow, max-snippet:-1, max-image-preview:large, max-video-preview:-1\" \/>\n<link rel=\"canonical\" href=\"https:\/\/acieloabierto.net\/es\/producten\/iceboy-trolley\/\" \/>\n<meta property=\"og:locale\" content=\"es_ES\" \/>\n<meta property=\"og:type\" content=\"article\" \/>\n<meta property=\"og:title\" content=\"Iceboy Trolley Cocinas al aire libre - A Cielo Abierto\" \/>\n<meta property=\"og:description\" content=\"Elegantes cocinas al aire libre sobre ruedas con una selecci\u00f3n de combinaciones de barra, inducci\u00f3n, teppanyaki, wok, parrilla, conocidas por su dise\u00f1o \u00fanico y alta calidad.\" \/>\n<meta property=\"og:url\" content=\"https:\/\/acieloabierto.net\/es\/producten\/iceboy-trolley\/\" \/>\n<meta property=\"og:site_name\" content=\"A Cielo Abierto\" \/>\n<meta property=\"article:modified_time\" content=\"2024-05-20T11:55:09+00:00\" \/>\n<meta property=\"og:image\" content=\"https:\/\/acieloabierto.net\/wp-content\/uploads\/2024\/05\/iceboy_036-1.jpg\" \/>\n\t<meta property=\"og:image:width\" content=\"707\" \/>\n\t<meta property=\"og:image:height\" content=\"707\" \/>\n<meta name=\"twitter:card\" content=\"summary_large_image\" \/>\n<script type=\"application\/ld+json\" class=\"yoast-schema-graph\">{\"@context\":\"https:\/\/schema.org\",\"@graph\":[{\"@type\":\"Organization\",\"@id\":\"https:\/\/acieloabierto.net\/en\/#organization\",\"name\":\"A Cielo Abierto\",\"url\":\"https:\/\/acieloabierto.net\/en\/\",\"sameAs\":[],\"logo\":{\"@type\":\"ImageObject\",\"@id\":\"https:\/\/acieloabierto.net\/en\/#logo\",\"inLanguage\":\"es\",\"url\":\"https:\/\/acieloabierto.net\/wp-content\/uploads\/2021\/02\/logo.svg\",\"contentUrl\":\"https:\/\/acieloabierto.net\/wp-content\/uploads\/2021\/02\/logo.svg\",\"caption\":\"A Cielo Abierto\"},\"image\":{\"@id\":\"https:\/\/acieloabierto.net\/en\/#logo\"}},{\"@type\":\"WebSite\",\"@id\":\"https:\/\/acieloabierto.net\/en\/#website\",\"url\":\"https:\/\/acieloabierto.net\/en\/\",\"name\":\"A Cielo Abierto\",\"description\":\"Tuinmeubels Costa Blanca\",\"publisher\":{\"@id\":\"https:\/\/acieloabierto.net\/en\/#organization\"},\"potentialAction\":[{\"@type\":\"SearchAction\",\"target\":\"https:\/\/acieloabierto.net\/en\/?s={search_term_string}\",\"query-input\":\"required name=search_term_string\"}],\"inLanguage\":\"es\"},{\"@type\":\"ImageObject\",\"@id\":\"https:\/\/acieloabierto.net\/es\/producten\/iceboy-trolley\/#primaryimage\",\"inLanguage\":\"es\",\"url\":\"https:\/\/acieloabierto.net\/wp-content\/uploads\/2024\/05\/iceboy_036-1.jpg\",\"contentUrl\":\"https:\/\/acieloabierto.net\/wp-content\/uploads\/2024\/05\/iceboy_036-1.jpg\",\"width\":707,\"height\":707,\"caption\":\"bar cart iceboy indu+ by pool\"},{\"@type\":\"WebPage\",\"@id\":\"https:\/\/acieloabierto.net\/es\/producten\/iceboy-trolley\/#webpage\",\"url\":\"https:\/\/acieloabierto.net\/es\/producten\/iceboy-trolley\/\",\"name\":\"Iceboy Trolley Cocinas al aire libre - A Cielo Abierto\",\"isPartOf\":{\"@id\":\"https:\/\/acieloabierto.net\/en\/#website\"},\"primaryImageOfPage\":{\"@id\":\"https:\/\/acieloabierto.net\/es\/producten\/iceboy-trolley\/#primaryimage\"},\"datePublished\":\"2021-10-06T12:06:58+00:00\",\"dateModified\":\"2024-05-20T11:55:09+00:00\",\"description\":\"Elegantes cocinas al aire libre sobre ruedas con una selecci\\u00f3n de combinaciones de barra, inducci\\u00f3n, teppanyaki, wok, parrilla, conocidas por su dise\\u00f1o \\u00fanico y alta calidad.\",\"breadcrumb\":{\"@id\":\"https:\/\/acieloabierto.net\/es\/producten\/iceboy-trolley\/#breadcrumb\"},\"inLanguage\":\"es\",\"potentialAction\":[{\"@type\":\"ReadAction\",\"target\":[\"https:\/\/acieloabierto.net\/es\/producten\/iceboy-trolley\/\"]}]},{\"@type\":\"BreadcrumbList\",\"@id\":\"https:\/\/acieloabierto.net\/es\/producten\/iceboy-trolley\/#breadcrumb\",\"itemListElement\":[{\"@type\":\"ListItem\",\"position\":1,\"item\":{\"@type\":\"WebPage\",\"@id\":\"https:\/\/acieloabierto.net\/\",\"url\":\"https:\/\/acieloabierto.net\/\",\"name\":\"Home\"}},{\"@type\":\"ListItem\",\"position\":2,\"item\":{\"@type\":\"WebPage\",\"@id\":\"\",\"url\":\"\",\"name\":\"\"}},{\"@type\":\"ListItem\",\"position\":3,\"item\":{\"@id\":\"https:\/\/acieloabierto.net\/es\/producten\/iceboy-trolley\/#webpage\"}}]}]}<\/script>\n<!-- \/ Yoast SEO plugin. -->","_links":{"self":[{"href":"https:\/\/acieloabierto.net\/es\/wp-json\/wp\/v2\/product\/10144"}],"collection":[{"href":"https:\/\/acieloabierto.net\/es\/wp-json\/wp\/v2\/product"}],"about":[{"href":"https:\/\/acieloabierto.net\/es\/wp-json\/wp\/v2\/types\/product"}],"replies":[{"embeddable":true,"href":"https:\/\/acieloabierto.net\/es\/wp-json\/wp\/v2\/comments?post=10144"}],"wp:featuredmedia":[{"embeddable":true,"href":"https:\/\/acieloabierto.net\/es\/wp-json\/wp\/v2\/media\/12097"}],"wp:attachment":[{"href":"https:\/\/acieloabierto.net\/es\/wp-json\/wp\/v2\/media?parent=10144"}],"curies":[{"name":"wp","href":"https:\/\/api.w.org\/{rel}","templated":true}]}}