{"id":10130,"date":"2022-01-21T14:31:52","date_gmt":"2022-01-21T13:31:52","guid":{"rendered":"https:\/\/acieloabierto.net\/producten\/tuuci-air-lounge\/"},"modified":"2022-01-21T14:31:52","modified_gmt":"2022-01-21T13:31:52","slug":"tuuci-air-lounge","status":"publish","type":"product","link":"https:\/\/acieloabierto.net\/es\/producten\/tuuci-air-lounge\/","title":{"rendered":"Air lounge"},"content":{"rendered":"<p>Una innovaci\u00f3n en el mundo de las hamacas, la TUUCI Air Lounge es la forma definitiva de relajarse. Dise\u00f1ado para contraerse y expandirse suavemente para un tumbado suave, su belleza \u00fanica s\u00f3lo se ve igualada por su construcci\u00f3n duradera de malla Ultra Dry-Core Comfort y sus duraderas camillas de madera dura. A\u00f1os de asombrosa relajaci\u00f3n esperan su llegada.<\/p>\n","protected":false},"excerpt":{"rendered":"<p>Una innovaci\u00f3n en el mundo de las hamacas, la TUUCI Air Lounge es la forma definitiva de relajarse. Dise\u00f1ado para contraerse y expandirse suavemente para un tumbado suave, su belleza \u00fanica s\u00f3lo se ve igualada por su construcci\u00f3n duradera de malla Ultra Dry-Core Comfort y sus duraderas camillas de madera dura. A\u00f1os de asombrosa relajaci\u00f3n [&hellip;]<\/p>\n","protected":false},"featured_media":9410,"comment_status":"open","ping_status":"closed","template":"","meta":{"wds_primary_pwb-brand":0,"wds_primary_product_cat":0},"brands":[{"id":251,"name":"Tuuci","slug":"tuuci-paraguas-espana"}],"yoast_head":"<!-- This site is optimized with the Yoast SEO plugin v16.3 - https:\/\/yoast.com\/wordpress\/plugins\/seo\/ -->\n<title>Air lounge - A Cielo Abierto<\/title>\n<meta name=\"description\" content=\"El TUUCI Air Lounge es una innovaci\u00f3n en el mundo de las hamacas y es la forma definitiva de relajarse con lujo.\" \/>\n<meta name=\"robots\" content=\"index, follow, max-snippet:-1, max-image-preview:large, max-video-preview:-1\" \/>\n<link rel=\"canonical\" href=\"https:\/\/acieloabierto.net\/es\/producten\/tuuci-air-lounge\/\" \/>\n<meta property=\"og:locale\" content=\"es_ES\" \/>\n<meta property=\"og:type\" content=\"article\" \/>\n<meta property=\"og:title\" content=\"Air lounge - A Cielo Abierto\" \/>\n<meta property=\"og:description\" content=\"El TUUCI Air Lounge es una innovaci\u00f3n en el mundo de las hamacas y es la forma definitiva de relajarse con lujo.\" \/>\n<meta property=\"og:url\" content=\"https:\/\/acieloabierto.net\/es\/producten\/tuuci-air-lounge\/\" \/>\n<meta property=\"og:site_name\" content=\"A Cielo Abierto\" \/>\n<meta property=\"og:image\" content=\"https:\/\/acieloabierto.net\/wp-content\/uploads\/2022\/01\/Tuuci-AirLounge.jpg\" \/>\n\t<meta property=\"og:image:width\" content=\"1920\" \/>\n\t<meta property=\"og:image:height\" content=\"960\" \/>\n<meta name=\"twitter:card\" content=\"summary_large_image\" \/>\n<script type=\"application\/ld+json\" class=\"yoast-schema-graph\">{\"@context\":\"https:\/\/schema.org\",\"@graph\":[{\"@type\":\"Organization\",\"@id\":\"https:\/\/acieloabierto.net\/en\/#organization\",\"name\":\"A Cielo Abierto\",\"url\":\"https:\/\/acieloabierto.net\/en\/\",\"sameAs\":[],\"logo\":{\"@type\":\"ImageObject\",\"@id\":\"https:\/\/acieloabierto.net\/en\/#logo\",\"inLanguage\":\"es\",\"url\":\"https:\/\/acieloabierto.net\/wp-content\/uploads\/2021\/02\/logo.svg\",\"contentUrl\":\"https:\/\/acieloabierto.net\/wp-content\/uploads\/2021\/02\/logo.svg\",\"caption\":\"A Cielo Abierto\"},\"image\":{\"@id\":\"https:\/\/acieloabierto.net\/en\/#logo\"}},{\"@type\":\"WebSite\",\"@id\":\"https:\/\/acieloabierto.net\/en\/#website\",\"url\":\"https:\/\/acieloabierto.net\/en\/\",\"name\":\"A Cielo Abierto\",\"description\":\"Tuinmeubels Costa Blanca\",\"publisher\":{\"@id\":\"https:\/\/acieloabierto.net\/en\/#organization\"},\"potentialAction\":[{\"@type\":\"SearchAction\",\"target\":\"https:\/\/acieloabierto.net\/en\/?s={search_term_string}\",\"query-input\":\"required name=search_term_string\"}],\"inLanguage\":\"es\"},{\"@type\":\"ImageObject\",\"@id\":\"https:\/\/acieloabierto.net\/es\/producten\/tuuci-air-lounge\/#primaryimage\",\"inLanguage\":\"es\",\"url\":\"https:\/\/acieloabierto.net\/wp-content\/uploads\/2022\/01\/Tuuci-AirLounge.jpg\",\"contentUrl\":\"https:\/\/acieloabierto.net\/wp-content\/uploads\/2022\/01\/Tuuci-AirLounge.jpg\",\"width\":1920,\"height\":960},{\"@type\":\"WebPage\",\"@id\":\"https:\/\/acieloabierto.net\/es\/producten\/tuuci-air-lounge\/#webpage\",\"url\":\"https:\/\/acieloabierto.net\/es\/producten\/tuuci-air-lounge\/\",\"name\":\"Air lounge - A Cielo Abierto\",\"isPartOf\":{\"@id\":\"https:\/\/acieloabierto.net\/en\/#website\"},\"primaryImageOfPage\":{\"@id\":\"https:\/\/acieloabierto.net\/es\/producten\/tuuci-air-lounge\/#primaryimage\"},\"datePublished\":\"2022-01-21T13:31:52+00:00\",\"dateModified\":\"2022-01-21T13:31:52+00:00\",\"description\":\"El TUUCI Air Lounge es una innovaci\\u00f3n en el mundo de las hamacas y es la forma definitiva de relajarse con lujo.\",\"breadcrumb\":{\"@id\":\"https:\/\/acieloabierto.net\/es\/producten\/tuuci-air-lounge\/#breadcrumb\"},\"inLanguage\":\"es\",\"potentialAction\":[{\"@type\":\"ReadAction\",\"target\":[\"https:\/\/acieloabierto.net\/es\/producten\/tuuci-air-lounge\/\"]}]},{\"@type\":\"BreadcrumbList\",\"@id\":\"https:\/\/acieloabierto.net\/es\/producten\/tuuci-air-lounge\/#breadcrumb\",\"itemListElement\":[{\"@type\":\"ListItem\",\"position\":1,\"item\":{\"@type\":\"WebPage\",\"@id\":\"https:\/\/acieloabierto.net\/\",\"url\":\"https:\/\/acieloabierto.net\/\",\"name\":\"Home\"}},{\"@type\":\"ListItem\",\"position\":2,\"item\":{\"@type\":\"WebPage\",\"@id\":\"\",\"url\":\"\",\"name\":\"\"}},{\"@type\":\"ListItem\",\"position\":3,\"item\":{\"@id\":\"https:\/\/acieloabierto.net\/es\/producten\/tuuci-air-lounge\/#webpage\"}}]}]}<\/script>\n<!-- \/ Yoast SEO plugin. -->","_links":{"self":[{"href":"https:\/\/acieloabierto.net\/es\/wp-json\/wp\/v2\/product\/10130"}],"collection":[{"href":"https:\/\/acieloabierto.net\/es\/wp-json\/wp\/v2\/product"}],"about":[{"href":"https:\/\/acieloabierto.net\/es\/wp-json\/wp\/v2\/types\/product"}],"replies":[{"embeddable":true,"href":"https:\/\/acieloabierto.net\/es\/wp-json\/wp\/v2\/comments?post=10130"}],"wp:featuredmedia":[{"embeddable":true,"href":"https:\/\/acieloabierto.net\/es\/wp-json\/wp\/v2\/media\/9410"}],"wp:attachment":[{"href":"https:\/\/acieloabierto.net\/es\/wp-json\/wp\/v2\/media?parent=10130"}],"curies":[{"name":"wp","href":"https:\/\/api.w.org\/{rel}","templated":true}]}}